{"id":871,"date":"2016-11-29T17:25:46","date_gmt":"2016-11-29T16:25:46","guid":{"rendered":"http:\/\/blogsaverroes.juntadeandalucia.es\/pre\/ceip\/?page_id=106"},"modified":"2023-10-17T16:52:25","modified_gmt":"2023-10-17T14:52:25","slug":"actividades-extraescolares","status":"publish","type":"page","link":"https:\/\/blogsaverroes.juntadeandalucia.es\/colegiocervantesalgodonales\/actividades-extraescolares\/","title":{"rendered":"Actividades Extraescolares"},"content":{"rendered":"<p><a><img loading=\"lazy\" decoding=\"async\" class=\" size-medium wp-image-2354 aligncenter\" src=\"http:\/\/blogsaverroes.juntadeandalucia.es\/colegiocervantesalgodonales\/files\/2015\/03\/Actividades-ExtraEscolares-300x126.jpg\" alt=\"Actividades-ExtraEscolares\" width=\"300\" height=\"126\" srcset=\"https:\/\/blogsaverroes.juntadeandalucia.es\/colegiocervantesalgodonales\/files\/2015\/03\/Actividades-ExtraEscolares-300x126.jpg 300w, https:\/\/blogsaverroes.juntadeandalucia.es\/colegiocervantesalgodonales\/files\/2015\/03\/Actividades-ExtraEscolares.jpg 324w\" sizes=\"(max-width: 300px) 100vw, 300px\" \/><\/a><\/p>\n<p>Las actividades extraescolares son el complemento perfecto para el desarrollo arm\u00f3nico de nuestros alumnos. Tienen lugar en horario de tarde, de 16.00 hasta las 18.00, y abarcan aspectos como la lectura, el deporte, la m\u00fasica, la inform\u00e1tica o los idiomas, entre otras actividades l\u00fadicas y formativas.<\/p>\n<p>Para hacer posible la realizaci\u00f3n de estas actividades fuera del horario lectivo, el centro mantiene abierta sus instalaciones hasta las 18.00 todos los d\u00edas lectivos con excepci\u00f3n de los viernes, en los que el cierre se establece a las 16.00h.<\/p>\n<p style=\"text-align: left\"><strong><span style=\"color: #3366ff\">Actividades extraescolares:<\/span>&nbsp;<\/strong><\/p>\n<ul style=\"list-style-type: circle\">\n<li>Lunes y mi\u00e9rcoles: inform\u00e1tica y baile, de 16:00 a 17:00h<\/li>\n<li>Lunes y mi\u00e9rcoles: refuerzo de lengua, de 17:00 a 18:00h<\/li>\n<\/ul>\n<p><span style=\"color: #3366ff\"><strong>Acompa\u00f1amiento:<\/strong><\/span><\/p>\n<p style=\"text-align: left\">Martes y Jueves &#8211; De 16.00 A 18.00 Horas<\/p>\n<p>&nbsp;<\/p>\n","protected":false},"excerpt":{"rendered":"<p>Las actividades extraescolares son el complemento perfecto para el desarrollo arm\u00f3nico de nuestros alumnos. Tienen lugar en horario de tarde, de 16.00 hasta las 18.00, y abarcan aspectos como la lectura, el deporte, la&#46;&#46;&#46;<\/p>\n","protected":false},"author":2286,"featured_media":0,"parent":0,"menu_order":0,"comment_status":"closed","ping_status":"closed","template":"","meta":{"ngg_post_thumbnail":0,"footnotes":"","_mc_calendar":[]},"aioseo_notices":[],"_links":{"self":[{"href":"https:\/\/blogsaverroes.juntadeandalucia.es\/colegiocervantesalgodonales\/wp-json\/wp\/v2\/pages\/871"}],"collection":[{"href":"https:\/\/blogsaverroes.juntadeandalucia.es\/colegiocervantesalgodonales\/wp-json\/wp\/v2\/pages"}],"about":[{"href":"https:\/\/blogsaverroes.juntadeandalucia.es\/colegiocervantesalgodonales\/wp-json\/wp\/v2\/types\/page"}],"author":[{"embeddable":true,"href":"https:\/\/blogsaverroes.juntadeandalucia.es\/colegiocervantesalgodonales\/wp-json\/wp\/v2\/users\/2286"}],"replies":[{"embeddable":true,"href":"https:\/\/blogsaverroes.juntadeandalucia.es\/colegiocervantesalgodonales\/wp-json\/wp\/v2\/comments?post=871"}],"version-history":[{"count":27,"href":"https:\/\/blogsaverroes.juntadeandalucia.es\/colegiocervantesalgodonales\/wp-json\/wp\/v2\/pages\/871\/revisions"}],"predecessor-version":[{"id":4347,"href":"https:\/\/blogsaverroes.juntadeandalucia.es\/colegiocervantesalgodonales\/wp-json\/wp\/v2\/pages\/871\/revisions\/4347"}],"wp:attachment":[{"href":"https:\/\/blogsaverroes.juntadeandalucia.es\/colegiocervantesalgodonales\/wp-json\/wp\/v2\/media?parent=871"}],"curies":[{"name":"wp","href":"https:\/\/api.w.org\/{rel}","templated":true}]}}