{"id":99,"date":"2016-11-29T19:22:54","date_gmt":"2016-11-29T18:22:54","guid":{"rendered":"http:\/\/blogsaverroes.juntadeandalucia.es\/pre\/ceip\/?page_id=99"},"modified":"2023-10-17T17:38:01","modified_gmt":"2023-10-17T15:38:01","slug":"comedor-escolar","status":"publish","type":"page","link":"https:\/\/blogsaverroes.juntadeandalucia.es\/colegiocervantesalgodonales\/comedor-escolar\/","title":{"rendered":"Comedor escolar"},"content":{"rendered":"<p>El comedor escolar es un servicio complementario que resulta de gran utilidad a padres y madres para ayudarles a conciliar la vida laboral y familiar. En nuestro Centro tiene una duraci\u00f3n de una&nbsp; hora y media, desde que acaba la jornada escolar de la ma\u00f1ana (de 14:00 a 15:30 horas).<\/p>\n<p>Es una pieza importante&nbsp;en todas las medidas dirigidas a mejorar los h\u00e1bitos alimenticios de los ni\u00f1os y ni\u00f1as y prevenir problemas de salud como la obesidad.<\/p>\n<p>Los comedores escolares de los centros p\u00fablicos andaluces promueven una alimentaci\u00f3n saludable que est\u00e1 supervisada por nutricionistas y que, entre otros aspectos, se caracteriza por:<\/p>\n<ul>\n<li>Una mayor proporci\u00f3n de verdura en los men\u00fas<\/li>\n<li>Fruta fresca como postre al menos cuatro d\u00edas a la semana<\/li>\n<li>Uso de aceite de oliva virgen extra<\/li>\n<li>M\u00e1s pescado que carne, que debe ser magra<\/li>\n<li>Limitaci\u00f3n de los alimentos precocinados y fritos<\/li>\n<li>Apuesta por la dieta mediterr\u00e1nea y los productos ecol\u00f3gicos<\/li>\n<\/ul>\n<p>Como complemento, este centro tiene contratado a <strong><a title=\"Ir a Cetesa\" href=\"http:\/\/www.cetesa.com\/\" target=\"_blank\" rel=\"noopener noreferrer\">Diego Janeiro Blanco<\/a><\/strong>, Licenciado en Farmacia y en Ciencia y Tecnolog\u00eda de los Alimentos. Empresa privada con sede central en el bosque, que ha&nbsp; desarrollado e implementado el Sistemas de Autocontrol: Planes Generales de Higiene (PGH)&nbsp;y An\u00e1lisis de Peligros y Puntos Cr\u00edticos de Control (APPCC), y realiza an\u00e1lisis microbiol\u00f3gicos y f\u00edsico-qu\u00edmicos de los alimentos, para seguridad y tranquilidad de nuestros alumnos.<\/p>\n<p>Este curso escolar 2023-24, contamos con dos men\u00fas; uno de verano y otro de invierno.<\/p>\n<p><img loading=\"lazy\" decoding=\"async\" class=\"aligncenter size-medium wp-image-3206\" src=\"https:\/\/blogsaverroes.juntadeandalucia.es\/colegiocervantesalgodonales\/files\/2017\/11\/Logo-Comedor-Cervantes-300x92.png\" alt=\"\" width=\"300\" height=\"92\" srcset=\"https:\/\/blogsaverroes.juntadeandalucia.es\/colegiocervantesalgodonales\/files\/2017\/11\/Logo-Comedor-Cervantes-300x92.png 300w, https:\/\/blogsaverroes.juntadeandalucia.es\/colegiocervantesalgodonales\/files\/2017\/11\/Logo-Comedor-Cervantes-768x235.png 768w, https:\/\/blogsaverroes.juntadeandalucia.es\/colegiocervantesalgodonales\/files\/2017\/11\/Logo-Comedor-Cervantes-1024x313.png 1024w, https:\/\/blogsaverroes.juntadeandalucia.es\/colegiocervantesalgodonales\/files\/2017\/11\/Logo-Comedor-Cervantes-24x7.png 24w, https:\/\/blogsaverroes.juntadeandalucia.es\/colegiocervantesalgodonales\/files\/2017\/11\/Logo-Comedor-Cervantes-36x11.png 36w, https:\/\/blogsaverroes.juntadeandalucia.es\/colegiocervantesalgodonales\/files\/2017\/11\/Logo-Comedor-Cervantes-48x15.png 48w, https:\/\/blogsaverroes.juntadeandalucia.es\/colegiocervantesalgodonales\/files\/2017\/11\/Logo-Comedor-Cervantes.png 1600w\" sizes=\"(max-width: 300px) 100vw, 300px\" \/><\/p>\n<p>&nbsp;<\/p>\n<table style=\"height: 1154px;width: 102.913%\" width=\"760\">\n<tbody>\n<tr>\n<td style=\"width: 149.7px\"><strong>LUNES<\/strong><\/td>\n<td style=\"width: 142.05px\"><strong>MARTES<\/strong><\/td>\n<td style=\"width: 155.312px\"><strong>MI\u00c9RCOLES<\/strong><\/td>\n<td style=\"width: 142.038px\"><strong>JUEVES<\/strong><\/td>\n<td style=\"width: 141.7px\"><strong>VIERNES<\/strong><\/td>\n<\/tr>\n<tr>\n<td style=\"width: 149.7px\">* Paella marinera de calamares y chocos<\/p>\n<p>* Flamenqu\u00edn de cerdo con zanahorias ali\u00f1adas<\/p>\n<p>* Pan<\/p>\n<p>* Fruta del tiempo<\/p>\n<p>* Agua<\/td>\n<td style=\"width: 142.05px\">* Cocido de garbanzos con jud\u00edas verdes y calabaza<\/p>\n<p>* Alb\u00f3ndigas en salsa<\/p>\n<p>* Pan<\/p>\n<p>* Fruta del tiempo<\/p>\n<p>* Agua<\/td>\n<td style=\"width: 155.312px\">* Ensalada de lechuga, tomate, jam\u00f3n cocido y pi\u00f1a<\/p>\n<p>* Ternera a la jardinera con patatas<\/p>\n<p>* Pan<\/p>\n<p>* Fruta del tiempo<\/p>\n<p>* Agua<\/td>\n<td style=\"width: 142.038px\">* Pasta de verduras con tomate<\/p>\n<p>* Tilapia al horno con guarnici\u00f3n de verduras<\/p>\n<p>* Pan integral<\/p>\n<p>* Fruta del tiempo<\/p>\n<p>* Agua<\/td>\n<td style=\"width: 141.7px\">* Crema de calabaza<\/p>\n<p>* Pizza<\/p>\n<p>* Pan<\/p>\n<p>* Fruta del tiempo<\/p>\n<p>* Agua<\/td>\n<\/tr>\n<tr>\n<td style=\"width: 149.7px\">* Guiso de patatas con cerdo<\/p>\n<p>* Croquetas de jam\u00f3n con ensalada de lechuga, zanahorias, ma\u00edz y caballa<\/p>\n<p>*Pan<\/p>\n<p>*Fruta del tiempo<\/p>\n<p>*Agua<\/td>\n<td style=\"width: 142.05px\">* Crema de calabac\u00edn<\/p>\n<p>* Pincho de pollo con tomates ali\u00f1ados<\/p>\n<p>* Pan<\/p>\n<p>* Fruta del tiempo<\/p>\n<p>* Agua<\/td>\n<td style=\"width: 155.312px\">* Sopa de fideos y huevos rallados<\/p>\n<p>* Hamburguesas de pollo a la plancha, fiambre s\u00e1ndwich&nbsp; y queso en&nbsp; lonchas<\/p>\n<p>* Pan<\/p>\n<p>* Fruta del tiempo<\/p>\n<p>* Agua<\/td>\n<td style=\"width: 142.038px\">* Lentejas con verduras<\/p>\n<p>* Salm\u00f3n al horno con ensalada<\/p>\n<p>* Pan integral<\/p>\n<p>* Fruta del tiempo<\/p>\n<p>* Agua<\/td>\n<td style=\"width: 141.7px\">* Arroz a la cubana con salchichas y huevos fritos<\/p>\n<p>* Pan<\/p>\n<p>* Fruta del tiempo<\/p>\n<p>* Agua<\/td>\n<\/tr>\n<tr>\n<td style=\"width: 149.7px\">* Paella de pollo<\/p>\n<p>* Empanadillas de at\u00fan con ensalada de lechuga, tomate y cebolla<\/p>\n<p>* Pan<\/p>\n<p>* Fruta del tiempo<\/p>\n<p>* Agua<\/td>\n<td style=\"width: 142.05px\">* Sopa de garbanzos y fideos<\/p>\n<p>* Pollo a la andaluza con guisantes<\/p>\n<p>* Pan<\/p>\n<p>* Fruta del tiempo<\/p>\n<p>* Agua<\/td>\n<td style=\"width: 155.312px\">* Pasta con tomate y queso rallado<\/p>\n<p>* Huevos rellenos de at\u00fan con lechuga, tomate y caballa<\/p>\n<p>* Pan<\/p>\n<p>* Fruta del tiempo<\/p>\n<p>* Agua<\/td>\n<td style=\"width: 142.038px\">* Lentejas con arroz<\/p>\n<p>* Gallo frito con tortillitas de camarones<\/p>\n<p>* Pan integral<\/p>\n<p>* Fruta del tiempo<\/p>\n<p>* Agua<\/td>\n<td style=\"width: 141.7px\">* Crema de zanahorias<\/p>\n<p>* Tortilla de patatas con picadillo<\/p>\n<p>* Pan<\/p>\n<p>* Fruta del tiempo<\/p>\n<p>* Agua<\/td>\n<\/tr>\n<tr>\n<td style=\"width: 149.7px\">* Espaguetis al ajillo<\/p>\n<p>* Alb\u00f3ndigas de cerdo con tomates<\/p>\n<p>* Pan<\/p>\n<p>* Fruta del tiempo<\/p>\n<p>* Agua<\/td>\n<td style=\"width: 142.05px\">* Garbanzos con arroz<\/p>\n<p>* Palitos de pescado con ensalada de lechuga, tomate, y at\u00fan<\/p>\n<p>* Pan<\/p>\n<p>* Fruta del tiempo<\/p>\n<p>* Agua<\/td>\n<td style=\"width: 155.312px\">* Fideu\u00e1 de calamares y chocos<\/p>\n<p>* Ensaladilla rusa<\/p>\n<p>* Pan<\/p>\n<p>* Fruta del tiempo<\/p>\n<p>* Agua<\/td>\n<td style=\"width: 142.038px\">* Alubias con patatas<\/p>\n<p>* Merluza al horno con pimientos asados con ma\u00edz y at\u00fan&nbsp;<\/p>\n<p>* Pan integral<\/p>\n<p>* Fruta del tiempo<\/p>\n<p>* Agua<\/td>\n<td style=\"width: 141.7px\">* Lasa\u00f1a de at\u00fan<\/p>\n<p>* Churrasco de pollo con lechuga, zanahoria y remolacha<\/p>\n<p>* Pan<\/p>\n<p>* Yogur<\/p>\n<p>* Agua<\/td>\n<\/tr>\n<\/tbody>\n<\/table>\n<table style=\"width: 104.332%;height: 1159px\" width=\"971\">\n<tbody>\n<tr>\n<td width=\"194\"><strong>LUNES<\/strong><\/td>\n<td width=\"194\"><strong>MARTES<\/strong><\/td>\n<td width=\"194\"><strong>MI\u00c9RCOLES<\/strong><\/td>\n<td width=\"194\"><strong>JUEVES<\/strong><\/td>\n<td width=\"194\"><strong>VIERNES<\/strong><\/td>\n<\/tr>\n<tr>\n<td width=\"194\">* Paella marinera de calamares y chocos<\/p>\n<p>* Flamenquin de cerdo con zanahorias ali\u00f1adas<\/p>\n<p>* Pan<\/p>\n<p>* Fruta del tiempo<\/p>\n<p>* Agua<\/td>\n<td width=\"194\">* Salmorejo con huevo picado<\/p>\n<p>* Alb\u00f3ndigas en salsa<\/p>\n<p>* Pan<\/p>\n<p>* Fruta del tiempo<\/p>\n<p>* Agua<\/td>\n<td width=\"194\">* Ensalada de lechuga, zanahorias, jam\u00f3n cocido y pi\u00f1a<\/p>\n<p>* Ternera a la jardinera con patatas<\/p>\n<p>* Pan<\/p>\n<p>* Fruta del tiempo<\/p>\n<p>* Agua<\/td>\n<td width=\"194\">* Ensalada de pasta<\/p>\n<p>* Tilapia al horno con guarnici\u00f3n de verduras<\/p>\n<p>* Pan integral<\/p>\n<p>* Fruta del tiempo<\/p>\n<p>* Agua<\/td>\n<td width=\"194\">* Crema de calabaza<\/p>\n<p>* Pizza<\/p>\n<p>* Pan<\/p>\n<p>* Fruta del tiempo<\/p>\n<p>* Agua<\/td>\n<\/tr>\n<tr>\n<td width=\"194\">* Arroz a la cubana con salchichas<\/p>\n<p>* Croquetas de jam\u00f3n con ensalada de lechuga, zanahorias, ma\u00edz y caballa<\/p>\n<p>*Pan<\/p>\n<p>*Fruta del tiempo<\/p>\n<p>*Agua<\/td>\n<td width=\"194\">* Crema de calabac\u00edn<\/p>\n<p>* Pincho de pollo con tomate ali\u00f1ado<\/p>\n<p>* Pan<\/p>\n<p>* Fruta del tiempo<\/p>\n<p>* Agua<\/td>\n<td width=\"194\">* Lasa\u00f1a de verduras<\/p>\n<p>* Hamburguesas de pollo a la plancha, fiambre s\u00e1ndwich&nbsp; y queso en&nbsp; lonchas<\/p>\n<p>* Pan<\/p>\n<p>* Fruta del tiempo<\/p>\n<p>* Agua<\/td>\n<td width=\"194\">* Lentejas con verduras<\/p>\n<p>* Salm\u00f3n al horno con ensalada<\/p>\n<p>* Pan integral<\/p>\n<p>* Fruta del tiempo<\/p>\n<p>* Agua<\/td>\n<td width=\"194\">* Patatas ali\u00f1adas<\/p>\n<p>* Muslo de pollo al horno salteado de coliflor y pimientos rojos<\/p>\n<p>* Pan<\/p>\n<p>* Fruta del tiempo<\/p>\n<p>* Agua<\/td>\n<\/tr>\n<tr>\n<td width=\"194\">* Paella de pollo<\/p>\n<p>* Empanadillas de at\u00fan con ensalada de lechuga, tomate y cebolla<\/p>\n<p>* Pan<\/p>\n<p>* Fruta del tiempo<\/p>\n<p>* Agua<\/td>\n<td width=\"194\">* Sopa de garbanzos y fideos<\/p>\n<p>* Pollo a la andaluza con guisantes<\/p>\n<p>* Pan<\/p>\n<p>* Fruta del tiempo<\/p>\n<p>* Agua<\/td>\n<td width=\"194\">* Pasta con tomate y queso rallado<\/p>\n<p>* Huevos rellenos de at\u00fan con lechuga, tomate y caballa<\/p>\n<p>* Pan<\/p>\n<p>* Fruta del tiempo<\/p>\n<p>* Agua<\/td>\n<td width=\"194\">* Ensalada de pollo con salsa rosa<\/p>\n<p>* Gallo frito con picadillo de at\u00fan<\/p>\n<p>* Pan integral<\/p>\n<p>* Fruta del tiempo<\/p>\n<p>* Agua<\/td>\n<td width=\"194\">* Salmorejo con huevo picado<\/p>\n<p>* Tortilla de patatas con guarnici\u00f3n de verduras<\/p>\n<p>* Pan<\/p>\n<p>* Fruta del tiempo<\/p>\n<p>* Agua<\/td>\n<\/tr>\n<tr>\n<td width=\"194\">* Espaguetis al ajillo<\/p>\n<p>* Calamares en salsa<\/p>\n<p>* Pan<\/p>\n<p>* Fruta del tiempo<\/p>\n<p>* Agua<\/td>\n<td width=\"194\">* Arroz tres delicias<\/p>\n<p>* Alb\u00f3ndigas con tomates<\/p>\n<p>* Pan<\/p>\n<p>* Fruta del tiempo<\/p>\n<p>* Agua<\/td>\n<td width=\"194\">* Fideu\u00e1 de calamares y chocos<\/p>\n<p>* Ensaladilla rusa<\/p>\n<p>* Pan<\/p>\n<p>* Fruta del tiempo<\/p>\n<p>* Agua<\/td>\n<td width=\"194\">* Alubias con patatas<\/p>\n<p>* Merluza al horno con pimientos asados con ma\u00edz y at\u00fan&nbsp;<\/p>\n<p>* Pan integral<\/p>\n<p>* Fruta del tiempo<\/p>\n<p>* Agua<\/td>\n<td width=\"194\">* Lasa\u00f1a de at\u00fan<\/p>\n<p>* Churrasco de pollo con lechuga, zanahoria y remolacha<\/p>\n<p>* Pan<\/p>\n<p>* Yogur<\/p>\n<p>* Agua<\/td>\n<\/tr>\n<\/tbody>\n<\/table>\n<p>El Equipo de comedor para el presente curso escolar es:<\/p>\n<ul style=\"list-style-type: square\">\n<li>Antonio Jos\u00e9 Tierno Nieto (colaborador)<\/li>\n<li>Mar\u00eda Olga Su\u00e1rez Ja\u00e9n (colaboradora)<\/li>\n<li>Jos\u00e9 Mar\u00eda Garrido Fern\u00e1ndez (coordinador)<\/li>\n<li>Elena P\u00e9rez Parra (monitora escolar)<\/li>\n<\/ul>\n<p>&nbsp;<\/p>\n","protected":false},"excerpt":{"rendered":"<p>El comedor escolar es un servicio complementario que resulta de gran utilidad a padres y madres para ayudarles a conciliar la vida laboral y familiar. En nuestro Centro tiene una duraci\u00f3n de una&nbsp; hora&#46;&#46;&#46;<\/p>\n","protected":false},"author":2286,"featured_media":0,"parent":0,"menu_order":0,"comment_status":"closed","ping_status":"closed","template":"","meta":{"ngg_post_thumbnail":0,"footnotes":"","_mc_calendar":[]},"aioseo_notices":[],"_links":{"self":[{"href":"https:\/\/blogsaverroes.juntadeandalucia.es\/colegiocervantesalgodonales\/wp-json\/wp\/v2\/pages\/99"}],"collection":[{"href":"https:\/\/blogsaverroes.juntadeandalucia.es\/colegiocervantesalgodonales\/wp-json\/wp\/v2\/pages"}],"about":[{"href":"https:\/\/blogsaverroes.juntadeandalucia.es\/colegiocervantesalgodonales\/wp-json\/wp\/v2\/types\/page"}],"author":[{"embeddable":true,"href":"https:\/\/blogsaverroes.juntadeandalucia.es\/colegiocervantesalgodonales\/wp-json\/wp\/v2\/users\/2286"}],"replies":[{"embeddable":true,"href":"https:\/\/blogsaverroes.juntadeandalucia.es\/colegiocervantesalgodonales\/wp-json\/wp\/v2\/comments?post=99"}],"version-history":[{"count":42,"href":"https:\/\/blogsaverroes.juntadeandalucia.es\/colegiocervantesalgodonales\/wp-json\/wp\/v2\/pages\/99\/revisions"}],"predecessor-version":[{"id":4359,"href":"https:\/\/blogsaverroes.juntadeandalucia.es\/colegiocervantesalgodonales\/wp-json\/wp\/v2\/pages\/99\/revisions\/4359"}],"wp:attachment":[{"href":"https:\/\/blogsaverroes.juntadeandalucia.es\/colegiocervantesalgodonales\/wp-json\/wp\/v2\/media?parent=99"}],"curies":[{"name":"wp","href":"https:\/\/api.w.org\/{rel}","templated":true}]}}