{"id":144,"date":"2015-03-17T07:46:28","date_gmt":"2015-03-17T07:46:28","guid":{"rendered":"http:\/\/blogsaverroes.juntadeandalucia.es\/pre\/ceip\/?page_id=144"},"modified":"2025-12-30T08:12:21","modified_gmt":"2025-12-30T08:12:21","slug":"orientacion","status":"publish","type":"page","link":"https:\/\/blogsaverroes.juntadeandalucia.es\/colegiochimeneas\/orientacion\/","title":{"rendered":"E.O.E"},"content":{"rendered":"<h2 data-start=\"219\" data-end=\"262\">Equipo de Orientaci\u00f3n Educativa (EOE)<\/h2>\n<p data-start=\"264\" data-end=\"514\">El <strong data-start=\"267\" data-end=\"308\">Equipo de Orientaci\u00f3n Educativa (EOE)<\/strong> desempe\u00f1a un papel fundamental en el acompa\u00f1amiento y apoyo al alumnado, al profesorado y a las familias, contribuyendo al desarrollo integral del alumnado y a la mejora de la calidad educativa del centro.<\/p>\n<p data-start=\"516\" data-end=\"858\">Su labor se centra en la <strong data-start=\"541\" data-end=\"572\">orientaci\u00f3n psicopedag\u00f3gica<\/strong>, la atenci\u00f3n a la diversidad, la prevenci\u00f3n de dificultades de aprendizaje y el asesoramiento en aspectos emocionales, sociales y acad\u00e9micos. Asimismo, colabora estrechamente con el profesorado en la detecci\u00f3n de necesidades educativas y en el dise\u00f1o de medidas de apoyo y seguimiento.<\/p>\n<p data-start=\"860\" data-end=\"1059\">El EOE trabaja de manera coordinada con el equipo docente, el equipo directivo y las familias, favoreciendo una respuesta educativa inclusiva y ajustada a las caracter\u00edsticas de cada alumno o alumna.<\/p>\n<p data-start=\"1061\" data-end=\"1218\">A continuaci\u00f3n, se presentan los <strong data-start=\"1094\" data-end=\"1170\">miembros que forman parte del Equipo de Orientaci\u00f3n Educativa del centro<\/strong>, as\u00ed como sus funciones y \u00e1mbitos de actuaci\u00f3n.<\/p>\n<p data-start=\"1061\" data-end=\"1218\">&#8211; Orientadora: Ma Dolores de la Rosa Centella.<br \/>\n&#8211; Maestra de Audici\u00f3n y Lenguaje: Cecilia Rueda G\u00e1mez.<br \/>\n&#8211; Enfermero de referencia: Francisco.<br \/>\n&#8211; Maestra de Pedagog\u00eda Terap\u00e9utica: Encarnaci\u00f3n Rubio Li\u00f1\u00e1n.(Coordinadora)<\/p>\n","protected":false},"excerpt":{"rendered":"<p>Equipo de Orientaci\u00f3n Educativa (EOE) El Equipo de Orientaci\u00f3n Educativa&#46;&#46;&#46;<\/p>\n","protected":false},"author":1,"featured_media":0,"parent":0,"menu_order":0,"comment_status":"closed","ping_status":"open","template":"","meta":{"ngg_post_thumbnail":0,"footnotes":"","_mc_calendar":[]},"aioseo_notices":[],"_links":{"self":[{"href":"https:\/\/blogsaverroes.juntadeandalucia.es\/colegiochimeneas\/wp-json\/wp\/v2\/pages\/144"}],"collection":[{"href":"https:\/\/blogsaverroes.juntadeandalucia.es\/colegiochimeneas\/wp-json\/wp\/v2\/pages"}],"about":[{"href":"https:\/\/blogsaverroes.juntadeandalucia.es\/colegiochimeneas\/wp-json\/wp\/v2\/types\/page"}],"author":[{"embeddable":true,"href":"https:\/\/blogsaverroes.juntadeandalucia.es\/colegiochimeneas\/wp-json\/wp\/v2\/users\/1"}],"replies":[{"embeddable":true,"href":"https:\/\/blogsaverroes.juntadeandalucia.es\/colegiochimeneas\/wp-json\/wp\/v2\/comments?post=144"}],"version-history":[{"count":3,"href":"https:\/\/blogsaverroes.juntadeandalucia.es\/colegiochimeneas\/wp-json\/wp\/v2\/pages\/144\/revisions"}],"predecessor-version":[{"id":2679,"href":"https:\/\/blogsaverroes.juntadeandalucia.es\/colegiochimeneas\/wp-json\/wp\/v2\/pages\/144\/revisions\/2679"}],"wp:attachment":[{"href":"https:\/\/blogsaverroes.juntadeandalucia.es\/colegiochimeneas\/wp-json\/wp\/v2\/media?parent=144"}],"curies":[{"name":"wp","href":"https:\/\/api.w.org\/{rel}","templated":true}]}}