{"id":2273,"date":"2021-04-27T19:10:27","date_gmt":"2021-04-27T19:10:27","guid":{"rendered":"https:\/\/blogsaverroes.juntadeandalucia.es\/colegiochimeneas\/?page_id=2273"},"modified":"2025-12-30T07:48:04","modified_gmt":"2025-12-30T07:48:04","slug":"proyecto-de-gestion","status":"publish","type":"page","link":"https:\/\/blogsaverroes.juntadeandalucia.es\/colegiochimeneas\/proyecto-educativo\/proyecto-de-gestion\/","title":{"rendered":"Proyecto de gesti\u00f3n"},"content":{"rendered":"<h2 data-start=\"215\" data-end=\"240\">Proyecto de Gesti\u00f3n<\/h2>\n<p data-start=\"242\" data-end=\"492\">El <strong data-start=\"245\" data-end=\"268\">Proyecto de Gesti\u00f3n<\/strong> es el documento que recoge la organizaci\u00f3n y administraci\u00f3n de los recursos humanos, materiales y econ\u00f3micos del centro, con el objetivo de garantizar un funcionamiento eficaz, transparente y orientado a la mejora continua.<\/p>\n<p data-start=\"494\" data-end=\"747\">En \u00e9l se establecen los criterios para el uso responsable de los recursos, la planificaci\u00f3n econ\u00f3mica, el mantenimiento de las instalaciones y la gesti\u00f3n de los servicios del centro, siempre desde una perspectiva de eficiencia, sostenibilidad y equidad.<\/p>\n<p data-start=\"749\" data-end=\"998\">Este proyecto permite asegurar que todos los medios disponibles se utilicen de forma adecuada para favorecer el proceso de ense\u00f1anza-aprendizaje, mejorar la calidad educativa y ofrecer un entorno seguro y funcional para el alumnado y el profesorado.<\/p>\n<p data-start=\"1000\" data-end=\"1270\">El Proyecto de Gesti\u00f3n forma parte del Proyecto Educativo del centro y est\u00e1 alineado con sus principios y objetivos, contribuyendo al buen funcionamiento de la vida escolar y al desarrollo de una escuela organizada, responsable y comprometida con su comunidad educativa.<\/p>\n<p data-start=\"1272\" data-end=\"1443\">A continuaci\u00f3n, se puede consultar el documento completo del <strong data-start=\"1333\" data-end=\"1356\">Proyecto de Gesti\u00f3n<\/strong>, donde se detallan los criterios y actuaciones que rigen la administraci\u00f3n del centro.<a href=\"https:\/\/blogsaverroes.juntadeandalucia.es\/colegiochimeneas\/files\/2025\/12\/Proyecto-de-gestion-25_26.pdf\">Proyecto de gestio\u0301n 25_26<\/a><\/p>\n","protected":false},"excerpt":{"rendered":"<p>Proyecto de Gesti\u00f3n El Proyecto de Gesti\u00f3n es el documento&#46;&#46;&#46;<\/p>\n","protected":false},"author":10043,"featured_media":0,"parent":49,"menu_order":0,"comment_status":"closed","ping_status":"closed","template":"","meta":{"ngg_post_thumbnail":0,"footnotes":"","_mc_calendar":[]},"aioseo_notices":[],"_links":{"self":[{"href":"https:\/\/blogsaverroes.juntadeandalucia.es\/colegiochimeneas\/wp-json\/wp\/v2\/pages\/2273"}],"collection":[{"href":"https:\/\/blogsaverroes.juntadeandalucia.es\/colegiochimeneas\/wp-json\/wp\/v2\/pages"}],"about":[{"href":"https:\/\/blogsaverroes.juntadeandalucia.es\/colegiochimeneas\/wp-json\/wp\/v2\/types\/page"}],"author":[{"embeddable":true,"href":"https:\/\/blogsaverroes.juntadeandalucia.es\/colegiochimeneas\/wp-json\/wp\/v2\/users\/10043"}],"replies":[{"embeddable":true,"href":"https:\/\/blogsaverroes.juntadeandalucia.es\/colegiochimeneas\/wp-json\/wp\/v2\/comments?post=2273"}],"version-history":[{"count":5,"href":"https:\/\/blogsaverroes.juntadeandalucia.es\/colegiochimeneas\/wp-json\/wp\/v2\/pages\/2273\/revisions"}],"predecessor-version":[{"id":2672,"href":"https:\/\/blogsaverroes.juntadeandalucia.es\/colegiochimeneas\/wp-json\/wp\/v2\/pages\/2273\/revisions\/2672"}],"up":[{"embeddable":true,"href":"https:\/\/blogsaverroes.juntadeandalucia.es\/colegiochimeneas\/wp-json\/wp\/v2\/pages\/49"}],"wp:attachment":[{"href":"https:\/\/blogsaverroes.juntadeandalucia.es\/colegiochimeneas\/wp-json\/wp\/v2\/media?parent=2273"}],"curies":[{"name":"wp","href":"https:\/\/api.w.org\/{rel}","templated":true}]}}