{"id":424,"date":"2015-03-20T07:05:20","date_gmt":"2015-03-20T07:05:20","guid":{"rendered":"http:\/\/blogsaverroes.juntadeandalucia.es\/pre\/ceip\/?page_id=424"},"modified":"2025-12-29T08:54:48","modified_gmt":"2025-12-29T08:54:48","slug":"educacion-infantil","status":"publish","type":"page","link":"https:\/\/blogsaverroes.juntadeandalucia.es\/colegiochimeneas\/educacion-infantil\/","title":{"rendered":"Educaci\u00f3n infantil"},"content":{"rendered":"<p>&nbsp;<\/p>\n<h2 data-start=\"328\" data-end=\"372\"><a href=\"https:\/\/blogsaverroes.juntadeandalucia.es\/colegiochimeneas\/files\/2025\/12\/infatil.jpg\"><img loading=\"lazy\" decoding=\"async\" class=\"alignnone size-medium wp-image-2632\" src=\"https:\/\/blogsaverroes.juntadeandalucia.es\/colegiochimeneas\/files\/2025\/12\/infatil-300x225.jpg\" alt=\"\" width=\"300\" height=\"225\" srcset=\"https:\/\/blogsaverroes.juntadeandalucia.es\/colegiochimeneas\/files\/2025\/12\/infatil-300x225.jpg 300w, https:\/\/blogsaverroes.juntadeandalucia.es\/colegiochimeneas\/files\/2025\/12\/infatil-1024x768.jpg 1024w, https:\/\/blogsaverroes.juntadeandalucia.es\/colegiochimeneas\/files\/2025\/12\/infatil-768x576.jpg 768w, https:\/\/blogsaverroes.juntadeandalucia.es\/colegiochimeneas\/files\/2025\/12\/infatil-1536x1152.jpg 1536w, https:\/\/blogsaverroes.juntadeandalucia.es\/colegiochimeneas\/files\/2025\/12\/infatil.jpg 1600w\" sizes=\"(max-width: 300px) 100vw, 300px\" \/><\/a><\/h2>\n<h2 data-start=\"328\" data-end=\"372\">Nuestro alumnado de Educaci\u00f3n Infantil<\/h2>\n<p data-start=\"374\" data-end=\"582\">La etapa de <strong data-start=\"386\" data-end=\"408\">Educaci\u00f3n Infantil<\/strong> es una de las m\u00e1s importantes en el desarrollo de los ni\u00f1os y ni\u00f1as, ya que en ella se sientan las bases emocionales, sociales y cognitivas que marcar\u00e1n su evoluci\u00f3n futura.<\/p>\n<p data-start=\"584\" data-end=\"935\">Durante estos primeros a\u00f1os, el alumnado aprende principalmente <strong data-start=\"648\" data-end=\"707\">a trav\u00e9s del juego, la exploraci\u00f3n y la experimentaci\u00f3n<\/strong>, en un entorno seguro y afectivo que favorece su desarrollo integral. Es una etapa en la que se construye la autoestima, se desarrollan las primeras relaciones sociales y se adquieren h\u00e1bitos fundamentales para la vida escolar.<\/p>\n<p data-start=\"937\" data-end=\"1306\">A nivel <strong data-start=\"945\" data-end=\"958\">emocional<\/strong>, los ni\u00f1os y ni\u00f1as comienzan a identificar sus emociones, a expresarlas y a aprender a convivir con los dem\u00e1s. En el plano <strong data-start=\"1082\" data-end=\"1092\">social<\/strong>, aprenden a compartir, respetar turnos, escuchar y colaborar. Y a nivel <strong data-start=\"1165\" data-end=\"1178\">cognitivo<\/strong>, se inician en el lenguaje oral, la psicomotricidad, la l\u00f3gica matem\u00e1tica y la curiosidad por descubrir el mundo que les rodea.<\/p>\n<h2 data-start=\"1313\" data-end=\"1358\">La importancia de la Educaci\u00f3n Infantil<\/h2>\n<p data-start=\"1360\" data-end=\"1573\">La Educaci\u00f3n Infantil no es solo una etapa previa a Primaria, sino un periodo esencial para el desarrollo global del ni\u00f1o o la ni\u00f1a. Numerosos estudios demuestran que una escolarizaci\u00f3n temprana de calidad mejora:<\/p>\n<ul data-start=\"1575\" data-end=\"1722\">\n<li data-start=\"1575\" data-end=\"1611\">\n<p data-start=\"1577\" data-end=\"1611\">El desarrollo emocional y social<\/p>\n<\/li>\n<li data-start=\"1612\" data-end=\"1650\">\n<p data-start=\"1614\" data-end=\"1650\">La capacidad de aprendizaje futuro<\/p>\n<\/li>\n<li data-start=\"1651\" data-end=\"1676\">\n<p data-start=\"1653\" data-end=\"1676\">La autonom\u00eda personal<\/p>\n<\/li>\n<li data-start=\"1677\" data-end=\"1722\">\n<p data-start=\"1679\" data-end=\"1722\">La autoestima y la seguridad en uno mismo<\/p>\n<\/li>\n<\/ul>\n<p data-start=\"1724\" data-end=\"1901\">En esta etapa, el profesorado acompa\u00f1a, observa y gu\u00eda respetando los ritmos individuales, creando experiencias de aprendizaje significativas y adaptadas a cada alumno o alumna.<\/p>\n<h2 data-start=\"1908\" data-end=\"1950\">El papel fundamental de las familias<\/h2>\n<p data-start=\"1952\" data-end=\"2070\">La colaboraci\u00f3n familia\u2013escuela es clave para el \u00e9xito educativo en Infantil. Algunas recomendaciones importantes son:<\/p>\n<ul data-start=\"2072\" data-end=\"2409\">\n<li data-start=\"2072\" data-end=\"2138\">\n<p data-start=\"2074\" data-end=\"2138\">Establecer <strong data-start=\"2085\" data-end=\"2105\">rutinas estables<\/strong> (sue\u00f1o, alimentaci\u00f3n, horarios).<\/p>\n<\/li>\n<li data-start=\"2139\" data-end=\"2218\">\n<p data-start=\"2141\" data-end=\"2218\">Fomentar la <strong data-start=\"2153\" data-end=\"2175\">autonom\u00eda personal<\/strong> (vestirse, recoger, expresar necesidades).<\/p>\n<\/li>\n<li data-start=\"2219\" data-end=\"2278\">\n<p data-start=\"2221\" data-end=\"2278\">Reforzar positivamente los logros, por peque\u00f1os que sean.<\/p>\n<\/li>\n<li data-start=\"2279\" data-end=\"2350\">\n<p data-start=\"2281\" data-end=\"2350\">Mantener una <strong data-start=\"2294\" data-end=\"2330\">comunicaci\u00f3n cercana y constante<\/strong> con el profesorado.<\/p>\n<\/li>\n<li data-start=\"2351\" data-end=\"2409\">\n<p data-start=\"2353\" data-end=\"2409\">Valorar el juego como una forma esencial de aprendizaje.<\/p>\n<\/li>\n<\/ul>\n<p data-start=\"2411\" data-end=\"2564\">Cuando familia y escuela caminan de la mano, el ni\u00f1o o la ni\u00f1a se siente seguro, motivado y feliz, lo que favorece un desarrollo equilibrado y armonioso.<\/p>\n","protected":false},"excerpt":{"rendered":"<p>&nbsp; Nuestro alumnado de Educaci\u00f3n Infantil La etapa de Educaci\u00f3n&#46;&#46;&#46;<\/p>\n","protected":false},"author":1,"featured_media":0,"parent":0,"menu_order":0,"comment_status":"closed","ping_status":"open","template":"","meta":{"ngg_post_thumbnail":0,"footnotes":"","_mc_calendar":[]},"aioseo_notices":[],"_links":{"self":[{"href":"https:\/\/blogsaverroes.juntadeandalucia.es\/colegiochimeneas\/wp-json\/wp\/v2\/pages\/424"}],"collection":[{"href":"https:\/\/blogsaverroes.juntadeandalucia.es\/colegiochimeneas\/wp-json\/wp\/v2\/pages"}],"about":[{"href":"https:\/\/blogsaverroes.juntadeandalucia.es\/colegiochimeneas\/wp-json\/wp\/v2\/types\/page"}],"author":[{"embeddable":true,"href":"https:\/\/blogsaverroes.juntadeandalucia.es\/colegiochimeneas\/wp-json\/wp\/v2\/users\/1"}],"replies":[{"embeddable":true,"href":"https:\/\/blogsaverroes.juntadeandalucia.es\/colegiochimeneas\/wp-json\/wp\/v2\/comments?post=424"}],"version-history":[{"count":3,"href":"https:\/\/blogsaverroes.juntadeandalucia.es\/colegiochimeneas\/wp-json\/wp\/v2\/pages\/424\/revisions"}],"predecessor-version":[{"id":2633,"href":"https:\/\/blogsaverroes.juntadeandalucia.es\/colegiochimeneas\/wp-json\/wp\/v2\/pages\/424\/revisions\/2633"}],"wp:attachment":[{"href":"https:\/\/blogsaverroes.juntadeandalucia.es\/colegiochimeneas\/wp-json\/wp\/v2\/media?parent=424"}],"curies":[{"name":"wp","href":"https:\/\/api.w.org\/{rel}","templated":true}]}}