{"id":436,"date":"2015-03-20T07:08:17","date_gmt":"2015-03-20T07:08:17","guid":{"rendered":"http:\/\/blogsaverroes.juntadeandalucia.es\/pre\/ceip\/?page_id=436"},"modified":"2025-12-28T13:17:39","modified_gmt":"2025-12-28T13:17:39","slug":"ed-primaria-3o-ciclo","status":"publish","type":"page","link":"https:\/\/blogsaverroes.juntadeandalucia.es\/colegiochimeneas\/ed-primaria-3o-ciclo\/","title":{"rendered":"Ed. Primaria. 3\u00ba ciclo"},"content":{"rendered":"<p><a href=\"https:\/\/blogsaverroes.juntadeandalucia.es\/colegiochimeneas\/files\/2025\/12\/ChatGPT-Image-28-dic-2025-14_17_13.png\"><img loading=\"lazy\" decoding=\"async\" class=\"alignnone size-medium wp-image-2620\" src=\"https:\/\/blogsaverroes.juntadeandalucia.es\/colegiochimeneas\/files\/2025\/12\/ChatGPT-Image-28-dic-2025-14_17_13-300x200.png\" alt=\"\" width=\"300\" height=\"200\" srcset=\"https:\/\/blogsaverroes.juntadeandalucia.es\/colegiochimeneas\/files\/2025\/12\/ChatGPT-Image-28-dic-2025-14_17_13-300x200.png 300w, https:\/\/blogsaverroes.juntadeandalucia.es\/colegiochimeneas\/files\/2025\/12\/ChatGPT-Image-28-dic-2025-14_17_13-1024x683.png 1024w, https:\/\/blogsaverroes.juntadeandalucia.es\/colegiochimeneas\/files\/2025\/12\/ChatGPT-Image-28-dic-2025-14_17_13-768x512.png 768w, https:\/\/blogsaverroes.juntadeandalucia.es\/colegiochimeneas\/files\/2025\/12\/ChatGPT-Image-28-dic-2025-14_17_13.png 1536w\" sizes=\"(max-width: 300px) 100vw, 300px\" \/><\/a><\/p>\n<h3 data-start=\"230\" data-end=\"283\">Nuestro alumnado de Tercer Ciclo de Primaria<\/h3>\n<p data-start=\"285\" data-end=\"603\">El alumnado de <strong data-start=\"300\" data-end=\"356\">tercer ciclo de Educaci\u00f3n Primaria (5.\u00ba y 6.\u00ba curso)<\/strong> se encuentra en una etapa clave de su desarrollo personal, social y acad\u00e9mico. Es un momento de grandes cambios, en el que comienzan a consolidar su autonom\u00eda, su pensamiento cr\u00edtico y su capacidad para responsabilizarse de su propio aprendizaje.<\/p>\n<p data-start=\"605\" data-end=\"949\">A nivel <strong data-start=\"613\" data-end=\"635\">emocional y social<\/strong>, muestran una mayor necesidad de pertenencia al grupo, desarrollan amistades m\u00e1s estables y comienzan a construir su identidad personal. Tambi\u00e9n empiezan a cuestionar normas, expresar opiniones propias y mostrar un mayor sentido de la justicia, por lo que el acompa\u00f1amiento familiar y escolar resulta fundamental.<\/p>\n<p data-start=\"951\" data-end=\"1232\">En el \u00e1mbito <strong data-start=\"964\" data-end=\"977\">acad\u00e9mico<\/strong>, el alumnado adquiere mayor capacidad de razonamiento, comprensi\u00f3n lectora, expresi\u00f3n oral y escrita, as\u00ed como habilidades matem\u00e1ticas m\u00e1s complejas. Es una etapa ideal para fomentar h\u00e1bitos de estudio, la organizaci\u00f3n del tiempo y el gusto por aprender.<\/p>\n<h3 data-start=\"1234\" data-end=\"1267\">Consejos para las familias<\/h3>\n<ul data-start=\"1268\" data-end=\"1613\">\n<li data-start=\"1268\" data-end=\"1357\">\n<p data-start=\"1270\" data-end=\"1357\">Mantener una <strong data-start=\"1283\" data-end=\"1306\">comunicaci\u00f3n fluida<\/strong> con sus hijos e hijas, escuchando sus inquietudes.<\/p>\n<\/li>\n<li data-start=\"1358\" data-end=\"1413\">\n<p data-start=\"1360\" data-end=\"1413\">Favorecer <strong data-start=\"1370\" data-end=\"1403\">rutinas de estudio y descanso<\/strong> estables.<\/p>\n<\/li>\n<li data-start=\"1414\" data-end=\"1490\">\n<p data-start=\"1416\" data-end=\"1490\">Reforzar la <strong data-start=\"1428\" data-end=\"1462\">autonom\u00eda y la responsabilidad<\/strong>, sin dejar de acompa\u00f1arles.<\/p>\n<\/li>\n<li data-start=\"1491\" data-end=\"1534\">\n<p data-start=\"1493\" data-end=\"1534\">Valorar el esfuerzo m\u00e1s que el resultado.<\/p>\n<\/li>\n<li data-start=\"1535\" data-end=\"1613\">\n<p data-start=\"1537\" data-end=\"1613\">Promover el respeto, la convivencia y el uso responsable de las tecnolog\u00edas.<\/p>\n<\/li>\n<\/ul>\n<p data-start=\"1615\" data-end=\"1803\">Desde el centro, trabajamos para ofrecer un entorno seguro, motivador y participativo, que favorezca el desarrollo integral del alumnado y su preparaci\u00f3n para la siguiente etapa educativa.<\/p>\n","protected":false},"excerpt":{"rendered":"<p>Nuestro alumnado de Tercer Ciclo de Primaria El alumnado de&#46;&#46;&#46;<\/p>\n","protected":false},"author":1,"featured_media":0,"parent":0,"menu_order":0,"comment_status":"closed","ping_status":"open","template":"","meta":{"ngg_post_thumbnail":0,"footnotes":"","_mc_calendar":[]},"aioseo_notices":[],"_links":{"self":[{"href":"https:\/\/blogsaverroes.juntadeandalucia.es\/colegiochimeneas\/wp-json\/wp\/v2\/pages\/436"}],"collection":[{"href":"https:\/\/blogsaverroes.juntadeandalucia.es\/colegiochimeneas\/wp-json\/wp\/v2\/pages"}],"about":[{"href":"https:\/\/blogsaverroes.juntadeandalucia.es\/colegiochimeneas\/wp-json\/wp\/v2\/types\/page"}],"author":[{"embeddable":true,"href":"https:\/\/blogsaverroes.juntadeandalucia.es\/colegiochimeneas\/wp-json\/wp\/v2\/users\/1"}],"replies":[{"embeddable":true,"href":"https:\/\/blogsaverroes.juntadeandalucia.es\/colegiochimeneas\/wp-json\/wp\/v2\/comments?post=436"}],"version-history":[{"count":7,"href":"https:\/\/blogsaverroes.juntadeandalucia.es\/colegiochimeneas\/wp-json\/wp\/v2\/pages\/436\/revisions"}],"predecessor-version":[{"id":2621,"href":"https:\/\/blogsaverroes.juntadeandalucia.es\/colegiochimeneas\/wp-json\/wp\/v2\/pages\/436\/revisions\/2621"}],"wp:attachment":[{"href":"https:\/\/blogsaverroes.juntadeandalucia.es\/colegiochimeneas\/wp-json\/wp\/v2\/media?parent=436"}],"curies":[{"name":"wp","href":"https:\/\/api.w.org\/{rel}","templated":true}]}}