{"id":141,"date":"2015-03-17T07:13:24","date_gmt":"2015-03-17T07:13:24","guid":{"rendered":"http:\/\/blogsaverroes.juntadeandalucia.es\/pre\/ceip\/?page_id=141"},"modified":"2026-03-04T14:56:14","modified_gmt":"2026-03-04T14:56:14","slug":"escolarizacion","status":"publish","type":"page","link":"https:\/\/blogsaverroes.juntadeandalucia.es\/colegiocorrales\/escolarizacion\/","title":{"rendered":"Escolarizaci\u00f3n"},"content":{"rendered":"<p><a href=\"https:\/\/blogsaverroes.juntadeandalucia.es\/colegiocorrales\/files\/2021\/01\/Escolarizaci\u00f3n-banner-1.jpg\"><img fetchpriority=\"high\" decoding=\"async\" class=\"aligncenter wp-image-2333 size-full\" src=\"https:\/\/blogsaverroes.juntadeandalucia.es\/colegiocorrales\/files\/2021\/01\/Escolarizaci\u00f3n-banner-1.jpg\" alt=\"\" width=\"1600\" height=\"98\" srcset=\"https:\/\/blogsaverroes.juntadeandalucia.es\/colegiocorrales\/files\/2021\/01\/Escolarizaci\u00f3n-banner-1.jpg 1600w, https:\/\/blogsaverroes.juntadeandalucia.es\/colegiocorrales\/files\/2021\/01\/Escolarizaci\u00f3n-banner-1-300x18.jpg 300w, https:\/\/blogsaverroes.juntadeandalucia.es\/colegiocorrales\/files\/2021\/01\/Escolarizaci\u00f3n-banner-1-1024x63.jpg 1024w, https:\/\/blogsaverroes.juntadeandalucia.es\/colegiocorrales\/files\/2021\/01\/Escolarizaci\u00f3n-banner-1-768x47.jpg 768w, https:\/\/blogsaverroes.juntadeandalucia.es\/colegiocorrales\/files\/2021\/01\/Escolarizaci\u00f3n-banner-1-1536x95.jpg 1536w, https:\/\/blogsaverroes.juntadeandalucia.es\/colegiocorrales\/files\/2021\/01\/Escolarizaci\u00f3n-banner-1-24x1.jpg 24w, https:\/\/blogsaverroes.juntadeandalucia.es\/colegiocorrales\/files\/2021\/01\/Escolarizaci\u00f3n-banner-1-36x2.jpg 36w, https:\/\/blogsaverroes.juntadeandalucia.es\/colegiocorrales\/files\/2021\/01\/Escolarizaci\u00f3n-banner-1-48x3.jpg 48w\" sizes=\"(max-width: 1600px) 100vw, 1600px\" \/><\/a><\/p>\n<table style=\"border-collapse: collapse;width: 100%;height: 247px\">\n<tbody>\n<tr style=\"height: 247px\">\n<td style=\"width: 50%;height: 247px\">Esta secci\u00f3n podr\u00e1 encontrar cuanta informaci\u00f3n sea de utilidad para el proceso de escolarizaci\u00f3n de sus hijos\/as: plazos, documentos, normativa, enlaces, etc.<\/p>\n<p><a title=\"Portal escolarizaci\u00f3n\" href=\"https:\/\/www.juntadeandalucia.es\/educacion\/portales\/web\/escolarizacion\/infantil-a-bachillerato\" target=\"_blank\" rel=\"noopener noreferrer\">Enlace al portal de escolarizaci\u00f3n.<\/a><\/p>\n<p><a href=\"https:\/\/www.juntadeandalucia.es\/educacion\/portales\/documents\/270701\/3360816\/Instrucciones%20escolarizaci%C3%B3n%202026-2027.pdf\/510b87f0-49ee-ccde-19ce-d6690cc84e89?version=1.0\" target=\"_blank\" rel=\"noopener\">Normativa sobre el proceso de escolarizaci\u00f3n<\/a><\/p>\n<p><a href=\"https:\/\/blogsaverroes.juntadeandalucia.es\/colegiocorrales\/files\/2026\/03\/Normativa-escolarizacion.pdf\">Normativa de aplicaci\u00f3n 26-27<\/a><\/p>\n<p><a href=\"https:\/\/blogsaverroes.juntadeandalucia.es\/colegiocorrales\/files\/2026\/03\/Documentacion-para-la-publicacion-de-documentacion-inicial.pdf\">Documentaci\u00f3n para la publicaci\u00f3n de documentaci\u00f3n inicial<\/a><br \/>\n<a href=\"https:\/\/blogsaverroes.juntadeandalucia.es\/colegiocorrales\/files\/2026\/03\/Mapas-influencia.pdf\">Mapas de influencia de nuestro centro<\/a><br \/>\n<a href=\"https:\/\/blogsaverroes.juntadeandalucia.es\/colegiocorrales\/files\/2026\/03\/Direcciones-catastrales-de-influencia.pdf\">Direcciones catastrales de influencia<\/a><\/p>\n<p><a href=\"https:\/\/blogsaverroes.juntadeandalucia.es\/colegiocorrales\/files\/2026\/03\/Anexo-I.-Calendario-de-admision-2o-Ciclo-de-Infantil-y-Primaria.pdf\">Calendario de admisi\u00f3n 2\u00ba Ciclo de Infantil y Primaria<\/a><\/p>\n<p><a href=\"https:\/\/blogsaverroes.juntadeandalucia.es\/colegiocorrales\/proyecto-educativo\/\">Nuestro Proyecto Educativo<\/a><\/p>\n<p style=\"text-align: justify\">Aconsejamos que no se desplace al centro para realizar sus tr\u00e1mites administrativos y que realice la solicitud de admisi\u00f3n de su hijo\/a a trav\u00e9s de medios electr\u00f3nicos. Puede realizar todo el tr\u00e1mite a trav\u00e9s de la p\u00e1gina <a href=\"https:\/\/www.juntadeandalucia.es\/educacion\/secretariavirtual\/\">SECRETAR\u00cdA VIRTUAL DE LOS CENTROS<\/a>.<\/p>\n<p style=\"text-align: justify\">Para realizar el tr\u00e1mite necesitar\u00e1 el identificador iANDE de su hijo\/a. La clave iANDE de cada uno de sus hijos\/as la tiene anclada en el men\u00fa de mensajes de la aplicaci\u00f3n iPASEN. De todas maneras, si no la tuviera la puede solicitar siguiendo las instrucciones de este enlace.<\/p>\n<p style=\"text-align: center\"><a href=\"https:\/\/www.youtube.com\/watch?v=BG9pVAlp2lk&amp;t=122s\">Solicitud de clave iANDE.<\/a><\/p>\n<p style=\"text-align: justify\">Si desea solicitar la admisi\u00f3n de manera presencialmente recuerde llevar relleno el <a href=\"https:\/\/blogsaverroes.juntadeandalucia.es\/colegiocorrales\/files\/2026\/03\/3_Anexo-III_002535_5.pdf\">ANEXO III ADMISI\u00d3N<\/a>.<\/p>\n<\/td>\n<td style=\"width: 50%;height: 247px\">\n<table class=\" aligncenter\" style=\"height: 338px;width: 88.3328%;border-collapse: collapse;border-style: solid;border-color: #1c4459;background-color: #ffffff\">\n<thead>\n<tr style=\"height: 29px\">\n<td style=\"width: 33.3333%;height: 29px;background-color: #a6c6ed;text-align: center\" colspan=\"4\"><strong>VACANTES PARA EL CURSO ESCOLAR 25-26<\/strong><b><strong><br \/>\n<\/strong><\/b><\/td>\n<\/tr>\n<\/thead>\n<tbody>\n<tr style=\"height: 79px\">\n<td style=\"width: 33.3333%;height: 79px;text-align: center\" width=\"192\">&nbsp;<\/td>\n<td style=\"width: 19.6925%;text-align: center;height: 79px\"><b><strong>UNIDADES CONCEDIDAS<\/strong><\/b><\/td>\n<td style=\"width: 19.6925%;height: 79px;text-align: center\" width=\"192\"><b><strong>PLAZAS CONCEDIDAS<\/strong><\/b><\/td>\n<td style=\"width: 27.032%;height: 79px;text-align: center\" width=\"81\"><b><strong>VACANTES<\/strong><\/b><\/td>\n<\/tr>\n<tr style=\"height: 23px\">\n<td style=\"width: 33.3333%;height: 23px;text-align: right\">3 a\u00f1os INFANTIL<\/td>\n<td style=\"width: 19.6925%;height: 23px\">2<\/td>\n<td style=\"width: 19.6925%;height: 23px\">44<\/td>\n<td style=\"width: 27.032%;height: 23px\">44<\/td>\n<\/tr>\n<tr style=\"height: 23px\">\n<td style=\"width: 33.3333%;height: 23px;text-align: right\">4 a\u00f1os INFANTIL<\/td>\n<td style=\"width: 19.6925%;height: 23px\">2<\/td>\n<td style=\"width: 19.6925%;height: 23px\">50<\/td>\n<td style=\"width: 27.032%;height: 23px\">13<\/td>\n<\/tr>\n<tr style=\"height: 23px\">\n<td style=\"width: 33.3333%;height: 23px;text-align: right\">5 a\u00f1os INFANTIL<\/td>\n<td style=\"width: 19.6925%;height: 23px\">3<\/td>\n<td style=\"width: 19.6925%;height: 23px\">75<\/td>\n<td style=\"width: 27.032%;height: 23px\">7<\/td>\n<\/tr>\n<tr style=\"height: 23px\">\n<td style=\"width: 33.3333%;height: 23px;text-align: right\">1\u00ba Primaria<\/td>\n<td style=\"width: 19.6925%;height: 23px\">2<\/td>\n<td style=\"width: 19.6925%;height: 23px\">50<\/td>\n<td style=\"width: 27.032%;height: 23px\">7<\/td>\n<\/tr>\n<tr style=\"height: 23px\">\n<td style=\"width: 33.3333%;height: 23px;text-align: right\">2\u00ba Primaria<\/td>\n<td style=\"width: 19.6925%;height: 23px\">3<\/td>\n<td style=\"width: 19.6925%;height: 23px\">75<\/td>\n<td style=\"width: 27.032%;height: 23px\">11<\/td>\n<\/tr>\n<tr style=\"height: 23px\">\n<td style=\"width: 33.3333%;height: 23px;text-align: right\">3\u00ba Primaria<\/td>\n<td style=\"width: 19.6925%;height: 23px\">3<\/td>\n<td style=\"width: 19.6925%;height: 23px\">75<\/td>\n<td style=\"width: 27.032%;height: 23px\">4<\/td>\n<\/tr>\n<tr style=\"height: 23px\">\n<td style=\"width: 33.3333%;height: 23px;text-align: right\">4\u00ba Primaria<\/td>\n<td style=\"width: 19.6925%;height: 23px\">3<\/td>\n<td style=\"width: 19.6925%;height: 23px\">75<\/td>\n<td style=\"width: 27.032%;height: 23px\">0<\/td>\n<\/tr>\n<tr style=\"height: 23px\">\n<td style=\"width: 33.3333%;height: 23px;text-align: right\">5\u00ba Primaria<\/td>\n<td style=\"width: 19.6925%;height: 23px\">3<\/td>\n<td style=\"width: 19.6925%;height: 23px\">75<\/td>\n<td style=\"width: 27.032%;height: 23px\">3<\/td>\n<\/tr>\n<tr style=\"height: 23px\">\n<td style=\"width: 33.3333%;height: 23px;text-align: right\">6\u00ba Primaria<\/td>\n<td style=\"width: 19.6925%;height: 23px\">3<\/td>\n<td style=\"width: 19.6925%;height: 23px\">75<\/td>\n<td style=\"width: 27.032%;height: 23px\">0<\/td>\n<\/tr>\n<tr style=\"height: 23px\">\n<td style=\"width: 33.3333%;height: 23px;text-align: right\">Aula Espec\u00edfica de Autismo<\/td>\n<td style=\"width: 19.6925%;height: 23px\">1<\/td>\n<td style=\"width: 19.6925%;height: 23px\">5<\/td>\n<td style=\"width: 27.032%;height: 23px\">1<\/td>\n<\/tr>\n<\/tbody>\n<\/table>\n<p>&nbsp; &nbsp; &nbsp; &nbsp; &nbsp;<\/td>\n<\/tr>\n<\/tbody>\n<\/table>\n<p>&nbsp;<\/p>\n","protected":false},"excerpt":{"rendered":"<p>Esta secci\u00f3n podr\u00e1 encontrar cuanta informaci\u00f3n sea de utilidad para el proceso de escolarizaci\u00f3n de sus hijos\/as: plazos, documentos, normativa, enlaces, etc. Enlace al portal de escolarizaci\u00f3n. Normativa sobre el proceso de escolarizaci\u00f3n Normativa&#46;&#46;&#46;<\/p>\n","protected":false},"author":1,"featured_media":0,"parent":0,"menu_order":0,"comment_status":"closed","ping_status":"open","template":"","meta":{"ngg_post_thumbnail":0,"footnotes":"","_mc_calendar":[]},"aioseo_notices":[],"_links":{"self":[{"href":"https:\/\/blogsaverroes.juntadeandalucia.es\/colegiocorrales\/wp-json\/wp\/v2\/pages\/141"}],"collection":[{"href":"https:\/\/blogsaverroes.juntadeandalucia.es\/colegiocorrales\/wp-json\/wp\/v2\/pages"}],"about":[{"href":"https:\/\/blogsaverroes.juntadeandalucia.es\/colegiocorrales\/wp-json\/wp\/v2\/types\/page"}],"author":[{"embeddable":true,"href":"https:\/\/blogsaverroes.juntadeandalucia.es\/colegiocorrales\/wp-json\/wp\/v2\/users\/1"}],"replies":[{"embeddable":true,"href":"https:\/\/blogsaverroes.juntadeandalucia.es\/colegiocorrales\/wp-json\/wp\/v2\/comments?post=141"}],"version-history":[{"count":54,"href":"https:\/\/blogsaverroes.juntadeandalucia.es\/colegiocorrales\/wp-json\/wp\/v2\/pages\/141\/revisions"}],"predecessor-version":[{"id":5357,"href":"https:\/\/blogsaverroes.juntadeandalucia.es\/colegiocorrales\/wp-json\/wp\/v2\/pages\/141\/revisions\/5357"}],"wp:attachment":[{"href":"https:\/\/blogsaverroes.juntadeandalucia.es\/colegiocorrales\/wp-json\/wp\/v2\/media?parent=141"}],"curies":[{"name":"wp","href":"https:\/\/api.w.org\/{rel}","templated":true}]}}