{"id":2346,"date":"2021-01-30T18:49:56","date_gmt":"2021-01-30T18:49:56","guid":{"rendered":"https:\/\/blogsaverroes.juntadeandalucia.es\/colegiocorrales\/?page_id=2346"},"modified":"2022-11-14T18:36:48","modified_gmt":"2022-11-14T18:36:48","slug":"proyecto-de-direccion-20-24","status":"publish","type":"page","link":"https:\/\/blogsaverroes.juntadeandalucia.es\/colegiocorrales\/proyecto-de-direccion-20-24\/","title":{"rendered":"Proyecto de Direcci\u00f3n."},"content":{"rendered":"<p><a href=\"https:\/\/drive.google.com\/file\/d\/1R5DHe6IdBslWdqFrtOD4HTURU44ZJBYD\/view?usp=sharing\">Proyecto de Direcci\u00f3n CEIP Tierno Galv\u00e1n. Periodo 2012-2020<\/a><br \/>\nJoseba Andoni Mart\u00edn R\u00edos (DNI 44213339W)<\/p>\n<p><a href=\"https:\/\/drive.google.com\/file\/d\/1Zfggo2t5QfcaRAY1IMzbIfqXjQ5jPvQM\/view?usp=sharing\">Proyecto de Direcci\u00f3n CEIP Tierno Galv\u00e1n. Periodo 2020-2024<\/a><br \/>\nJoseba Andoni Mart\u00edn R\u00edos (DNI 44213339W)<\/p>\n","protected":false},"excerpt":{"rendered":"<p>Proyecto de Direcci\u00f3n CEIP Tierno Galv\u00e1n. Periodo 2012-2020 Joseba Andoni Mart\u00edn R\u00edos (DNI 44213339W) Proyecto de Direcci\u00f3n CEIP Tierno Galv\u00e1n. Periodo 2020-2024 Joseba Andoni Mart\u00edn R\u00edos (DNI 44213339W)<\/p>\n","protected":false},"author":1955,"featured_media":0,"parent":0,"menu_order":0,"comment_status":"closed","ping_status":"closed","template":"","meta":{"ngg_post_thumbnail":0,"footnotes":"","_mc_calendar":[]},"aioseo_notices":[],"_links":{"self":[{"href":"https:\/\/blogsaverroes.juntadeandalucia.es\/colegiocorrales\/wp-json\/wp\/v2\/pages\/2346"}],"collection":[{"href":"https:\/\/blogsaverroes.juntadeandalucia.es\/colegiocorrales\/wp-json\/wp\/v2\/pages"}],"about":[{"href":"https:\/\/blogsaverroes.juntadeandalucia.es\/colegiocorrales\/wp-json\/wp\/v2\/types\/page"}],"author":[{"embeddable":true,"href":"https:\/\/blogsaverroes.juntadeandalucia.es\/colegiocorrales\/wp-json\/wp\/v2\/users\/1955"}],"replies":[{"embeddable":true,"href":"https:\/\/blogsaverroes.juntadeandalucia.es\/colegiocorrales\/wp-json\/wp\/v2\/comments?post=2346"}],"version-history":[{"count":10,"href":"https:\/\/blogsaverroes.juntadeandalucia.es\/colegiocorrales\/wp-json\/wp\/v2\/pages\/2346\/revisions"}],"predecessor-version":[{"id":4937,"href":"https:\/\/blogsaverroes.juntadeandalucia.es\/colegiocorrales\/wp-json\/wp\/v2\/pages\/2346\/revisions\/4937"}],"wp:attachment":[{"href":"https:\/\/blogsaverroes.juntadeandalucia.es\/colegiocorrales\/wp-json\/wp\/v2\/media?parent=2346"}],"curies":[{"name":"wp","href":"https:\/\/api.w.org\/{rel}","templated":true}]}}