{"id":2423,"date":"2021-02-01T16:27:12","date_gmt":"2021-02-01T16:27:12","guid":{"rendered":"https:\/\/blogsaverroes.juntadeandalucia.es\/colegiocorrales\/?page_id=2423"},"modified":"2021-02-01T16:29:09","modified_gmt":"2021-02-01T16:29:09","slug":"plan-de-centro","status":"publish","type":"page","link":"https:\/\/blogsaverroes.juntadeandalucia.es\/colegiocorrales\/plan-de-centro\/","title":{"rendered":"Plan de Centro"},"content":{"rendered":"<p>El<strong>&nbsp;art. 20 del Decreto 328\/2010 de Organizaci\u00f3n y Funcionamiento<\/strong>&nbsp;de los Centros de Educaci\u00f3n Infantil y Primaria establece que el proyecto educativo, el reglamento de organizaci\u00f3n y funcionamiento y el proyecto de gesti\u00f3n constituyen el Plan de Centro.<\/p>\n<p>El Plan de Centro es elaborado por el equipo directivo y aprobado por el Consejo Escolar, sin perjuicio de las competencias atribuidas al Claustro de Profesorado. En su elaboraci\u00f3n el equipo directivo recibe la colaboraci\u00f3n e implicaci\u00f3n del equipo t\u00e9cnico de coordinaci\u00f3n pedag\u00f3gica y de otros \u00f3rganos de coordinaci\u00f3n docente.<\/p>\n<p>El Plan de Centro tendr\u00e1 un car\u00e1cter plurianual, obliga a todo el personal del centro y vincula a la comunidad educativa del mismo. Se puede actualizar o modificar, en su caso, tras los procesos de autoevaluaci\u00f3n o a propuesta del director o directora en funci\u00f3n de su proyecto de direcci\u00f3n.<\/p>\n<p>El Plan de Centro ser\u00e1 p\u00fablico y se facilitar\u00e1 su conocimiento por la comunidad educativa y la ciudadan\u00eda en general.<\/p>\n<p>Por tanto, enumeramos aqu\u00ed y ponemos a disposici\u00f3n de nuestra comunidad educativa los aspectos esenciales de nuestro Plan de Centro.<\/p>\n","protected":false},"excerpt":{"rendered":"<p>El&nbsp;art. 20 del Decreto 328\/2010 de Organizaci\u00f3n y Funcionamiento&nbsp;de los Centros de Educaci\u00f3n Infantil y Primaria establece que el proyecto educativo, el reglamento de organizaci\u00f3n y funcionamiento y el proyecto de gesti\u00f3n constituyen el&#46;&#46;&#46;<\/p>\n","protected":false},"author":1955,"featured_media":0,"parent":0,"menu_order":0,"comment_status":"closed","ping_status":"closed","template":"","meta":{"ngg_post_thumbnail":0,"footnotes":"","_mc_calendar":[]},"aioseo_notices":[],"_links":{"self":[{"href":"https:\/\/blogsaverroes.juntadeandalucia.es\/colegiocorrales\/wp-json\/wp\/v2\/pages\/2423"}],"collection":[{"href":"https:\/\/blogsaverroes.juntadeandalucia.es\/colegiocorrales\/wp-json\/wp\/v2\/pages"}],"about":[{"href":"https:\/\/blogsaverroes.juntadeandalucia.es\/colegiocorrales\/wp-json\/wp\/v2\/types\/page"}],"author":[{"embeddable":true,"href":"https:\/\/blogsaverroes.juntadeandalucia.es\/colegiocorrales\/wp-json\/wp\/v2\/users\/1955"}],"replies":[{"embeddable":true,"href":"https:\/\/blogsaverroes.juntadeandalucia.es\/colegiocorrales\/wp-json\/wp\/v2\/comments?post=2423"}],"version-history":[{"count":2,"href":"https:\/\/blogsaverroes.juntadeandalucia.es\/colegiocorrales\/wp-json\/wp\/v2\/pages\/2423\/revisions"}],"predecessor-version":[{"id":2434,"href":"https:\/\/blogsaverroes.juntadeandalucia.es\/colegiocorrales\/wp-json\/wp\/v2\/pages\/2423\/revisions\/2434"}],"wp:attachment":[{"href":"https:\/\/blogsaverroes.juntadeandalucia.es\/colegiocorrales\/wp-json\/wp\/v2\/media?parent=2423"}],"curies":[{"name":"wp","href":"https:\/\/api.w.org\/{rel}","templated":true}]}}