{"id":2809,"date":"2023-06-30T00:00:12","date_gmt":"2023-06-30T00:00:12","guid":{"rendered":"https:\/\/blogsaverroes.juntadeandalucia.es\/colegiocorrales\/?page_id=2809"},"modified":"2025-06-27T16:34:41","modified_gmt":"2025-06-27T16:34:41","slug":"libros-de-texto","status":"publish","type":"page","link":"https:\/\/blogsaverroes.juntadeandalucia.es\/colegiocorrales\/libros-de-texto\/","title":{"rendered":"Libros de texto y materiales escolares 25-26"},"content":{"rendered":"<p>Para el curso escolar 25-26 se utilizar\u00e1 la siguiente selecci\u00f3n de libros de texto y materiales escolares con el alumnado.<\/p>\n<table style=\"border-collapse: collapse;width: 100%\">\n<tbody>\n<tr>\n<td style=\"width: 50%\"><a href=\"https:\/\/drive.google.com\/file\/d\/1Ohy8hGKof1dsMiaPBzffCgEOOrfKQNCr\/view?usp=sharing\"><img fetchpriority=\"high\" decoding=\"async\" class=\"aligncenter size-full wp-image-2966\" src=\"https:\/\/blogsaverroes.juntadeandalucia.es\/colegiocorrales\/files\/2021\/02\/libros.jpg\" alt=\"\" width=\"512\" height=\"366\" srcset=\"https:\/\/blogsaverroes.juntadeandalucia.es\/colegiocorrales\/files\/2021\/02\/libros.jpg 512w, https:\/\/blogsaverroes.juntadeandalucia.es\/colegiocorrales\/files\/2021\/02\/libros-300x214.jpg 300w\" sizes=\"(max-width: 512px) 100vw, 512px\" \/><\/a><\/td>\n<td style=\"width: 50%\"><a href=\"https:\/\/drive.google.com\/file\/d\/1ZlR_egkXJkEJN2eakEunBpFShCM0zV8M\/view?usp=sharing\">Selecci\u00f3n de Libros de Texto 2025-2026 INFANTIL<\/a>&nbsp;<\/p>\n<p><a href=\"https:\/\/drive.google.com\/file\/d\/1Za8se_sp9lRCHrKJaQzVrWReXM-ncyiE\/view?usp=sharing\">Selecci\u00f3n de Libros de Texto 2025-2026 PRIMARIA<\/a><\/p>\n<p><a href=\"https:\/\/drive.google.com\/file\/d\/1Aq8Hnd24jI83ZY47kPeTgwLxglfWc87W\/view?usp=sharing\">Listado material escolar 1\u00ba Primaria 2025-2026<\/a><\/p>\n<p><a href=\"https:\/\/drive.google.com\/file\/d\/1NqMfPlLyq24K66Zni324-pYdEHORFMrQ\/view?usp=sharing\">Listado material escolar 2\u00ba Primaria 2025-2026<\/a><\/p>\n<p><a href=\"https:\/\/drive.google.com\/file\/d\/1-jjedaKR3-4CtBrHFovwOp1k5UzdoN0S\/view?usp=sharing\">Listado material escolar 3\u00ba Primaria 2025-2026<\/a><\/p>\n<p><a href=\"https:\/\/drive.google.com\/file\/d\/1ndfzK2Z4VBJ-fpaJPldk0DzPVOW7V6x-\/view?usp=sharing\">Listado material escolar 4\u00ba Primaria 2025-2026<\/a><\/p>\n<p><a href=\"https:\/\/drive.google.com\/file\/d\/1aUu9J_QF3sOcUczSq0-blwjlaCIc4SFU\/view?usp=sharing\">Listado material escolar 5\u00ba y 6\u00ba Primaria 2025-2026<\/a><\/td>\n<\/tr>\n<\/tbody>\n<\/table>\n<p>&nbsp;<\/p>\n<p>&nbsp;<\/p>\n","protected":false},"excerpt":{"rendered":"<p>Para el curso escolar 25-26 se utilizar\u00e1 la siguiente selecci\u00f3n de libros de texto y materiales escolares con el alumnado. Selecci\u00f3n de Libros de Texto 2025-2026 INFANTIL&nbsp; Selecci\u00f3n de Libros de Texto 2025-2026 PRIMARIA&#46;&#46;&#46;<\/p>\n","protected":false},"author":1955,"featured_media":0,"parent":0,"menu_order":0,"comment_status":"closed","ping_status":"closed","template":"","meta":{"ngg_post_thumbnail":0,"footnotes":"","_mc_calendar":[]},"aioseo_notices":[],"_links":{"self":[{"href":"https:\/\/blogsaverroes.juntadeandalucia.es\/colegiocorrales\/wp-json\/wp\/v2\/pages\/2809"}],"collection":[{"href":"https:\/\/blogsaverroes.juntadeandalucia.es\/colegiocorrales\/wp-json\/wp\/v2\/pages"}],"about":[{"href":"https:\/\/blogsaverroes.juntadeandalucia.es\/colegiocorrales\/wp-json\/wp\/v2\/types\/page"}],"author":[{"embeddable":true,"href":"https:\/\/blogsaverroes.juntadeandalucia.es\/colegiocorrales\/wp-json\/wp\/v2\/users\/1955"}],"replies":[{"embeddable":true,"href":"https:\/\/blogsaverroes.juntadeandalucia.es\/colegiocorrales\/wp-json\/wp\/v2\/comments?post=2809"}],"version-history":[{"count":28,"href":"https:\/\/blogsaverroes.juntadeandalucia.es\/colegiocorrales\/wp-json\/wp\/v2\/pages\/2809\/revisions"}],"predecessor-version":[{"id":5217,"href":"https:\/\/blogsaverroes.juntadeandalucia.es\/colegiocorrales\/wp-json\/wp\/v2\/pages\/2809\/revisions\/5217"}],"wp:attachment":[{"href":"https:\/\/blogsaverroes.juntadeandalucia.es\/colegiocorrales\/wp-json\/wp\/v2\/media?parent=2809"}],"curies":[{"name":"wp","href":"https:\/\/api.w.org\/{rel}","templated":true}]}}