{"id":35,"date":"2015-03-13T08:21:43","date_gmt":"2015-03-13T08:21:43","guid":{"rendered":"http:\/\/blogsaverroes.juntadeandalucia.es\/pre\/ceip\/?page_id=35"},"modified":"2021-02-26T16:49:19","modified_gmt":"2021-02-26T16:49:19","slug":"el-centro-2","status":"publish","type":"page","link":"https:\/\/blogsaverroes.juntadeandalucia.es\/colegiocorrales\/el-centro-2\/","title":{"rendered":"Datos del centro"},"content":{"rendered":"<h2 style=\"text-align: justify\"><strong>Datos de contacto<\/strong><\/h2>\n<p style=\"text-align: justify\"><strong>CEIP PROFESOR TIERNO GALV\u00c1N<br \/>\n<\/strong><\/p>\n<p style=\"text-align: justify\"><strong>Direcci\u00f3n:<\/strong> &nbsp;<br \/>\nCalle Casas del R\u00edo SN. CP 21120.<br \/>\nCorrales (Aljaraque &#8211; HUELVA)<\/p>\n<p style=\"text-align: justify\"><strong>Tel\u00e9fono \/ FAX:<br \/>\n<\/strong>959524926 &#8211; 959524927<\/p>\n<p style=\"text-align: justify\"><strong>Email:<\/strong><br \/>\n<em>Direcci\u00f3n:<\/em> 21000048.edu@juntadeandalucia.es&nbsp;<br \/>\n<em>Secretar\u00eda:<\/em> 21000048.secretaria.edu@juntadeandalucia.es<\/p>\n<h2 style=\"text-align: justify\"><strong>Horarios:<\/strong><\/h2>\n<p style=\"text-align: justify\"><em>AULA MATINAL<\/em> de 7:30 a 9:00 horas.<br \/>\n<em>JORNADA LECTIVA<\/em> de 9:00 a 14:00 horas.<br \/>\n<em>COMEDOR ESCOLAR<\/em> de 14:00 a 16:00 horas.<br \/>\n<em>ACTIVIDADES EXTRAESCOLARES<\/em> de 16:00 a 18:00 horas.<br \/>\n<em>AMPLIACI\u00d3N DE HORARIO<\/em> de 18:00 a 20:00 horas de lunes a jueves y de 8:00 a 20:00 los s\u00e1bados.<\/p>\n<h2 style=\"text-align: justify\"><strong>Oferta educativa<\/strong><\/h2>\n<p style=\"text-align: justify\"><em>Segundo Ciclo de Educaci\u00f3n Infantil:<\/em> nuestro centro oferta plazas escolares en los niveles educativos previos a la Educaci\u00f3n Primaria, 3, 4 y 5 a\u00f1os.<\/p>\n<p style=\"text-align: justify\"><em>Educaci\u00f3n Primaria:<\/em> desde 1\u00ba a 6\u00ba de Primaria.<\/p>\n<p style=\"text-align: justify\"><em>Nuestro colegio&nbsp;est\u00e1&nbsp;<strong>ubicado Corrales<\/strong><\/em>&nbsp;y&nbsp;es uno de los cuatro centros de Educaci\u00f3n Infantil y Primaria que se ubican en la localidad de Aljaraque a la cual pertenecen las pedan\u00edas que se citan:<\/p>\n<h2 style=\"text-align: justify\"><strong>Breve rese\u00f1a de nuestra localidad<\/strong><\/h2>\n<p style=\"text-align: justify\"><em>Nuestro colegio&nbsp;est\u00e1&nbsp;<strong>ubicado Corrales<\/strong><\/em>&nbsp;y&nbsp;es uno de los cuatro centros de Educaci\u00f3n Infantil y Primaria que se ubican en la localidad de Aljaraque a la cual pertenecen las pedan\u00edas que se citan:<\/p>\n<ul>\n<li style=\"text-align: justify\"><a class=\"mw-redirect\" title=\"Los Corrales (Huelva)\" href=\"http:\/\/es.wikipedia.org\/wiki\/Los_Corrales_(Huelva)\"><strong>Corrales<\/strong><\/a>. Su construcci\u00f3n data del \u00faltimo tercio del&nbsp;<a title=\"Siglo XIX\" href=\"http:\/\/es.wikipedia.org\/wiki\/Siglo_XIX\">siglo XIX<\/a>, cuando la compa\u00f1\u00eda&nbsp;<a title=\"Gran Breta\u00f1a\" href=\"http:\/\/es.wikipedia.org\/wiki\/Gran_Breta%C3%B1a\">brit\u00e1nica<\/a>&nbsp;\u00abThe Tharsis Sulphur and Copper Company Limited\u00bb tuvo que alojar a parte de los trabajadores de las minas de&nbsp;<a class=\"mw-redirect\" title=\"Minas de Rio Tinto\" href=\"http:\/\/es.wikipedia.org\/wiki\/Minas_de_Rio_Tinto\">R\u00edo Tinto<\/a>. En sus inmediaciones se encontraban distintas instalaciones metal\u00fargicas y el importante&nbsp;<a title=\"Muelle de la Compa\u00f1\u00eda de Tharsis\" href=\"http:\/\/es.wikipedia.org\/wiki\/Muelle_de_la_Compa%C3%B1%C3%ADa_de_Tharsis\">Muelle de Tharsis<\/a>, que daba salida a la&nbsp;<a title=\"R\u00eda de Huelva\" href=\"http:\/\/es.wikipedia.org\/wiki\/R%C3%ADa_de_Huelva\">r\u00eda de Huelva<\/a>. En los \u00faltimos a\u00f1os ha aumentado considerablemente la edificaci\u00f3n en sus terrenos, en una nueva zona denominada&nbsp;<strong>Nuevo Corrales<\/strong>&nbsp;y en el algunos edificios emula el estilo colonial ingl\u00e9s.<\/li>\n<li style=\"text-align: justify\"><a class=\"new\" title=\"Bellavista (Huelva) (a\u00fan no redactado)\" href=\"http:\/\/es.wikipedia.org\/w\/index.php?title=Bellavista_(Huelva)&amp;action=edit&amp;redlink=1\"><strong>Bellavista<\/strong><\/a>. Urbanizaci\u00f3n residencial de chalets individuales, adosados y algunos bloques de pisos, poblada desde los a\u00f1os 60 aprox.Cuenta adem\u00e1s con un Centro Comercial, dos colegios, centro de salud y un gran parque.<\/li>\n<li style=\"text-align: justify\"><a class=\"new\" title=\"Dehesa Golf (Huelva) (a\u00fan no redactado)\" href=\"http:\/\/es.wikipedia.org\/w\/index.php?title=Dehesa_Golf_(Huelva)&amp;action=edit&amp;redlink=1\"><strong>Dehesa Golf<\/strong><\/a>. Urbanizaci\u00f3n residencial de semi-lujo compuesta por chalets individuales, creada en los a\u00f1os 90 bordeando el campo de golf Bellavista.Cuenta con el campo de golf \u00abBellavista\u00bb, un centro comercial, un parque, un colegio y una residencia de ancianos.<\/li>\n<li style=\"text-align: justify\"><a class=\"new\" title=\"La Monacilla (Huelva)) (a\u00fan no redactado)\" href=\"http:\/\/es.wikipedia.org\/w\/index.php?title=La_Monacilla_(Huelva))&amp;action=edit&amp;redlink=1\"><strong>La Monacilla<\/strong><\/a>. Urbanizaci\u00f3n residencial de lujo en construcci\u00f3n, junto a Dehesa Golf que constar\u00e1 con campo y de Golf y hotel, seg\u00fan proyectos.<\/li>\n<\/ul>\n","protected":false},"excerpt":{"rendered":"<p>Datos de contacto CEIP PROFESOR TIERNO GALV\u00c1N Direcci\u00f3n: &nbsp; Calle Casas del R\u00edo SN. CP 21120. Corrales (Aljaraque &#8211; HUELVA) Tel\u00e9fono \/ FAX: 959524926 &#8211; 959524927 Email: Direcci\u00f3n: 21000048.edu@juntadeandalucia.es&nbsp; Secretar\u00eda: 21000048.secretaria.edu@juntadeandalucia.es Horarios: AULA MATINAL&#46;&#46;&#46;<\/p>\n","protected":false},"author":1,"featured_media":0,"parent":0,"menu_order":0,"comment_status":"closed","ping_status":"open","template":"","meta":{"ngg_post_thumbnail":0,"footnotes":"","_mc_calendar":[]},"aioseo_notices":[],"_links":{"self":[{"href":"https:\/\/blogsaverroes.juntadeandalucia.es\/colegiocorrales\/wp-json\/wp\/v2\/pages\/35"}],"collection":[{"href":"https:\/\/blogsaverroes.juntadeandalucia.es\/colegiocorrales\/wp-json\/wp\/v2\/pages"}],"about":[{"href":"https:\/\/blogsaverroes.juntadeandalucia.es\/colegiocorrales\/wp-json\/wp\/v2\/types\/page"}],"author":[{"embeddable":true,"href":"https:\/\/blogsaverroes.juntadeandalucia.es\/colegiocorrales\/wp-json\/wp\/v2\/users\/1"}],"replies":[{"embeddable":true,"href":"https:\/\/blogsaverroes.juntadeandalucia.es\/colegiocorrales\/wp-json\/wp\/v2\/comments?post=35"}],"version-history":[{"count":28,"href":"https:\/\/blogsaverroes.juntadeandalucia.es\/colegiocorrales\/wp-json\/wp\/v2\/pages\/35\/revisions"}],"predecessor-version":[{"id":2942,"href":"https:\/\/blogsaverroes.juntadeandalucia.es\/colegiocorrales\/wp-json\/wp\/v2\/pages\/35\/revisions\/2942"}],"wp:attachment":[{"href":"https:\/\/blogsaverroes.juntadeandalucia.es\/colegiocorrales\/wp-json\/wp\/v2\/media?parent=35"}],"curies":[{"name":"wp","href":"https:\/\/api.w.org\/{rel}","templated":true}]}}