{"id":4614,"date":"2022-08-18T10:59:00","date_gmt":"2022-08-18T10:59:00","guid":{"rendered":"https:\/\/blogsaverroes.juntadeandalucia.es\/colegiocorrales\/?page_id=4614"},"modified":"2022-08-18T12:21:59","modified_gmt":"2022-08-18T12:21:59","slug":"programa-impulsa","status":"publish","type":"page","link":"https:\/\/blogsaverroes.juntadeandalucia.es\/colegiocorrales\/programa-impulsa\/","title":{"rendered":"Programa IMPULSA"},"content":{"rendered":"<header class=\"\"><\/header>\n<div class=\"contenido_detalle\">\n<section class=\"cuerpo detalle_html\">\n<div class=\"inner_cuerpo\">\n<table style=\"border-collapse: collapse;width: 100%\">\n<tbody>\n<tr>\n<td style=\"width: 70.9045%\">\n<header class=\"\">\n<p id=\"detalle_programa-impulsa-1xgre8b4e3806\" class=\"titulo\" style=\"text-align: justify\"><strong style=\"text-align: justify;font-family: inherit;font-size: inherit\">El Programa IMPULSA<\/strong><span style=\"text-align: justify;font-family: inherit;font-size: inherit\"> est\u00e1 dirigido a fomentar actuaciones y medidas innovadoras de atenci\u00f3n al alumnado vulnerable con el fin de favorecer la inclusi\u00f3n y el \u00e9xito educativo, as\u00ed como reducir el abandono escolar.<\/span><\/p>\n<\/header>\n<div class=\"contenido_detalle\">\n<section class=\"cuerpo detalle_html\">\n<div class=\"inner_cuerpo\" style=\"text-align: justify\">Se concibe como un conjunto de actuaciones dirigidas a <strong>potenciar la cultura inclusiva de los centros docentes y a mejorar el grado de adquisici\u00f3n de competencias<\/strong> a trav\u00e9s de la mejora de los recursos en el aula y\/o de la realizaci\u00f3n de experiencias innovadoras, activas y experimentales que promuevan el saber hacer del alumnado, partiendo de sus conocimientos y fomentando actitudes como la autonom\u00eda, la responsabilidad, el respeto y el trabajo en equipo, bajo los principios de la atenci\u00f3n a la diversidad y la igualdad de g\u00e9nero.<\/div>\n<div class=\"inner_cuerpo\" style=\"text-align: justify\">Se desarrolla, durante el curso 2021 &#8211; 2022, a trav\u00e9s de Proyectos para la Innovaci\u00f3n Educativa, en dos l\u00edneas de actuaci\u00f3n:<br \/>\na) <strong>IMPULSA INNOVACI\u00d3N<\/strong> con medidas innovadoras espec\u00edficas que contribuyan al \u00e9xito educativo y a la prevenci\u00f3n del absentismo y del abandono escolar.<br \/>\nb) <strong>IMPULSA INCLUSI\u00d3N<\/strong> con medidas innovadoras espec\u00edficas que contribuyan a la accesibilidad universal y al desarrollo de las competencias del alumna.<\/div>\n<div>&nbsp;<\/div>\n<div class=\"inner_cuerpo\" style=\"text-align: justify\"><strong>Nuestro centro, no pudiendo aspirar a la l\u00ednea INNOVACI\u00d3N al no pertenecer a zonas con \u00edndices significativos de abandono escolar y absentismo, ha participado durante el presente curso escolar en la l\u00ednea INCLUSI\u00d3N.<\/strong><\/div>\n<div class=\"inner_cuerpo\" style=\"text-align: justify\">Desde los meses de enero a mayo se han realizado distintos talleres dirigidos al alumnado del <strong>AULA ESPEC\u00cdFICA de AUTISMO<\/strong> de nuestro centro que han consistido en:<\/div>\n<\/section>\n<\/div>\n<\/td>\n<td style=\"width: 29.0955%\"><a href=\"https:\/\/blogsaverroes.juntadeandalucia.es\/colegiocorrales\/files\/2022\/08\/IMPULSA.jpg\"><img fetchpriority=\"high\" decoding=\"async\" class=\"wp-image-4619 alignright\" src=\"https:\/\/blogsaverroes.juntadeandalucia.es\/colegiocorrales\/files\/2022\/08\/IMPULSA.jpg\" alt=\"\" width=\"281\" height=\"401\" srcset=\"https:\/\/blogsaverroes.juntadeandalucia.es\/colegiocorrales\/files\/2022\/08\/IMPULSA.jpg 487w, https:\/\/blogsaverroes.juntadeandalucia.es\/colegiocorrales\/files\/2022\/08\/IMPULSA-211x300.jpg 211w\" sizes=\"(max-width: 281px) 100vw, 281px\" \/><\/a><\/td>\n<\/tr>\n<\/tbody>\n<\/table>\n<p>Los talleres desarrollados han sido:<strong>ARTETERAPIA:<\/strong> Todos los jueves de Febrero a Marzo en horario de 10:50 a 11:50.<br \/>\nEntre cuyos objetivos est\u00e1n:<\/p>\n<ul>\n<li style=\"text-align: justify\">Conocer nuevas v\u00edas para expresar sentimientos y emociones a trav\u00e9s de lenguaje verbal y no verbal, es decir, se amplia la capacidad de comunicaci\u00f3n.<\/li>\n<li style=\"text-align: justify\">Anima a reflexionar sobre aquello que nos preocupa e intentar buscarle una soluci\u00f3n.<\/li>\n<li style=\"text-align: justify\">Mejora de la capacidad de atenci\u00f3n y concentraci\u00f3n.<\/li>\n<li style=\"text-align: justify\">Disminuci\u00f3n del estr\u00e9s, ansiedad y nerviosismo.<\/li>\n<li style=\"text-align: justify\">Ampliaci\u00f3n de la capacidad intuitiva y sensorial as\u00ed como mejor desarrollo de la creatividad y la imginaci\u00f3n.<\/li>\n<li style=\"text-align: justify\">El arteterapia sirve a su vez para un mayor autoconocimiento de las emociones de cada uno y de las de los dem\u00e1s y para dar con un modo m\u00e1s efectivo de relacionarse con los iguales y con el mundo que nos rodea, lo que se traduce en una mejora de la autoestima.<\/li>\n<li style=\"text-align: justify\">Permite abordar la capacidad de frustraci\u00f3n y mejorar la habilidad de la resiliencia. Se manejan los l\u00edmites de cada uno, se conocen y se ubican dentro de la perspectiva que les corresponde.<\/li>\n<li style=\"text-align: justify\">Mayor perseverancia en tareas, deseos u objetivos los cuales se plantean como un reto a superar.<\/li>\n<\/ul>\n<p>ngg_shortcode_0_placeholder<strong>EQUINOTERAPIA:<\/strong> Los mi\u00e9rcoles desde Febrero (23,) Marzo (2,9,16,13,30 ) y dos d\u00edas en Mayo (11 y 25 ) que nos vimos en la necesidad de cambiar por las condiciones climatol\u00f3gicas adversas. Su horario ha sido de 9:30 a 11:30.<br \/>\nLa equinoterapia es beneficiosa para las personas con discapacidad o con polidiscapacidad porque les permite practicar un deporte, sin siquiera darse cuenta de ello. Es de hecho el \u00fanico deporte que se practica con un animal. El movimiento de pelvis que crea el paso del caballo es inconsciente, y es una sensaci\u00f3n nueva para algunas personas en silla de ruedas y una ocasi\u00f3n agradable de desplazarse. El caballo puede en efecto hacer que el jinete con una discapacidad importante experimente un movimiento que tal vez no podr\u00e1 sentir por s\u00ed mismo y hacer que trabaje partes de su cuerpo que, por su discapacidad, no se trabajan.<br \/>\nLa TAC trabaja el equilibrio, a menudo precario debido a la discapacidad, y permite ajustar mejor la tonicidad frente a situaciones nuevas. El ritmo del paso del caballo es similar al ritmo card\u00edaco (unos 70 pasos por minutos). Es por ello agradable y tiene un efecto tranquilizante.<br \/>\nEl contacto con los caballos y la naturaleza animan, motivan,&nbsp; el encuentro y a menudo es sin\u00f3nimo de plenitud y de adquisici\u00f3n de autonom\u00eda.&nbsp;Los puntos que podemos resaltar como principales beneficios son los siguientes:<\/p>\n<ul>\n<li>Favorecer la comunicaci\u00f3n verbal y no verbal<\/li>\n<li>Inducir la toma de iniciativas, una autoconfianza y una valorizaci\u00f3n del individuo<\/li>\n<li>Mejorar el tono muscular<\/li>\n<li>Mejorar el equilibrio y la noci\u00f3n de espacio<\/li>\n<li>Favorecer el descanso<\/li>\n<li>Favorecer la percepci\u00f3n del esquema corporal y la ubicaci\u00f3n en el espacio. Hay un despertar del cuerpo que est\u00e1 a menudo inerte y poco estimulado, el cuerpo vive y la mirada del ni\u00f1o se ilumina.<\/li>\n<li>Favorecer la relaci\u00f3n y la gesti\u00f3n de las emociones.<\/li>\n<\/ul>\n<p>ngg_shortcode_1_placeholder<strong>MUSICOTERAPIA:<\/strong> Todos lo martes de Abril a Mayo , en horario 9:30 a 10:15h.<\/p>\n<\/div>\n<div class=\"inner_cuerpo\">Usar la m\u00fasica y\/o de sus elementos (sonido, ritmo, melod\u00eda y armon\u00eda) en un contexto escolar, con el objetivos de simular, habilitar o mejorar el correcto desarrollo motriz, cognitivo, social y emocional de los ni\u00f1os\/as.<br \/>\nAdem\u00e1s de:<\/div>\n<ul>\n<li class=\"inner_cuerpo\">Aprender a convivir de mejor manera con los dem\u00e1s ni\u00f1os\/as.<\/li>\n<li class=\"inner_cuerpo\">Disfrutar de la actividad musical.<\/li>\n<li class=\"inner_cuerpo\">Fomentar la capacidad intelectual, auditiva, sensorial, comunicativa y motriz.<\/li>\n<li class=\"inner_cuerpo\">Prevenir y\/o atender en problemas como trastorno de lenguaje, dislexia, d\u00e9ficit de atenci\u00f3n, hiperactividad, problemas emocionales y de conducta.<\/li>\n<\/ul>\n<p>ngg_shortcode_2_placeholder<\/section>\n<\/div>\n","protected":false},"excerpt":{"rendered":"<p>El Programa IMPULSA est\u00e1 dirigido a fomentar actuaciones y medidas innovadoras de atenci\u00f3n al alumnado vulnerable con el fin de favorecer la inclusi\u00f3n y el \u00e9xito educativo, as\u00ed como reducir el abandono escolar. Se&#46;&#46;&#46;<\/p>\n","protected":false},"author":1955,"featured_media":0,"parent":0,"menu_order":0,"comment_status":"closed","ping_status":"closed","template":"","meta":{"ngg_post_thumbnail":0,"footnotes":"","_mc_calendar":[]},"aioseo_notices":[],"_links":{"self":[{"href":"https:\/\/blogsaverroes.juntadeandalucia.es\/colegiocorrales\/wp-json\/wp\/v2\/pages\/4614"}],"collection":[{"href":"https:\/\/blogsaverroes.juntadeandalucia.es\/colegiocorrales\/wp-json\/wp\/v2\/pages"}],"about":[{"href":"https:\/\/blogsaverroes.juntadeandalucia.es\/colegiocorrales\/wp-json\/wp\/v2\/types\/page"}],"author":[{"embeddable":true,"href":"https:\/\/blogsaverroes.juntadeandalucia.es\/colegiocorrales\/wp-json\/wp\/v2\/users\/1955"}],"replies":[{"embeddable":true,"href":"https:\/\/blogsaverroes.juntadeandalucia.es\/colegiocorrales\/wp-json\/wp\/v2\/comments?post=4614"}],"version-history":[{"count":11,"href":"https:\/\/blogsaverroes.juntadeandalucia.es\/colegiocorrales\/wp-json\/wp\/v2\/pages\/4614\/revisions"}],"predecessor-version":[{"id":4792,"href":"https:\/\/blogsaverroes.juntadeandalucia.es\/colegiocorrales\/wp-json\/wp\/v2\/pages\/4614\/revisions\/4792"}],"wp:attachment":[{"href":"https:\/\/blogsaverroes.juntadeandalucia.es\/colegiocorrales\/wp-json\/wp\/v2\/media?parent=4614"}],"curies":[{"name":"wp","href":"https:\/\/api.w.org\/{rel}","templated":true}]}}