{"id":49,"date":"2015-03-13T08:47:05","date_gmt":"2015-03-13T08:47:05","guid":{"rendered":"http:\/\/blogsaverroes.juntadeandalucia.es\/pre\/ceip\/?page_id=49"},"modified":"2026-01-19T10:19:16","modified_gmt":"2026-01-19T10:19:16","slug":"proyecto-educativo","status":"publish","type":"page","link":"https:\/\/blogsaverroes.juntadeandalucia.es\/colegiocorrales\/proyecto-educativo\/","title":{"rendered":"Proyecto Educativo"},"content":{"rendered":"<p style=\"text-align: justify\">Un centro se define en gran medida por su <strong>Proyecto Educativo<\/strong>. En \u00e9l se plasma el modelo educativo y la concreci\u00f3n de la normativa que un centro realiza respecto a las ense\u00f1anzas que imparte. Aspectos tales como las finales educativas, objetivos, atenci\u00f3n a la diversidad, etc.<\/p>\n<p style=\"text-align: justify\"><a href=\"https:\/\/drive.google.com\/file\/d\/1KFUhZHPta3hcb_dUICqBbccofzxum-nh\/view?usp=sharing\">Objetivos para la mejora del rendimiento escolar<\/a><\/p>\n<p style=\"text-align: justify\"><a href=\"https:\/\/drive.google.com\/file\/d\/1CHyRb7JDFOELYhxEsopBcX48b6lEu7Jq\/view?usp=sharing\">L\u00edneas generales de actuaci\u00f3n pedag\u00f3gica<\/a><\/p>\n<p style=\"text-align: justify\"><a href=\"https:\/\/drive.google.com\/file\/d\/18Zk2MqUcjX0yB0leGU6t9yIn699q16Pk\/view?usp=sharing\">Criterios generales para la elaboraci\u00f3n de programaciones did\u00e1cticas y propuestas pedag\u00f3gicas<\/a><\/p>\n<p><a href=\"https:\/\/drive.google.com\/file\/d\/1bBx_amLWSR_pwkmoSXQc9c8UrY9ePKrj\/view?usp=sharing\">La evaluaci\u00f3n en Educaci\u00f3n Primaria<\/a><\/p>\n<p>PEND_mod <a href=\"https:\/\/drive.google.com\/file\/d\/1nJED4f-tc-hrgYHXTRSXjJCglYll6GcM\/view?usp=sharing\">Procedimiento de evaluaci\u00f3n de los resultados acad\u00e9micos<\/a><\/p>\n<p><a href=\"https:\/\/drive.google.com\/file\/d\/1MNjDNLC_JwX6Vmqb_WFe_Z1PD-p6Auax\/view?usp=sharing\">Criterios para organizar y distribuir el tiempo escolar<\/a><\/p>\n<p><a href=\"https:\/\/drive.google.com\/file\/d\/1sit6anMqHVduz65RRtvjSmETqzQQQQqy\/view?usp=sharing\">Criterios pedag\u00f3gicos para la determinaci\u00f3n del horario de dedicaci\u00f3n&#8230;<\/a><\/p>\n<p style=\"text-align: justify\"><a href=\"https:\/\/drive.google.com\/file\/d\/1WG8t2zxJVnEdcGid87DK0jWPOnqpGE5_\/view?usp=sharing\">Criterios para establecer tutor\u00edas y agrupamientos<\/a><\/p>\n<p><a href=\"https:\/\/blogsaverroes.juntadeandalucia.es\/colegiocorrales\/files\/2026\/01\/Plan-de-Formacion-del-profesorado-25-26.pdf\">Plan de Formaci\u00f3n del profesorado (25-26)<\/a><\/p>\n<p><a href=\"https:\/\/drive.google.com\/file\/d\/1QpeHARq--k5QuYG6h5yP3tiTXCvT046Y\/view?usp=sharing\">PEND_mod Plan de Atenci\u00f3n a la Diversidad<\/a><\/p>\n<p><a href=\"https:\/\/drive.google.com\/file\/d\/1C9ebcS6iqkVG5j5zRZQDfaSm0ES2LZf-\/view?usp=sharing\">PEND_mod Plan de Convivencia y Escuela Espacio de Paz<\/a><\/p>\n<p><a href=\"https:\/\/drive.google.com\/file\/d\/1K_98ixnFXwsWBpQbFUfd45mABHsJ0KsA\/view?usp=sharing\">PEND_mod Proyecto de Biling\u00fcismo<\/a><\/p>\n<p><a href=\"https:\/\/drive.google.com\/file\/d\/1VqQj4ylSrJK5CHBtgQ-OXU3b1mJOpNul\/view?usp=sharing\">Plan de Autoprotecci\u00f3n del centro<\/a><\/p>\n<p><a href=\"https:\/\/blogsaverroes.juntadeandalucia.es\/colegiocorrales\/files\/2026\/01\/Plan-de-Actuacion-Digital-25_26.pdf\">Plan de Actuaci\u00f3n Digital 25_26<\/a><\/p>\n<p><a href=\"https:\/\/blogsaverroes.juntadeandalucia.es\/colegiocorrales\/files\/2026\/01\/Programa-de-Actividades-Complementarias.pdf\">Programa de Actividades Complementarias 25\/26<\/a><\/p>\n<p style=\"text-align: justify\">&nbsp;<\/p>\n","protected":false},"excerpt":{"rendered":"<p>Un centro se define en gran medida por su Proyecto Educativo. En \u00e9l se plasma el modelo educativo y la concreci\u00f3n de la normativa que un centro realiza respecto a las ense\u00f1anzas que imparte.&#46;&#46;&#46;<\/p>\n","protected":false},"author":1,"featured_media":0,"parent":0,"menu_order":0,"comment_status":"closed","ping_status":"open","template":"","meta":{"ngg_post_thumbnail":0,"footnotes":"","_mc_calendar":[]},"aioseo_notices":[],"_links":{"self":[{"href":"https:\/\/blogsaverroes.juntadeandalucia.es\/colegiocorrales\/wp-json\/wp\/v2\/pages\/49"}],"collection":[{"href":"https:\/\/blogsaverroes.juntadeandalucia.es\/colegiocorrales\/wp-json\/wp\/v2\/pages"}],"about":[{"href":"https:\/\/blogsaverroes.juntadeandalucia.es\/colegiocorrales\/wp-json\/wp\/v2\/types\/page"}],"author":[{"embeddable":true,"href":"https:\/\/blogsaverroes.juntadeandalucia.es\/colegiocorrales\/wp-json\/wp\/v2\/users\/1"}],"replies":[{"embeddable":true,"href":"https:\/\/blogsaverroes.juntadeandalucia.es\/colegiocorrales\/wp-json\/wp\/v2\/comments?post=49"}],"version-history":[{"count":18,"href":"https:\/\/blogsaverroes.juntadeandalucia.es\/colegiocorrales\/wp-json\/wp\/v2\/pages\/49\/revisions"}],"predecessor-version":[{"id":5331,"href":"https:\/\/blogsaverroes.juntadeandalucia.es\/colegiocorrales\/wp-json\/wp\/v2\/pages\/49\/revisions\/5331"}],"wp:attachment":[{"href":"https:\/\/blogsaverroes.juntadeandalucia.es\/colegiocorrales\/wp-json\/wp\/v2\/media?parent=49"}],"curies":[{"name":"wp","href":"https:\/\/api.w.org\/{rel}","templated":true}]}}