{"id":4923,"date":"2022-11-14T18:17:10","date_gmt":"2022-11-14T18:17:10","guid":{"rendered":"https:\/\/blogsaverroes.juntadeandalucia.es\/colegiocorrales\/?page_id=4923"},"modified":"2026-01-19T10:31:16","modified_gmt":"2026-01-19T10:31:16","slug":"programacion-general-anual","status":"publish","type":"page","link":"https:\/\/blogsaverroes.juntadeandalucia.es\/colegiocorrales\/programacion-general-anual\/","title":{"rendered":"Programaci\u00f3n General Anual 25-26"},"content":{"rendered":"<ol>\n<li style=\"list-style-type: none\">\n<ol>\n<li style=\"list-style-type: none\">\n<ol>\n<li style=\"list-style-type: none\">\n<ol>\n<li style=\"list-style-type: none\">\n<ol>\n<li style=\"list-style-type: none\">\n<ol>\n<li style=\"list-style-type: none\">\n<ol>\n<li><a href=\"https:\/\/blogsaverroes.juntadeandalucia.es\/colegiocorrales\/files\/2026\/01\/Planificacion-general-de-reuniones-25-26.pdf\">Planificaci\u00f3n general de reuniones 25-26<\/a><\/li>\n<li><a href=\"https:\/\/blogsaverroes.juntadeandalucia.es\/colegiocorrales\/files\/2026\/01\/PLAN-ANUAL-CENTRO-EOE-25-26.docx.pdf\">PLAN ANUAL CENTRO EOE 25-26.docx<\/a><\/li>\n<li><a href=\"https:\/\/blogsaverroes.juntadeandalucia.es\/colegiocorrales\/files\/2026\/01\/PROGRAMACION-PLANES-Y-PROGRAMAS-25-26.pdf\">PROGRAMACI\u00d3N PLANES Y PROGRAMAS 25-26<\/a><\/li>\n<li><a href=\"https:\/\/blogsaverroes.juntadeandalucia.es\/colegiocorrales\/files\/2026\/01\/Plan-Biblioteca-25-26.pdf\">Plan Biblioteca 25-26<\/a><\/li>\n<li><a href=\"https:\/\/blogsaverroes.juntadeandalucia.es\/colegiocorrales\/files\/2026\/01\/Plan-de-Actuacion-Digital-25_26.pdf\">Plan de Actuaci\u00f3n Digital 25_26<\/a><\/li>\n<li><a href=\"https:\/\/blogsaverroes.juntadeandalucia.es\/colegiocorrales\/files\/2026\/01\/Programa-de-Actividades-Complementarias.pdf\">Programa de Actividades Complementarias 25\/26<\/a><\/li>\n<li><a href=\"https:\/\/blogsaverroes.juntadeandalucia.es\/colegiocorrales\/files\/2026\/01\/Plan-de-Formacion-del-profesorado-25-26-1.pdf\">Plan de Formaci\u00f3n del profesorado (25-26)<\/a><\/li>\n<\/ol>\n<\/li>\n<\/ol>\n<\/li>\n<\/ol>\n<\/li>\n<\/ol>\n<\/li>\n<\/ol>\n<\/li>\n<\/ol>\n<\/li>\n<\/ol>\n","protected":false},"excerpt":{"rendered":"<p>Planificaci\u00f3n general de reuniones 25-26 PLAN ANUAL CENTRO EOE 25-26.docx PROGRAMACI\u00d3N PLANES Y PROGRAMAS 25-26 Plan Biblioteca 25-26 Plan de Actuaci\u00f3n Digital 25_26 Programa de Actividades Complementarias 25\/26 Plan de Formaci\u00f3n del profesorado (25-26)<\/p>\n","protected":false},"author":1955,"featured_media":0,"parent":0,"menu_order":0,"comment_status":"closed","ping_status":"closed","template":"","meta":{"ngg_post_thumbnail":0,"footnotes":"","_mc_calendar":[]},"aioseo_notices":[],"_links":{"self":[{"href":"https:\/\/blogsaverroes.juntadeandalucia.es\/colegiocorrales\/wp-json\/wp\/v2\/pages\/4923"}],"collection":[{"href":"https:\/\/blogsaverroes.juntadeandalucia.es\/colegiocorrales\/wp-json\/wp\/v2\/pages"}],"about":[{"href":"https:\/\/blogsaverroes.juntadeandalucia.es\/colegiocorrales\/wp-json\/wp\/v2\/types\/page"}],"author":[{"embeddable":true,"href":"https:\/\/blogsaverroes.juntadeandalucia.es\/colegiocorrales\/wp-json\/wp\/v2\/users\/1955"}],"replies":[{"embeddable":true,"href":"https:\/\/blogsaverroes.juntadeandalucia.es\/colegiocorrales\/wp-json\/wp\/v2\/comments?post=4923"}],"version-history":[{"count":10,"href":"https:\/\/blogsaverroes.juntadeandalucia.es\/colegiocorrales\/wp-json\/wp\/v2\/pages\/4923\/revisions"}],"predecessor-version":[{"id":5338,"href":"https:\/\/blogsaverroes.juntadeandalucia.es\/colegiocorrales\/wp-json\/wp\/v2\/pages\/4923\/revisions\/5338"}],"wp:attachment":[{"href":"https:\/\/blogsaverroes.juntadeandalucia.es\/colegiocorrales\/wp-json\/wp\/v2\/media?parent=4923"}],"curies":[{"name":"wp","href":"https:\/\/api.w.org\/{rel}","templated":true}]}}