{"id":5254,"date":"2025-09-09T17:10:03","date_gmt":"2025-09-09T17:10:03","guid":{"rendered":"https:\/\/blogsaverroes.juntadeandalucia.es\/colegiocorrales\/?page_id=5254"},"modified":"2025-09-09T17:10:03","modified_gmt":"2025-09-09T17:10:03","slug":"accesos","status":"publish","type":"page","link":"https:\/\/blogsaverroes.juntadeandalucia.es\/colegiocorrales\/accesos\/","title":{"rendered":"ACCESOS"},"content":{"rendered":"<h2 data-start=\"109\" data-end=\"143\">\ud83d\udccd Plano de accesos al centro<\/h2>\n<p data-start=\"145\" data-end=\"309\">Se adjunta el <strong data-start=\"159\" data-end=\"214\">plano de las puertas de entrada y salida del centro<\/strong>, v\u00e1lido <strong data-start=\"223\" data-end=\"306\">desde el d\u00eda 11 de septiembre hasta la finalizaci\u00f3n del curso escolar 2025\/2026<\/strong>.<\/p>\n<p><a href=\"https:\/\/blogsaverroes.juntadeandalucia.es\/colegiocorrales\/files\/2025\/09\/Entradas-y-salidas.jpg\"><img fetchpriority=\"high\" decoding=\"async\" class=\"alignnone size-full wp-image-5256\" src=\"https:\/\/blogsaverroes.juntadeandalucia.es\/colegiocorrales\/files\/2025\/09\/Entradas-y-salidas.jpg\" alt=\"\" width=\"1932\" height=\"940\" srcset=\"https:\/\/blogsaverroes.juntadeandalucia.es\/colegiocorrales\/files\/2025\/09\/Entradas-y-salidas.jpg 1600w, https:\/\/blogsaverroes.juntadeandalucia.es\/colegiocorrales\/files\/2025\/09\/Entradas-y-salidas-300x146.jpg 300w, https:\/\/blogsaverroes.juntadeandalucia.es\/colegiocorrales\/files\/2025\/09\/Entradas-y-salidas-1024x498.jpg 1024w, https:\/\/blogsaverroes.juntadeandalucia.es\/colegiocorrales\/files\/2025\/09\/Entradas-y-salidas-768x374.jpg 768w, https:\/\/blogsaverroes.juntadeandalucia.es\/colegiocorrales\/files\/2025\/09\/Entradas-y-salidas-1536x747.jpg 1536w\" sizes=\"(max-width: 1932px) 100vw, 1932px\" \/><\/a><\/p>\n","protected":false},"excerpt":{"rendered":"<p>\ud83d\udccd Plano de accesos al centro Se adjunta el plano de las puertas de entrada y salida del centro, v\u00e1lido desde el d\u00eda 11 de septiembre hasta la finalizaci\u00f3n del curso escolar 2025\/2026.<\/p>\n","protected":false},"author":1955,"featured_media":5255,"parent":0,"menu_order":0,"comment_status":"closed","ping_status":"closed","template":"","meta":{"ngg_post_thumbnail":0,"footnotes":"","_mc_calendar":[]},"aioseo_notices":[],"_links":{"self":[{"href":"https:\/\/blogsaverroes.juntadeandalucia.es\/colegiocorrales\/wp-json\/wp\/v2\/pages\/5254"}],"collection":[{"href":"https:\/\/blogsaverroes.juntadeandalucia.es\/colegiocorrales\/wp-json\/wp\/v2\/pages"}],"about":[{"href":"https:\/\/blogsaverroes.juntadeandalucia.es\/colegiocorrales\/wp-json\/wp\/v2\/types\/page"}],"author":[{"embeddable":true,"href":"https:\/\/blogsaverroes.juntadeandalucia.es\/colegiocorrales\/wp-json\/wp\/v2\/users\/1955"}],"replies":[{"embeddable":true,"href":"https:\/\/blogsaverroes.juntadeandalucia.es\/colegiocorrales\/wp-json\/wp\/v2\/comments?post=5254"}],"version-history":[{"count":1,"href":"https:\/\/blogsaverroes.juntadeandalucia.es\/colegiocorrales\/wp-json\/wp\/v2\/pages\/5254\/revisions"}],"predecessor-version":[{"id":5257,"href":"https:\/\/blogsaverroes.juntadeandalucia.es\/colegiocorrales\/wp-json\/wp\/v2\/pages\/5254\/revisions\/5257"}],"wp:featuredmedia":[{"embeddable":true,"href":"https:\/\/blogsaverroes.juntadeandalucia.es\/colegiocorrales\/wp-json\/wp\/v2\/media\/5255"}],"wp:attachment":[{"href":"https:\/\/blogsaverroes.juntadeandalucia.es\/colegiocorrales\/wp-json\/wp\/v2\/media?parent=5254"}],"curies":[{"name":"wp","href":"https:\/\/api.w.org\/{rel}","templated":true}]}}