{"id":77,"date":"2015-03-16T06:54:56","date_gmt":"2015-03-16T06:54:56","guid":{"rendered":"http:\/\/blogsaverroes.juntadeandalucia.es\/pre\/ceip\/?page_id=77"},"modified":"2021-02-26T16:50:02","modified_gmt":"2021-02-26T16:50:02","slug":"administracion","status":"publish","type":"page","link":"https:\/\/blogsaverroes.juntadeandalucia.es\/colegiocorrales\/administracion\/","title":{"rendered":"Administraci\u00f3n"},"content":{"rendered":"<p style=\"text-align: justify\">En Administraci\u00f3n se desarrollan muchas funciones importantes en la vida de nuestro centro, especialmente en la relaci\u00f3n que mantenemos con las familias en los diferentes tr\u00e1mites administrativos a lo largo de la escolarizaci\u00f3n: admisi\u00f3n, matr\u00edcula, comedor escolar, becas, solicitudes de cita con direcci\u00f3n, jefatura de estudios, orientaci\u00f3n, etc.<\/p>\n<p style=\"text-align: justify\">Durante el curso escolar 20-21 y mientras contin\u00faen las medidas acordadas en el Protocolo COVID de nuestro centro los horarios ser\u00e1n los siguientes:<\/p>\n<p style=\"text-align: justify\">La<strong> atenci\u00f3n al p\u00fablico en horario distinto al de entradas y salidas<\/strong> ser\u00e1 mediante cita previa.<\/p>\n<p style=\"text-align: justify\"><strong>Acceso:<\/strong> por la cancela principal y seguidamente por la puerta principal del edificio en el que se encuentra la secretar\u00eda.<\/p>\n<ul style=\"text-align: justify\">\n<li>Horario de atenci\u00f3n al p\u00fablico: 9:30 a 10:45 horas y de 12:45 a 13:30 horas*.<br \/>\n*El horario de visita procura que no haya ninguna persona ajena al centro ni familiar de alumnado a las horas en las que el alumnado puede estar fuera de sus aulas.<\/li>\n<li>Procedimiento cita previa: llamada telef\u00f3nica al centro <span style=\"color: #0000ff\">(959524926 \u00f3 959524927)<\/span> o solicitud al siguiente email:<span style=\"color: #0000ff\">21000048.edu@juntadeandalucia.es<\/span><\/li>\n<\/ul>\n<p style=\"text-align: justify\">Tambi\u00e9n puedes cumplimentar los siguientes documentos para enviarlos al mail del centro o bien entregarlos directamente en Secretar\u00eda cuando vayas al mismo.<\/p>\n<p style=\"text-align: justify\"><a href=\"https:\/\/blogsaverroes.juntadeandalucia.es\/colegiocorrales\/files\/2021\/02\/Modelo-de-solicitud-de-cita.pdf\">Modelo de solicitud de cita<\/a><\/p>\n<p style=\"text-align: justify\"><a href=\"https:\/\/blogsaverroes.juntadeandalucia.es\/colegiocorrales\/files\/2021\/02\/Modelo-de-solicitud-al-centro.pdf\">Modelo de solicitud al centro<\/a><\/p>\n<p style=\"text-align: justify\">&nbsp;<\/p>\n<p style=\"text-align: justify\">&nbsp;<\/p>\n<p style=\"text-align: justify\">&nbsp;<\/p>\n","protected":false},"excerpt":{"rendered":"<p>En Administraci\u00f3n se desarrollan muchas funciones importantes en la vida de nuestro centro, especialmente en la relaci\u00f3n que mantenemos con las familias en los diferentes tr\u00e1mites administrativos a lo largo de la escolarizaci\u00f3n: admisi\u00f3n,&#46;&#46;&#46;<\/p>\n","protected":false},"author":1,"featured_media":0,"parent":0,"menu_order":0,"comment_status":"closed","ping_status":"open","template":"","meta":{"ngg_post_thumbnail":0,"footnotes":"","_mc_calendar":[]},"aioseo_notices":[],"_links":{"self":[{"href":"https:\/\/blogsaverroes.juntadeandalucia.es\/colegiocorrales\/wp-json\/wp\/v2\/pages\/77"}],"collection":[{"href":"https:\/\/blogsaverroes.juntadeandalucia.es\/colegiocorrales\/wp-json\/wp\/v2\/pages"}],"about":[{"href":"https:\/\/blogsaverroes.juntadeandalucia.es\/colegiocorrales\/wp-json\/wp\/v2\/types\/page"}],"author":[{"embeddable":true,"href":"https:\/\/blogsaverroes.juntadeandalucia.es\/colegiocorrales\/wp-json\/wp\/v2\/users\/1"}],"replies":[{"embeddable":true,"href":"https:\/\/blogsaverroes.juntadeandalucia.es\/colegiocorrales\/wp-json\/wp\/v2\/comments?post=77"}],"version-history":[{"count":10,"href":"https:\/\/blogsaverroes.juntadeandalucia.es\/colegiocorrales\/wp-json\/wp\/v2\/pages\/77\/revisions"}],"predecessor-version":[{"id":2943,"href":"https:\/\/blogsaverroes.juntadeandalucia.es\/colegiocorrales\/wp-json\/wp\/v2\/pages\/77\/revisions\/2943"}],"wp:attachment":[{"href":"https:\/\/blogsaverroes.juntadeandalucia.es\/colegiocorrales\/wp-json\/wp\/v2\/media?parent=77"}],"curies":[{"name":"wp","href":"https:\/\/api.w.org\/{rel}","templated":true}]}}