{"id":869,"date":"2015-03-16T07:03:52","date_gmt":"2015-03-16T07:03:52","guid":{"rendered":"http:\/\/blogsaverroes.juntadeandalucia.es\/pre\/ceip\/?page_id=84"},"modified":"2025-06-27T17:36:35","modified_gmt":"2025-06-27T17:36:35","slug":"calendario-escolar","status":"publish","type":"page","link":"https:\/\/blogsaverroes.juntadeandalucia.es\/colegiocorrales\/calendario-escolar\/","title":{"rendered":"Calendario escolar 25-26"},"content":{"rendered":"<p><a href=\"https:\/\/blogsaverroes.juntadeandalucia.es\/colegiocorrales\/files\/2025\/06\/4-1.jpg\"><img fetchpriority=\"high\" decoding=\"async\" class=\"alignnone size-full wp-image-5224\" src=\"https:\/\/blogsaverroes.juntadeandalucia.es\/colegiocorrales\/files\/2025\/06\/4-1.jpg\" alt=\"\" width=\"2652\" height=\"3750\" srcset=\"https:\/\/blogsaverroes.juntadeandalucia.es\/colegiocorrales\/files\/2025\/06\/4-1.jpg 1132w, https:\/\/blogsaverroes.juntadeandalucia.es\/colegiocorrales\/files\/2025\/06\/4-1-212x300.jpg 212w, https:\/\/blogsaverroes.juntadeandalucia.es\/colegiocorrales\/files\/2025\/06\/4-1-724x1024.jpg 724w, https:\/\/blogsaverroes.juntadeandalucia.es\/colegiocorrales\/files\/2025\/06\/4-1-768x1086.jpg 768w, https:\/\/blogsaverroes.juntadeandalucia.es\/colegiocorrales\/files\/2025\/06\/4-1-1086x1536.jpg 1086w, https:\/\/blogsaverroes.juntadeandalucia.es\/colegiocorrales\/files\/2025\/06\/4-1-1448x2048.jpg 1448w\" sizes=\"(max-width: 2652px) 100vw, 2652px\" \/><\/a><\/p>\n<div style=\"position: relative;width: 100%;height: 0;padding-top: 141.4286%;padding-bottom: 0;margin-top: 1.6em;margin-bottom: 0.9em;overflow: hidden;border-radius: 8px\"><iframe src=\"https:\/\/www.canva.com\/design\/DAGOSSdQWiI\/bjy5_-7xihJvWWR23OdgKg\/view?embed\"><br \/>\n<\/iframe><\/div>\n<p><a href=\"https:\/\/www.canva.com\/design\/DAGOSSdQWiI\/bjy5_-7xihJvWWR23OdgKg\/view?utm_content=DAGOSSdQWiI&amp;utm_campaign=designshare&amp;utm_medium=embeds&amp;utm_source=link\" target=\"_blank\" rel=\"noopener\">4<\/a> de Joseba Andoni Mart\u00edn R\u00edos<\/p>\n<div style=\"position: relative;width: 100%;height: 0;padding-top: 141.4286%;padding-bottom: 0;margin-top: 1.6em;margin-bottom: 0.9em;overflow: hidden;border-radius: 8px\"><iframe src=\"https:\/\/www.canva.com\/design\/DAGOSSdQWiI\/bjy5_-7xihJvWWR23OdgKg\/view?embed\"><br \/>\n<\/iframe><\/div>\n<p><a href=\"https:\/\/www.canva.com\/design\/DAGOSSdQWiI\/bjy5_-7xihJvWWR23OdgKg\/view?utm_content=DAGOSSdQWiI&amp;utm_campaign=designshare&amp;utm_medium=embeds&amp;utm_source=link\" target=\"_blank\" rel=\"noopener\">4<\/a> de Joseba Andoni Mart\u00edn R\u00edos<\/p>\n","protected":false},"excerpt":{"rendered":"<p>4 de Joseba Andoni Mart\u00edn R\u00edos 4 de Joseba Andoni Mart\u00edn R\u00edos<\/p>\n","protected":false},"author":1,"featured_media":0,"parent":0,"menu_order":0,"comment_status":"closed","ping_status":"open","template":"","meta":{"ngg_post_thumbnail":0,"footnotes":"","_mc_calendar":[]},"aioseo_notices":[],"_links":{"self":[{"href":"https:\/\/blogsaverroes.juntadeandalucia.es\/colegiocorrales\/wp-json\/wp\/v2\/pages\/869"}],"collection":[{"href":"https:\/\/blogsaverroes.juntadeandalucia.es\/colegiocorrales\/wp-json\/wp\/v2\/pages"}],"about":[{"href":"https:\/\/blogsaverroes.juntadeandalucia.es\/colegiocorrales\/wp-json\/wp\/v2\/types\/page"}],"author":[{"embeddable":true,"href":"https:\/\/blogsaverroes.juntadeandalucia.es\/colegiocorrales\/wp-json\/wp\/v2\/users\/1"}],"replies":[{"embeddable":true,"href":"https:\/\/blogsaverroes.juntadeandalucia.es\/colegiocorrales\/wp-json\/wp\/v2\/comments?post=869"}],"version-history":[{"count":19,"href":"https:\/\/blogsaverroes.juntadeandalucia.es\/colegiocorrales\/wp-json\/wp\/v2\/pages\/869\/revisions"}],"predecessor-version":[{"id":5225,"href":"https:\/\/blogsaverroes.juntadeandalucia.es\/colegiocorrales\/wp-json\/wp\/v2\/pages\/869\/revisions\/5225"}],"wp:attachment":[{"href":"https:\/\/blogsaverroes.juntadeandalucia.es\/colegiocorrales\/wp-json\/wp\/v2\/media?parent=869"}],"curies":[{"name":"wp","href":"https:\/\/api.w.org\/{rel}","templated":true}]}}