{"id":871,"date":"2015-03-16T07:25:46","date_gmt":"2015-03-16T07:25:46","guid":{"rendered":"http:\/\/blogsaverroes.juntadeandalucia.es\/pre\/ceip\/?page_id=106"},"modified":"2025-09-08T22:02:40","modified_gmt":"2025-09-08T22:02:40","slug":"actividades-extraescolares","status":"publish","type":"page","link":"https:\/\/blogsaverroes.juntadeandalucia.es\/colegiocorrales\/actividades-extraescolares\/","title":{"rendered":"Actividades extraescolares"},"content":{"rendered":"<p style=\"text-align: left\"><a href=\"https:\/\/blogsaverroes.juntadeandalucia.es\/colegiocorrales\/files\/2015\/03\/talleres.jpg\"><img fetchpriority=\"high\" decoding=\"async\" class=\" alignnone wp-image-228 size-medium alignleft\" src=\"https:\/\/blogsaverroes.juntadeandalucia.es\/colegiocorrales\/files\/2015\/03\/talleres-300x199.jpg\" alt=\"\" width=\"300\" height=\"199\" srcset=\"https:\/\/blogsaverroes.juntadeandalucia.es\/colegiocorrales\/files\/2015\/03\/talleres-300x199.jpg 300w, https:\/\/blogsaverroes.juntadeandalucia.es\/colegiocorrales\/files\/2015\/03\/talleres-1024x682.jpg 1024w, https:\/\/blogsaverroes.juntadeandalucia.es\/colegiocorrales\/files\/2015\/03\/talleres.jpg 1280w\" sizes=\"(max-width: 300px) 100vw, 300px\" \/><\/a>Las actividades extraescolares de nuestro centro, durante el curso escolar 2025 &#8211; 2026, ser\u00e1n realizadas por la empresa \u00abCoperaula\u00bb.<\/p>\n<p><a href=\"http:\/\/www.coperaula.com\/\">Web Coperaula<\/a><\/p>\n<p>&nbsp;<\/p>\n<p>&nbsp;<\/p>\n<p>&nbsp;<\/p>\n<p data-start=\"295\" data-end=\"342\">Las actividades ofertadas son las siguientes:<\/p>\n<ul data-start=\"343\" data-end=\"434\">\n<li data-start=\"343\" data-end=\"357\">\n<p data-start=\"345\" data-end=\"357\">\u265f\ufe0f Ajedrez<\/p>\n<\/li>\n<li data-start=\"358\" data-end=\"374\">\n<p data-start=\"360\" data-end=\"374\">\ud83c\udff8 B\u00e1dminton<\/p>\n<\/li>\n<li data-start=\"375\" data-end=\"404\">\n<p data-start=\"377\" data-end=\"404\">\ud83d\udde3\ufe0f Ingl\u00e9s (conversaci\u00f3n)<\/p>\n<\/li>\n<li data-start=\"405\" data-end=\"420\">\n<p data-start=\"407\" data-end=\"420\">\u26f8\ufe0f Patinaje<\/p>\n<\/li>\n<li data-start=\"421\" data-end=\"434\">\n<p data-start=\"423\" data-end=\"434\">\ud83c\udfad Teatro<\/p>\n<\/li>\n<\/ul>\n<p>El horario las actividades extraescolares de nuestro centro es de 16 a 18 horas y tiene comienzo el primer d\u00eda h\u00e1bil del mes de octubre de cada a\u00f1o, finalizando a 31 de mayo.<\/p>\n<p>Las normas de funcionamiento son las que se indican:<\/p>\n<p>&nbsp;<\/p>\n<p><strong>USUARIOS DE ACTIVIDADES EXTRAESCOLARES<\/strong><\/p>\n<p style=\"text-align: justify\">Podr\u00e1n tener exclusivamente la condici\u00f3n de usuarios de Actividades Extraescolares los alumnos matriculados en el centro, que hayan sido admitidos al servicio y est\u00e9n al corriente del pago de todos los recibos del servicio del curso escolar anterior.<br \/>\n<strong>La solicitud del servicio se realiza en el mes de junio<\/strong> cumplimentando el <a href=\"https:\/\/drive.google.com\/file\/d\/1ZJLF56aQfNyZepDXp0-2qhx4ZuhH0N6b\/view?usp=sharing\">Anexo II &#8211; solicitud servicios PAC<\/a> en el per\u00edodo de matr\u00edcula. Una vez admitido en las listas definitivas que se publican a finales de junio puede comenzar a hacer uso al comienzo del servicio en el mes de octubre.<br \/>\nNo obstante, <strong>si no realiz\u00f3 la solicitud en el mes de junio puede hacerlo en cualquier momento del curso.<\/strong><\/p>\n<p style=\"text-align: justify\"><strong>SOLICITUD DE ALTA<\/strong><\/p>\n<p style=\"text-align: justify\">Se comunicar\u00e1 a la direcci\u00f3n del centro escolar la solicitud de uso de las Actividades Extraescolares rellenando el Anexo II de Solicitud de servicios PAF.<\/p>\n<p><strong>SOLICITUD DE BAJA DE SERVICIO O CAMBIO DE ACTIVIDAD<\/strong><\/p>\n<p style=\"text-align: justify\">Las solicitudes de baja deber\u00e1n comunicarse en el centro educativo o bien enviarlas a \u00e9ste al mail <a href=\"mailto:21000048.edu@juntadendalucia.es\">21000048.edu@juntadendalucia.es<\/a> y posteriormente el centro las comunicar\u00e1 a la empresa.<\/p>\n<p><strong>FORMA DE PAGO<\/strong><\/p>\n<p style=\"text-align: justify\">Coperaula girar\u00e1 los recibos, mediante domiciliaci\u00f3n bancaria, a finales del mes en el que hace uso del servicio, aunque puede que el cargo sea efectivo en sus cuentas durante los primeros d\u00edas del mes siguiente, ya que las entidades bancarias tardan unos d\u00edas en el proceso.<\/p>\n<p style=\"text-align: justify\">La cuota sin bonificaci\u00f3n es de <strong>17,51 \u20ac al mes por cada actividad&nbsp;seg\u00fan acuerdo sobre precios p\u00fablicos publicado en BOJA 150 de 02\/08\/2024.<\/strong><\/p>\n<p>Toda la informaci\u00f3n que la empresa necesita para poder girar dichos recibos (n\u00ba cuenta, titular,\u2026..) es facilitada por la plataforma electr\u00f3nica Hermes de la Junta de Andaluc\u00eda, con lo cual, les rogamos que tengan actualizados todos en el centro escolar. Si necesita cambiar los datos de una domiciliaci\u00f3n dir\u00edjase a la secretar\u00eda del centro.<\/p>\n<p style=\"text-align: justify\">La bonificaci\u00f3n sobre el precio concedida por la Junta de Andaluc\u00eda se aplicar\u00e1 en <u>UNA ACTIVIDAD<\/u>.&nbsp;<\/p>\n<p>Las faltas injustificadas de cinco o m\u00e1s d\u00edas pueden provocar la p\u00e9rdida de la plaza del servicio de aula matinal, tal y como indica el PPT de la Junta de Andaluc\u00eda.<\/p>\n<p><strong>DATOS DE CONTACTO DE LA EMPRESA<\/strong><\/p>\n<p>Puede contactar con la empresa en el tel\u00e9fono <strong>959 81 92 23.<\/strong><\/p>\n<p>COPERAULA CARTA INFORMATIVA FAMILIAS CEIP TIERNO GALV\u00c1N COPERAULA HORARIO TIERNO GALVAN OK<\/p>\n<p>COPERAULA HORARIO TIERNO GALVAN OK<\/p>\n<p>&nbsp;<\/p>\n<p>&nbsp;<\/p>\n","protected":false},"excerpt":{"rendered":"<p>Las actividades extraescolares de nuestro centro, durante el curso escolar 2025 &#8211; 2026, ser\u00e1n realizadas por la empresa \u00abCoperaula\u00bb. Web Coperaula &nbsp; &nbsp; &nbsp; Las actividades ofertadas son las siguientes: \u265f\ufe0f Ajedrez \ud83c\udff8 B\u00e1dminton&#46;&#46;&#46;<\/p>\n","protected":false},"author":1,"featured_media":0,"parent":0,"menu_order":0,"comment_status":"closed","ping_status":"open","template":"","meta":{"ngg_post_thumbnail":0,"footnotes":"","_mc_calendar":[]},"aioseo_notices":[],"_links":{"self":[{"href":"https:\/\/blogsaverroes.juntadeandalucia.es\/colegiocorrales\/wp-json\/wp\/v2\/pages\/871"}],"collection":[{"href":"https:\/\/blogsaverroes.juntadeandalucia.es\/colegiocorrales\/wp-json\/wp\/v2\/pages"}],"about":[{"href":"https:\/\/blogsaverroes.juntadeandalucia.es\/colegiocorrales\/wp-json\/wp\/v2\/types\/page"}],"author":[{"embeddable":true,"href":"https:\/\/blogsaverroes.juntadeandalucia.es\/colegiocorrales\/wp-json\/wp\/v2\/users\/1"}],"replies":[{"embeddable":true,"href":"https:\/\/blogsaverroes.juntadeandalucia.es\/colegiocorrales\/wp-json\/wp\/v2\/comments?post=871"}],"version-history":[{"count":18,"href":"https:\/\/blogsaverroes.juntadeandalucia.es\/colegiocorrales\/wp-json\/wp\/v2\/pages\/871\/revisions"}],"predecessor-version":[{"id":5245,"href":"https:\/\/blogsaverroes.juntadeandalucia.es\/colegiocorrales\/wp-json\/wp\/v2\/pages\/871\/revisions\/5245"}],"wp:attachment":[{"href":"https:\/\/blogsaverroes.juntadeandalucia.es\/colegiocorrales\/wp-json\/wp\/v2\/media?parent=871"}],"curies":[{"name":"wp","href":"https:\/\/api.w.org\/{rel}","templated":true}]}}