{"id":99,"date":"2015-03-16T07:22:54","date_gmt":"2015-03-16T07:22:54","guid":{"rendered":"http:\/\/blogsaverroes.juntadeandalucia.es\/pre\/ceip\/?page_id=99"},"modified":"2025-09-03T20:17:32","modified_gmt":"2025-09-03T20:17:32","slug":"comedor-escolar","status":"publish","type":"page","link":"https:\/\/blogsaverroes.juntadeandalucia.es\/colegiocorrales\/comedor-escolar\/","title":{"rendered":"Comedor escolar"},"content":{"rendered":"<p style=\"text-align: center\">\n\t\t<div class=\"wpaas-accordion-wrap wpaas-row-clearfix\">\n\t\t\t<div id=\"wpaas-accordion-1\" class=\"wpos-tab-slider\">\n\t\t\t\t<div class=\"as-wposslides\">\n\t\t\t\t\t\t\t\t\t\t\t<div class=\"as-wposslide\">\n\t\t\t\t\t\t\t\t\t\t\t\t\t\t\t<img decoding=\"async\" class=\"as-wposbg\" src=\"https:\/\/blogsaverroes.juntadeandalucia.es\/colegiocorrales\/files\/2021\/02\/WhatsApp-Image-2021-02-24-at-19.00.57-3.jpeg\" alt=\"\" \/>\t\n\t\t\t\t\t\t\t\t\t\t\t\t\t<\/div>\n\t\t\t\t\t\t\t\t\t\t\t<div class=\"as-wposslide\">\n\t\t\t\t\t\t\t\t\t\t\t\t\t\t\t<img decoding=\"async\" class=\"as-wposbg\" src=\"https:\/\/blogsaverroes.juntadeandalucia.es\/colegiocorrales\/files\/2021\/02\/WhatsApp-Image-2021-02-24-at-19.01.55-4.jpeg\" alt=\"\" \/>\t\n\t\t\t\t\t\t\t\t\t\t\t\t\t<\/div>\n\t\t\t\t\t\t\t\t\t\t\t<div class=\"as-wposslide\">\n\t\t\t\t\t\t\t\t\t\t\t\t\t\t\t<img decoding=\"async\" class=\"as-wposbg\" src=\"https:\/\/blogsaverroes.juntadeandalucia.es\/colegiocorrales\/files\/2021\/02\/WhatsApp-Image-2021-02-24-at-19.00.57.jpeg\" alt=\"\" \/>\t\n\t\t\t\t\t\t\t\t\t\t\t\t\t<\/div>\n\t\t\t\t\t\t\t\t\t\t\t<div class=\"as-wposslide\">\n\t\t\t\t\t\t\t\t\t\t\t\t\t\t\t<img decoding=\"async\" class=\"as-wposbg\" src=\"https:\/\/blogsaverroes.juntadeandalucia.es\/colegiocorrales\/files\/2021\/02\/WhatsApp-Image-2021-02-24-at-19.01.55-5.jpeg\" alt=\"\" \/>\t\n\t\t\t\t\t\t\t\t\t\t\t\t\t<\/div>\n\t\t\t\t\t\t\t\t\t\t\t<div class=\"as-wposslide\">\n\t\t\t\t\t\t\t\t\t\t\t\t\t\t\t<img decoding=\"async\" class=\"as-wposbg\" src=\"https:\/\/blogsaverroes.juntadeandalucia.es\/colegiocorrales\/files\/2021\/02\/WhatsApp-Image-2021-02-24-at-19.01.54.jpeg\" alt=\"\" \/>\t\n\t\t\t\t\t\t\t\t\t\t\t\t\t<\/div>\n\t\t\t\t\t\t\t\t\t\t\t<div class=\"as-wposslide\">\n\t\t\t\t\t\t\t\t\t\t\t\t\t\t\t<img decoding=\"async\" class=\"as-wposbg\" src=\"https:\/\/blogsaverroes.juntadeandalucia.es\/colegiocorrales\/files\/2021\/02\/WhatsApp-Image-2021-02-24-at-19.01.54-2.jpeg\" alt=\"\" \/>\t\n\t\t\t\t\t\t\t\t\t\t\t\t\t<\/div>\n\t\t\t\t\t\t\t\t\t\t\t<div class=\"as-wposslide\">\n\t\t\t\t\t\t\t\t\t\t\t\t\t\t\t<img decoding=\"async\" class=\"as-wposbg\" src=\"https:\/\/blogsaverroes.juntadeandalucia.es\/colegiocorrales\/files\/2021\/02\/WhatsApp-Image-2021-02-24-at-19.01.55.jpeg\" alt=\"\" \/>\t\n\t\t\t\t\t\t\t\t\t\t\t\t\t<\/div>\n\t\t\t\t\t\t\t\t\t\t\t<div class=\"as-wposslide\">\n\t\t\t\t\t\t\t\t\t\t\t\t\t\t\t<img decoding=\"async\" class=\"as-wposbg\" src=\"https:\/\/blogsaverroes.juntadeandalucia.es\/colegiocorrales\/files\/2021\/02\/WhatsApp-Image-2021-02-25-at-20.06.06.jpeg\" alt=\"\" \/>\t\n\t\t\t\t\t\t\t\t\t\t\t\t\t<\/div>\n\t\t\t\t\t\t\t\t\t\t\t<div class=\"as-wposslide\">\n\t\t\t\t\t\t\t\t\t\t\t\t\t\t\t<img decoding=\"async\" class=\"as-wposbg\" src=\"https:\/\/blogsaverroes.juntadeandalucia.es\/colegiocorrales\/files\/2021\/02\/WhatsApp-Image-2021-02-24-at-19.01.55-3.jpeg\" alt=\"\" \/>\t\n\t\t\t\t\t\t\t\t\t\t\t\t\t<\/div>\n\t\t\t\t\t\t\t\t\t\t\t<div class=\"as-wposslide\">\n\t\t\t\t\t\t\t\t\t\t\t\t\t\t\t<img decoding=\"async\" class=\"as-wposbg\" src=\"https:\/\/blogsaverroes.juntadeandalucia.es\/colegiocorrales\/files\/2021\/02\/WhatsApp-Image-2021-02-25-at-20.01.37.jpeg\" alt=\"\" \/>\t\n\t\t\t\t\t\t\t\t\t\t\t\t\t<\/div>\n\t\t\t\t\t\t\t\t\t\t\t<div class=\"as-wposslide\">\n\t\t\t\t\t\t\t\t\t\t\t\t\t\t\t<img decoding=\"async\" class=\"as-wposbg\" src=\"https:\/\/blogsaverroes.juntadeandalucia.es\/colegiocorrales\/files\/2021\/02\/WhatsApp-Image-2021-02-25-at-20.05.28.jpeg\" alt=\"\" \/>\t\n\t\t\t\t\t\t\t\t\t\t\t\t\t<\/div>\n\t\t\t\t\t\t\t\t\t\t\t<div class=\"as-wposslide\">\n\t\t\t\t\t\t\t\t\t\t\t\t\t\t\t<img decoding=\"async\" class=\"as-wposbg\" src=\"https:\/\/blogsaverroes.juntadeandalucia.es\/colegiocorrales\/files\/2021\/02\/WhatsApp-Image-2021-02-25-at-20.05.48.jpeg\" alt=\"\" \/>\t\n\t\t\t\t\t\t\t\t\t\t\t\t\t<\/div>\n\t\t\t\t\t\t\t\t\t\t\t<div class=\"as-wposslide\">\n\t\t\t\t\t\t\t\t\t\t\t\t\t\t\t<img decoding=\"async\" class=\"as-wposbg\" src=\"https:\/\/blogsaverroes.juntadeandalucia.es\/colegiocorrales\/files\/2021\/02\/WhatsApp-Image-2021-02-25-at-20.06.47.jpeg\" alt=\"\" \/>\t\n\t\t\t\t\t\t\t\t\t\t\t\t\t<\/div>\n\t\t\t\t\t\t\t\t\t\t\t<div class=\"as-wposslide\">\n\t\t\t\t\t\t\t\t\t\t\t\t\t\t\t<img decoding=\"async\" class=\"as-wposbg\" src=\"https:\/\/blogsaverroes.juntadeandalucia.es\/colegiocorrales\/files\/2021\/02\/WhatsApp-Image-2021-02-25-at-20.07.13.jpeg\" alt=\"\" \/>\t\n\t\t\t\t\t\t\t\t\t\t\t\t\t<\/div>\n\t\t\t\t\t\t\t\t\t\t\t<div class=\"as-wposslide\">\n\t\t\t\t\t\t\t\t\t\t\t\t\t\t\t<img decoding=\"async\" class=\"as-wposbg\" src=\"https:\/\/blogsaverroes.juntadeandalucia.es\/colegiocorrales\/files\/2021\/02\/WhatsApp-Image-2021-02-25-at-20.04.49.jpeg\" alt=\"\" \/>\t\n\t\t\t\t\t\t\t\t\t\t\t\t\t<\/div>\n\t\t\t\t\t\t\t\t\t\t\t<div class=\"as-wposslide\">\n\t\t\t\t\t\t\t\t\t\t\t\t\t\t\t<img decoding=\"async\" class=\"as-wposbg\" src=\"https:\/\/blogsaverroes.juntadeandalucia.es\/colegiocorrales\/files\/2021\/02\/WhatsApp-Image-2021-02-25-at-20.03.04.jpeg\" alt=\"\" \/>\t\n\t\t\t\t\t\t\t\t\t\t\t\t\t<\/div>\n\t\t\t\t\t\t\t\t\t\t\t<div class=\"as-wposslide\">\n\t\t\t\t\t\t\t\t\t\t\t\t\t\t\t<img decoding=\"async\" class=\"as-wposbg\" src=\"https:\/\/blogsaverroes.juntadeandalucia.es\/colegiocorrales\/files\/2021\/02\/WhatsApp-Image-2021-02-25-at-20.05.04.jpeg\" alt=\"\" \/>\t\n\t\t\t\t\t\t\t\t\t\t\t\t\t<\/div>\n\t\t\t\t\t\t\t\t\t\t\t<div class=\"as-wposslide\">\n\t\t\t\t\t\t\t\t\t\t\t\t\t\t\t<img decoding=\"async\" class=\"as-wposbg\" src=\"https:\/\/blogsaverroes.juntadeandalucia.es\/colegiocorrales\/files\/2021\/02\/WhatsApp-Image-2021-02-25-at-20.08.00.jpeg\" alt=\"\" \/>\t\n\t\t\t\t\t\t\t\t\t\t\t\t\t<\/div>\n\t\t\t\t\t\t\t\t\t\t\t<div class=\"as-wposslide\">\n\t\t\t\t\t\t\t\t\t\t\t\t\t\t\t<img decoding=\"async\" class=\"as-wposbg\" src=\"https:\/\/blogsaverroes.juntadeandalucia.es\/colegiocorrales\/files\/2021\/02\/WhatsApp-Image-2021-02-25-at-20.09.36.jpeg\" alt=\"\" \/>\t\n\t\t\t\t\t\t\t\t\t\t\t\t\t<\/div>\n\t\t\t\t\t\t\t\t\t\t\t<div class=\"as-wposslide\">\n\t\t\t\t\t\t\t\t\t\t\t\t\t\t\t<img decoding=\"async\" class=\"as-wposbg\" src=\"https:\/\/blogsaverroes.juntadeandalucia.es\/colegiocorrales\/files\/2021\/02\/WhatsApp-Image-2021-02-25-at-20.07.44.jpeg\" alt=\"\" \/>\t\n\t\t\t\t\t\t\t\t\t\t\t\t\t<\/div>\n\t\t\t\t\t\t\t\t\t\t\t<div class=\"as-wposslide\">\n\t\t\t\t\t\t\t\t\t\t\t\t\t\t\t<img decoding=\"async\" class=\"as-wposbg\" src=\"https:\/\/blogsaverroes.juntadeandalucia.es\/colegiocorrales\/files\/2021\/02\/WhatsApp-Image-2021-02-25-at-20.08.56.jpeg\" alt=\"\" \/>\t\n\t\t\t\t\t\t\t\t\t\t\t\t\t<\/div>\n\t\t\t\t\t\t\t\t\t\t\t<div class=\"as-wposslide\">\n\t\t\t\t\t\t\t\t\t\t\t\t\t\t\t<img decoding=\"async\" class=\"as-wposbg\" src=\"https:\/\/blogsaverroes.juntadeandalucia.es\/colegiocorrales\/files\/2021\/02\/WhatsApp-Image-2021-02-25-at-20.10.38-1.jpeg\" alt=\"\" \/>\t\n\t\t\t\t\t\t\t\t\t\t\t\t\t<\/div>\n\t\t\t\t\t\t\t\t\t\t\t<div class=\"as-wposslide\">\n\t\t\t\t\t\t\t\t\t\t\t\t\t\t\t<img decoding=\"async\" class=\"as-wposbg\" src=\"https:\/\/blogsaverroes.juntadeandalucia.es\/colegiocorrales\/files\/2021\/02\/WhatsApp-Image-2021-02-25-at-20.10.38.jpeg\" alt=\"\" \/>\t\n\t\t\t\t\t\t\t\t\t\t\t\t\t<\/div>\n\t\t\t\t\t\t\t\t\t<\/div>\n\t\t\t\t<div class=\"wpaas-conf wpaas-hide\">{\"visible_panels\":\"4\",\"width\":\"900\",\"height\":\"300\",\"orientation\":\"horizontal\",\"panel_distance\":\"10\",\"max_openedaccordion_size\":\"80%\",\"open_panel_on\":\"hover\",\"shadow\":\"true\",\"autoplay\":\"true\",\"mouse_wheel\":\"true\"}<\/div><!-- end of-slider-conf -->\n\t\t\t<\/div><!-- end .msacwl-carousel -->\n\t\t<\/div><!-- end .msacwl-carousel-wrap -->\n\t<\/p>\n<table style=\"border-collapse: collapse;width: 100%;height: 100px\">\n<tbody>\n<tr style=\"height: 0px\">\n<td style=\"width: 57.818%;height: 66px\" rowspan=\"3\">El Servicio de Comedor en nuestro centro es realizado por la empresa <strong>\u00abComertel<\/strong><strong>\u00ab.<\/strong><\/td>\n<td style=\"width: 42.182%;height: 100px;text-align: center\" rowspan=\"3\"><a href=\"https:\/\/comertel.es\/centros-educativos\/\">Web Comertel (sector colegios)<\/a><br \/>\n(En la secci\u00f3n Comedores Infantiles pueden encontrar todos los men\u00fas.<\/td>\n<td style=\"height: 23px\">&nbsp;<\/td>\n<\/tr>\n<tr style=\"height: 103px\">\n<td style=\"width: 57.818%;text-align: center;height: 43px\">&nbsp;<\/td>\n<\/tr>\n<tr style=\"height: 34px\">\n<td style=\"height: 34px\">&nbsp;<\/td>\n<\/tr>\n<\/tbody>\n<\/table>\n<p><a href=\"https:\/\/blogsaverroes.juntadeandalucia.es\/colegiocorrales\/files\/2025\/09\/Circular-a-Familias-25-26-COMERTEL.pdf\">Circular a Familias 25-26 COMERTEL<\/a><\/p>\n<p>El horario de Servicio de Comedor en nuestro centro&nbsp; de 14 a 16 horas, de lunes a viernes.<br \/>\nLas normas de funcionamiento para el curso escolar 25-26 son las que se indican:<\/p>\n<p><strong>USUARIOS DEL COMEDOR<\/strong><\/p>\n<p style=\"text-align: justify\">Podr\u00e1n tener exclusivamente la condici\u00f3n de usuarios del comedor escolar los alumnos matriculados en el centro, que hayan sido admitidos al servicio y est\u00e9n al corriente del pago de todos los recibos del servicio del curso escolar anterior. La solicitud del servicio se realiza en el mes de junio en el per\u00edodo de matr\u00edcula aunque si no lo hizo en junio podr\u00e1 hacerlo en cualquier momento del curso. Solamente tendr\u00e1 la plaza garantizada si acreditan la actividad laboral de los dos padres o tutores legales o bien si cumplen otros requisitos de garant\u00eda de plaza.<br \/>\nSi resultara admitido, entonces <strong>deber\u00e1 realizar el DARSE DE ALTA en la app o web<\/strong> de la empresa Comertel, donde podr\u00e1 consultar los men\u00fas y gestionar las ausencias y los usos.<\/p>\n<p style=\"text-align: justify\">Por tanto:<br \/>\n1\u00ba <strong>Debe haber sido admitido<\/strong> al servicio de comedor para lo que deber\u00e1 presentar <a href=\"https:\/\/drive.google.com\/file\/d\/1ZJLF56aQfNyZepDXp0-2qhx4ZuhH0N6b\/view?usp=sharing\">Anexo II de solicitud de Servicios PAF<\/a> en secretar\u00eda junto con la documentaci\u00f3n que acredite sus circunstancias laborales.<br \/>\n2\u00ba <strong>Debe realizar la inscripci\u00f3n o ALTA<\/strong>. Este alta se realiza<strong> a trav\u00e9s de la<\/strong> <strong>app \u00abEl gusto de crecer\u00bb<\/strong> que puede descargar para en Google Play o App Store; <strong>o bien en la web<\/strong> <a href=\"https:\/\/www.elgustodecrecer.es\/\">www.elgustodecrecer.es<\/a>. Para acceder a las plataformas, se tendr\u00e1 que registrar a trav\u00e9s del men\u00fa Reg\u00edstrate seleccionando la localidad y centro escolar.&nbsp;<\/p>\n<p style=\"text-align: justify\"><a href=\"https:\/\/blogsaverroes.juntadeandalucia.es\/colegiocorrales\/comedor-escolar\/registro-comedor\/\" rel=\"attachment wp-att-4108\"><img fetchpriority=\"high\" decoding=\"async\" class=\"aligncenter size-full wp-image-4108\" src=\"https:\/\/blogsaverroes.juntadeandalucia.es\/colegiocorrales\/files\/2021\/09\/registro-comedor.jpg\" alt=\"\" width=\"1600\" height=\"695\" srcset=\"https:\/\/blogsaverroes.juntadeandalucia.es\/colegiocorrales\/files\/2021\/09\/registro-comedor.jpg 1600w, https:\/\/blogsaverroes.juntadeandalucia.es\/colegiocorrales\/files\/2021\/09\/registro-comedor-300x130.jpg 300w, https:\/\/blogsaverroes.juntadeandalucia.es\/colegiocorrales\/files\/2021\/09\/registro-comedor-1024x445.jpg 1024w, https:\/\/blogsaverroes.juntadeandalucia.es\/colegiocorrales\/files\/2021\/09\/registro-comedor-768x333.jpg 768w, https:\/\/blogsaverroes.juntadeandalucia.es\/colegiocorrales\/files\/2021\/09\/registro-comedor-1536x667.jpg 1536w\" sizes=\"(max-width: 1600px) 100vw, 1600px\" \/><\/a><\/p>\n<p style=\"text-align: justify\">&nbsp;<\/p>\n<table style=\"border-collapse: collapse;width: 100%\">\n<tbody>\n<tr>\n<td style=\"width: 991.2px;border-style: solid;background-color: #e6baba;text-align: justify\"><strong>ACLARACI\u00d3N sobre los USOS y COMUNICACI\u00d3N DE AUSENCIAS:<\/strong><\/p>\n<ul style=\"text-align: justify\">\n<li>La empresa ya sabe los meses y d\u00edas de uso porque los ha rescatado de la <strong>solicitud que usted present\u00f3 en junio y lo que en ella hab\u00eda marcado<\/strong>.<\/li>\n<li>La empresa factura a usuarios habituales (todos los d\u00edas de la semana), fijos discontinuos (d\u00edas fijos de la semana, por ejemplo, lunes y jueves) o espor\u00e1dicos (no tiene d\u00edas fijos en la semana y los van comunicando semanalmente).<\/li>\n<li>Los <strong>usuarios de habituales deben utilizar la plataforma para comunicar las ausencias<\/strong> porque la empresa cuenta con que comen todos los d\u00edas.&nbsp;<\/li>\n<li>Los <strong>usuarios fijos discontinuos (por ejemplo, lunes y jueves) deben usar la plataforma para comunicar las ausencias<\/strong> de estos d\u00edas <strong>o bien para comunicar las presencias<\/strong> si va a hacer uso un d\u00eda de la semana que no sea el habitual.<\/li>\n<li>Los <strong>usuarios espor\u00e1dicos deben usar la plataforma semanalmente para comunicar las presencias.<\/strong><\/li>\n<li><strong>De no comunicar las ausencias le cobrar\u00e1n los usos aunque no haya asistido.<\/strong><\/li>\n<li>Todas estas comunicaciones se deben hacer, <strong>al menos, con tres d\u00edas de antelaci\u00f3n.<\/strong><\/li>\n<li>En ambas plataformas, existe un <strong>manual de instrucciones<\/strong> para realizar las comunicaciones correctamente.<\/li>\n<li>Para comunicar las presencias o ausencias debe <strong>usar la p\u00e1gina web \u00abelgustodecrecer.comertel.es\u00bb o bien la app \u00abelgustodecrecer\u00bb<\/strong><\/li>\n<li><strong>LAS COMUNICACIONES V\u00cdA TELEF\u00d3NICA, V\u00cdA EMAIL o v\u00eda contacto de la p\u00e1gina \u00abEl Gusto de Crecer\u00bb no ser\u00e1n v\u00e1lidas.<\/strong><\/li>\n<\/ul>\n<\/td>\n<\/tr>\n<\/tbody>\n<\/table>\n<p><strong>SOLIC<\/strong><strong>ITUD BAJA DE SERVICIO<\/strong><\/p>\n<ul>\n<li><strong>Las solicitudes de baja:<\/strong> tambi\u00e9n deber\u00e1n enviarse (<a href=\"https:\/\/drive.google.com\/file\/d\/18VjtSkb0yNMquHZ-sBGDuQu4nxYkLkcz\/view?usp=sharing\">MODELO BAJA<\/a> al centro educativo al mail<a href=\"mailto:21000048.edu@juntadendalucia.es\"> 21000048.edu@juntadeandalucia.es<\/a>, que las comunicar\u00e1 a la empresa una vez recibida. Tambi\u00e9n puede hacer llegar su solicitud de manera presencial en el centro. Las bajas <span style=\"color: #ff0000\"><span style=\"color: #ff0000\">son efectivas a partir del mes siguiente y <strong>deben hacerse antes de la \u00faltima semana del mes<\/strong>. No obstante, todas <strong>las ausencias de lo que resta de mes deber\u00e1n justificarse a trav\u00e9s de la app o web, si es el caso.<\/strong><\/span><\/span>&nbsp;<\/li>\n<\/ul>\n<p><strong>AUSENCIAS DEL SERVICIO DE COMEDOR<\/strong><\/p>\n<p style=\"text-align: justify\">Las ausencias tienen que ser comunicadas por v\u00eda telem\u00e1tica, a trav\u00e9s de la App m\u00f3vil \u201cEl Gusto de Crecer\u201d y\/o la p\u00e1gina web (www.elgustodecrecer.comertel.es), con <strong>preaviso de 3 d\u00edas del d\u00eda de la ausencia.<\/strong><\/p>\n<p style=\"text-align: justify\">En ambas plataformas, existe un manual de instrucciones, para realizar las comunicaciones correctamente.<\/p>\n<p style=\"text-align: justify\"><a href=\"https:\/\/blogsaverroes.juntadeandalucia.es\/colegiocorrales\/comedor-escolar\/ausencias-comedor\/\" rel=\"attachment wp-att-4109\"><img decoding=\"async\" class=\"aligncenter size-full wp-image-4109\" src=\"https:\/\/blogsaverroes.juntadeandalucia.es\/colegiocorrales\/files\/2021\/09\/ausencias-comedor.jpg\" alt=\"\" width=\"1462\" height=\"605\" srcset=\"https:\/\/blogsaverroes.juntadeandalucia.es\/colegiocorrales\/files\/2021\/09\/ausencias-comedor.jpg 1462w, https:\/\/blogsaverroes.juntadeandalucia.es\/colegiocorrales\/files\/2021\/09\/ausencias-comedor-300x124.jpg 300w, https:\/\/blogsaverroes.juntadeandalucia.es\/colegiocorrales\/files\/2021\/09\/ausencias-comedor-1024x424.jpg 1024w, https:\/\/blogsaverroes.juntadeandalucia.es\/colegiocorrales\/files\/2021\/09\/ausencias-comedor-768x318.jpg 768w\" sizes=\"(max-width: 1462px) 100vw, 1462px\" \/><\/a><br \/>\n<strong><span style=\"color: #ff0000\">Las comunicaciones por v\u00eda telef\u00f3nica, v\u00eda email o v\u00eda contacto de la p\u00e1gina de \u201cEl Gusto de Crecer\u201d no ser\u00e1n v\u00e1lidas; y pasado los d\u00edas indicados no se justificar\u00e1 la ausencia para el mismo d\u00eda, ya que el sistema no lo permite.<\/span><\/strong><\/p>\n<p><strong>AUSENCIAS POR ENFERMEDAD<\/strong><\/p>\n<p>Las ausencias al Servicio de Comedor motivadas <strong>por enfermedad se podr\u00e1n justificarse remitiendo el INFORME DE ASISTENCIA A CONSULTA o JUSTIFICANTE DE ACCESO A DEMANDA DE ASISTENCIA, en un plazo m\u00e1ximo de 5 d\u00edas lectivos<\/strong>, empezando a contar desde el primer d\u00eda de la ausencia. No obstante, los 3 primeros d\u00edas naturales se cancelar\u00e1n con el justificante de asistencia m\u00e9dica y a partir del cuarto d\u00eda natural, ser\u00e1n las propias familias las que justificar\u00e1n las ausencias a trav\u00e9s de las plataformas de \u201cEl Gusto de Crecer\u201d, siguiendo el procedimiento<br \/>\nordinario<\/p>\n<ul style=\"list-style-type: disc\">\n<li>El proceso para poder justificar correctamente las ausencias por causa de enfermedad es la siguiente:<br \/>\n&#8211; Si el primer d\u00eda de enfermedad comienza el d\u00eda mi\u00e9rcoles, el justificante de asistencia m\u00e9dica, le justifica los d\u00edas mi\u00e9rcoles, jueves y viernes.<br \/>\n&#8211; Si el primer d\u00eda de enfermedad comienza el d\u00eda jueves, el justificante de asistencia m\u00e9dica, le justifica los d\u00edas jueves y viernes. En el caso de que el lunes o\/y d\u00edas venideros, el usuario no asista al Servicio de Comedor, tiene que realizar la comunicaci\u00f3n de la ausencia a trav\u00e9s de las plataformas de \u201cEl Gusto de Crecer\u201d.<br \/>\n&#8211; Si el primer d\u00eda de enfermedad comienza el d\u00eda viernes, el justificante de asistencia m\u00e9dica, le justifica el d\u00eda viernes. En el caso de que el lunes o\/y d\u00edas venideros, el usuario no asista al Servicio de Comedor, tiene que realizar la comunicaci\u00f3n de la ausencia a trav\u00e9s de las plataformas de \u201cEl Gusto de Crecer\u201d.<\/li>\n<\/ul>\n<p><strong>PRESENCIAS<\/strong><\/p>\n<p>Los d\u00edas no contratados y que se demande el Servicio de Comedor de forma puntual e imprevista, podr\u00e1n notificar la asistencia al Servicio de Comedor, enviando email a <a href=\"mailto:andaluciafacturacion@aramark.es\">andaluciafacturacion@aramark.es<\/a> antes de las 09:30 horas del mismo d\u00eda.<\/p>\n<p><strong>BAJA DEL SERVICIO DE COMEDOR<\/strong><\/p>\n<p>La solicitud de baja del Servicio de Comedor Escolar, tal como indica el Pliego de Prescripciones T\u00e9cnicas de la Agencia P\u00fablica de Educaci\u00f3n de la Junta de Andaluc\u00eda,<strong> se tramitar\u00e1 a trav\u00e9s de la Direcci\u00f3n del Centro Escolar<\/strong>, cumplimentando el documento correspondiente y con la <strong>antelaci\u00f3n de al menos una semana antes del inicio del mes en que se pretenda hacer efectiva la baja.<\/strong><\/p>\n<p><strong>P\u00c9RDIDA DE LA CONDICI\u00d3N DE USUARIO<\/strong><\/p>\n<p>Se realizar\u00e1 cuando el\/la usuario no utilice el Servicio de Comedor durante cinco o m\u00e1s d\u00edas consecutivos sin causa justificada y\/o la familia del usuario tenga un impago de dos o m\u00e1s recibos.<\/p>\n<p><strong>FORMAS DE PAGO<\/strong><\/p>\n<p style=\"text-align: justify\">El coste del men\u00fa es de <strong>5,54&nbsp;\u20ac por d\u00eda<\/strong> (IVA incluido), tal y como se aprob\u00f3 en BOJA n\u00ba 150 el pasado 02\/08\/2024 por la Junta de Andaluc\u00eda, a lo que habr\u00e1 que detraer el porcentaje de bonificaci\u00f3n concedido si se solicit\u00f3 y dio lugar a la misma.<br \/>\nEl cobro del Servicio de Comedor se realizar\u00e1 de <strong>forma VENCIDA entre el 5 y 10<\/strong> del mes siguiente y por domiciliaci\u00f3n bancaria.<br \/>\nPor cada <strong>recibo devuelto correctamente girado, se cobrar\u00e1 un recargo de 3,00 \u20ac por gastos de devoluci\u00f3n.<\/strong><br \/>\n<strong>Los meses de Septiembre y Octubre, se girar\u00e1n a principios y a mediados del mes de Noviembre<\/strong> respectivamente, una vez que recibamos las bonificaciones por parte de la Junta de Andaluc\u00eda.<\/p>\n<p><strong>MEN\u00daS ESPECIALES Y PUBLICACI\u00d3N DE LOS MEN\u00daS.<\/strong><\/p>\n<ul>\n<li><strong>Dieta blanda:<\/strong><br \/>\nLa hora m\u00e1xima para poder solicitar una dieta blanda es hasta el mismo d\u00eda y antes de las 09:30 horas. Se solicita a trav\u00e9s de v\u00eda telef\u00f3nica o v\u00eda email (<a href=\"mailto:andaluciafacturacion@aramark.es\">andaluciafacturacion@aramark.es<\/a>)<\/li>\n<li><strong>Dietas adaptadas:<\/strong><br \/>\nCualquier solicitud de dieta por motivos de alergia y\/o intolerancia alimentaria, deber\u00e1 entregarse en el Centro Escolar<\/li>\n<li>(enviar al <a href=\"mailto:21000048.edu@juntadeandalucia.es\">21000048.edu@juntadeandalucia.es<\/a>) el correspondiente Informe M\u00e9dico prescrito por un Especialista y el Centro Escolar ser\u00e1 quien le confirme el d\u00eda de inicio del nuevo men\u00fa elaborado por nuestro equipo de nutricionistas.<\/li>\n<li><strong>Publicaci\u00f3n men\u00fas:<\/strong><br \/>\nLos men\u00fas mensuales est\u00e1n disponibles (previo registro), a trav\u00e9s de la App m\u00f3vil (El Gusto de Crecer) y p\u00e1gina web <a href=\"http:\/\/www.elgustodecrecer.es\">www.elgustodecrecer.es<\/a><\/li>\n<\/ul>\n<p><strong>ATENCI\u00d3N AL CLIENTE<\/strong><\/p>\n<p>Para cualquier duda o aclaraci\u00f3n referente al Servicio de Comedor <span style=\"color: #ff0000\"><strong>(NO PARA GESTI\u00d3N DE AUSENCIAS)<\/strong><\/span>, pueden contactar con el departamento de Gesti\u00f3n de Cobros en el <strong>tel\u00e9fono 954 46 10 35<\/strong> o bien, al email <a href=\"mailto:andaluciafacturacion@aramark.es\">andaluciafacturacion@aramark.es<\/a> donde ser\u00e1 atendido\/a por uno de nuestros agentes en el horario de lunes a jueves de 8h a 17h y d\u00eda viernes de 8h a 15h.<\/p>\n","protected":false},"excerpt":{"rendered":"<p>El Servicio de Comedor en nuestro centro es realizado por la empresa \u00abComertel\u00ab. Web Comertel (sector colegios) (En la secci\u00f3n Comedores Infantiles pueden encontrar todos los men\u00fas. &nbsp; &nbsp; &nbsp; Circular a Familias 25-26&#46;&#46;&#46;<\/p>\n","protected":false},"author":1,"featured_media":0,"parent":0,"menu_order":0,"comment_status":"closed","ping_status":"open","template":"","meta":{"ngg_post_thumbnail":0,"footnotes":"","_mc_calendar":[]},"aioseo_notices":[],"_links":{"self":[{"href":"https:\/\/blogsaverroes.juntadeandalucia.es\/colegiocorrales\/wp-json\/wp\/v2\/pages\/99"}],"collection":[{"href":"https:\/\/blogsaverroes.juntadeandalucia.es\/colegiocorrales\/wp-json\/wp\/v2\/pages"}],"about":[{"href":"https:\/\/blogsaverroes.juntadeandalucia.es\/colegiocorrales\/wp-json\/wp\/v2\/types\/page"}],"author":[{"embeddable":true,"href":"https:\/\/blogsaverroes.juntadeandalucia.es\/colegiocorrales\/wp-json\/wp\/v2\/users\/1"}],"replies":[{"embeddable":true,"href":"https:\/\/blogsaverroes.juntadeandalucia.es\/colegiocorrales\/wp-json\/wp\/v2\/comments?post=99"}],"version-history":[{"count":37,"href":"https:\/\/blogsaverroes.juntadeandalucia.es\/colegiocorrales\/wp-json\/wp\/v2\/pages\/99\/revisions"}],"predecessor-version":[{"id":5240,"href":"https:\/\/blogsaverroes.juntadeandalucia.es\/colegiocorrales\/wp-json\/wp\/v2\/pages\/99\/revisions\/5240"}],"wp:attachment":[{"href":"https:\/\/blogsaverroes.juntadeandalucia.es\/colegiocorrales\/wp-json\/wp\/v2\/media?parent=99"}],"curies":[{"name":"wp","href":"https:\/\/api.w.org\/{rel}","templated":true}]}}