{"id":1000,"date":"2023-07-07T11:09:46","date_gmt":"2023-07-07T09:09:46","guid":{"rendered":"https:\/\/blogsaverroes.juntadeandalucia.es\/colegiodehesasviejas\/?page_id=1000"},"modified":"2023-07-07T11:21:45","modified_gmt":"2023-07-07T09:21:45","slug":"oferta-educativa","status":"publish","type":"page","link":"https:\/\/blogsaverroes.juntadeandalucia.es\/colegiodehesasviejas\/oferta-educativa\/","title":{"rendered":"Oferta educativa"},"content":{"rendered":"<p>El curso escolar 2023\/2024 nuestro centro cuenta con la siguiente oferta educativa:<\/p>\n<ol>\n<li><b>Unidad mixta de 2\u00ba ciclo de Educaci\u00f3n Infantil&nbsp; de 3, 4 y 5 a\u00f1os.<\/b><\/li>\n<li><b>Educaci\u00f3n Primaria : <\/b><b>3 unidades mixtas : 1er ciclo de Primaria, 2do ciclo de Primaria y 3er ciclo de Primaria.<\/b><\/li>\n<li><b>Educaci\u00f3n B\u00e1sica Especial<\/b>\n<ul>\n<li>Educaci\u00f3n especial unidad espec\u00edfica<\/li>\n<\/ul>\n<\/li>\n<li><b>&nbsp;Unidad mixta de 1\u00ba y 2\u00ba cursos de Educaci\u00f3n Secundaria Obligatoria.<\/b><\/li>\n<\/ol>\n<p>El curso 2023\/24, la oferta educativa se mantiene con&nbsp; 6 unidades mixtas: 1 de Ed. Especial, 1 de Ed. Infantil, 3 de Ed. Primaria y 1 de ESO.<\/p>\n<ul style=\"list-style-type: square\">\n<li><strong>Servicio de comedor.<\/strong><\/li>\n<li><strong>Actividades extraescolares.<\/strong><\/li>\n<li><strong>Transporte E. Especial.<\/strong><\/li>\n<\/ul>\n","protected":false},"excerpt":{"rendered":"<p>El curso escolar 2023\/2024 nuestro centro cuenta con la siguiente oferta educativa: Unidad mixta de 2\u00ba ciclo de Educaci\u00f3n Infantil&nbsp; de 3, 4 y 5 a\u00f1os. Educaci\u00f3n Primaria : 3 unidades mixtas : 1er&#46;&#46;&#46;<\/p>\n","protected":false},"author":6522,"featured_media":0,"parent":0,"menu_order":0,"comment_status":"closed","ping_status":"closed","template":"","meta":{"ngg_post_thumbnail":0,"footnotes":""},"aioseo_notices":[],"_links":{"self":[{"href":"https:\/\/blogsaverroes.juntadeandalucia.es\/colegiodehesasviejas\/wp-json\/wp\/v2\/pages\/1000"}],"collection":[{"href":"https:\/\/blogsaverroes.juntadeandalucia.es\/colegiodehesasviejas\/wp-json\/wp\/v2\/pages"}],"about":[{"href":"https:\/\/blogsaverroes.juntadeandalucia.es\/colegiodehesasviejas\/wp-json\/wp\/v2\/types\/page"}],"author":[{"embeddable":true,"href":"https:\/\/blogsaverroes.juntadeandalucia.es\/colegiodehesasviejas\/wp-json\/wp\/v2\/users\/6522"}],"replies":[{"embeddable":true,"href":"https:\/\/blogsaverroes.juntadeandalucia.es\/colegiodehesasviejas\/wp-json\/wp\/v2\/comments?post=1000"}],"version-history":[{"count":8,"href":"https:\/\/blogsaverroes.juntadeandalucia.es\/colegiodehesasviejas\/wp-json\/wp\/v2\/pages\/1000\/revisions"}],"predecessor-version":[{"id":1981,"href":"https:\/\/blogsaverroes.juntadeandalucia.es\/colegiodehesasviejas\/wp-json\/wp\/v2\/pages\/1000\/revisions\/1981"}],"wp:attachment":[{"href":"https:\/\/blogsaverroes.juntadeandalucia.es\/colegiodehesasviejas\/wp-json\/wp\/v2\/media?parent=1000"}],"curies":[{"name":"wp","href":"https:\/\/api.w.org\/{rel}","templated":true}]}}