{"id":1089,"date":"2022-01-08T18:20:26","date_gmt":"2022-01-08T17:20:26","guid":{"rendered":"https:\/\/blogsaverroes.juntadeandalucia.es\/colegiodehesasviejas\/?page_id=1089"},"modified":"2022-01-08T18:20:26","modified_gmt":"2022-01-08T17:20:26","slug":"zona-familias","status":"publish","type":"page","link":"https:\/\/blogsaverroes.juntadeandalucia.es\/colegiodehesasviejas\/zona-familias\/","title":{"rendered":"Zona familias"},"content":{"rendered":"<p>Para poder entender un poco mejor el uso de la aplicaci\u00f3n iPasen, os dejamos un enlace a una presentaci\u00f3n que recoge los aspectos m\u00e1s importantes a tener en cuenta para un completo manejo de la herramienta oficial que nos va a facilitar la comunicaci\u00f3n con el profesorado del centro. \u00a1Esperamos que os sea de utilidad!<\/p>\n<div id=\"attachment_1092\" style=\"width: 235px\" class=\"wp-caption aligncenter\"><a href=\"https:\/\/view.genial.ly\/61377e2105fb130dd3a16cb3\/interactive-content-ipasen-familias\" target=\"_blank\" rel=\"noopener noreferrer\"><img loading=\"lazy\" decoding=\"async\" aria-describedby=\"caption-attachment-1092\" class=\"wp-image-1092 size-medium\" src=\"https:\/\/blogsaverroes.juntadeandalucia.es\/colegiodehesasviejas\/files\/2022\/01\/Captura-de-pantalla-2022-01-08-a-las-18.11.45-225x300.jpg\" alt=\"\" width=\"225\" height=\"300\" srcset=\"https:\/\/blogsaverroes.juntadeandalucia.es\/colegiodehesasviejas\/files\/2022\/01\/Captura-de-pantalla-2022-01-08-a-las-18.11.45-225x300.jpg 225w, https:\/\/blogsaverroes.juntadeandalucia.es\/colegiodehesasviejas\/files\/2022\/01\/Captura-de-pantalla-2022-01-08-a-las-18.11.45-767x1024.jpg 767w, https:\/\/blogsaverroes.juntadeandalucia.es\/colegiodehesasviejas\/files\/2022\/01\/Captura-de-pantalla-2022-01-08-a-las-18.11.45-768x1025.jpg 768w, https:\/\/blogsaverroes.juntadeandalucia.es\/colegiodehesasviejas\/files\/2022\/01\/Captura-de-pantalla-2022-01-08-a-las-18.11.45.jpg 812w\" sizes=\"(max-width: 225px) 100vw, 225px\" \/><\/a><p id=\"caption-attachment-1092\" class=\"wp-caption-text\">Tutorial iPasen para familias<\/p><\/div>\n<p>&nbsp;<br \/>\n<!--nextpage--><\/p>\n<p>&nbsp;<\/p>\n","protected":false},"excerpt":{"rendered":"<p>Para poder entender un poco mejor el uso de la aplicaci\u00f3n iPasen, os dejamos un enlace a una presentaci\u00f3n que recoge los aspectos m\u00e1s importantes a tener en cuenta para un completo manejo de&#46;&#46;&#46;<\/p>\n","protected":false},"author":1181,"featured_media":0,"parent":0,"menu_order":0,"comment_status":"closed","ping_status":"closed","template":"","meta":{"ngg_post_thumbnail":0,"footnotes":""},"aioseo_notices":[],"_links":{"self":[{"href":"https:\/\/blogsaverroes.juntadeandalucia.es\/colegiodehesasviejas\/wp-json\/wp\/v2\/pages\/1089"}],"collection":[{"href":"https:\/\/blogsaverroes.juntadeandalucia.es\/colegiodehesasviejas\/wp-json\/wp\/v2\/pages"}],"about":[{"href":"https:\/\/blogsaverroes.juntadeandalucia.es\/colegiodehesasviejas\/wp-json\/wp\/v2\/types\/page"}],"author":[{"embeddable":true,"href":"https:\/\/blogsaverroes.juntadeandalucia.es\/colegiodehesasviejas\/wp-json\/wp\/v2\/users\/1181"}],"replies":[{"embeddable":true,"href":"https:\/\/blogsaverroes.juntadeandalucia.es\/colegiodehesasviejas\/wp-json\/wp\/v2\/comments?post=1089"}],"version-history":[{"count":10,"href":"https:\/\/blogsaverroes.juntadeandalucia.es\/colegiodehesasviejas\/wp-json\/wp\/v2\/pages\/1089\/revisions"}],"predecessor-version":[{"id":1100,"href":"https:\/\/blogsaverroes.juntadeandalucia.es\/colegiodehesasviejas\/wp-json\/wp\/v2\/pages\/1089\/revisions\/1100"}],"wp:attachment":[{"href":"https:\/\/blogsaverroes.juntadeandalucia.es\/colegiodehesasviejas\/wp-json\/wp\/v2\/media?parent=1089"}],"curies":[{"name":"wp","href":"https:\/\/api.w.org\/{rel}","templated":true}]}}