{"id":1153,"date":"2022-01-21T11:07:59","date_gmt":"2022-01-21T10:07:59","guid":{"rendered":"https:\/\/blogsaverroes.juntadeandalucia.es\/colegiodehesasviejas\/?page_id=1153"},"modified":"2022-01-21T11:13:57","modified_gmt":"2022-01-21T10:13:57","slug":"comedor-escolar-2","status":"publish","type":"page","link":"https:\/\/blogsaverroes.juntadeandalucia.es\/colegiodehesasviejas\/comedor-escolar-2\/","title":{"rendered":"Comedor escolar"},"content":{"rendered":"<p><img decoding=\"async\" class=\"alignleft\" src=\"https:\/\/blogsaverroes.juntadeandalucia.es\/colegioprincesasofia\/files\/2020\/04\/comedor-escolar-300x187.png\">Los comedores escolares son un servicio complementario que resulta de gran utilidad a padres y madres para ayudarles a&nbsp;conciliar la vida laboral y familiar. Tienen una duraci\u00f3n de hasta dos horas desde que acaba la jornada escolar de la ma\u00f1ana (de 14.00 a 16.00 horas).<\/p>\n<p>Los comedores son adem\u00e1s una pieza importante&nbsp;en todas las medidas dirigidas a mejorar los h\u00e1bitos alimenticios de los ni\u00f1os y ni\u00f1as y prevenir problemas de salud como la obesidad.<\/p>\n<p>Los comedores escolares de los centros p\u00fablicos andaluces promueven una alimentaci\u00f3n saludable que est\u00e1 supervisada por nutricionistas y que, entre otros aspectos, se caracteriza por:<\/p>\n<ul>\n<li>Una mayor proporci\u00f3n de verdura en los men\u00fas.<\/li>\n<li>Fruta fresca como postre al menos cuatro d\u00edas a la semana.<\/li>\n<li>Uso de aceite de oliva virgen extra.<\/li>\n<li>M\u00e1s pescado que carne, que debe ser magra.<\/li>\n<li>Prohibici\u00f3n de los alimentos precocinados y limitaci\u00f3n de los fritos.<\/li>\n<li>Apuesta por la dieta mediterr\u00e1nea y los productos ecol\u00f3gicos.<\/li>\n<\/ul>\n<p style=\"text-align: center\"><span style=\"text-decoration: underline\"><strong>Enlace a la web de la empresa de catering:&nbsp;<\/strong><\/span><\/p>\n<p style=\"text-align: center\"><span style=\"color: #3366ff\"><a style=\"color: #3366ff\" href=\"http:\/\/www.cateringhgonzalez.com\/\" target=\"_blank\" rel=\"noopener noreferrer\">HERMANOS GONZ\u00c1LEZ<\/a><\/span><\/p>\n<p style=\"text-align: center\"><span style=\"text-decoration: underline\"><strong>Contacto a trav\u00e9s de correo electr\u00f3nico:<\/strong><\/span><\/p>\n<p style=\"text-align: center\">nutricion@cateringhgonzalez.com<\/p>\n<p>A continuaci\u00f3n, enlazamos los diferentes men\u00fas para los distintos meses del curso:<\/p>\n<ol>\n<li><strong>MEN\u00da ENERO 2021<\/strong><\/li>\n<\/ol>\n<p><iframe loading=\"lazy\" src=\"https:\/\/drive.google.com\/file\/d\/1pMVUEGk3nN4nRXmRYyCEyzqoNWtcm_gm\/preview\" width=\"640\" height=\"480\"><\/iframe>&nbsp;<\/p>\n<p>&nbsp;<\/p>\n","protected":false},"excerpt":{"rendered":"<p>Los comedores escolares son un servicio complementario que resulta de gran utilidad a padres y madres para ayudarles a&nbsp;conciliar la vida laboral y familiar. Tienen una duraci\u00f3n de hasta dos horas desde que acaba&#46;&#46;&#46;<\/p>\n","protected":false},"author":1181,"featured_media":0,"parent":0,"menu_order":0,"comment_status":"closed","ping_status":"closed","template":"","meta":{"ngg_post_thumbnail":0,"footnotes":""},"aioseo_notices":[],"_links":{"self":[{"href":"https:\/\/blogsaverroes.juntadeandalucia.es\/colegiodehesasviejas\/wp-json\/wp\/v2\/pages\/1153"}],"collection":[{"href":"https:\/\/blogsaverroes.juntadeandalucia.es\/colegiodehesasviejas\/wp-json\/wp\/v2\/pages"}],"about":[{"href":"https:\/\/blogsaverroes.juntadeandalucia.es\/colegiodehesasviejas\/wp-json\/wp\/v2\/types\/page"}],"author":[{"embeddable":true,"href":"https:\/\/blogsaverroes.juntadeandalucia.es\/colegiodehesasviejas\/wp-json\/wp\/v2\/users\/1181"}],"replies":[{"embeddable":true,"href":"https:\/\/blogsaverroes.juntadeandalucia.es\/colegiodehesasviejas\/wp-json\/wp\/v2\/comments?post=1153"}],"version-history":[{"count":4,"href":"https:\/\/blogsaverroes.juntadeandalucia.es\/colegiodehesasviejas\/wp-json\/wp\/v2\/pages\/1153\/revisions"}],"predecessor-version":[{"id":1158,"href":"https:\/\/blogsaverroes.juntadeandalucia.es\/colegiodehesasviejas\/wp-json\/wp\/v2\/pages\/1153\/revisions\/1158"}],"wp:attachment":[{"href":"https:\/\/blogsaverroes.juntadeandalucia.es\/colegiodehesasviejas\/wp-json\/wp\/v2\/media?parent=1153"}],"curies":[{"name":"wp","href":"https:\/\/api.w.org\/{rel}","templated":true}]}}