{"id":1229,"date":"2022-01-24T11:07:07","date_gmt":"2022-01-24T10:07:07","guid":{"rendered":"https:\/\/blogsaverroes.juntadeandalucia.es\/colegiodehesasviejas\/?page_id=1229"},"modified":"2022-01-24T11:07:07","modified_gmt":"2022-01-24T10:07:07","slug":"biblioteca","status":"publish","type":"page","link":"https:\/\/blogsaverroes.juntadeandalucia.es\/colegiodehesasviejas\/biblioteca\/","title":{"rendered":"Biblioteca"},"content":{"rendered":"<h2>Bienvenidos a <em>La Bit\u00e1cora<\/em>.<\/h2>\n<p><img loading=\"lazy\" decoding=\"async\" class=\"wp-image-1216 alignleft\" src=\"https:\/\/blogsaverroes.juntadeandalucia.es\/colegiodehesasviejas\/files\/2022\/01\/Marina-e1643014702966-143x300.jpg\" alt=\"\" width=\"174\" height=\"365\" srcset=\"https:\/\/blogsaverroes.juntadeandalucia.es\/colegiodehesasviejas\/files\/2022\/01\/Marina-e1643014702966-143x300.jpg 143w, https:\/\/blogsaverroes.juntadeandalucia.es\/colegiodehesasviejas\/files\/2022\/01\/Marina-e1643014702966-489x1024.jpg 489w, https:\/\/blogsaverroes.juntadeandalucia.es\/colegiodehesasviejas\/files\/2022\/01\/Marina-e1643014702966-768x1609.jpg 768w, https:\/\/blogsaverroes.juntadeandalucia.es\/colegiodehesasviejas\/files\/2022\/01\/Marina-e1643014702966-733x1536.jpg 733w, https:\/\/blogsaverroes.juntadeandalucia.es\/colegiodehesasviejas\/files\/2022\/01\/Marina-e1643014702966.jpg 899w\" sizes=\"(max-width: 174px) 100vw, 174px\" \/><\/p>\n<h2><img loading=\"lazy\" decoding=\"async\" class=\"wp-image-1219 alignright\" src=\"https:\/\/blogsaverroes.juntadeandalucia.es\/colegiodehesasviejas\/files\/2022\/01\/Libro-mascota-e1643015621364-293x300.jpg\" alt=\"\" width=\"102\" height=\"104\" srcset=\"https:\/\/blogsaverroes.juntadeandalucia.es\/colegiodehesasviejas\/files\/2022\/01\/Libro-mascota-e1643015621364-293x300.jpg 293w, https:\/\/blogsaverroes.juntadeandalucia.es\/colegiodehesasviejas\/files\/2022\/01\/Libro-mascota-e1643015621364-999x1024.jpg 999w, https:\/\/blogsaverroes.juntadeandalucia.es\/colegiodehesasviejas\/files\/2022\/01\/Libro-mascota-e1643015621364-768x787.jpg 768w, https:\/\/blogsaverroes.juntadeandalucia.es\/colegiodehesasviejas\/files\/2022\/01\/Libro-mascota-e1643015621364.jpg 1240w\" sizes=\"(max-width: 102px) 100vw, 102px\" \/><\/h2>\n<p>\u00a1Hola a todos! Soy Marina Literina, y os doy la bienvenida a&nbsp;<em>La Bit\u00e1cora.<\/em><\/p>\n<p><em>La Bit\u00e1<\/em><em>cora&nbsp;<\/em>es un barco cargado de mucha sabidur\u00eda y conocimientos, tal y como ocurre en los libros, esos infatigables compa\u00f1eros que ya desde peque\u00f1os est\u00e1n cerca de nosotros mostr\u00e1ndonos cientos de aventuras y ense\u00f1\u00e1ndonos todos los saberes que vamos a ir a acumulando a lo largo de nuestra etapa en el colegio, en el instituto y en la universidad, aunque, en realidad, nunca&nbsp;dejaremos de aprender.<\/p>\n<p><i>Yo soy s<\/i>oy su capitana, y junto a mi fiel compa\u00f1ero Liter\u00edn,&nbsp;navegamos por los mares de la literatura en el CEIP Ntra. Sra. del Rosario de Dehesas Viejas.<\/p>\n<p>Os invito a que nos acompa\u00f1\u00e9is y disfrut\u00e9is junto a nosotros de todas las&nbsp;aventuras que podr\u00e9is encontrar a bordo.&nbsp;<\/p>\n<p>\u00a1Hasta pronto, navegantes!<\/p>\n","protected":false},"excerpt":{"rendered":"<p>Bienvenidos a La Bit\u00e1cora. \u00a1Hola a todos! Soy Marina Literina, y os doy la bienvenida a&nbsp;La Bit\u00e1cora. La Bit\u00e1cora&nbsp;es un barco cargado de mucha sabidur\u00eda y conocimientos, tal y como ocurre en los libros,&#46;&#46;&#46;<\/p>\n","protected":false},"author":13750,"featured_media":0,"parent":0,"menu_order":0,"comment_status":"closed","ping_status":"closed","template":"","meta":{"ngg_post_thumbnail":0,"footnotes":""},"aioseo_notices":[],"_links":{"self":[{"href":"https:\/\/blogsaverroes.juntadeandalucia.es\/colegiodehesasviejas\/wp-json\/wp\/v2\/pages\/1229"}],"collection":[{"href":"https:\/\/blogsaverroes.juntadeandalucia.es\/colegiodehesasviejas\/wp-json\/wp\/v2\/pages"}],"about":[{"href":"https:\/\/blogsaverroes.juntadeandalucia.es\/colegiodehesasviejas\/wp-json\/wp\/v2\/types\/page"}],"author":[{"embeddable":true,"href":"https:\/\/blogsaverroes.juntadeandalucia.es\/colegiodehesasviejas\/wp-json\/wp\/v2\/users\/13750"}],"replies":[{"embeddable":true,"href":"https:\/\/blogsaverroes.juntadeandalucia.es\/colegiodehesasviejas\/wp-json\/wp\/v2\/comments?post=1229"}],"version-history":[{"count":1,"href":"https:\/\/blogsaverroes.juntadeandalucia.es\/colegiodehesasviejas\/wp-json\/wp\/v2\/pages\/1229\/revisions"}],"predecessor-version":[{"id":1230,"href":"https:\/\/blogsaverroes.juntadeandalucia.es\/colegiodehesasviejas\/wp-json\/wp\/v2\/pages\/1229\/revisions\/1230"}],"wp:attachment":[{"href":"https:\/\/blogsaverroes.juntadeandalucia.es\/colegiodehesasviejas\/wp-json\/wp\/v2\/media?parent=1229"}],"curies":[{"name":"wp","href":"https:\/\/api.w.org\/{rel}","templated":true}]}}