{"id":1396,"date":"2022-11-02T17:41:29","date_gmt":"2022-11-02T16:41:29","guid":{"rendered":"https:\/\/blogsaverroes.juntadeandalucia.es\/colegiodehesasviejas\/?page_id=1396"},"modified":"2022-11-02T17:41:29","modified_gmt":"2022-11-02T16:41:29","slug":"secretaria","status":"publish","type":"page","link":"https:\/\/blogsaverroes.juntadeandalucia.es\/colegiodehesasviejas\/secretaria\/","title":{"rendered":"SECRETAR\u00cdA"},"content":{"rendered":"<p><img loading=\"lazy\" decoding=\"async\" class=\" wp-image-1326 aligncenter\" src=\"https:\/\/blogsaverroes.juntadeandalucia.es\/colegiodehesasviejas\/files\/2022\/09\/Horario-de-atenci\u00f3n-300x212.jpg\" alt=\"\" width=\"423\" height=\"299\" srcset=\"https:\/\/blogsaverroes.juntadeandalucia.es\/colegiodehesasviejas\/files\/2022\/09\/Horario-de-atenci\u00f3n-300x212.jpg 300w, https:\/\/blogsaverroes.juntadeandalucia.es\/colegiodehesasviejas\/files\/2022\/09\/Horario-de-atenci\u00f3n-1024x724.jpg 1024w, https:\/\/blogsaverroes.juntadeandalucia.es\/colegiodehesasviejas\/files\/2022\/09\/Horario-de-atenci\u00f3n-768x543.jpg 768w, https:\/\/blogsaverroes.juntadeandalucia.es\/colegiodehesasviejas\/files\/2022\/09\/Horario-de-atenci\u00f3n-1536x1086.jpg 1536w, https:\/\/blogsaverroes.juntadeandalucia.es\/colegiodehesasviejas\/files\/2022\/09\/Horario-de-atenci\u00f3n.jpg 2000w\" sizes=\"(max-width: 423px) 100vw, 423px\" \/><\/p>\n<p>Se informa a las familias del CEIP Ntra. Sra. del Rosario que el horario de atenci\u00f3n de secretar\u00eda y direcci\u00f3n para este curso escolar 2022 &#8211; 2023 es el que se indica a continuaci\u00f3n:<\/p>\n<ul>\n<li>LUNES: de 9:00 a 9:30.<\/li>\n<li>MARTES: de 9:00 a 10:00.<\/li>\n<li>MI\u00c9RCOLES: de 9:00 a 10:00.<\/li>\n<li>JUEVES: de 9:00 a 10:00.<\/li>\n<\/ul>\n<p><strong>NOTA.&nbsp;<\/strong>No se atender\u00e1 fuera de ese horario a no ser que se solicite por tel\u00e9fono o correo electr\u00f3nico.<\/p>\n<ul>\n<li>TEL\u00c9FONO: 958 399 638<\/li>\n<li>CORREO ELECTR\u00d3NICO: 18002279.edu@juntadeandalucia.es<\/li>\n<\/ul>\n","protected":false},"excerpt":{"rendered":"<p>Se informa a las familias del CEIP Ntra. Sra. del Rosario que el horario de atenci\u00f3n de secretar\u00eda y direcci\u00f3n para este curso escolar 2022 &#8211; 2023 es el que se indica a continuaci\u00f3n:&#46;&#46;&#46;<\/p>\n","protected":false},"author":13750,"featured_media":0,"parent":0,"menu_order":0,"comment_status":"closed","ping_status":"closed","template":"","meta":{"ngg_post_thumbnail":0,"footnotes":""},"aioseo_notices":[],"_links":{"self":[{"href":"https:\/\/blogsaverroes.juntadeandalucia.es\/colegiodehesasviejas\/wp-json\/wp\/v2\/pages\/1396"}],"collection":[{"href":"https:\/\/blogsaverroes.juntadeandalucia.es\/colegiodehesasviejas\/wp-json\/wp\/v2\/pages"}],"about":[{"href":"https:\/\/blogsaverroes.juntadeandalucia.es\/colegiodehesasviejas\/wp-json\/wp\/v2\/types\/page"}],"author":[{"embeddable":true,"href":"https:\/\/blogsaverroes.juntadeandalucia.es\/colegiodehesasviejas\/wp-json\/wp\/v2\/users\/13750"}],"replies":[{"embeddable":true,"href":"https:\/\/blogsaverroes.juntadeandalucia.es\/colegiodehesasviejas\/wp-json\/wp\/v2\/comments?post=1396"}],"version-history":[{"count":1,"href":"https:\/\/blogsaverroes.juntadeandalucia.es\/colegiodehesasviejas\/wp-json\/wp\/v2\/pages\/1396\/revisions"}],"predecessor-version":[{"id":1397,"href":"https:\/\/blogsaverroes.juntadeandalucia.es\/colegiodehesasviejas\/wp-json\/wp\/v2\/pages\/1396\/revisions\/1397"}],"wp:attachment":[{"href":"https:\/\/blogsaverroes.juntadeandalucia.es\/colegiodehesasviejas\/wp-json\/wp\/v2\/media?parent=1396"}],"curies":[{"name":"wp","href":"https:\/\/api.w.org\/{rel}","templated":true}]}}