{"id":2319,"date":"2016-09-08T07:39:39","date_gmt":"2016-09-08T07:39:39","guid":{"rendered":"http:\/\/blogsaverroes.juntadeandalucia.es\/colegiodepruna\/?page_id=2319"},"modified":"2016-09-08T07:39:39","modified_gmt":"2016-09-08T07:39:39","slug":"pruna","status":"publish","type":"page","link":"https:\/\/blogsaverroes.juntadeandalucia.es\/colegiodepruna\/pruna\/","title":{"rendered":"Pruna"},"content":{"rendered":"<h3>El medio f\u00edsico de Pruna<\/h3>\n<p>Pruna, municipio enclavado en la Sierra del Tabl\u00f3n de la Cordillera Subb\u00e9tica, posee de una densidad demogr\u00e1fica de 3.067 habitantes repartidos por sus 10.059 hect\u00e1reas de extensi\u00f3n. Se sit\u00faa en la Comarca de la Sierra Sur de Sevilla, pr\u00f3ximo a la intersecci\u00f3n de los l\u00edmites provinciales de C\u00e1diz, M\u00e1laga y Sevilla.<\/p>\n<p>Este municipio sevillano forma parte de la ruta de pueblos blancos andaluces, debido a las caracter\u00edsticas de construcci\u00f3n de sus calles y casas, donde predomina sobre todo lo dem\u00e1s el encalado blanco de las paredes de las casas, as\u00ed como sus marrones tejas. As\u00ed es la panor\u00e1mica de Pruna, propia de un pueblo serrano, a la vez que bonito y sencillo. Y de fondo, el Castillo de Hierro preside el lugar desde ese soberbia y alt\u00edsima roca.<\/p>\n<p>El municipio est\u00e1 rodeado por el valle hermoso alto, el valle hermoso bajo, la Sierra de las harinas y todo pr\u00f3ximo al cerro de las Indias.<\/p>\n<hr \/>\n<h3>Un recorrido a trav\u00e9s de la historia<\/h3>\n<p><a href=\"http:\/\/blogsaverroes.juntadeandalucia.es\/colegiodepruna\/files\/2016\/09\/20130320135901-prunaes.jpg\"><img loading=\"lazy\" decoding=\"async\" class=\" size-full wp-image-2320 alignright\" src=\"http:\/\/blogsaverroes.juntadeandalucia.es\/colegiodepruna\/files\/2016\/09\/20130320135901-prunaes.jpg\" alt=\"20130320135901-prunaes\" width=\"300\" height=\"197\" \/><\/a>Se tiene constancia que desde el periodo neol\u00edtico existe poblaci\u00f3n humana en los t\u00e9rminos de Pruna, afirmaci\u00f3n demostrada por la gran cantidad de hachas de piedra pulimentadas que se han encontrado en dicho t\u00e9rmino.<\/p>\n<p>Las investigaciones llevan a pensar que el origen del poblado corri\u00f3 a cargo del pueblo T\u00fardulo, una clase de \u00cdberos, que ten\u00edan su asentamiento en la falda de una elevaci\u00f3n rocosa llamada el \u00abcastillo\u00bb, a 1 kil\u00f3metro de la actual Pruna. Este poblado recibi\u00f3 el nombre de Callet, y estaba adscriti a Astigi (\u00c9cija).<\/p>\n<p>M\u00e1s adelante, en la \u00e9poca de los fenicios, el nombre usado para designar a este poblado es Prunna. La importante influencia de este pueblo se refleja, adem\u00e1s de en la perduraci\u00f3n del nombre, en la gran cantidad d restos arqueol\u00f3gicos como cer\u00e1micas y monedas halladas, adem\u00e1s de poseer una moneda propia, con el s\u00edmbolo de un H\u00e9rcules en el anverso y la palabra Prumna y dos espigas en el reverso.<\/p>\n<p>En la \u00e9poca romana, adem\u00e1s del municipio de Pruna, exist\u00edan otros n\u00facleos urbanos en el t\u00e9rmino de Pruna, como son El Chorro, o el enclavado en El Podenco.<\/p>\n<p>En tiempos de la reconquista, Pruna se encontraba en la frontera con el reino \u00e1rabe de Granada, por lo que se convirti\u00f3 en lugar de continuas batallas, llegando a sufrir varias conquistas y reconquistas puntuales.<\/p>\n<hr \/>\n<h3>Pertenencia al Ducado de Osuna<\/h3>\n<p>En el siglo XVI, Pruna pas\u00f3 a tener el rango de villa, y tras negociaciones por conveniencia en el siglo XVII, la villa de Pruna, perteneciente originariamente al Ducado de Arcos, fue canjeada por la villa de Villamart\u00edn que formaba parte del Ducado de Osuna. La villa de Pruna por entonces aglutinaba tambi\u00e9n a el Jaral y Alg\u00e1mitas, hasta que posteriormente pasaron a manos privadas el primero y a conseguir el t\u00edtulo de villa independiente la segunda.<\/p>\n<hr \/>\n<h3>Evoluci\u00f3n de la poblaci\u00f3n en el siglo XX<\/h3>\n<p>Desde que se tienen datos fiables, el volumen de poblaci\u00f3n ha variado levemente en la localidad de Pruna. En la primera mitad del siglo XX se produjo un sensible crecimiento del n\u00famero de habitantes, pasando de los 4.022 del a\u00f1o 1.900 hasta los 5.891 registrados en 1.968.<\/p>\n<p>A partir de este a\u00f1o la tendecia general es de p\u00e9rdida de poblaci\u00f3n, hasta el momento actual, bajo el censo de 2.010, en el que se cuenta con un total de 2.892 habitantes.<\/p>\n<p>Esta fuerte bajada, al igual que en el resto de pueblos de la comarca, es debida a la industrializaci\u00f3n del pa\u00eds, la emigraci\u00f3n a otras comunidades m\u00e1s desarrolladas y la apertura de las fronteras internacionales al mercado libre europea.<\/p>\n","protected":false},"excerpt":{"rendered":"<p>El medio f\u00edsico de Pruna Pruna, municipio enclavado en la Sierra del Tabl\u00f3n de la Cordillera Subb\u00e9tica, posee de una densidad demogr\u00e1fica de 3.067 habitantes repartidos por sus 10.059 hect\u00e1reas de extensi\u00f3n. Se sit\u00faa&#46;&#46;&#46;<\/p>\n","protected":false},"author":3853,"featured_media":0,"parent":0,"menu_order":0,"comment_status":"closed","ping_status":"open","template":"","meta":{"ngg_post_thumbnail":0,"footnotes":"","_mc_calendar":[]},"aioseo_notices":[],"post_mailing_queue_ids":[],"_links":{"self":[{"href":"https:\/\/blogsaverroes.juntadeandalucia.es\/colegiodepruna\/wp-json\/wp\/v2\/pages\/2319"}],"collection":[{"href":"https:\/\/blogsaverroes.juntadeandalucia.es\/colegiodepruna\/wp-json\/wp\/v2\/pages"}],"about":[{"href":"https:\/\/blogsaverroes.juntadeandalucia.es\/colegiodepruna\/wp-json\/wp\/v2\/types\/page"}],"author":[{"embeddable":true,"href":"https:\/\/blogsaverroes.juntadeandalucia.es\/colegiodepruna\/wp-json\/wp\/v2\/users\/3853"}],"replies":[{"embeddable":true,"href":"https:\/\/blogsaverroes.juntadeandalucia.es\/colegiodepruna\/wp-json\/wp\/v2\/comments?post=2319"}],"version-history":[{"count":1,"href":"https:\/\/blogsaverroes.juntadeandalucia.es\/colegiodepruna\/wp-json\/wp\/v2\/pages\/2319\/revisions"}],"predecessor-version":[{"id":2322,"href":"https:\/\/blogsaverroes.juntadeandalucia.es\/colegiodepruna\/wp-json\/wp\/v2\/pages\/2319\/revisions\/2322"}],"wp:attachment":[{"href":"https:\/\/blogsaverroes.juntadeandalucia.es\/colegiodepruna\/wp-json\/wp\/v2\/media?parent=2319"}],"curies":[{"name":"wp","href":"https:\/\/api.w.org\/{rel}","templated":true}]}}