{"id":2324,"date":"2016-09-08T08:10:50","date_gmt":"2016-09-08T08:10:50","guid":{"rendered":"http:\/\/blogsaverroes.juntadeandalucia.es\/colegiodepruna\/?page_id=2324"},"modified":"2025-02-18T18:07:33","modified_gmt":"2025-02-18T18:07:33","slug":"colegio","status":"publish","type":"page","link":"https:\/\/blogsaverroes.juntadeandalucia.es\/colegiodepruna\/colegio\/","title":{"rendered":"Informaci\u00f3n general"},"content":{"rendered":"<p><a name=\"indice\"><\/a><\/p>\n<h3>\u00cdndice<\/h3>\n<p><a href=\"#horario\">1. Horario de tutor\u00eda de atenci\u00f3n a las familias<\/a><\/p>\n<p><a href=\"#propuesta\">2. Propuesta inicial de actividades complementarias y extraescolares<\/a><\/p>\n<p><a href=\"#programa\"> 3. Programa de Acompa\u00f1amiento Escolar<\/a><\/p>\n<p><a href=\"#servicios\">4. Servicios Complementarios: Aula Matinal, Actividades Extraescolares y Comedor Escolar<\/a><\/p>\n<p><a href=\"#escuelas\">5. Escuelas deportivas<\/a><\/p>\n<p><a href=\"#plan\">6. Plan de consumo de frutas en las escuelas<\/a><\/p>\n<p><a href=\"#miembros\">7. Miembros del Consejo Escolar&nbsp;<\/a><\/p>\n<p><a href=\"#transporte\">8. Transporte escolar<\/a><\/p>\n<p>&nbsp;<\/p>\n<h3>1. Horario de tutor\u00eda de atenci\u00f3n a las familias<\/h3>\n<p>El horario de atenci\u00f3n a padres y madres: Lunes de 16 a 17 horas.<\/p>\n<p>&nbsp;<\/p>\n<h3>2. Propuesta inicial de actividades complementarias y extraescolares<\/h3>\n<p>&#8211; D\u00eda del flamenco.<\/p>\n<p>&#8211; D\u00eda de los Derechos del ni\u00f1o.<\/p>\n<p>&#8211; Celebraci\u00f3n hallowen.<\/p>\n<p>&#8211; D\u00eda de la violencia de g\u00e9nero.<\/p>\n<p>&#8211; D\u00eda de la Constituci\u00f3n.<\/p>\n<p>&#8211; D\u00eda de la discapacidad<\/p>\n<p>&#8211; D\u00eda de la lectura.<\/p>\n<p>&#8211; Celebraci\u00f3n de la Navidad.<\/p>\n<p>&#8211; D\u00eda de la Paz.<\/p>\n<p>&#8211; D\u00eda de Andaluc\u00eda.<\/p>\n<p>&#8211; Celebraci\u00f3n de Carnaval<\/p>\n<p>&#8211; D\u00eda internacional de la mujer y la ni\u00f1a en la ciencia.<\/p>\n<p>&#8211; D\u00eda de Andaluc\u00eda.<\/p>\n<p>&#8211; D\u00eda de la mujer trabajadora.<\/p>\n<p>&#8211; D\u00eda del libro.<\/p>\n<p>&#8211; D\u00eda de las familias.<\/p>\n<p>&#8211; D\u00eda del medio ambiente.<\/p>\n<p>&#8211; D\u00eda de la memoria hist\u00f3rica.<\/p>\n<p>&#8211; D\u00eda de la obesidad.<\/p>\n<p>&#8211; D\u00eda de las olimpiadas.<\/p>\n<p>&#8211; Fiesta fin de curso.<\/p>\n<p>&#8211; Romer\u00eda escolar<\/p>\n<p style=\"text-align: right\"><a href=\"#indice\">[Ir a \u00edn<\/a>dice]\n<h3>3. Programa de Acompa\u00f1amiento Escolar<\/h3>\n<p>El programa de acompa\u00f1amiento escolar es gratuito, va dirigido al alumnado del 2\u00ba y 3\u00ba ciclo de Educaci\u00f3n Primaria que presenten dificultades para alcanzar las competencias b\u00e1sicas. \u00c9stas dificultades, adem\u00e1s, pueden estar asociadas a su historia personal, escolar, familiar, econ\u00f3mica y\/o social, a una escolarizaci\u00f3n irregular por periodos de hospitalizaci\u00f3n o de atenci\u00f3n domiciliaria, o a una incorporaci\u00f3n tard\u00eda al sistema educativo.<\/p>\n<p>Estas actividades ser\u00e1n impartidas por profesorado del propio centro o mentores contratados por una empresa.<\/p>\n<p>Se desarrollan en instalaciones del centro los martes y jueves de 16 a 18 horas.<\/p>\n<p style=\"text-align: right\"><a href=\"#indice\">[Ir a \u00edndice]<\/a><\/p>\n<h3>4. Servicios Complementarios: Aula Matinal, Actividades Extraescolares y Comedor Escolar<\/h3>\n<p>El Decreto 137\/2002, de 30 de abril, de apoyo a las familias andaluzas, propici\u00f3 la apertura de los centros educativos fuera de la jornada lectiva para atender necesidades de conciliaci\u00f3n familiar y laboral de los progenitores que as\u00ed lo demandaban, articulando distintos servicios complementarios de la ense\u00f1anza.<\/p>\n<p>Desde esa fecha nuestro Centro se acogi\u00f3 al Plan de apoyo a las familias andaluzas, y ofrecemos estos servicios a nuestro alumnado, aunque el comedor lleva muncho a\u00f1os m\u00e1s.<\/p>\n<p>La autorizaci\u00f3n de los servicios complementarios a los centros docentes es realizada para cada curso escolar por la Delegaci\u00f3n de Educaci\u00f3n, as\u00ed como el n\u00famero m\u00e1ximo de usuarios autorizado en el servicio complementario de aula matinal y comedor escolar.<\/p>\n<p>El aula matinal, comedor escolar y y actividades extraescolares estar\u00e1 supeditado a la existencia de una demanda m\u00ednima para cada uno de ellos de diez alumnos o alumnas por centro, sin perjuicio del libre acceso a los mismos de otro alumnado, una vez establecidos.<\/p>\n<p>El aula matinal no est\u00e1 en funcionamiento en la actualidad por falta de demanda.<\/p>\n<p>El comedor escolar ofrece su servicio durante un tiempo m\u00e1ximo de dos horas desde la finalizaci\u00f3n de la jornada lectiva de ma\u00f1ana.<\/p>\n<p>Las actividades extraescolares se imparten en horario de 16 a 18 horas de lunes a jueves, cada actividad extraescolar tendr\u00e1 un computo semanal de dos horas. En el curso 2020-2021 han sido suspendidas debido a la pandemia por COVID.<\/p>\n<p>La solicitud de baja en los servicios se comunicar\u00e1 con una antelaci\u00f3n de, al menos, una semana del inicio del mes en que se pretenda hacer efectiva la baja.<\/p>\n<p>Estos servicios no son gratuitos y la contribuci\u00f3n de las familias al coste de los servicios complementarios de aula matinal, comedor escolar y actividades extraescolares se establecer\u00e1 como precio p\u00fablico y la cuant\u00eda y las bonificaciones de los precios p\u00fablicos para los servicios de aula matinal, comedor escolar y actividades extraescolares se establecer\u00e1n conforme a lo previsto enlos art\u00edculos 145, 146 y 150 de la Ley 4\/1988, de 5 de julio.<\/p>\n<p style=\"text-align: right\"><a href=\"#indice\">[Ir a \u00edndice]<\/a><\/p>\n<h3>5. Escuelas deportivas<\/h3>\n<p>El programa Escuelas Deportivas es gratuito y se oferta al alumnado de los cursos de 1\u00ba a 6\u00ba de Primaria.<\/p>\n<p>La finalidad principal de dicho proyecto es darle al deporte un lugar privilegiado en la vida del alumno, como actividad f\u00edsico-deportiva, recreativa y\/o competitiva, realizada de forma voluntaria por los escolares, en horario no lectivo,<\/p>\n<p>Para el desarrollo del programa se firma un convenio de colaboraci\u00f3n con el Ayuntamiento.<\/p>\n<p style=\"text-align: right\"><a href=\"#indice\">[Ir a \u00edndice]<\/a><\/p>\n<h3>6. Plan de consumo de frutas en las escuelas<\/h3>\n<p>Con motivo de la iniciativa europea para fomentar el consumo de frutas y hortalizas entre los escolares, la Consejer\u00eda de Educaci\u00f3n, la Consejer\u00eda de Salud y Bienestar Social y la Consejer\u00eda de Agricultura, Pesca y Medio Ambiente iniciaron en el curso escolar 2009 \/ 2010 el desarrollo de un proyecto integral de distribuci\u00f3n de frutas y hortalizas en centros docentes sostenidos con fondos p\u00fablicos de Andaluc\u00eda.<\/p>\n<p>Y se reciben gratuitamente 4 entregas de frutas frescas.<\/p>\n<p style=\"text-align: right\"><a href=\"#indice\">[Ir a \u00edndice]<\/a><\/p>\n<h3>7. Miembros del Consejo Escolar curso 2020\/2021<\/h3>\n<p><strong>Equipo Directivo<\/strong><\/p>\n<p>Rosario Medina Guerrero, como Directora<\/p>\n<p>Sonia Barroso Morilla, como jefe de estudios<\/p>\n<p>Encarnaci\u00f3n Bocanegra Rodr\u00edguez, como secretaria<\/p>\n<p><strong>Sector Maestros\/as<\/strong><\/p>\n<p>Mar\u00eda Araceli Escudero Jim\u00e9nez<\/p>\n<p>Mar\u00eda Dolores Garc\u00eda Rodr\u00edguez<\/p>\n<p>Mar\u00eda Remedios Ortega Rivera<\/p>\n<p>Consolaci\u00f3n Moncayo Jim\u00e9nez<\/p>\n<p>Cristina Pe\u00f1a Gonz\u00e1lez<\/p>\n<p>Mar\u00eda Isabel Rocha Fern\u00e1ndez<\/p>\n<p>Valera&nbsp;Garc\u00eda,&nbsp;Roc\u00edo&nbsp;(IMPULSOR&nbsp;DE&nbsp;MEDIDAS<br \/>\nPARA&nbsp;EL&nbsp;FOMENTO&nbsp;DE&nbsp;LA&nbsp;IGUALDAD&nbsp;ENTRE&nbsp;HOMBRES<br \/>\nY&nbsp;MUJERES)<\/p>\n<p><strong>Sector Padres y Madres<\/strong><\/p>\n<p>Miguel \u00c1ngel S\u00e1nchez Zamudio<\/p>\n<p>Mar\u00eda del Carmen Garc\u00eda Rodr\u00edguez<\/p>\n<p>Dolores Garc\u00eda Gamero<\/p>\n<p>Josefa Valiente Rueda<\/p>\n<p>Mar\u00eda Godino Barroso<\/p>\n<p>Mar\u00eda Teresa Lineros Bouchemmama<\/p>\n<p>Isabel Mar\u00eda Fern\u00e1ndez Borrego (REPRESENTANTE<br \/>\nDE&nbsp;LA&nbsp;A.M.P.A.&nbsp;MAYORITARIA)<\/p>\n<p><strong>Representante de Administraci\u00f3n y Servicios<\/strong><\/p>\n<p>Llamas Gonz\u00e1lez, Josu\u00e9<\/p>\n<p><strong>Representante del Ayuntamiento<\/strong><\/p>\n<p>P\u00e9rez&nbsp;Perales,&nbsp;Ar\u00e1nzazu<\/p>\n<p><a name=\"transporte\"><\/a><\/p>\n<p>&nbsp;<\/p>\n<p style=\"text-align: right\"><a href=\"#indice\">[Ir a \u00edndice]<\/a><a href=\"#indice\">[Ir a \u00edndice]<\/a><\/p>\n","protected":false},"excerpt":{"rendered":"<p>\u00cdndice 1. Horario de tutor\u00eda de atenci\u00f3n a las familias 2. Propuesta inicial de actividades complementarias y extraescolares 3. Programa de Acompa\u00f1amiento Escolar 4. Servicios Complementarios: Aula Matinal, Actividades Extraescolares y Comedor Escolar 5.&#46;&#46;&#46;<\/p>\n","protected":false},"author":3853,"featured_media":0,"parent":0,"menu_order":0,"comment_status":"closed","ping_status":"open","template":"","meta":{"ngg_post_thumbnail":0,"footnotes":"","_mc_calendar":[]},"aioseo_notices":[],"post_mailing_queue_ids":[],"_links":{"self":[{"href":"https:\/\/blogsaverroes.juntadeandalucia.es\/colegiodepruna\/wp-json\/wp\/v2\/pages\/2324"}],"collection":[{"href":"https:\/\/blogsaverroes.juntadeandalucia.es\/colegiodepruna\/wp-json\/wp\/v2\/pages"}],"about":[{"href":"https:\/\/blogsaverroes.juntadeandalucia.es\/colegiodepruna\/wp-json\/wp\/v2\/types\/page"}],"author":[{"embeddable":true,"href":"https:\/\/blogsaverroes.juntadeandalucia.es\/colegiodepruna\/wp-json\/wp\/v2\/users\/3853"}],"replies":[{"embeddable":true,"href":"https:\/\/blogsaverroes.juntadeandalucia.es\/colegiodepruna\/wp-json\/wp\/v2\/comments?post=2324"}],"version-history":[{"count":14,"href":"https:\/\/blogsaverroes.juntadeandalucia.es\/colegiodepruna\/wp-json\/wp\/v2\/pages\/2324\/revisions"}],"predecessor-version":[{"id":6405,"href":"https:\/\/blogsaverroes.juntadeandalucia.es\/colegiodepruna\/wp-json\/wp\/v2\/pages\/2324\/revisions\/6405"}],"wp:attachment":[{"href":"https:\/\/blogsaverroes.juntadeandalucia.es\/colegiodepruna\/wp-json\/wp\/v2\/media?parent=2324"}],"curies":[{"name":"wp","href":"https:\/\/api.w.org\/{rel}","templated":true}]}}