{"id":2737,"date":"2016-09-13T08:26:38","date_gmt":"2016-09-13T08:26:38","guid":{"rendered":"http:\/\/blogsaverroes.juntadeandalucia.es\/colegiodepruna\/?page_id=2737"},"modified":"2021-02-27T08:31:41","modified_gmt":"2021-02-27T08:31:41","slug":"comedor","status":"publish","type":"page","link":"https:\/\/blogsaverroes.juntadeandalucia.es\/colegiodepruna\/comedor\/","title":{"rendered":"Comedor"},"content":{"rendered":"<p><img loading=\"lazy\" decoding=\"async\" class=\"alignleft wp-image-2738 size-full\" src=\"http:\/\/blogsaverroes.juntadeandalucia.es\/colegiodepruna\/files\/2016\/09\/Comedor.jpg\" alt=\"Comedor\" width=\"400\" height=\"200\" srcset=\"https:\/\/blogsaverroes.juntadeandalucia.es\/colegiodepruna\/files\/2016\/09\/Comedor.jpg 400w, https:\/\/blogsaverroes.juntadeandalucia.es\/colegiodepruna\/files\/2016\/09\/Comedor-300x150.jpg 300w\" sizes=\"(max-width: 400px) 100vw, 400px\" \/>El comedor escolar es un servicio educativo que se ofrece a nuestro alumnado y al del I.E.S. Maestro Jos\u00e9 Zamudio, este servicio tiene los siguientes objetivos:<\/p>\n<p>&#8211; Garantizar una dieta sana y equilibrada que contribuya a favorecer el proceso de crecimiento de los escolares.<\/p>\n<p>&#8211; Desarrollar en el alumnado h\u00e1bitos y actitudes saludables en relaci\u00f3n con la nutrici\u00f3n.<\/p>\n<p>&#8211; Mantener la continuidad de la jornada escolar con actividades complementarias y extraescolares.<\/p>\n<p>&#8211; Contribuir a la organizaci\u00f3n de la vida familiar cuando el padre y la madre trabajan.<\/p>\n<p>&#8211; Fomentar el compa\u00f1erismo y las actitudes de respeto y tolerancia.<\/p>\n<p>&#8211; Informar y valorar la necesidad de alimentos de los men\u00fas servidos en el comedor escolar estimulando a los padres y madres a completarlos en el \u00e1mbito familiar.<\/p>\n<p>Ofertamos dos turnos de comedor y tenemos autorizados 54 comensales actualmente. En el primero es nuestro alumnado el que almuerza y en el segundo es el del IES Maestro Jos\u00e9 Zamudio.<\/p>\n<p>A continuaci\u00f3n se muestra nuestro men\u00fa, que va rotando cada 8 semanas.<\/p>\n<p><a href=\"https:\/\/blogsaverroes.juntadeandalucia.es\/colegiodepruna\/files\/2021\/02\/MEN\u00da-ESCOLAR-CEIP-LA-INMACULADA-1-y-2.pdf\">MEN\u00da ESCOLAR CEIP LA INMACULADA 1 y 2<\/a><\/p>\n<p><a href=\"https:\/\/blogsaverroes.juntadeandalucia.es\/colegiodepruna\/files\/2021\/02\/MEN\u00da-ESCOLAR-CEIP-LA-INMACULADA-3-y-4.pdf\">MEN\u00da ESCOLAR CEIP LA INMACULADA 3 y 4<\/a><\/p>\n<p><a href=\"https:\/\/blogsaverroes.juntadeandalucia.es\/colegiodepruna\/files\/2021\/02\/MEN\u00da-ESCOLAR-CEIP-LA-INMACULADA-5-y-6.pdf\">MEN\u00da ESCOLAR CEIP LA INMACULADA 5 y 6<\/a><\/p>\n<p><a href=\"https:\/\/blogsaverroes.juntadeandalucia.es\/colegiodepruna\/files\/2021\/02\/MEN\u00da-ESCOLAR-CEIP-LA-INMACULADA-7-y-8.pdf\">MEN\u00da ESCOLAR CEIP LA INMACULADA 7 y 8<\/a><\/p>\n<p>Y esta ser\u00eda la propuesta de cena complementaria para este men\u00fa<\/p>\n<p><a href=\"https:\/\/blogsaverroes.juntadeandalucia.es\/colegiodepruna\/files\/2021\/02\/Cenas-complementarias.-Colegio-La-Inmaculada.pdf\">CENAS COMPLEMENTARIAS. CEIP LA INMACULADA<\/a><\/p>\n<p>&nbsp;<\/p>\n<h3>Informaci\u00f3n nutricional<\/h3>\n<p><a href=\"http:\/\/www.alimentos.org.es\" target=\"_blank\" rel=\"noopener noreferrer\"><img loading=\"lazy\" decoding=\"async\" class=\" size-medium wp-image-2742 alignleft\" src=\"http:\/\/blogsaverroes.juntadeandalucia.es\/colegiodepruna\/files\/2016\/09\/piramide-alimentos-276x300.jpg\" alt=\"piramide-alimentos\" width=\"276\" height=\"300\" srcset=\"https:\/\/blogsaverroes.juntadeandalucia.es\/colegiodepruna\/files\/2016\/09\/piramide-alimentos-276x300.jpg 276w, https:\/\/blogsaverroes.juntadeandalucia.es\/colegiodepruna\/files\/2016\/09\/piramide-alimentos.jpg 300w\" sizes=\"(max-width: 276px) 100vw, 276px\" \/><\/a>En el siguiente enlace,&nbsp;<a href=\"http:\/\/www.alimentos.org.es\/\" target=\"_blank\" rel=\"noopener noreferrer\">http:\/\/www.alimentos.org.es\/<\/a>, podemos obtener informaci\u00f3n interesante sobre la alimentaci\u00f3n de los ni\u00f1os\/as.<\/p>\n","protected":false},"excerpt":{"rendered":"<p>El comedor escolar es un servicio educativo que se ofrece a nuestro alumnado y al del I.E.S. Maestro Jos\u00e9 Zamudio, este servicio tiene los siguientes objetivos: &#8211; Garantizar una dieta sana y equilibrada que&#46;&#46;&#46;<\/p>\n","protected":false},"author":3853,"featured_media":0,"parent":0,"menu_order":0,"comment_status":"closed","ping_status":"open","template":"","meta":{"ngg_post_thumbnail":0,"footnotes":"","_mc_calendar":[]},"aioseo_notices":[],"post_mailing_queue_ids":[],"_links":{"self":[{"href":"https:\/\/blogsaverroes.juntadeandalucia.es\/colegiodepruna\/wp-json\/wp\/v2\/pages\/2737"}],"collection":[{"href":"https:\/\/blogsaverroes.juntadeandalucia.es\/colegiodepruna\/wp-json\/wp\/v2\/pages"}],"about":[{"href":"https:\/\/blogsaverroes.juntadeandalucia.es\/colegiodepruna\/wp-json\/wp\/v2\/types\/page"}],"author":[{"embeddable":true,"href":"https:\/\/blogsaverroes.juntadeandalucia.es\/colegiodepruna\/wp-json\/wp\/v2\/users\/3853"}],"replies":[{"embeddable":true,"href":"https:\/\/blogsaverroes.juntadeandalucia.es\/colegiodepruna\/wp-json\/wp\/v2\/comments?post=2737"}],"version-history":[{"count":7,"href":"https:\/\/blogsaverroes.juntadeandalucia.es\/colegiodepruna\/wp-json\/wp\/v2\/pages\/2737\/revisions"}],"predecessor-version":[{"id":3907,"href":"https:\/\/blogsaverroes.juntadeandalucia.es\/colegiodepruna\/wp-json\/wp\/v2\/pages\/2737\/revisions\/3907"}],"wp:attachment":[{"href":"https:\/\/blogsaverroes.juntadeandalucia.es\/colegiodepruna\/wp-json\/wp\/v2\/media?parent=2737"}],"curies":[{"name":"wp","href":"https:\/\/api.w.org\/{rel}","templated":true}]}}