{"id":4127,"date":"2021-10-10T20:02:13","date_gmt":"2021-10-10T20:02:13","guid":{"rendered":"https:\/\/blogsaverroes.juntadeandalucia.es\/colegiodepruna\/?page_id=4127"},"modified":"2021-10-10T20:20:46","modified_gmt":"2021-10-10T20:20:46","slug":"abn","status":"publish","type":"page","link":"https:\/\/blogsaverroes.juntadeandalucia.es\/colegiodepruna\/abn\/","title":{"rendered":"ABN"},"content":{"rendered":"<p><a href=\"https:\/\/blogsaverroes.juntadeandalucia.es\/colegiodepruna\/files\/2021\/10\/Explicaci\u00f3n-divisi\u00f3n-ABN.pdf\">Explicaci\u00f3n-divisi\u00f3n-ABN<\/a><\/p>\n<p><a href=\"https:\/\/blogsaverroes.juntadeandalucia.es\/colegiodepruna\/files\/2021\/10\/Explicaci\u00f3n-producto-ABN.pdf\">Explicaci\u00f3n-producto-ABN<\/a><\/p>\n<p><a href=\"https:\/\/blogsaverroes.juntadeandalucia.es\/colegiodepruna\/files\/2021\/10\/Explicaci\u00f3n-resta-ABN-ascendente-y-descendente.pdf\">Explicaci\u00f3n-resta-ABN-ascendente-y-descendente<\/a><\/p>\n<p><a href=\"https:\/\/blogsaverroes.juntadeandalucia.es\/colegiodepruna\/files\/2021\/10\/Explicaci\u00f3n-resta-ABN-detracci\u00f3n.pdf\">Explicaci\u00f3n-resta-ABN-detracci\u00f3n<\/a><\/p>\n<p><a href=\"https:\/\/blogsaverroes.juntadeandalucia.es\/colegiodepruna\/files\/2021\/10\/Explicaci\u00f3n-suma-ABN.pdf\">Explicaci\u00f3n-suma-ABN<\/a><\/p>\n<p><a href=\"https:\/\/blogsaverroes.juntadeandalucia.es\/colegiodepruna\/files\/2021\/10\/RECOMENDACIONES-ABN.pdf\">RECOMENDACIONES ABN<\/a><\/p>\n","protected":false},"excerpt":{"rendered":"<p>Explicaci\u00f3n-divisi\u00f3n-ABN Explicaci\u00f3n-producto-ABN Explicaci\u00f3n-resta-ABN-ascendente-y-descendente Explicaci\u00f3n-resta-ABN-detracci\u00f3n Explicaci\u00f3n-suma-ABN RECOMENDACIONES ABN<\/p>\n","protected":false},"author":3853,"featured_media":0,"parent":0,"menu_order":0,"comment_status":"closed","ping_status":"closed","template":"","meta":{"ngg_post_thumbnail":0,"footnotes":"","_mc_calendar":[]},"aioseo_notices":[],"post_mailing_queue_ids":[],"_links":{"self":[{"href":"https:\/\/blogsaverroes.juntadeandalucia.es\/colegiodepruna\/wp-json\/wp\/v2\/pages\/4127"}],"collection":[{"href":"https:\/\/blogsaverroes.juntadeandalucia.es\/colegiodepruna\/wp-json\/wp\/v2\/pages"}],"about":[{"href":"https:\/\/blogsaverroes.juntadeandalucia.es\/colegiodepruna\/wp-json\/wp\/v2\/types\/page"}],"author":[{"embeddable":true,"href":"https:\/\/blogsaverroes.juntadeandalucia.es\/colegiodepruna\/wp-json\/wp\/v2\/users\/3853"}],"replies":[{"embeddable":true,"href":"https:\/\/blogsaverroes.juntadeandalucia.es\/colegiodepruna\/wp-json\/wp\/v2\/comments?post=4127"}],"version-history":[{"count":2,"href":"https:\/\/blogsaverroes.juntadeandalucia.es\/colegiodepruna\/wp-json\/wp\/v2\/pages\/4127\/revisions"}],"predecessor-version":[{"id":4134,"href":"https:\/\/blogsaverroes.juntadeandalucia.es\/colegiodepruna\/wp-json\/wp\/v2\/pages\/4127\/revisions\/4134"}],"wp:attachment":[{"href":"https:\/\/blogsaverroes.juntadeandalucia.es\/colegiodepruna\/wp-json\/wp\/v2\/media?parent=4127"}],"curies":[{"name":"wp","href":"https:\/\/api.w.org\/{rel}","templated":true}]}}