{"id":4218,"date":"2021-11-30T08:37:35","date_gmt":"2021-11-30T08:37:35","guid":{"rendered":"https:\/\/blogsaverroes.juntadeandalucia.es\/colegiodepruna\/?page_id=4218"},"modified":"2021-12-02T11:41:56","modified_gmt":"2021-12-02T11:41:56","slug":"nuestra-biblioteca","status":"publish","type":"page","link":"https:\/\/blogsaverroes.juntadeandalucia.es\/colegiodepruna\/nuestra-biblioteca\/","title":{"rendered":"NUESTRA BIBLIOTECA"},"content":{"rendered":"<p><strong>D\u00cdA DE LAS PERSONAS CON DISCAPACIDAD. UN D\u00cdA PARA TODOS Y TODAS<\/p>\n<p>Con el prop\u00f3sito de difundir los derechos que tienen las personas con discapacidad y concienciar a nuestro alumnado, el jueves , 2 de diciembre, celebramos el D\u00eda de la Discapacidad (aunque es el 3 de diciembre) en nuestro centro.<\/p>\n<p>Este a\u00f1o, lo hemos enfocado a trav\u00e9s de la lectura de cuatro libros que transmiten un mensaje maravilloso para este d\u00eda.<\/p>\n<p>Os dejamos unos v\u00eddeos donde os lo van a explicar fenomenal.<\/p>\n<div style=\"width: 640px;\" class=\"wp-video\"><!--[if lt IE 9]><script>document.createElement('video');<\/script><![endif]-->\n<video class=\"wp-video-shortcode\" id=\"video-4218-1\" width=\"640\" height=\"352\" preload=\"metadata\" controls=\"controls\"><source type=\"video\/mp4\" src=\"https:\/\/blogsaverroes.juntadeandalucia.es\/colegiodepruna\/files\/2021\/12\/WhatsApp-Video-2021-12-01-at-17.44.10-2.mp4?_=1\" \/><a href=\"https:\/\/blogsaverroes.juntadeandalucia.es\/colegiodepruna\/files\/2021\/12\/WhatsApp-Video-2021-12-01-at-17.44.10-2.mp4\">https:\/\/blogsaverroes.juntadeandalucia.es\/colegiodepruna\/files\/2021\/12\/WhatsApp-Video-2021-12-01-at-17.44.10-2.mp4<\/a><\/video><\/div>\nPRESENTACI\u00d3N<\/p>\n<div style=\"width: 640px;\" class=\"wp-video\"><video class=\"wp-video-shortcode\" id=\"video-4218-2\" width=\"640\" height=\"352\" preload=\"metadata\" controls=\"controls\"><source type=\"video\/mp4\" src=\"https:\/\/blogsaverroes.juntadeandalucia.es\/colegiodepruna\/files\/2021\/11\/VID-20211130-WA0007.mp4?_=2\" \/><a href=\"https:\/\/blogsaverroes.juntadeandalucia.es\/colegiodepruna\/files\/2021\/11\/VID-20211130-WA0007.mp4\">https:\/\/blogsaverroes.juntadeandalucia.es\/colegiodepruna\/files\/2021\/11\/VID-20211130-WA0007.mp4<\/a><\/video><\/div>\nOREJAS DE MARIPOSA<\/p>\n<div style=\"width: 640px;\" class=\"wp-video\"><video class=\"wp-video-shortcode\" id=\"video-4218-3\" width=\"640\" height=\"352\" preload=\"metadata\" controls=\"controls\"><source type=\"video\/mp4\" src=\"https:\/\/blogsaverroes.juntadeandalucia.es\/colegiodepruna\/files\/2021\/12\/ARACELI.mp4?_=3\" \/><a href=\"https:\/\/blogsaverroes.juntadeandalucia.es\/colegiodepruna\/files\/2021\/12\/ARACELI.mp4\">https:\/\/blogsaverroes.juntadeandalucia.es\/colegiodepruna\/files\/2021\/12\/ARACELI.mp4<\/a><\/video><\/div>\nMONSTRUO ROSA<\/p>\n<div style=\"width: 640px;\" class=\"wp-video\"><video class=\"wp-video-shortcode\" id=\"video-4218-4\" width=\"640\" height=\"352\" preload=\"metadata\" controls=\"controls\"><source type=\"video\/mp4\" src=\"https:\/\/blogsaverroes.juntadeandalucia.es\/colegiodepruna\/files\/2021\/12\/SAMUEL.mp4?_=4\" \/><a href=\"https:\/\/blogsaverroes.juntadeandalucia.es\/colegiodepruna\/files\/2021\/12\/SAMUEL.mp4\">https:\/\/blogsaverroes.juntadeandalucia.es\/colegiodepruna\/files\/2021\/12\/SAMUEL.mp4<\/a><\/video><\/div>\nELMER<\/p>\n<div style=\"width: 640px;\" class=\"wp-video\"><video class=\"wp-video-shortcode\" id=\"video-4218-5\" width=\"640\" height=\"352\" preload=\"metadata\" controls=\"controls\"><source type=\"video\/mp4\" src=\"https:\/\/blogsaverroes.juntadeandalucia.es\/colegiodepruna\/files\/2021\/12\/JOSE-CARLOS.mp4?_=5\" \/><a href=\"https:\/\/blogsaverroes.juntadeandalucia.es\/colegiodepruna\/files\/2021\/12\/JOSE-CARLOS.mp4\">https:\/\/blogsaverroes.juntadeandalucia.es\/colegiodepruna\/files\/2021\/12\/JOSE-CARLOS.mp4<\/a><\/video><\/div>\nEL CAZO DE LORENZO<\/p>\n","protected":false},"excerpt":{"rendered":"<p>D\u00cdA DE LAS PERSONAS CON DISCAPACIDAD. UN D\u00cdA PARA TODOS Y TODAS Con el prop\u00f3sito de difundir los derechos que tienen las personas con discapacidad y concienciar a nuestro alumnado, el jueves , 2&#46;&#46;&#46;<\/p>\n","protected":false},"author":3853,"featured_media":0,"parent":0,"menu_order":0,"comment_status":"closed","ping_status":"closed","template":"","meta":{"ngg_post_thumbnail":0,"footnotes":"","_mc_calendar":[]},"aioseo_notices":[],"post_mailing_queue_ids":[],"_links":{"self":[{"href":"https:\/\/blogsaverroes.juntadeandalucia.es\/colegiodepruna\/wp-json\/wp\/v2\/pages\/4218"}],"collection":[{"href":"https:\/\/blogsaverroes.juntadeandalucia.es\/colegiodepruna\/wp-json\/wp\/v2\/pages"}],"about":[{"href":"https:\/\/blogsaverroes.juntadeandalucia.es\/colegiodepruna\/wp-json\/wp\/v2\/types\/page"}],"author":[{"embeddable":true,"href":"https:\/\/blogsaverroes.juntadeandalucia.es\/colegiodepruna\/wp-json\/wp\/v2\/users\/3853"}],"replies":[{"embeddable":true,"href":"https:\/\/blogsaverroes.juntadeandalucia.es\/colegiodepruna\/wp-json\/wp\/v2\/comments?post=4218"}],"version-history":[{"count":12,"href":"https:\/\/blogsaverroes.juntadeandalucia.es\/colegiodepruna\/wp-json\/wp\/v2\/pages\/4218\/revisions"}],"predecessor-version":[{"id":4287,"href":"https:\/\/blogsaverroes.juntadeandalucia.es\/colegiodepruna\/wp-json\/wp\/v2\/pages\/4218\/revisions\/4287"}],"wp:attachment":[{"href":"https:\/\/blogsaverroes.juntadeandalucia.es\/colegiodepruna\/wp-json\/wp\/v2\/media?parent=4218"}],"curies":[{"name":"wp","href":"https:\/\/api.w.org\/{rel}","templated":true}]}}