{"id":141,"date":"2021-03-01T00:00:24","date_gmt":"2021-03-01T00:00:24","guid":{"rendered":"http:\/\/blogsaverroes.juntadeandalucia.es\/pre\/ceip\/?page_id=141"},"modified":"2022-03-07T19:41:04","modified_gmt":"2022-03-07T19:41:04","slug":"escolarizacion","status":"publish","type":"page","link":"https:\/\/blogsaverroes.juntadeandalucia.es\/colegioelpilar\/escolarizacion\/","title":{"rendered":"Escolarizaci\u00f3n"},"content":{"rendered":"<p style=\"text-align: center\">&nbsp; &nbsp; &nbsp; <img loading=\"lazy\" decoding=\"async\" class=\"alignnone wp-image-2575\" src=\"https:\/\/blogsaverroes.juntadeandalucia.es\/colegioelpilar\/files\/2019\/03\/escolarizacion-300x169.jpg\" alt=\"\" width=\"587\" height=\"331\" srcset=\"https:\/\/blogsaverroes.juntadeandalucia.es\/colegioelpilar\/files\/2019\/03\/escolarizacion-300x169.jpg 300w, https:\/\/blogsaverroes.juntadeandalucia.es\/colegioelpilar\/files\/2019\/03\/escolarizacion-1024x576.jpg 1024w, https:\/\/blogsaverroes.juntadeandalucia.es\/colegioelpilar\/files\/2019\/03\/escolarizacion-24x14.jpg 24w, https:\/\/blogsaverroes.juntadeandalucia.es\/colegioelpilar\/files\/2019\/03\/escolarizacion-36x20.jpg 36w, https:\/\/blogsaverroes.juntadeandalucia.es\/colegioelpilar\/files\/2019\/03\/escolarizacion-48x27.jpg 48w, https:\/\/blogsaverroes.juntadeandalucia.es\/colegioelpilar\/files\/2019\/03\/escolarizacion.jpg 1600w\" sizes=\"(max-width: 587px) 100vw, 587px\" \/><\/p>\n<p>&nbsp;<\/p>\n<p style=\"text-align: left\">&nbsp; &nbsp; &nbsp; &nbsp; Durante todo el <strong>mes de marzo<\/strong> permanecer\u00e1 abierto en Andaluc\u00eda el plazo de&nbsp; presentaci\u00f3n de solicitudes de admisi\u00f3n en la Red de Centros sostenidos con fondos p\u00fablicos, para el pr\u00f3ximo curso escolar.<\/p>\n<p>&nbsp; &nbsp; &nbsp; &nbsp; Nuestro <strong>horario de Secretar\u00eda<\/strong> es de 9:15 a 14:00, pudiendo solicitar cita previa, si as\u00ed lo quieren, llamando al <strong>958 600 565<\/strong>.<\/p>\n<p style=\"text-align: right\"><a href=\"https:\/\/www.facebook.com\/100024065054474\/videos\/930157651129728\/\" target=\"_blank\" rel=\"noopener noreferrer\">S\u00edguenos en&nbsp; FACEBOOK<\/a><\/p>\n<p>&nbsp;<\/p>\n<p style=\"text-align: left\"><em>&nbsp; &nbsp; &nbsp; &nbsp; Pulse en la imagen para acceder a la documentaci\u00f3n.<\/em><\/p>\n<p style=\"text-align: center\"><a title=\"Portal de Escolarizaci\u00f3n Junta de Andaluc\u00eda\" href=\"https:\/\/www.juntadeandalucia.es\/educacion\/portals\/web\/escolarizacion\/inicio\" target=\"_blank\" rel=\"noopener noreferrer\"><img decoding=\"async\" class=\"aligncenter\" src=\"http:\/\/www.juntadeandalucia.es\/educacion\/portals\/image\/layout_set_logo?img_id=22116&amp;t=1547351698632\" alt=\"Escolarizaci\u00c3\u00b3n 2018 \/19\"><\/a><\/p>\n<p>&nbsp; &nbsp; &nbsp; &nbsp; <em>O en los siguientes enlaces:<\/em><\/p>\n<p><a href=\"https:\/\/www.juntadeandalucia.es\/educacion\/portals\/web\/escolarizacion\/infantil-a-bachillerato\" target=\"_blank\" rel=\"noopener noreferrer\">Procedimiento de admisi\u00f3n de INFANTIL a BACHILLERATO.<\/a><\/p>\n<p><a href=\"https:\/\/www.juntadeandalucia.es\/educacion\/portals\/web\/escolarizacion\/infantil-a-bachillerato\/impresos\" target=\"_blank\" rel=\"noopener noreferrer\">Descarga de IMPRESOS.<\/a><\/p>\n<p><a href=\"https:\/\/www.juntadeandalucia.es\/educacion\/portals\/web\/escolarizacion\/infantil-a-bachillerato\/calendario\" target=\"_blank\" rel=\"noopener noreferrer\">CALENDARIO de escolarizaci\u00f3n.<\/a><\/p>\n<p><a href=\"https:\/\/www.juntadeandalucia.es\/educacion\/educasig\/escolarizacion\/\" target=\"_blank\" rel=\"noopener noreferrer\">Consulta de \u00c1REAS DE INFLUENCIA por domicilio.<\/a><\/p>\n","protected":false},"excerpt":{"rendered":"<p>&nbsp; &nbsp; &nbsp; &nbsp; &nbsp; &nbsp; &nbsp; &nbsp; Durante todo el mes de marzo permanecer\u00e1 abierto en Andaluc\u00eda el plazo de&nbsp; presentaci\u00f3n de solicitudes de admisi\u00f3n en la Red de Centros sostenidos con fondos p\u00fablicos, para el pr\u00f3ximo curso escolar. &nbsp; &nbsp; &nbsp; &nbsp; Nuestro horario de Secretar\u00eda es de 9:15 a 14:00, pudiendo solicitar &hellip; <a href=\"https:\/\/blogsaverroes.juntadeandalucia.es\/colegioelpilar\/escolarizacion\/\" class=\"more-link\">Sigue leyendo <span class=\"screen-reader-text\">Escolarizaci\u00f3n<\/span><\/a><\/p>\n","protected":false},"author":1,"featured_media":0,"parent":0,"menu_order":0,"comment_status":"open","ping_status":"open","template":"page-templates\/child-menu.php","meta":{"ngg_post_thumbnail":0,"footnotes":"","_mc_calendar":[]},"aioseo_notices":[],"_links":{"self":[{"href":"https:\/\/blogsaverroes.juntadeandalucia.es\/colegioelpilar\/wp-json\/wp\/v2\/pages\/141"}],"collection":[{"href":"https:\/\/blogsaverroes.juntadeandalucia.es\/colegioelpilar\/wp-json\/wp\/v2\/pages"}],"about":[{"href":"https:\/\/blogsaverroes.juntadeandalucia.es\/colegioelpilar\/wp-json\/wp\/v2\/types\/page"}],"author":[{"embeddable":true,"href":"https:\/\/blogsaverroes.juntadeandalucia.es\/colegioelpilar\/wp-json\/wp\/v2\/users\/1"}],"replies":[{"embeddable":true,"href":"https:\/\/blogsaverroes.juntadeandalucia.es\/colegioelpilar\/wp-json\/wp\/v2\/comments?post=141"}],"version-history":[{"count":19,"href":"https:\/\/blogsaverroes.juntadeandalucia.es\/colegioelpilar\/wp-json\/wp\/v2\/pages\/141\/revisions"}],"predecessor-version":[{"id":3071,"href":"https:\/\/blogsaverroes.juntadeandalucia.es\/colegioelpilar\/wp-json\/wp\/v2\/pages\/141\/revisions\/3071"}],"wp:attachment":[{"href":"https:\/\/blogsaverroes.juntadeandalucia.es\/colegioelpilar\/wp-json\/wp\/v2\/media?parent=141"}],"curies":[{"name":"wp","href":"https:\/\/api.w.org\/{rel}","templated":true}]}}