{"id":2538,"date":"2019-02-07T21:15:54","date_gmt":"2019-02-07T21:15:54","guid":{"rendered":"https:\/\/blogsaverroes.juntadeandalucia.es\/colegioelpilar\/?page_id=2538"},"modified":"2020-11-18T22:55:40","modified_gmt":"2020-11-18T22:55:40","slug":"2538-2","status":"publish","type":"page","link":"https:\/\/blogsaverroes.juntadeandalucia.es\/colegioelpilar\/2538-2\/","title":{"rendered":"Nosotros"},"content":{"rendered":"<h4 style=\"text-align: justify\">&nbsp; &nbsp; &nbsp; &nbsp; El colegio docente privado concertado Ntra. Sra. del Pilar es un centro educativo gestionado por la Cooperativa de profesores&nbsp;<strong style=\"text-align: justify\">COEPI S. Coop. And.<\/strong><span style=\"text-align: justify\">, fundada en 1987 y de la que en la actualidad son socios y socias dieciocho personas. Este colegio ha sido siempre&nbsp;conocido en Motril desde hace muchos a\u00f1os&nbsp;como academia y, m\u00e1s tarde, como colegio concertado de EGB, y son, adem\u00e1s de su personal de plantilla, los propios socios y socias de la cooperativa las personas que imparten las clases en los diferentes niveles de Educaci\u00f3n Infantil, Primaria y Secundaria Obligatoria.<\/span><\/h4>\n<div id=\"page-zones__main-widgets__responsivecolumns1\" class=\"widget responsivecolumns columns-two-66-34\">\n<section id=\"page-zones__main-widgets__responsivecolumns1-zones__column\" class=\"bk-zone column columns-two-left\">\n<div id=\"page-zones__main-widgets__responsivecolumns1-zones__column-widgets__text1\" class=\"widget content\">\n<div class=\"bk-content-text js-text-content wysihtml-editor-content\">\n<p style=\"text-align: justify\">&nbsp; &nbsp; &nbsp; Contamos con un servicio de atenci\u00f3n logop\u00e9dica para nuestro alumnado, as\u00ed como otro de consulta psicopedag\u00f3gica. Ofrecemos tambi\u00e9n a nuestras familias servicio diario&nbsp;de aula matinal, comedor y las actividades extraescolares demandas por nuestro alumnado.<\/p>\n<p style=\"text-align: justify\">&nbsp; &nbsp; &nbsp; En esta andadura desde 1987, hemos realizado un largo recorrido que nos capacita como centro educativo que ofrece un servicio de calidad, comprometido con su labor y en constante innovaci\u00f3n.<\/p>\n<p style=\"text-align: justify\">&nbsp; &nbsp; &nbsp;El colegio se encuentra ubicado en la zona Norte de Motril, en el conocido Barrio de las Angustias. Es un barrio humilde, de personas trabajadoras, a las que nuestro centro educativo siempre ha querido ayudar a encontrar mejores oportunidades en su desarrollo personal y profesional a trav\u00e9s de la formaci\u00f3n y la educaci\u00f3n.<\/p>\n<p style=\"text-align: justify\">&nbsp; &nbsp; &nbsp;Estamos integrados dentro de <strong><a href=\"https:\/\/aces-andalucia.es\/aces\/\">ACES<\/a><\/strong> y formamos parte de su <strong>Sistema de Calidad<\/strong> bajo la norma <em><strong>ISO-9001.<\/strong><\/em><\/p>\n<p><img decoding=\"async\" class=\"alignleft\" src=\"https:\/\/files.123inventatuweb.com\/acens62168\/image\/a605901511b9443c829f60fc91be25a9.jpg\"><\/p>\n<blockquote>\n<p style=\"text-align: justify\" align=\"LEFT\"><b>&nbsp; &nbsp; &nbsp; ACES Calidad, es un proceso de MEJORA CONT\u00cdNUA, cuyo&nbsp; objetivo es implantar en las empresas de ense\u00f1anza&nbsp; una metodolog\u00eda pr\u00e1ctica para mejorar sus resultados, actividades y procesos de manera permanente.<\/b><\/p>\n<p style=\"text-align: justify\" align=\"LEFT\"><em>&nbsp; &nbsp; &nbsp; &nbsp; &nbsp;<span style=\"color: #000080\">Nuestro Centro cuenta con la certificaci\u00f3n <strong>UNE:EN.ISO 9001:2015<\/strong> en el alcance Ense\u00f1anza-Aprendizaje sobre las ense\u00f1anzas de Educaci\u00f3n Infantil, Educaci\u00f3n Primaria y Educaci\u00f3n Secundaria.<\/span><\/em><\/p>\n<p style=\"text-align: justify\" align=\"LEFT\"><b>&nbsp; &nbsp; &nbsp; &nbsp; &nbsp; &nbsp; &nbsp; &nbsp;A diferencia de otros sistemas cuyo principal objetivo es la consecuci\u00f3n de la certificaci\u00f3n en calidad, <\/b><strong><i><b>nuestro sistema est\u00e1 basado en el <\/b><\/i><\/strong><i>Modelo ACES de Excelencia y Mejora Continua<\/i><strong><i><b> como herramienta&nbsp;<\/b><\/i><\/strong><b>para observar y evaluar la realidad externa e interna, pautas de pensamiento, comunicaci\u00f3n e interacci\u00f3n, actuaciones y resultados pasados y presentes identificando aquello que se necesita y se desea mejorar, siendo la consecuci\u00f3n de la certificaci\u00f3n una consecuencia natural del sistema.<\/b><\/p>\n<\/blockquote>\n<\/div>\n<\/div>\n<\/section>\n<\/div>\n<p>&nbsp;<\/p>\n","protected":false},"excerpt":{"rendered":"<p>&nbsp; &nbsp; &nbsp; &nbsp; El colegio docente privado concertado Ntra. Sra. del Pilar es un centro educativo gestionado por la Cooperativa de profesores&nbsp;COEPI S. Coop. And., fundada en 1987 y de la que en la actualidad son socios y socias dieciocho personas. Este colegio ha sido siempre&nbsp;conocido en Motril desde hace muchos a\u00f1os&nbsp;como academia y, &hellip; <a href=\"https:\/\/blogsaverroes.juntadeandalucia.es\/colegioelpilar\/2538-2\/\" class=\"more-link\">Sigue leyendo <span class=\"screen-reader-text\">Nosotros<\/span><\/a><\/p>\n","protected":false},"author":6891,"featured_media":0,"parent":0,"menu_order":0,"comment_status":"closed","ping_status":"closed","template":"","meta":{"ngg_post_thumbnail":0,"footnotes":"","_mc_calendar":[]},"aioseo_notices":[],"_links":{"self":[{"href":"https:\/\/blogsaverroes.juntadeandalucia.es\/colegioelpilar\/wp-json\/wp\/v2\/pages\/2538"}],"collection":[{"href":"https:\/\/blogsaverroes.juntadeandalucia.es\/colegioelpilar\/wp-json\/wp\/v2\/pages"}],"about":[{"href":"https:\/\/blogsaverroes.juntadeandalucia.es\/colegioelpilar\/wp-json\/wp\/v2\/types\/page"}],"author":[{"embeddable":true,"href":"https:\/\/blogsaverroes.juntadeandalucia.es\/colegioelpilar\/wp-json\/wp\/v2\/users\/6891"}],"replies":[{"embeddable":true,"href":"https:\/\/blogsaverroes.juntadeandalucia.es\/colegioelpilar\/wp-json\/wp\/v2\/comments?post=2538"}],"version-history":[{"count":6,"href":"https:\/\/blogsaverroes.juntadeandalucia.es\/colegioelpilar\/wp-json\/wp\/v2\/pages\/2538\/revisions"}],"predecessor-version":[{"id":2824,"href":"https:\/\/blogsaverroes.juntadeandalucia.es\/colegioelpilar\/wp-json\/wp\/v2\/pages\/2538\/revisions\/2824"}],"wp:attachment":[{"href":"https:\/\/blogsaverroes.juntadeandalucia.es\/colegioelpilar\/wp-json\/wp\/v2\/media?parent=2538"}],"curies":[{"name":"wp","href":"https:\/\/api.w.org\/{rel}","templated":true}]}}