{"id":2544,"date":"2019-02-07T21:29:58","date_gmt":"2019-02-07T21:29:58","guid":{"rendered":"https:\/\/blogsaverroes.juntadeandalucia.es\/colegioelpilar\/?page_id=2544"},"modified":"2019-03-04T01:10:01","modified_gmt":"2019-03-04T01:10:01","slug":"oferta-educativa","status":"publish","type":"page","link":"https:\/\/blogsaverroes.juntadeandalucia.es\/colegioelpilar\/oferta-educativa\/","title":{"rendered":"Oferta educativa"},"content":{"rendered":"<p style=\"text-align: justify\">&nbsp; &nbsp; Nuestro Centro imparte las ense\u00f1anzas de Educaci\u00f3n <strong>Infantil, Primaria en la modalidad de Biling\u00fce y Secundaria<\/strong>, y cuenta con dos Unidades de Apoyo a la Integraci\u00f3n, todas ellas Concertadas con la Junta de Andaluc\u00eda.<\/p>\n<p style=\"text-align: justify\">&nbsp; &nbsp; Disponemos de personal especializado para atenci\u00f3n psicopedag\u00f3gica y de logopedia, dentro de las Unidades de Apoyo a la Integraci\u00f3n, que atienden al alumnado con NEE y&nbsp; Altas Capacidades.<\/p>\n<p style=\"text-align: justify\">&nbsp; &nbsp; Ofrecemos servicios de Aula matinal y Comedor, as\u00ed como aquellas Actividades Extraescolares que las familias demandan al inicio de cada curso escolar.<\/p>\n","protected":false},"excerpt":{"rendered":"<p>&nbsp; &nbsp; Nuestro Centro imparte las ense\u00f1anzas de Educaci\u00f3n Infantil, Primaria en la modalidad de Biling\u00fce y Secundaria, y cuenta con dos Unidades de Apoyo a la Integraci\u00f3n, todas ellas Concertadas con la Junta de Andaluc\u00eda. &nbsp; &nbsp; Disponemos de personal especializado para atenci\u00f3n psicopedag\u00f3gica y de logopedia, dentro de las Unidades de Apoyo a &hellip; <a href=\"https:\/\/blogsaverroes.juntadeandalucia.es\/colegioelpilar\/oferta-educativa\/\" class=\"more-link\">Sigue leyendo <span class=\"screen-reader-text\">Oferta educativa<\/span><\/a><\/p>\n","protected":false},"author":6891,"featured_media":0,"parent":0,"menu_order":0,"comment_status":"closed","ping_status":"closed","template":"","meta":{"ngg_post_thumbnail":0,"footnotes":"","_mc_calendar":[]},"aioseo_notices":[],"_links":{"self":[{"href":"https:\/\/blogsaverroes.juntadeandalucia.es\/colegioelpilar\/wp-json\/wp\/v2\/pages\/2544"}],"collection":[{"href":"https:\/\/blogsaverroes.juntadeandalucia.es\/colegioelpilar\/wp-json\/wp\/v2\/pages"}],"about":[{"href":"https:\/\/blogsaverroes.juntadeandalucia.es\/colegioelpilar\/wp-json\/wp\/v2\/types\/page"}],"author":[{"embeddable":true,"href":"https:\/\/blogsaverroes.juntadeandalucia.es\/colegioelpilar\/wp-json\/wp\/v2\/users\/6891"}],"replies":[{"embeddable":true,"href":"https:\/\/blogsaverroes.juntadeandalucia.es\/colegioelpilar\/wp-json\/wp\/v2\/comments?post=2544"}],"version-history":[{"count":2,"href":"https:\/\/blogsaverroes.juntadeandalucia.es\/colegioelpilar\/wp-json\/wp\/v2\/pages\/2544\/revisions"}],"predecessor-version":[{"id":2553,"href":"https:\/\/blogsaverroes.juntadeandalucia.es\/colegioelpilar\/wp-json\/wp\/v2\/pages\/2544\/revisions\/2553"}],"wp:attachment":[{"href":"https:\/\/blogsaverroes.juntadeandalucia.es\/colegioelpilar\/wp-json\/wp\/v2\/media?parent=2544"}],"curies":[{"name":"wp","href":"https:\/\/api.w.org\/{rel}","templated":true}]}}