{"id":2609,"date":"2019-03-03T23:49:20","date_gmt":"2019-03-03T23:49:20","guid":{"rendered":"https:\/\/blogsaverroes.juntadeandalucia.es\/colegioelpilar\/?page_id=2609"},"modified":"2019-03-09T11:48:00","modified_gmt":"2019-03-09T11:48:00","slug":"auladjaque","status":"publish","type":"page","link":"https:\/\/blogsaverroes.juntadeandalucia.es\/colegioelpilar\/auladjaque\/","title":{"rendered":"AulaDjaque"},"content":{"rendered":"<p style=\"text-align: right\">&nbsp;<\/p>\n<p style=\"text-align: justify\">&nbsp; &nbsp; &nbsp; &nbsp; &nbsp; &nbsp;Nuestro alumnado de 2\u00ba y 4\u00ba de Primaria participan durante el presente curso en este proyecto de ajedrez, con el cual est\u00e1n muy entusiasmados.&nbsp; &nbsp; &nbsp;&nbsp;<\/p>\n<p style=\"text-align: center\">&nbsp;<a href=\"http:\/\/www.juntadeandalucia.es\/educacion\/webportal\/web\/planes-y-programas\/auladjaque\"><img loading=\"lazy\" decoding=\"async\" class=\"alignnone size-medium wp-image-2610\" src=\"https:\/\/blogsaverroes.juntadeandalucia.es\/colegioelpilar\/files\/2019\/03\/auladjaque-300x62.jpg\" alt=\"\" width=\"300\" height=\"62\" srcset=\"https:\/\/blogsaverroes.juntadeandalucia.es\/colegioelpilar\/files\/2019\/03\/auladjaque-300x62.jpg 300w, https:\/\/blogsaverroes.juntadeandalucia.es\/colegioelpilar\/files\/2019\/03\/auladjaque-24x5.jpg 24w, https:\/\/blogsaverroes.juntadeandalucia.es\/colegioelpilar\/files\/2019\/03\/auladjaque-36x7.jpg 36w, https:\/\/blogsaverroes.juntadeandalucia.es\/colegioelpilar\/files\/2019\/03\/auladjaque-48x10.jpg 48w, https:\/\/blogsaverroes.juntadeandalucia.es\/colegioelpilar\/files\/2019\/03\/auladjaque.jpg 750w\" sizes=\"(max-width: 300px) 100vw, 300px\" \/><\/a><\/p>\n<p style=\"text-align: justify\">&nbsp; &nbsp; &nbsp; &nbsp; Con este proyecto pretendemos ayudar al alumnado en el desarrollo de sus habilidades cognitivas y socio-afectivas. El juego del ajedrez favorece, entre otras capacidades, la memoria, la concentraci\u00f3n, la toma de decisiones, la reflexi\u00f3n, la visi\u00f3n espacial o el razonamiento l\u00f3gico-matem\u00e1tico.&nbsp; Desde un punto de vista emocional la pr\u00e1ctica del ajedrez ayuda a reconocer los errores, a no buscar excusas, a obtener un sentido de logro y una mayor autoestima, a llevar la iniciativa cuando es preciso; y todo ello tanto dentro como fuera del tablero<\/p>\n","protected":false},"excerpt":{"rendered":"<p>&nbsp; &nbsp; &nbsp; &nbsp; &nbsp; &nbsp; &nbsp;Nuestro alumnado de 2\u00ba y 4\u00ba de Primaria participan durante el presente curso en este proyecto de ajedrez, con el cual est\u00e1n muy entusiasmados.&nbsp; &nbsp; &nbsp;&nbsp; &nbsp; &nbsp; &nbsp; &nbsp; &nbsp; Con este proyecto pretendemos ayudar al alumnado en el desarrollo de sus habilidades cognitivas y socio-afectivas. El juego &hellip; <a href=\"https:\/\/blogsaverroes.juntadeandalucia.es\/colegioelpilar\/auladjaque\/\" class=\"more-link\">Sigue leyendo <span class=\"screen-reader-text\">AulaDjaque<\/span><\/a><\/p>\n","protected":false},"author":6891,"featured_media":0,"parent":0,"menu_order":0,"comment_status":"closed","ping_status":"closed","template":"page-templates\/child-menu.php","meta":{"ngg_post_thumbnail":0,"footnotes":"","_mc_calendar":[]},"aioseo_notices":[],"_links":{"self":[{"href":"https:\/\/blogsaverroes.juntadeandalucia.es\/colegioelpilar\/wp-json\/wp\/v2\/pages\/2609"}],"collection":[{"href":"https:\/\/blogsaverroes.juntadeandalucia.es\/colegioelpilar\/wp-json\/wp\/v2\/pages"}],"about":[{"href":"https:\/\/blogsaverroes.juntadeandalucia.es\/colegioelpilar\/wp-json\/wp\/v2\/types\/page"}],"author":[{"embeddable":true,"href":"https:\/\/blogsaverroes.juntadeandalucia.es\/colegioelpilar\/wp-json\/wp\/v2\/users\/6891"}],"replies":[{"embeddable":true,"href":"https:\/\/blogsaverroes.juntadeandalucia.es\/colegioelpilar\/wp-json\/wp\/v2\/comments?post=2609"}],"version-history":[{"count":3,"href":"https:\/\/blogsaverroes.juntadeandalucia.es\/colegioelpilar\/wp-json\/wp\/v2\/pages\/2609\/revisions"}],"predecessor-version":[{"id":2660,"href":"https:\/\/blogsaverroes.juntadeandalucia.es\/colegioelpilar\/wp-json\/wp\/v2\/pages\/2609\/revisions\/2660"}],"wp:attachment":[{"href":"https:\/\/blogsaverroes.juntadeandalucia.es\/colegioelpilar\/wp-json\/wp\/v2\/media?parent=2609"}],"curies":[{"name":"wp","href":"https:\/\/api.w.org\/{rel}","templated":true}]}}