{"id":35,"date":"2015-03-13T08:21:43","date_gmt":"2015-03-13T08:21:43","guid":{"rendered":"http:\/\/blogsaverroes.juntadeandalucia.es\/pre\/ceip\/?page_id=35"},"modified":"2019-01-13T11:23:41","modified_gmt":"2019-01-13T11:23:41","slug":"el-centro-2","status":"publish","type":"page","link":"https:\/\/blogsaverroes.juntadeandalucia.es\/colegioelpilar\/el-centro-2\/","title":{"rendered":"Datos del centro"},"content":{"rendered":"<p>[googlemaps https:\/\/www.google.com\/maps\/embed?pb=!1m18!1m12!1m3!1d3196.9170713257945!2d-3.524618485758458!3d36.74856157995925!2m3!1f0!2f0!3f0!3m2!1i1024!2i768!4f13.1!3m3!1m2!1s0xd719095affd91d9%3A0x37aacf9fcfb0e905!2sCentro+Privado+de+Ense%C3%B1anza+Nuestra+Se%C3%B1ora+del+Pilar!5e0!3m2!1ses!2ses!4v1547369097149&amp;w=600&amp;h=450]<\/p>\n<h4 style=\"text-align: justify\">Nosotros<\/h4>\n<div id=\"page-zones__main-widgets__responsivecolumns1\" class=\"widget responsivecolumns columns-two-66-34\" style=\"text-align: justify\">\n<section id=\"page-zones__main-widgets__responsivecolumns1-zones__column\" class=\"bk-zone column columns-two-left\">\n<div id=\"page-zones__main-widgets__responsivecolumns1-zones__column-widgets__text1\" class=\"widget content\">\n<div class=\"bk-content-text js-text-content wysihtml-editor-content\">\n<p>El colegio docente privado concertado Ntra. Sra. del Pilar es un centro educativo gestionado por la Cooperativa de profesores&nbsp;<strong>COEPI S. Coop. And.<\/strong>, fundada en 1987 y de la que en la actualidad son socios y socias dieciocho personas. Este colegio ha sido siempre&nbsp;conocido en Motril desde hace muchos a\u00f1os&nbsp;como academia y, m\u00e1s tarde, como colegio concertado de EGB, y son, adem\u00e1s de su personal de plantilla, los propios socios y socias de la cooperativa las personas que imparten las clases en los diferentes niveles de Educaci\u00f3n Infantil, Primaria y Secundaria Obligatoria.<\/p>\n<p>Contamos con un servicio de atenci\u00f3n logop\u00e9dica para nuestro alumnado, as\u00ed como otro de consulta psicopedag\u00f3gica. Ofrecemos tambi\u00e9n a nuestras familias servicio diario&nbsp;de aula matinal, comedor y las actividades extraescolares demandas por nuestro alumnado.<\/p>\n<p>En esta andadura de m\u00e1s de 30 a\u00f1os, hemos&nbsp;realizado un largo recorrido que nos capacita como centro educativo que ofrece un servicio de calidad, comprometido con su labor y en constante innovaci\u00f3n.<\/p>\n<p>El colegio se encuentra ubicado en la zona Norte de Motril, en el conocido Barrio de las Angustias. Es un barrio humilde, de personas trabajadoras, a las que nuestro centro educativo siempre ha querido ayudar a encontrar mejores oportunidades en su desarrollo personal y profesional a trav\u00e9s de la formaci\u00f3n y la educaci\u00f3n.<\/p>\n<p>Estamos integrados dentro de ACES y formamos parte de su <strong>Sistema de Calidad<\/strong> bajo la norma <em><strong>ISO-9001.<\/strong><\/em><\/p>\n<p><img decoding=\"async\" class=\"aligncenter\" src=\"https:\/\/files.123inventatuweb.com\/acens62168\/image\/a605901511b9443c829f60fc91be25a9.jpg\"><\/p>\n<blockquote>\n<p style=\"text-align: justify\" align=\"LEFT\"><span style=\"color: #666666\"><span style=\"font-family: 'Open Sans', Arial, sans-serif\"><span style=\"font-size: small\"><b>ACES Calidad, es un proceso de MEJORA CONT\u00cdNUA, cuyo&nbsp; objetivo es implantar en las empresas de ense\u00f1anza&nbsp; una metodolog\u00eda pr\u00e1ctica para mejorar sus resultados, actividades y procesos de manera permanente.<\/b><\/span><\/span><\/span><\/p>\n<p style=\"text-align: justify\" align=\"LEFT\"><span style=\"color: #666666\"><span style=\"font-family: 'Open Sans', Arial, sans-serif\"><span style=\"font-size: small\"><b>A diferencia de otros sistemas cuyo principal objetivo es la consecuci\u00f3n de la certificaci\u00f3n en calidad,&nbsp;<\/b><\/span><\/span><\/span><strong><span style=\"color: #666666\"><span style=\"font-family: 'Open Sans', Arial, sans-serif\"><span style=\"font-size: small\"><i><b>nuestro sistema est\u00e1 basado en el <\/b><\/i><\/span><\/span><\/span><\/strong><span style=\"color: #666666\"><span style=\"font-family: 'Open Sans', Arial, sans-serif\"><span style=\"font-size: small\"><i>Modelo ACES de Excelencia y Mejora Continua<\/i><\/span><\/span><\/span><strong><span style=\"color: #666666\"><span style=\"font-family: 'Open Sans', Arial, sans-serif\"><span style=\"font-size: small\"><i><b> como herramienta&nbsp;<\/b><\/i><\/span><\/span><\/span><\/strong><span style=\"color: #666666\"><span style=\"font-family: 'Open Sans', Arial, sans-serif\"><span style=\"font-size: small\"><b>para observar y evaluar la realidad externa e interna, pautas de pensamiento, comunicaci\u00f3n e interacci\u00f3n, actuaciones y resultados pasados y presentes identificando aquello que se necesita y se desea mejorar, siendo la consecuci\u00f3n de la certificaci\u00f3n una consecuencia natural del sistema.<\/b><\/span><\/span><\/span><\/p>\n<\/blockquote>\n<h4>&nbsp;<\/h4>\n<h4><strong>Datos de contacto<\/strong><\/h4>\n<\/div>\n<\/div>\n<\/section>\n<\/div>\n<p style=\"text-align: justify\">Colegio Concertado Ntra Sra del Pilar&nbsp;<\/p>\n<p style=\"text-align: justify\"><strong>Direcci\u00f3n:<\/strong> &nbsp;Calle Monjas, 48 &#8211;&nbsp;Motril (Granada).&nbsp;Apdo. de correos 127<br \/>\n<strong>Email:<\/strong>&nbsp;coepi@aces-andalucia.org<\/p>\n<p style=\"text-align: justify\"><strong>Tel\u00e9fonos:&nbsp;<\/strong>Secretar\u00eda 958600565 \/ Secundaria 958608152<\/p>\n<h4 style=\"text-align: justify\"><strong>Horarios<\/strong><\/h4>\n<p style=\"text-align: justify\">Infantil y Primaria de 9 a 14 h.<\/p>\n<p style=\"text-align: justify\">Secundaria de 8 a 14:30 h.<\/p>\n<p style=\"text-align: justify\">Aula Matinal de 7:30 a 9 h.<\/p>\n<p style=\"text-align: justify\">Comedor de de 14 a 16 h.<\/p>\n<p style=\"text-align: justify\">Actividades Extraescolares :<\/p>\n<p style=\"text-align: justify\">&nbsp; &nbsp; &nbsp; &nbsp; &nbsp; Teatro<\/p>\n<p style=\"text-align: justify\">&nbsp; &nbsp; &nbsp; &nbsp; &nbsp; &nbsp;Ingl\u00e9s<\/p>\n<p style=\"text-align: justify\">Tutor\u00edas con familias los lunes de 17 a 18 h.<\/p>\n<h4 style=\"text-align: justify\"><strong>Oferta educativa<\/strong><\/h4>\n<p style=\"text-align: justify\">Nuestro Centro imparte las ense\u00f1anzas de Educaci\u00f3n <strong>Infantil, Primaria en la modalidad de Biling\u00fce y Secundaria<\/strong>, y cuenta con dos Unidades de Apoyo a la Integraci\u00f3n, todas ellas Concertadas con la Junta de Andaluc\u00eda.<\/p>\n<p style=\"text-align: justify\">Disponemos de personal especializado para atenci\u00f3n psicopedag\u00f3gica y de logopedia, dentro de las Unidades de Apoyo a la Integraci\u00f3n, que atienden al alumnado con NEE.<\/p>\n","protected":false},"excerpt":{"rendered":"<p>[googlemaps https:\/\/www.google.com\/maps\/embed?pb=!1m18!1m12!1m3!1d3196.9170713257945!2d-3.524618485758458!3d36.74856157995925!2m3!1f0!2f0!3f0!3m2!1i1024!2i768!4f13.1!3m3!1m2!1s0xd719095affd91d9%3A0x37aacf9fcfb0e905!2sCentro+Privado+de+Ense%C3%B1anza+Nuestra+Se%C3%B1ora+del+Pilar!5e0!3m2!1ses!2ses!4v1547369097149&amp;w=600&amp;h=450] Nosotros El colegio docente privado concertado Ntra. Sra. del Pilar es un centro educativo gestionado por la Cooperativa de profesores&nbsp;COEPI S. Coop. And., fundada en 1987 y de la que en la actualidad son socios y socias dieciocho personas. Este colegio ha sido siempre&nbsp;conocido en Motril desde hace muchos a\u00f1os&nbsp;como academia y, m\u00e1s &hellip; <a href=\"https:\/\/blogsaverroes.juntadeandalucia.es\/colegioelpilar\/el-centro-2\/\" class=\"more-link\">Sigue leyendo <span class=\"screen-reader-text\">Datos del centro<\/span><\/a><\/p>\n","protected":false},"author":1,"featured_media":0,"parent":0,"menu_order":0,"comment_status":"open","ping_status":"open","template":"","meta":{"ngg_post_thumbnail":0,"footnotes":"","_mc_calendar":[]},"aioseo_notices":[],"_links":{"self":[{"href":"https:\/\/blogsaverroes.juntadeandalucia.es\/colegioelpilar\/wp-json\/wp\/v2\/pages\/35"}],"collection":[{"href":"https:\/\/blogsaverroes.juntadeandalucia.es\/colegioelpilar\/wp-json\/wp\/v2\/pages"}],"about":[{"href":"https:\/\/blogsaverroes.juntadeandalucia.es\/colegioelpilar\/wp-json\/wp\/v2\/types\/page"}],"author":[{"embeddable":true,"href":"https:\/\/blogsaverroes.juntadeandalucia.es\/colegioelpilar\/wp-json\/wp\/v2\/users\/1"}],"replies":[{"embeddable":true,"href":"https:\/\/blogsaverroes.juntadeandalucia.es\/colegioelpilar\/wp-json\/wp\/v2\/comments?post=35"}],"version-history":[{"count":32,"href":"https:\/\/blogsaverroes.juntadeandalucia.es\/colegioelpilar\/wp-json\/wp\/v2\/pages\/35\/revisions"}],"predecessor-version":[{"id":2535,"href":"https:\/\/blogsaverroes.juntadeandalucia.es\/colegioelpilar\/wp-json\/wp\/v2\/pages\/35\/revisions\/2535"}],"wp:attachment":[{"href":"https:\/\/blogsaverroes.juntadeandalucia.es\/colegioelpilar\/wp-json\/wp\/v2\/media?parent=35"}],"curies":[{"name":"wp","href":"https:\/\/api.w.org\/{rel}","templated":true}]}}