{"id":77,"date":"2015-03-16T06:54:56","date_gmt":"2015-03-16T06:54:56","guid":{"rendered":"http:\/\/blogsaverroes.juntadeandalucia.es\/pre\/ceip\/?page_id=77"},"modified":"2022-01-31T21:39:15","modified_gmt":"2022-01-31T21:39:15","slug":"secretaria","status":"publish","type":"page","link":"https:\/\/blogsaverroes.juntadeandalucia.es\/colegioelpilar\/el-centro\/secretaria\/","title":{"rendered":"Secretar\u00eda"},"content":{"rendered":"<p><strong><em>Administraci\u00f3n:&nbsp;<\/em><\/strong><em>Mar\u00eda Rodr\u00edguez Garc\u00eda<\/em><\/p>\n<p>La <strong>Secretar\u00eda<\/strong> desarrolla muchas funciones importantes en la vida del centro, especialmente en la relaci\u00f3n que mantiene con las familias en los diferentes tr\u00e1mites administrativos a lo largo de la escolarizaci\u00f3n: admisi\u00f3n, matr\u00edcula, comedor escolar, becas, etc.<\/p>\n<p><strong>De lunes a viernes, en horario de 9 a 14 h.<\/strong><\/p>\n<p>Tfno: 958600565<\/p>\n<p style=\"text-align: center\"><strong>Email<\/strong><\/p>\n<p>Asuntos Generales: &nbsp; coepi.sca@colegioelpilar.es<\/p>\n<p>Recursos Humanos (CV): &nbsp; personal@colegioelpilar.es<\/p>\n<p>&nbsp;<\/p>\n<p>&nbsp;<\/p>\n<p>&nbsp;<\/p>\n","protected":false},"excerpt":{"rendered":"<p>Administraci\u00f3n:&nbsp;Mar\u00eda Rodr\u00edguez Garc\u00eda La Secretar\u00eda desarrolla muchas funciones importantes en la vida del centro, especialmente en la relaci\u00f3n que mantiene con las familias en los diferentes tr\u00e1mites administrativos a lo largo de la escolarizaci\u00f3n: admisi\u00f3n, matr\u00edcula, comedor escolar, becas, etc. De lunes a viernes, en horario de 9 a 14 h. Tfno: 958600565 Email Asuntos &hellip; <a href=\"https:\/\/blogsaverroes.juntadeandalucia.es\/colegioelpilar\/el-centro\/secretaria\/\" class=\"more-link\">Sigue leyendo <span class=\"screen-reader-text\">Secretar\u00eda<\/span><\/a><\/p>\n","protected":false},"author":1,"featured_media":0,"parent":2526,"menu_order":0,"comment_status":"open","ping_status":"open","template":"page-templates\/child-menu.php","meta":{"ngg_post_thumbnail":0,"footnotes":"","_mc_calendar":[]},"aioseo_notices":[],"_links":{"self":[{"href":"https:\/\/blogsaverroes.juntadeandalucia.es\/colegioelpilar\/wp-json\/wp\/v2\/pages\/77"}],"collection":[{"href":"https:\/\/blogsaverroes.juntadeandalucia.es\/colegioelpilar\/wp-json\/wp\/v2\/pages"}],"about":[{"href":"https:\/\/blogsaverroes.juntadeandalucia.es\/colegioelpilar\/wp-json\/wp\/v2\/types\/page"}],"author":[{"embeddable":true,"href":"https:\/\/blogsaverroes.juntadeandalucia.es\/colegioelpilar\/wp-json\/wp\/v2\/users\/1"}],"replies":[{"embeddable":true,"href":"https:\/\/blogsaverroes.juntadeandalucia.es\/colegioelpilar\/wp-json\/wp\/v2\/comments?post=77"}],"version-history":[{"count":9,"href":"https:\/\/blogsaverroes.juntadeandalucia.es\/colegioelpilar\/wp-json\/wp\/v2\/pages\/77\/revisions"}],"predecessor-version":[{"id":3052,"href":"https:\/\/blogsaverroes.juntadeandalucia.es\/colegioelpilar\/wp-json\/wp\/v2\/pages\/77\/revisions\/3052"}],"up":[{"embeddable":true,"href":"https:\/\/blogsaverroes.juntadeandalucia.es\/colegioelpilar\/wp-json\/wp\/v2\/pages\/2526"}],"wp:attachment":[{"href":"https:\/\/blogsaverroes.juntadeandalucia.es\/colegioelpilar\/wp-json\/wp\/v2\/media?parent=77"}],"curies":[{"name":"wp","href":"https:\/\/api.w.org\/{rel}","templated":true}]}}