{"id":1048,"date":"2021-02-01T16:25:02","date_gmt":"2021-02-01T15:25:02","guid":{"rendered":"https:\/\/blogsaverroes.juntadeandalucia.es\/colegioesperanza\/?page_id=1048"},"modified":"2021-02-03T21:49:31","modified_gmt":"2021-02-03T20:49:31","slug":"escuela-hogar","status":"publish","type":"page","link":"https:\/\/blogsaverroes.juntadeandalucia.es\/colegioesperanza\/escuela-hogar\/","title":{"rendered":"Escuela Hogar"},"content":{"rendered":"<p>&nbsp;<\/p>\n<p>La Residencia Escolar est\u00e1 situada dentro del casco urbano de Guadix, a unos 800 metros del centro de la ciudad, tiene 2.658 m<sup>2<\/sup> construidos.&nbsp; Es un centro mixto que cuenta con capacidad de 75 plazas, de las cuales 48 son concertadas con Escuela Hogar por la Consejer\u00eda de Educaci\u00f3n, Cultura y Deporte de la Junta de Andaluc\u00eda. Los usuarios en su mayor\u00eda son procedentes de las provincias de <strong>Granada<\/strong>,&nbsp;<strong>Almer\u00eda<\/strong>,&nbsp;<strong>Ja\u00e9n y<\/strong>&nbsp;<strong>M\u00e1laga.<\/strong><\/p>\n<p><img loading=\"lazy\" decoding=\"async\" class=\"size-full wp-image-1123 alignleft\" src=\"https:\/\/blogsaverroes.juntadeandalucia.es\/colegioesperanza\/files\/2021\/02\/dormitorio.jpg\" alt=\"\" width=\"150\" height=\"150\" srcset=\"https:\/\/blogsaverroes.juntadeandalucia.es\/colegioesperanza\/files\/2021\/02\/dormitorio.jpg 150w, https:\/\/blogsaverroes.juntadeandalucia.es\/colegioesperanza\/files\/2021\/02\/dormitorio-100x100.jpg 100w, https:\/\/blogsaverroes.juntadeandalucia.es\/colegioesperanza\/files\/2021\/02\/dormitorio-24x24.jpg 24w, https:\/\/blogsaverroes.juntadeandalucia.es\/colegioesperanza\/files\/2021\/02\/dormitorio-36x36.jpg 36w, https:\/\/blogsaverroes.juntadeandalucia.es\/colegioesperanza\/files\/2021\/02\/dormitorio-48x48.jpg 48w\" sizes=\"(max-width: 150px) 100vw, 150px\" \/><\/p>\n<p>La<strong>&nbsp;Escuela Hogar \u201cSan Jos\u00e9\u201d<\/strong>&nbsp; atiende a<strong>&nbsp;chicos y chicas<\/strong>&nbsp;en edades comprendidas entre&nbsp;<strong>6 y 21 a\u00f1os<\/strong>, quienes asisten diariamente al&nbsp;<strong>Centro de Educaci\u00f3n Especial Nuestra Se\u00f1ora de la Esperanza<\/strong>&nbsp;en horario de 9 a 14:30, pasando el resto del d\u00eda en Escuela Hogar.&nbsp;<\/p>\n<p>&nbsp;<\/p>\n<p>Es el recurso ideal para el desarrollo de personas que presentan alguna dificultad en el desarrollo de aspectos relacionados con su vida.<img loading=\"lazy\" decoding=\"async\" class=\"wp-image-1132 alignright\" src=\"https:\/\/blogsaverroes.juntadeandalucia.es\/colegioesperanza\/files\/2021\/02\/Ducha-adaptada.jpg\" alt=\"\" width=\"286\" height=\"286\" srcset=\"https:\/\/blogsaverroes.juntadeandalucia.es\/colegioesperanza\/files\/2021\/02\/Ducha-adaptada.jpg 150w, https:\/\/blogsaverroes.juntadeandalucia.es\/colegioesperanza\/files\/2021\/02\/Ducha-adaptada-100x100.jpg 100w, https:\/\/blogsaverroes.juntadeandalucia.es\/colegioesperanza\/files\/2021\/02\/Ducha-adaptada-24x24.jpg 24w, https:\/\/blogsaverroes.juntadeandalucia.es\/colegioesperanza\/files\/2021\/02\/Ducha-adaptada-36x36.jpg 36w, https:\/\/blogsaverroes.juntadeandalucia.es\/colegioesperanza\/files\/2021\/02\/Ducha-adaptada-48x48.jpg 48w\" sizes=\"(max-width: 286px) 100vw, 286px\" \/> El rango de discapacidad es muy variado, desde alumnos\/as que presentan una leve discapacidad, gravemente afectados, personas con dificultades en las relaciones sociales, afectividad, graves trastornos de conducta, etc.&nbsp; Es por ello que se realizan todo tipo de actividades adaptadas a las necesidades de las personas que viven en la Escuela Hogar y colegio, desde actividades de ocio y deportivas, piscina, senderismo, ciclismo, f\u00fatbol, tenis, salidas funcionales, etc.<\/p>\n<p>&nbsp;<\/p>\n<p>&nbsp;<\/p>\n","protected":false},"excerpt":{"rendered":"<p>&nbsp; La Residencia Escolar est\u00e1 situada dentro del casco urbano de Guadix, a unos 800 metros del centro de la ciudad, tiene 2.658 m2 construidos.&nbsp; Es un centro mixto que cuenta con capacidad de 75 plazas, de las cuales 48 son concertadas con Escuela Hogar por la Consejer\u00eda de Educaci\u00f3n, Cultura y Deporte de la [&hellip;]<\/p>\n","protected":false},"author":12096,"featured_media":0,"parent":0,"menu_order":0,"comment_status":"closed","ping_status":"closed","template":"","meta":{"_et_pb_use_builder":"","_et_pb_old_content":"","_et_gb_content_width":"","ngg_post_thumbnail":0,"footnotes":""},"aioseo_notices":[],"_links":{"self":[{"href":"https:\/\/blogsaverroes.juntadeandalucia.es\/colegioesperanza\/wp-json\/wp\/v2\/pages\/1048"}],"collection":[{"href":"https:\/\/blogsaverroes.juntadeandalucia.es\/colegioesperanza\/wp-json\/wp\/v2\/pages"}],"about":[{"href":"https:\/\/blogsaverroes.juntadeandalucia.es\/colegioesperanza\/wp-json\/wp\/v2\/types\/page"}],"author":[{"embeddable":true,"href":"https:\/\/blogsaverroes.juntadeandalucia.es\/colegioesperanza\/wp-json\/wp\/v2\/users\/12096"}],"replies":[{"embeddable":true,"href":"https:\/\/blogsaverroes.juntadeandalucia.es\/colegioesperanza\/wp-json\/wp\/v2\/comments?post=1048"}],"version-history":[{"count":9,"href":"https:\/\/blogsaverroes.juntadeandalucia.es\/colegioesperanza\/wp-json\/wp\/v2\/pages\/1048\/revisions"}],"predecessor-version":[{"id":1124,"href":"https:\/\/blogsaverroes.juntadeandalucia.es\/colegioesperanza\/wp-json\/wp\/v2\/pages\/1048\/revisions\/1124"}],"wp:attachment":[{"href":"https:\/\/blogsaverroes.juntadeandalucia.es\/colegioesperanza\/wp-json\/wp\/v2\/media?parent=1048"}],"curies":[{"name":"wp","href":"https:\/\/api.w.org\/{rel}","templated":true}]}}