{"id":1055,"date":"2021-02-01T16:30:13","date_gmt":"2021-02-01T15:30:13","guid":{"rendered":"https:\/\/blogsaverroes.juntadeandalucia.es\/colegioesperanza\/?page_id=1055"},"modified":"2021-05-31T08:41:32","modified_gmt":"2021-05-31T07:41:32","slug":"servicio-de-psicologia","status":"publish","type":"page","link":"https:\/\/blogsaverroes.juntadeandalucia.es\/colegioesperanza\/servicio-de-psicologia\/","title":{"rendered":"Servicio de Psicolog\u00eda"},"content":{"rendered":"<p>&nbsp;<\/p>\n<p><img loading=\"lazy\" decoding=\"async\" class=\"size-medium wp-image-1284 alignright\" src=\"https:\/\/blogsaverroes.juntadeandalucia.es\/colegioesperanza\/files\/2021\/02\/psicolog\u00eda-300x300.jpg\" alt=\"\" width=\"300\" height=\"300\" srcset=\"https:\/\/blogsaverroes.juntadeandalucia.es\/colegioesperanza\/files\/2021\/02\/psicolog\u00eda-300x300.jpg 300w, https:\/\/blogsaverroes.juntadeandalucia.es\/colegioesperanza\/files\/2021\/02\/psicolog\u00eda-1024x1024.jpg 1024w, https:\/\/blogsaverroes.juntadeandalucia.es\/colegioesperanza\/files\/2021\/02\/psicolog\u00eda-150x150.jpg 150w, https:\/\/blogsaverroes.juntadeandalucia.es\/colegioesperanza\/files\/2021\/02\/psicolog\u00eda-768x768.jpg 768w, https:\/\/blogsaverroes.juntadeandalucia.es\/colegioesperanza\/files\/2021\/02\/psicolog\u00eda-100x100.jpg 100w, https:\/\/blogsaverroes.juntadeandalucia.es\/colegioesperanza\/files\/2021\/02\/psicolog\u00eda-1536x1536.jpg 1536w, https:\/\/blogsaverroes.juntadeandalucia.es\/colegioesperanza\/files\/2021\/02\/psicolog\u00eda-1080x1080.jpg 1080w, https:\/\/blogsaverroes.juntadeandalucia.es\/colegioesperanza\/files\/2021\/02\/psicolog\u00eda-1280x1280.jpg 1280w, https:\/\/blogsaverroes.juntadeandalucia.es\/colegioesperanza\/files\/2021\/02\/psicolog\u00eda-980x980.jpg 980w, https:\/\/blogsaverroes.juntadeandalucia.es\/colegioesperanza\/files\/2021\/02\/psicolog\u00eda-480x480.jpg 480w, https:\/\/blogsaverroes.juntadeandalucia.es\/colegioesperanza\/files\/2021\/02\/psicolog\u00eda-24x24.jpg 24w, https:\/\/blogsaverroes.juntadeandalucia.es\/colegioesperanza\/files\/2021\/02\/psicolog\u00eda-36x36.jpg 36w, https:\/\/blogsaverroes.juntadeandalucia.es\/colegioesperanza\/files\/2021\/02\/psicolog\u00eda-48x48.jpg 48w, https:\/\/blogsaverroes.juntadeandalucia.es\/colegioesperanza\/files\/2021\/02\/psicolog\u00eda.jpg 1920w\" sizes=\"(max-width: 300px) 100vw, 300px\" \/><\/p>\n<p>El Departamento de <strong>Psicolog\u00eda y Orientaci\u00f3n<\/strong> del centro est\u00e1 compuesto por dos psic\u00f3logas que realizan una intervenci\u00f3n terap\u00e9utica con todo el alumnado de Educaci\u00f3n Especial <strong>(EBE) <\/strong>y de los Programas de Formaci\u00f3n a la Transici\u00f3n a la Vida Adulta <strong>(PTVAL), <\/strong>que puede ser de manera directa e &nbsp;indirecta, individual y grupal.<\/p>\n<p>Desde el mismo se desarrolla una labor de <strong>apoyo<\/strong> y<strong> asesoramiento <\/strong>de manera continua y sistem\u00e1tica, tanto al <strong>alumnado<\/strong> y sus<strong> familias<\/strong> con la finalidad de realizar funciones de acogida, evaluaci\u00f3n e intervenci\u00f3n en el proceso de aprendizaje desde un enfoque hol\u00edstico, abarcando los \u00e1mbitos personal, emocional, social y escolar. Adem\u00e1s se realizan funciones de <strong>orientaci\u00f3n educativa<\/strong> al personal docente, residencial &nbsp;y a las familias.<\/p>\n<p>Consideramos que el desarrollo pleno del alumno\/a, se consigue potenciando al m\u00e1ximo sus capacidades cognitivas-emocionales,&nbsp; habilidades de autonom\u00eda personal y social, con el objetivo final de alcanzar un adecuado nivel de <strong>calidad de vida<\/strong>. Para ello es necesaria&nbsp; la labor conjunta del centro educativo y residencial junto con la colaboraci\u00f3n imprescindible de las familias.<\/p>\n<p>&nbsp;<\/p>\n","protected":false},"excerpt":{"rendered":"<p>&nbsp; El Departamento de Psicolog\u00eda y Orientaci\u00f3n del centro est\u00e1 compuesto por dos psic\u00f3logas que realizan una intervenci\u00f3n terap\u00e9utica con todo el alumnado de Educaci\u00f3n Especial (EBE) y de los Programas de Formaci\u00f3n a la Transici\u00f3n a la Vida Adulta (PTVAL), que puede ser de manera directa e &nbsp;indirecta, individual y grupal. Desde el mismo [&hellip;]<\/p>\n","protected":false},"author":12096,"featured_media":0,"parent":0,"menu_order":0,"comment_status":"closed","ping_status":"closed","template":"","meta":{"_et_pb_use_builder":"","_et_pb_old_content":"","_et_gb_content_width":"","ngg_post_thumbnail":0,"footnotes":""},"aioseo_notices":[],"_links":{"self":[{"href":"https:\/\/blogsaverroes.juntadeandalucia.es\/colegioesperanza\/wp-json\/wp\/v2\/pages\/1055"}],"collection":[{"href":"https:\/\/blogsaverroes.juntadeandalucia.es\/colegioesperanza\/wp-json\/wp\/v2\/pages"}],"about":[{"href":"https:\/\/blogsaverroes.juntadeandalucia.es\/colegioesperanza\/wp-json\/wp\/v2\/types\/page"}],"author":[{"embeddable":true,"href":"https:\/\/blogsaverroes.juntadeandalucia.es\/colegioesperanza\/wp-json\/wp\/v2\/users\/12096"}],"replies":[{"embeddable":true,"href":"https:\/\/blogsaverroes.juntadeandalucia.es\/colegioesperanza\/wp-json\/wp\/v2\/comments?post=1055"}],"version-history":[{"count":6,"href":"https:\/\/blogsaverroes.juntadeandalucia.es\/colegioesperanza\/wp-json\/wp\/v2\/pages\/1055\/revisions"}],"predecessor-version":[{"id":1740,"href":"https:\/\/blogsaverroes.juntadeandalucia.es\/colegioesperanza\/wp-json\/wp\/v2\/pages\/1055\/revisions\/1740"}],"wp:attachment":[{"href":"https:\/\/blogsaverroes.juntadeandalucia.es\/colegioesperanza\/wp-json\/wp\/v2\/media?parent=1055"}],"curies":[{"name":"wp","href":"https:\/\/api.w.org\/{rel}","templated":true}]}}