{"id":1057,"date":"2021-02-01T16:30:30","date_gmt":"2021-02-01T15:30:30","guid":{"rendered":"https:\/\/blogsaverroes.juntadeandalucia.es\/colegioesperanza\/?page_id=1057"},"modified":"2021-02-03T21:43:28","modified_gmt":"2021-02-03T20:43:28","slug":"servicio-de-audicion-y-lenguaje","status":"publish","type":"page","link":"https:\/\/blogsaverroes.juntadeandalucia.es\/colegioesperanza\/servicio-de-audicion-y-lenguaje\/","title":{"rendered":"Servicio de Audici\u00f3n y lenguaje"},"content":{"rendered":"<p style=\"text-align: left\">El <strong>servicio de Audici\u00f3n y Lenguaje<\/strong>, debido a la actual&nbsp; situaci\u00f3n provocada por el covid-19, atiende de forma directa a tres unidades, en base a menor edad y necesidades logop\u00e9dicas que presentan, bien individualmente, bien junto a un\/una compa\u00f1ero\/a, del mismo grupo de convivencia. Se tienen en cuenta los siguientes criterios:<img loading=\"lazy\" decoding=\"async\" class=\" wp-image-1291 alignright\" src=\"https:\/\/blogsaverroes.juntadeandalucia.es\/colegioesperanza\/files\/2021\/02\/di\u00e1logo-300x131.jpg\" alt=\"\" width=\"424\" height=\"185\" srcset=\"https:\/\/blogsaverroes.juntadeandalucia.es\/colegioesperanza\/files\/2021\/02\/di\u00e1logo-300x131.jpg 300w, https:\/\/blogsaverroes.juntadeandalucia.es\/colegioesperanza\/files\/2021\/02\/di\u00e1logo-1024x449.jpg 1024w, https:\/\/blogsaverroes.juntadeandalucia.es\/colegioesperanza\/files\/2021\/02\/di\u00e1logo-768x336.jpg 768w, https:\/\/blogsaverroes.juntadeandalucia.es\/colegioesperanza\/files\/2021\/02\/di\u00e1logo-1536x673.jpg 1536w, https:\/\/blogsaverroes.juntadeandalucia.es\/colegioesperanza\/files\/2021\/02\/di\u00e1logo-1080x473.jpg 1080w, https:\/\/blogsaverroes.juntadeandalucia.es\/colegioesperanza\/files\/2021\/02\/di\u00e1logo-1280x561.jpg 1280w, https:\/\/blogsaverroes.juntadeandalucia.es\/colegioesperanza\/files\/2021\/02\/di\u00e1logo-980x429.jpg 980w, https:\/\/blogsaverroes.juntadeandalucia.es\/colegioesperanza\/files\/2021\/02\/di\u00e1logo-480x210.jpg 480w, https:\/\/blogsaverroes.juntadeandalucia.es\/colegioesperanza\/files\/2021\/02\/di\u00e1logo-24x11.jpg 24w, https:\/\/blogsaverroes.juntadeandalucia.es\/colegioesperanza\/files\/2021\/02\/di\u00e1logo-36x16.jpg 36w, https:\/\/blogsaverroes.juntadeandalucia.es\/colegioesperanza\/files\/2021\/02\/di\u00e1logo-48x21.jpg 48w, https:\/\/blogsaverroes.juntadeandalucia.es\/colegioesperanza\/files\/2021\/02\/di\u00e1logo.jpg 1920w\" sizes=\"(max-width: 424px) 100vw, 424px\" \/><\/p>\n<p>&#8211; La evaluaci\u00f3n inicial que se hace a los alumnos de nuevo ingreso.<\/p>\n<p>&#8211; Los resultados obtenidos en la evaluaci\u00f3n final del curso anterior.<\/p>\n<p>&#8211; Las anomal\u00edas que presentan y sus posibilidades de rehabilitaci\u00f3n.<\/p>\n<p>&#8211; La entrevista con los tutores de cada alumno\/a y con todo el personal que interviene con el alumnado.<\/p>\n","protected":false},"excerpt":{"rendered":"<p>El servicio de Audici\u00f3n y Lenguaje, debido a la actual&nbsp; situaci\u00f3n provocada por el covid-19, atiende de forma directa a tres unidades, en base a menor edad y necesidades logop\u00e9dicas que presentan, bien individualmente, bien junto a un\/una compa\u00f1ero\/a, del mismo grupo de convivencia. Se tienen en cuenta los siguientes criterios: &#8211; La evaluaci\u00f3n inicial [&hellip;]<\/p>\n","protected":false},"author":12096,"featured_media":0,"parent":0,"menu_order":0,"comment_status":"closed","ping_status":"closed","template":"","meta":{"_et_pb_use_builder":"","_et_pb_old_content":"","_et_gb_content_width":"","ngg_post_thumbnail":0,"footnotes":""},"aioseo_notices":[],"_links":{"self":[{"href":"https:\/\/blogsaverroes.juntadeandalucia.es\/colegioesperanza\/wp-json\/wp\/v2\/pages\/1057"}],"collection":[{"href":"https:\/\/blogsaverroes.juntadeandalucia.es\/colegioesperanza\/wp-json\/wp\/v2\/pages"}],"about":[{"href":"https:\/\/blogsaverroes.juntadeandalucia.es\/colegioesperanza\/wp-json\/wp\/v2\/types\/page"}],"author":[{"embeddable":true,"href":"https:\/\/blogsaverroes.juntadeandalucia.es\/colegioesperanza\/wp-json\/wp\/v2\/users\/12096"}],"replies":[{"embeddable":true,"href":"https:\/\/blogsaverroes.juntadeandalucia.es\/colegioesperanza\/wp-json\/wp\/v2\/comments?post=1057"}],"version-history":[{"count":5,"href":"https:\/\/blogsaverroes.juntadeandalucia.es\/colegioesperanza\/wp-json\/wp\/v2\/pages\/1057\/revisions"}],"predecessor-version":[{"id":1295,"href":"https:\/\/blogsaverroes.juntadeandalucia.es\/colegioesperanza\/wp-json\/wp\/v2\/pages\/1057\/revisions\/1295"}],"wp:attachment":[{"href":"https:\/\/blogsaverroes.juntadeandalucia.es\/colegioesperanza\/wp-json\/wp\/v2\/media?parent=1057"}],"curies":[{"name":"wp","href":"https:\/\/api.w.org\/{rel}","templated":true}]}}