{"id":1065,"date":"2021-02-01T16:36:27","date_gmt":"2021-02-01T15:36:27","guid":{"rendered":"https:\/\/blogsaverroes.juntadeandalucia.es\/colegioesperanza\/?page_id=1065"},"modified":"2024-12-05T13:58:14","modified_gmt":"2024-12-05T12:58:14","slug":"equipo-directivo","status":"publish","type":"page","link":"https:\/\/blogsaverroes.juntadeandalucia.es\/colegioesperanza\/equipo-directivo\/","title":{"rendered":"Equipo Directivo"},"content":{"rendered":"<p style=\"text-align: left\">Durante el presente curso escolar 2021-22, el Equipo directivo de nuestro centro estar\u00e1 compuesto por:<\/p>\n<ul style=\"list-style-type: disc\">\n<li>Encarnaci\u00f3n Trivi\u00f1o Rivas (Directora Pedag\u00f3gica).<\/li>\n<li>Isabel Castillo Mar\u00edn (Jefa de estudios).<\/li>\n<li>Francisco Hidalgo Moya (Secretario).<\/li>\n<\/ul>\n","protected":false},"excerpt":{"rendered":"<p>Durante el presente curso escolar 2021-22, el Equipo directivo de nuestro centro estar\u00e1 compuesto por: Encarnaci\u00f3n Trivi\u00f1o Rivas (Directora Pedag\u00f3gica). Isabel Castillo Mar\u00edn (Jefa de estudios). Francisco Hidalgo Moya (Secretario).<\/p>\n","protected":false},"author":12096,"featured_media":0,"parent":0,"menu_order":0,"comment_status":"closed","ping_status":"closed","template":"","meta":{"_et_pb_use_builder":"","_et_pb_old_content":"","_et_gb_content_width":"","ngg_post_thumbnail":0,"footnotes":""},"aioseo_notices":[],"_links":{"self":[{"href":"https:\/\/blogsaverroes.juntadeandalucia.es\/colegioesperanza\/wp-json\/wp\/v2\/pages\/1065"}],"collection":[{"href":"https:\/\/blogsaverroes.juntadeandalucia.es\/colegioesperanza\/wp-json\/wp\/v2\/pages"}],"about":[{"href":"https:\/\/blogsaverroes.juntadeandalucia.es\/colegioesperanza\/wp-json\/wp\/v2\/types\/page"}],"author":[{"embeddable":true,"href":"https:\/\/blogsaverroes.juntadeandalucia.es\/colegioesperanza\/wp-json\/wp\/v2\/users\/12096"}],"replies":[{"embeddable":true,"href":"https:\/\/blogsaverroes.juntadeandalucia.es\/colegioesperanza\/wp-json\/wp\/v2\/comments?post=1065"}],"version-history":[{"count":11,"href":"https:\/\/blogsaverroes.juntadeandalucia.es\/colegioesperanza\/wp-json\/wp\/v2\/pages\/1065\/revisions"}],"predecessor-version":[{"id":7730,"href":"https:\/\/blogsaverroes.juntadeandalucia.es\/colegioesperanza\/wp-json\/wp\/v2\/pages\/1065\/revisions\/7730"}],"wp:attachment":[{"href":"https:\/\/blogsaverroes.juntadeandalucia.es\/colegioesperanza\/wp-json\/wp\/v2\/media?parent=1065"}],"curies":[{"name":"wp","href":"https:\/\/api.w.org\/{rel}","templated":true}]}}