{"id":1165,"date":"2021-02-01T23:50:25","date_gmt":"2021-02-01T22:50:25","guid":{"rendered":"https:\/\/blogsaverroes.juntadeandalucia.es\/colegioesperanza\/?page_id=1165"},"modified":"2021-02-15T10:42:13","modified_gmt":"2021-02-15T09:42:13","slug":"proyecto-web-de-centro-y-actualizacion-digital-docente","status":"publish","type":"page","link":"https:\/\/blogsaverroes.juntadeandalucia.es\/colegioesperanza\/proyecto-web-de-centro-y-actualizacion-digital-docente\/","title":{"rendered":"Proyecto web de centro y actualizaci\u00f3n digital docente"},"content":{"rendered":"<p><span style=\"font-size: 14pt\"><strong><em>&#8220;CREACI\u00d3N DE P\u00c1GINA WEB DE CENTRO Y ACTUALIZACI\u00d3N DIGITAL DOCENTE&#8221;<\/em><\/strong><\/span><\/p>\n<p><img loading=\"lazy\" decoding=\"async\" class=\"aligncenter wp-image-1170 size-full\" src=\"https:\/\/blogsaverroes.juntadeandalucia.es\/colegioesperanza\/files\/2021\/02\/finger-769300_1920-e1612220438701.jpg\" alt=\"\" width=\"1920\" height=\"1132\" srcset=\"https:\/\/blogsaverroes.juntadeandalucia.es\/colegioesperanza\/files\/2021\/02\/finger-769300_1920-e1612220438701.jpg 1920w, https:\/\/blogsaverroes.juntadeandalucia.es\/colegioesperanza\/files\/2021\/02\/finger-769300_1920-e1612220438701-1280x720.jpg 1280w, https:\/\/blogsaverroes.juntadeandalucia.es\/colegioesperanza\/files\/2021\/02\/finger-769300_1920-e1612220438701-980x551.jpg 980w, https:\/\/blogsaverroes.juntadeandalucia.es\/colegioesperanza\/files\/2021\/02\/finger-769300_1920-e1612220438701-480x270.jpg 480w\" sizes=\"(min-width: 0px) and (max-width: 480px) 480px, (min-width: 481px) and (max-width: 980px) 980px, (min-width: 981px) and (max-width: 1280px) 1280px, (min-width: 1281px) 1920px, 100vw\" \/><\/p>\n<p><span style=\"color: #0000ff\"><strong><a style=\"color: #0000ff\" href=\"https:\/\/blogsaverroes.juntadeandalucia.es\/colegioesperanza\/files\/2021\/02\/Proyecto-Creacion-de-pagina-web-y-actualizacion-digital-docente.pdf\">https:\/\/blogsaverroes.juntadeandalucia.es\/colegioesperanza\/files\/2021\/02\/Proyecto-Creacion-de-pagina-web-y-actualizacion-digital-docente.pdf<\/a><\/strong><\/span><\/p>\n","protected":false},"excerpt":{"rendered":"<p>&#8220;CREACI\u00d3N DE P\u00c1GINA WEB DE CENTRO Y ACTUALIZACI\u00d3N DIGITAL DOCENTE&#8221; https:\/\/blogsaverroes.juntadeandalucia.es\/colegioesperanza\/files\/2021\/02\/Proyecto-Creacion-de-pagina-web-y-actualizacion-digital-docente.pdf<\/p>\n","protected":false},"author":12096,"featured_media":0,"parent":0,"menu_order":0,"comment_status":"closed","ping_status":"closed","template":"","meta":{"_et_pb_use_builder":"","_et_pb_old_content":"","_et_gb_content_width":"","ngg_post_thumbnail":0,"footnotes":""},"aioseo_notices":[],"_links":{"self":[{"href":"https:\/\/blogsaverroes.juntadeandalucia.es\/colegioesperanza\/wp-json\/wp\/v2\/pages\/1165"}],"collection":[{"href":"https:\/\/blogsaverroes.juntadeandalucia.es\/colegioesperanza\/wp-json\/wp\/v2\/pages"}],"about":[{"href":"https:\/\/blogsaverroes.juntadeandalucia.es\/colegioesperanza\/wp-json\/wp\/v2\/types\/page"}],"author":[{"embeddable":true,"href":"https:\/\/blogsaverroes.juntadeandalucia.es\/colegioesperanza\/wp-json\/wp\/v2\/users\/12096"}],"replies":[{"embeddable":true,"href":"https:\/\/blogsaverroes.juntadeandalucia.es\/colegioesperanza\/wp-json\/wp\/v2\/comments?post=1165"}],"version-history":[{"count":6,"href":"https:\/\/blogsaverroes.juntadeandalucia.es\/colegioesperanza\/wp-json\/wp\/v2\/pages\/1165\/revisions"}],"predecessor-version":[{"id":1473,"href":"https:\/\/blogsaverroes.juntadeandalucia.es\/colegioesperanza\/wp-json\/wp\/v2\/pages\/1165\/revisions\/1473"}],"wp:attachment":[{"href":"https:\/\/blogsaverroes.juntadeandalucia.es\/colegioesperanza\/wp-json\/wp\/v2\/media?parent=1165"}],"curies":[{"name":"wp","href":"https:\/\/api.w.org\/{rel}","templated":true}]}}