{"id":1188,"date":"2021-02-02T08:41:52","date_gmt":"2021-02-02T07:41:52","guid":{"rendered":"https:\/\/blogsaverroes.juntadeandalucia.es\/colegioesperanza\/?page_id=1188"},"modified":"2021-02-15T10:44:08","modified_gmt":"2021-02-15T09:44:08","slug":"conectate-a-la-inclusion","status":"publish","type":"page","link":"https:\/\/blogsaverroes.juntadeandalucia.es\/colegioesperanza\/conectate-a-la-inclusion\/","title":{"rendered":"Con\u00e9ctate a la inclusi\u00f3n"},"content":{"rendered":"<p><img loading=\"lazy\" decoding=\"async\" class=\"aligncenter wp-image-1203 size-full\" src=\"https:\/\/blogsaverroes.juntadeandalucia.es\/colegioesperanza\/files\/2021\/02\/conexctate.jpg\" alt=\"\" width=\"784\" height=\"442\" srcset=\"https:\/\/blogsaverroes.juntadeandalucia.es\/colegioesperanza\/files\/2021\/02\/conexctate.jpg 784w, https:\/\/blogsaverroes.juntadeandalucia.es\/colegioesperanza\/files\/2021\/02\/conexctate-480x271.jpg 480w\" sizes=\"(min-width: 0px) and (max-width: 480px) 480px, (min-width: 481px) 784px, 100vw\" \/><\/p>\n<p>Actualmente vivimos inmersos en la denominada era digital, basada en el uso de las TICs, es decir, las Tecnolog\u00edas de la Informaci\u00f3n y la Comunicaci\u00f3n, las cuales est\u00e1n trasformando nuestra vida tanto a nivel personal como profesional.<\/p>\n<p>Est\u00e1 cambiando el acceso a la informaci\u00f3n y los aprendizajes, as\u00ed como las maneras de comunicarnos y relacionarnos.<\/p>\n<p>El objetivo \u00faltimo de este proyecto, no es otro que el de dar a conocer y acercar las TICs a todas las personas en general, a los profesionales que trabajan diariamente con personas con discapacidad &nbsp;y a \u00e9stas \u00faltimas, en particular, haciendo su inclusi\u00f3n mucho m\u00e1s plena, realizando para ello una revisi\u00f3n bibliogr\u00e1fica sobre esta tem\u00e1tica.<\/p>\n<p>Adem\u00e1s, los \u00faltimos acontecimientos, que desgraciadamente nos ha tocado vivir como consecuencia del COVID-19, y que ha provocado el confinamiento de la poblaci\u00f3n, ha dejado m\u00e1s que patente la necesidad de poseer estos conocimientos.<\/p>\n<p><span style=\"color: #0000ff\"><strong><a style=\"color: #0000ff\" href=\"https:\/\/blogsaverroes.juntadeandalucia.es\/colegioesperanza\/files\/2021\/02\/Con\u00e9ctate-a-la-inclusi\u00f3n.pdf\">Acceso a PDF del proyecto<\/a><\/strong><\/span><\/p>\n","protected":false},"excerpt":{"rendered":"<p>Actualmente vivimos inmersos en la denominada era digital, basada en el uso de las TICs, es decir, las Tecnolog\u00edas de la Informaci\u00f3n y la Comunicaci\u00f3n, las cuales est\u00e1n trasformando nuestra vida tanto a nivel personal como profesional. Est\u00e1 cambiando el acceso a la informaci\u00f3n y los aprendizajes, as\u00ed como las maneras de comunicarnos y relacionarnos. [&hellip;]<\/p>\n","protected":false},"author":12096,"featured_media":0,"parent":0,"menu_order":0,"comment_status":"closed","ping_status":"closed","template":"","meta":{"_et_pb_use_builder":"","_et_pb_old_content":"","_et_gb_content_width":"","ngg_post_thumbnail":0,"footnotes":""},"aioseo_notices":[],"_links":{"self":[{"href":"https:\/\/blogsaverroes.juntadeandalucia.es\/colegioesperanza\/wp-json\/wp\/v2\/pages\/1188"}],"collection":[{"href":"https:\/\/blogsaverroes.juntadeandalucia.es\/colegioesperanza\/wp-json\/wp\/v2\/pages"}],"about":[{"href":"https:\/\/blogsaverroes.juntadeandalucia.es\/colegioesperanza\/wp-json\/wp\/v2\/types\/page"}],"author":[{"embeddable":true,"href":"https:\/\/blogsaverroes.juntadeandalucia.es\/colegioesperanza\/wp-json\/wp\/v2\/users\/12096"}],"replies":[{"embeddable":true,"href":"https:\/\/blogsaverroes.juntadeandalucia.es\/colegioesperanza\/wp-json\/wp\/v2\/comments?post=1188"}],"version-history":[{"count":4,"href":"https:\/\/blogsaverroes.juntadeandalucia.es\/colegioesperanza\/wp-json\/wp\/v2\/pages\/1188\/revisions"}],"predecessor-version":[{"id":1475,"href":"https:\/\/blogsaverroes.juntadeandalucia.es\/colegioesperanza\/wp-json\/wp\/v2\/pages\/1188\/revisions\/1475"}],"wp:attachment":[{"href":"https:\/\/blogsaverroes.juntadeandalucia.es\/colegioesperanza\/wp-json\/wp\/v2\/media?parent=1188"}],"curies":[{"name":"wp","href":"https:\/\/api.w.org\/{rel}","templated":true}]}}