{"id":1335,"date":"2021-02-05T20:36:12","date_gmt":"2021-02-05T19:36:12","guid":{"rendered":"https:\/\/blogsaverroes.juntadeandalucia.es\/colegioesperanza\/?page_id=1335"},"modified":"2021-02-05T20:36:12","modified_gmt":"2021-02-05T19:36:12","slug":"plan-de-autoproteccion-y-evacuacion","status":"publish","type":"page","link":"https:\/\/blogsaverroes.juntadeandalucia.es\/colegioesperanza\/plan-de-autoproteccion-y-evacuacion\/","title":{"rendered":"Plan de Autoprotecci\u00f3n y evacuaci\u00f3n"},"content":{"rendered":"<p>Un <strong>plan de autoprotecci\u00f3n<\/strong> es un instrumento que est\u00e1 dirigido a un logro y al fomento de la prevenci\u00f3n y a la protecci\u00f3n de las personas, los bienes, el medio ambiente y las actividades que se realizan en la Colegio de forma que permita:<\/p>\n<ul style=\"list-style-type: circle\">\n<li>Prever una emergencia antes de que ocurra.<\/li>\n<li>Prevenir la emergencia, disponiendo los medios materiales y humanos necesarios, dentro de un l\u00edmite de tiempo razonable, para que no llegue a desarrollarse o sus consecuencias negativas sean m\u00ednimas.<\/li>\n<li>Actuar ante la emergencia cuando, pese a lo anterior, esta aparezca, usando para ello los medios de que nos hemos dotado anteriormente para su neutralizaci\u00f3n.<\/li>\n<\/ul>\n<p>Una <strong>emergencia<\/strong> es una situaci\u00f3n&nbsp; derivada de un suceso extraordinario que ocurre de una forma repentina e inesperada y que&nbsp; puede llegar a producir da\u00f1os muy agraves a personas e instalaciones, por lo que requiere una actuaci\u00f3n inmediata y organizada.<\/p>\n","protected":false},"excerpt":{"rendered":"<p>Un plan de autoprotecci\u00f3n es un instrumento que est\u00e1 dirigido a un logro y al fomento de la prevenci\u00f3n y a la protecci\u00f3n de las personas, los bienes, el medio ambiente y las actividades que se realizan en la Colegio de forma que permita: Prever una emergencia antes de que ocurra. Prevenir la emergencia, disponiendo [&hellip;]<\/p>\n","protected":false},"author":12096,"featured_media":0,"parent":0,"menu_order":0,"comment_status":"closed","ping_status":"closed","template":"","meta":{"_et_pb_use_builder":"","_et_pb_old_content":"","_et_gb_content_width":"","ngg_post_thumbnail":0,"footnotes":""},"aioseo_notices":[],"_links":{"self":[{"href":"https:\/\/blogsaverroes.juntadeandalucia.es\/colegioesperanza\/wp-json\/wp\/v2\/pages\/1335"}],"collection":[{"href":"https:\/\/blogsaverroes.juntadeandalucia.es\/colegioesperanza\/wp-json\/wp\/v2\/pages"}],"about":[{"href":"https:\/\/blogsaverroes.juntadeandalucia.es\/colegioesperanza\/wp-json\/wp\/v2\/types\/page"}],"author":[{"embeddable":true,"href":"https:\/\/blogsaverroes.juntadeandalucia.es\/colegioesperanza\/wp-json\/wp\/v2\/users\/12096"}],"replies":[{"embeddable":true,"href":"https:\/\/blogsaverroes.juntadeandalucia.es\/colegioesperanza\/wp-json\/wp\/v2\/comments?post=1335"}],"version-history":[{"count":1,"href":"https:\/\/blogsaverroes.juntadeandalucia.es\/colegioesperanza\/wp-json\/wp\/v2\/pages\/1335\/revisions"}],"predecessor-version":[{"id":1336,"href":"https:\/\/blogsaverroes.juntadeandalucia.es\/colegioesperanza\/wp-json\/wp\/v2\/pages\/1335\/revisions\/1336"}],"wp:attachment":[{"href":"https:\/\/blogsaverroes.juntadeandalucia.es\/colegioesperanza\/wp-json\/wp\/v2\/media?parent=1335"}],"curies":[{"name":"wp","href":"https:\/\/api.w.org\/{rel}","templated":true}]}}