{"id":1337,"date":"2021-02-05T20:43:16","date_gmt":"2021-02-05T19:43:16","guid":{"rendered":"https:\/\/blogsaverroes.juntadeandalucia.es\/colegioesperanza\/?page_id=1337"},"modified":"2021-02-05T20:43:16","modified_gmt":"2021-02-05T19:43:16","slug":"proyecto-de-coeducacion","status":"publish","type":"page","link":"https:\/\/blogsaverroes.juntadeandalucia.es\/colegioesperanza\/proyecto-de-coeducacion\/","title":{"rendered":"Proyecto de coeducaci\u00f3n"},"content":{"rendered":"<p>Con el fin de crear las condiciones que permitan seguir<img loading=\"lazy\" decoding=\"async\" class=\"size-medium wp-image-1339 alignleft\" src=\"https:\/\/blogsaverroes.juntadeandalucia.es\/colegioesperanza\/files\/2021\/02\/coeducaci\u00f3n-300x160.jpg\" alt=\"\" width=\"300\" height=\"160\" srcset=\"https:\/\/blogsaverroes.juntadeandalucia.es\/colegioesperanza\/files\/2021\/02\/coeducaci\u00f3n-300x160.jpg 300w, https:\/\/blogsaverroes.juntadeandalucia.es\/colegioesperanza\/files\/2021\/02\/coeducaci\u00f3n-480x255.jpg 480w, https:\/\/blogsaverroes.juntadeandalucia.es\/colegioesperanza\/files\/2021\/02\/coeducaci\u00f3n.jpg 620w\" sizes=\"(max-width: 300px) 100vw, 300px\" \/><\/p>\n<p>avanzando en la construcci\u00f3n de una sociedad m\u00e1s igualitaria,<\/p>\n<p>desde la convivencia el reconocimiento, la cooperaci\u00f3n y el respeto mutuo<\/p>\n","protected":false},"excerpt":{"rendered":"<p>Con el fin de crear las condiciones que permitan seguir avanzando en la construcci\u00f3n de una sociedad m\u00e1s igualitaria, desde la convivencia el reconocimiento, la cooperaci\u00f3n y el respeto mutuo<\/p>\n","protected":false},"author":12096,"featured_media":0,"parent":0,"menu_order":0,"comment_status":"closed","ping_status":"closed","template":"","meta":{"_et_pb_use_builder":"","_et_pb_old_content":"","_et_gb_content_width":"","ngg_post_thumbnail":0,"footnotes":""},"aioseo_notices":[],"_links":{"self":[{"href":"https:\/\/blogsaverroes.juntadeandalucia.es\/colegioesperanza\/wp-json\/wp\/v2\/pages\/1337"}],"collection":[{"href":"https:\/\/blogsaverroes.juntadeandalucia.es\/colegioesperanza\/wp-json\/wp\/v2\/pages"}],"about":[{"href":"https:\/\/blogsaverroes.juntadeandalucia.es\/colegioesperanza\/wp-json\/wp\/v2\/types\/page"}],"author":[{"embeddable":true,"href":"https:\/\/blogsaverroes.juntadeandalucia.es\/colegioesperanza\/wp-json\/wp\/v2\/users\/12096"}],"replies":[{"embeddable":true,"href":"https:\/\/blogsaverroes.juntadeandalucia.es\/colegioesperanza\/wp-json\/wp\/v2\/comments?post=1337"}],"version-history":[{"count":1,"href":"https:\/\/blogsaverroes.juntadeandalucia.es\/colegioesperanza\/wp-json\/wp\/v2\/pages\/1337\/revisions"}],"predecessor-version":[{"id":1340,"href":"https:\/\/blogsaverroes.juntadeandalucia.es\/colegioesperanza\/wp-json\/wp\/v2\/pages\/1337\/revisions\/1340"}],"wp:attachment":[{"href":"https:\/\/blogsaverroes.juntadeandalucia.es\/colegioesperanza\/wp-json\/wp\/v2\/media?parent=1337"}],"curies":[{"name":"wp","href":"https:\/\/api.w.org\/{rel}","templated":true}]}}