{"id":1572,"date":"2021-03-15T11:03:37","date_gmt":"2021-03-15T10:03:37","guid":{"rendered":"https:\/\/blogsaverroes.juntadeandalucia.es\/colegioesperanza\/?page_id=1572"},"modified":"2021-03-16T20:07:51","modified_gmt":"2021-03-16T19:07:51","slug":"taller-cocina","status":"publish","type":"page","link":"https:\/\/blogsaverroes.juntadeandalucia.es\/colegioesperanza\/taller-cocina\/","title":{"rendered":"Taller cocina"},"content":{"rendered":"<p>A trav\u00e9s del realizaci\u00f3n de este proyecto se pretende desarrollar y afianzar las actividades dom\u00e9sticas promoviendo el mayor grado posible de autonom\u00eda personal y de integraci\u00f3n social, centr\u00e1ndonos en las tareas relacionadas con la cocina.<\/p>\n<p>Los objetivos que se trabajan:<\/p>\n<p>\u00b7 Conocer y descubrir los utensilios necesarios para cocinar<\/p>\n<p>\u00b7 Valorar la importancia de una buena higiene para manipular los alimentos.<\/p>\n<p>\u00b7 Elaborar recetas sencillas que puedan reproducir en casa.<\/p>\n<p>\u00b7 Aprender y conocer los diferentes tipos de alimentos<\/p>\n<p>\u00b7 Explorar y manipular alimentos.<\/p>\n<p>\u00b7 Conocer algunas t\u00e9cnicas de cocina<\/p>\n<p>\u00b7 Reforzar h\u00e1bitos sociales entorno a la cocina<\/p>\n<p>\u00b7 Valorar la importancia del trabajo colaborativo<\/p>\n<p>\u00b7 Aprender nuevo vocabulario.<\/p>\n<p>\u00b7 Realizar actividades relacionadas con la cocina (fregar, barrer, poner y quitar la mesa, mantener limpio el lugar de trabajo..)<\/p>\n<p>\u00b7 Afianzar y reforzar las habilidades sociales del grupo .<\/p>\n<p>Aulas 13, 14 y 15 (Grupo de convivencia 7\u00ba)<\/p>\n","protected":false},"excerpt":{"rendered":"<p>A trav\u00e9s del realizaci\u00f3n de este proyecto se pretende desarrollar y afianzar las actividades dom\u00e9sticas promoviendo el mayor grado posible de autonom\u00eda personal y de integraci\u00f3n social, centr\u00e1ndonos en las tareas relacionadas con la cocina. Los objetivos que se trabajan: \u00b7 Conocer y descubrir los utensilios necesarios para cocinar \u00b7 Valorar la importancia de una [&hellip;]<\/p>\n","protected":false},"author":12096,"featured_media":0,"parent":0,"menu_order":0,"comment_status":"closed","ping_status":"closed","template":"","meta":{"_et_pb_use_builder":"","_et_pb_old_content":"","_et_gb_content_width":"","ngg_post_thumbnail":0,"footnotes":""},"aioseo_notices":[],"_links":{"self":[{"href":"https:\/\/blogsaverroes.juntadeandalucia.es\/colegioesperanza\/wp-json\/wp\/v2\/pages\/1572"}],"collection":[{"href":"https:\/\/blogsaverroes.juntadeandalucia.es\/colegioesperanza\/wp-json\/wp\/v2\/pages"}],"about":[{"href":"https:\/\/blogsaverroes.juntadeandalucia.es\/colegioesperanza\/wp-json\/wp\/v2\/types\/page"}],"author":[{"embeddable":true,"href":"https:\/\/blogsaverroes.juntadeandalucia.es\/colegioesperanza\/wp-json\/wp\/v2\/users\/12096"}],"replies":[{"embeddable":true,"href":"https:\/\/blogsaverroes.juntadeandalucia.es\/colegioesperanza\/wp-json\/wp\/v2\/comments?post=1572"}],"version-history":[{"count":3,"href":"https:\/\/blogsaverroes.juntadeandalucia.es\/colegioesperanza\/wp-json\/wp\/v2\/pages\/1572\/revisions"}],"predecessor-version":[{"id":1577,"href":"https:\/\/blogsaverroes.juntadeandalucia.es\/colegioesperanza\/wp-json\/wp\/v2\/pages\/1572\/revisions\/1577"}],"wp:attachment":[{"href":"https:\/\/blogsaverroes.juntadeandalucia.es\/colegioesperanza\/wp-json\/wp\/v2\/media?parent=1572"}],"curies":[{"name":"wp","href":"https:\/\/api.w.org\/{rel}","templated":true}]}}