{"id":228,"date":"2020-02-23T07:35:33","date_gmt":"2020-02-23T06:35:33","guid":{"rendered":"http:\/\/blogsaverroes.juntadeandalucia.es\/colegiofelix\/?page_id=228"},"modified":"2026-02-24T15:47:27","modified_gmt":"2026-02-24T14:47:27","slug":"revista-escolar","status":"publish","type":"page","link":"https:\/\/blogsaverroes.juntadeandalucia.es\/colegiofelix\/revista-escolar\/","title":{"rendered":"REVISTA ESCOLAR"},"content":{"rendered":"<p>Revista Colegio F\u00e9lix 2013<\/p>\n<p><a href=\"https:\/\/blogsaverroes.juntadeandalucia.es\/colegiofelix\/files\/2020\/04\/revista-felix2013.pdf\"><img loading=\"lazy\" decoding=\"async\" class=\"alignnone wp-image-433\" src=\"https:\/\/blogsaverroes.juntadeandalucia.es\/colegiofelix\/files\/2020\/04\/Revista-Colegio-Felix-2013-300x212.jpg\" alt=\"\" width=\"158\" height=\"112\" srcset=\"https:\/\/blogsaverroes.juntadeandalucia.es\/colegiofelix\/files\/2020\/04\/Revista-Colegio-Felix-2013-300x212.jpg 300w, https:\/\/blogsaverroes.juntadeandalucia.es\/colegiofelix\/files\/2020\/04\/Revista-Colegio-Felix-2013-768x544.jpg 768w, https:\/\/blogsaverroes.juntadeandalucia.es\/colegiofelix\/files\/2020\/04\/Revista-Colegio-Felix-2013-1024x725.jpg 1024w, https:\/\/blogsaverroes.juntadeandalucia.es\/colegiofelix\/files\/2020\/04\/Revista-Colegio-Felix-2013-24x17.jpg 24w, https:\/\/blogsaverroes.juntadeandalucia.es\/colegiofelix\/files\/2020\/04\/Revista-Colegio-Felix-2013-36x25.jpg 36w, https:\/\/blogsaverroes.juntadeandalucia.es\/colegiofelix\/files\/2020\/04\/Revista-Colegio-Felix-2013-48x34.jpg 48w, https:\/\/blogsaverroes.juntadeandalucia.es\/colegiofelix\/files\/2020\/04\/Revista-Colegio-Felix-2013.jpg 1600w\" sizes=\"(max-width: 158px) 100vw, 158px\" \/><\/a><\/p>\n<p>&nbsp;<\/p>\n<p>Revista Colegio F\u00e9lix 2014<\/p>\n<p><a href=\"https:\/\/blogsaverroes.juntadeandalucia.es\/colegiofelix\/files\/2020\/04\/felix2014.pdf\"><img loading=\"lazy\" decoding=\"async\" class=\"alignnone wp-image-435\" src=\"https:\/\/blogsaverroes.juntadeandalucia.es\/colegiofelix\/files\/2020\/04\/Revista-Colegio-Felix-2014-300x214.jpg\" alt=\"\" width=\"158\" height=\"113\" srcset=\"https:\/\/blogsaverroes.juntadeandalucia.es\/colegiofelix\/files\/2020\/04\/Revista-Colegio-Felix-2014-300x214.jpg 300w, https:\/\/blogsaverroes.juntadeandalucia.es\/colegiofelix\/files\/2020\/04\/Revista-Colegio-Felix-2014-768x547.jpg 768w, https:\/\/blogsaverroes.juntadeandalucia.es\/colegiofelix\/files\/2020\/04\/Revista-Colegio-Felix-2014-1024x729.jpg 1024w, https:\/\/blogsaverroes.juntadeandalucia.es\/colegiofelix\/files\/2020\/04\/Revista-Colegio-Felix-2014-24x17.jpg 24w, https:\/\/blogsaverroes.juntadeandalucia.es\/colegiofelix\/files\/2020\/04\/Revista-Colegio-Felix-2014-36x26.jpg 36w, https:\/\/blogsaverroes.juntadeandalucia.es\/colegiofelix\/files\/2020\/04\/Revista-Colegio-Felix-2014-48x34.jpg 48w, https:\/\/blogsaverroes.juntadeandalucia.es\/colegiofelix\/files\/2020\/04\/Revista-Colegio-Felix-2014.jpg 1600w\" sizes=\"(max-width: 158px) 100vw, 158px\" \/><\/a><\/p>\n<p>&nbsp;<\/p>\n<p>Revista Colegio F\u00e9lix 2015<\/p>\n<p><a href=\"https:\/\/blogsaverroes.juntadeandalucia.es\/colegiofelix\/files\/2020\/04\/revista-felix2015.pdf\"><img loading=\"lazy\" decoding=\"async\" class=\"wp-image-438 alignnone\" src=\"https:\/\/blogsaverroes.juntadeandalucia.es\/colegiofelix\/files\/2020\/04\/Revista-Colegio-Felix-2015-300x212.jpg\" alt=\"\" width=\"161\" height=\"114\" srcset=\"https:\/\/blogsaverroes.juntadeandalucia.es\/colegiofelix\/files\/2020\/04\/Revista-Colegio-Felix-2015-300x212.jpg 300w, https:\/\/blogsaverroes.juntadeandalucia.es\/colegiofelix\/files\/2020\/04\/Revista-Colegio-Felix-2015-768x542.jpg 768w, https:\/\/blogsaverroes.juntadeandalucia.es\/colegiofelix\/files\/2020\/04\/Revista-Colegio-Felix-2015-1024x723.jpg 1024w, https:\/\/blogsaverroes.juntadeandalucia.es\/colegiofelix\/files\/2020\/04\/Revista-Colegio-Felix-2015-24x17.jpg 24w, https:\/\/blogsaverroes.juntadeandalucia.es\/colegiofelix\/files\/2020\/04\/Revista-Colegio-Felix-2015-36x25.jpg 36w, https:\/\/blogsaverroes.juntadeandalucia.es\/colegiofelix\/files\/2020\/04\/Revista-Colegio-Felix-2015-48x34.jpg 48w, https:\/\/blogsaverroes.juntadeandalucia.es\/colegiofelix\/files\/2020\/04\/Revista-Colegio-Felix-2015.jpg 1600w\" sizes=\"(max-width: 161px) 100vw, 161px\" \/><\/a><\/p>\n<p>&nbsp;<\/p>\n<p>Revista Colegio F\u00e9lix 2016<\/p>\n<p><a href=\"https:\/\/blogsaverroes.juntadeandalucia.es\/colegiofelix\/files\/2020\/06\/Revista-C.E.I.P-Felix-2016.pdf\"><img loading=\"lazy\" decoding=\"async\" class=\"alignnone wp-image-711\" src=\"https:\/\/blogsaverroes.juntadeandalucia.es\/colegiofelix\/files\/2020\/06\/Revista-Colegio-Felix-2016-1-300x223.jpg\" alt=\"\" width=\"161\" height=\"120\" srcset=\"https:\/\/blogsaverroes.juntadeandalucia.es\/colegiofelix\/files\/2020\/06\/Revista-Colegio-Felix-2016-1-300x223.jpg 300w, https:\/\/blogsaverroes.juntadeandalucia.es\/colegiofelix\/files\/2020\/06\/Revista-Colegio-Felix-2016-1-768x571.jpg 768w, https:\/\/blogsaverroes.juntadeandalucia.es\/colegiofelix\/files\/2020\/06\/Revista-Colegio-Felix-2016-1-1024x761.jpg 1024w, https:\/\/blogsaverroes.juntadeandalucia.es\/colegiofelix\/files\/2020\/06\/Revista-Colegio-Felix-2016-1-24x18.jpg 24w, https:\/\/blogsaverroes.juntadeandalucia.es\/colegiofelix\/files\/2020\/06\/Revista-Colegio-Felix-2016-1-36x27.jpg 36w, https:\/\/blogsaverroes.juntadeandalucia.es\/colegiofelix\/files\/2020\/06\/Revista-Colegio-Felix-2016-1-48x36.jpg 48w, https:\/\/blogsaverroes.juntadeandalucia.es\/colegiofelix\/files\/2020\/06\/Revista-Colegio-Felix-2016-1.jpg 1600w\" sizes=\"(max-width: 161px) 100vw, 161px\" \/><\/a><\/p>\n<p>&nbsp;<\/p>\n<p>&nbsp;<\/p>\n<p>Revista Colegio F\u00e9lix&nbsp; 2017<\/p>\n<p><a href=\"https:\/\/blogsaverroes.juntadeandalucia.es\/colegiofelix\/files\/2020\/04\/REVISTA-FELIX-2017.pdf\"><img loading=\"lazy\" decoding=\"async\" class=\"alignnone wp-image-446\" src=\"https:\/\/blogsaverroes.juntadeandalucia.es\/colegiofelix\/files\/2020\/04\/Revista-Colegio-Felix-2017-300x216.jpg\" alt=\"\" width=\"168\" height=\"121\" srcset=\"https:\/\/blogsaverroes.juntadeandalucia.es\/colegiofelix\/files\/2020\/04\/Revista-Colegio-Felix-2017-300x216.jpg 300w, https:\/\/blogsaverroes.juntadeandalucia.es\/colegiofelix\/files\/2020\/04\/Revista-Colegio-Felix-2017-768x554.jpg 768w, https:\/\/blogsaverroes.juntadeandalucia.es\/colegiofelix\/files\/2020\/04\/Revista-Colegio-Felix-2017-1024x738.jpg 1024w, https:\/\/blogsaverroes.juntadeandalucia.es\/colegiofelix\/files\/2020\/04\/Revista-Colegio-Felix-2017-24x17.jpg 24w, https:\/\/blogsaverroes.juntadeandalucia.es\/colegiofelix\/files\/2020\/04\/Revista-Colegio-Felix-2017-36x26.jpg 36w, https:\/\/blogsaverroes.juntadeandalucia.es\/colegiofelix\/files\/2020\/04\/Revista-Colegio-Felix-2017-48x35.jpg 48w, https:\/\/blogsaverroes.juntadeandalucia.es\/colegiofelix\/files\/2020\/04\/Revista-Colegio-Felix-2017.jpg 1600w\" sizes=\"(max-width: 168px) 100vw, 168px\" \/><\/a><\/p>\n<p>&nbsp;<\/p>\n<p>Revista Colegio F\u00e9lix 2018<\/p>\n<p><a href=\"https:\/\/blogsaverroes.juntadeandalucia.es\/colegiofelix\/files\/2020\/04\/Revista-Felix-2018.pdf\"><img loading=\"lazy\" decoding=\"async\" class=\"alignnone wp-image-448\" src=\"https:\/\/blogsaverroes.juntadeandalucia.es\/colegiofelix\/files\/2020\/04\/Revista-Colegio-Felix-2018-300x214.jpg\" alt=\"\" width=\"171\" height=\"122\" srcset=\"https:\/\/blogsaverroes.juntadeandalucia.es\/colegiofelix\/files\/2020\/04\/Revista-Colegio-Felix-2018-300x214.jpg 300w, https:\/\/blogsaverroes.juntadeandalucia.es\/colegiofelix\/files\/2020\/04\/Revista-Colegio-Felix-2018-768x548.jpg 768w, https:\/\/blogsaverroes.juntadeandalucia.es\/colegiofelix\/files\/2020\/04\/Revista-Colegio-Felix-2018-1024x731.jpg 1024w, https:\/\/blogsaverroes.juntadeandalucia.es\/colegiofelix\/files\/2020\/04\/Revista-Colegio-Felix-2018-24x17.jpg 24w, https:\/\/blogsaverroes.juntadeandalucia.es\/colegiofelix\/files\/2020\/04\/Revista-Colegio-Felix-2018-36x26.jpg 36w, https:\/\/blogsaverroes.juntadeandalucia.es\/colegiofelix\/files\/2020\/04\/Revista-Colegio-Felix-2018-48x34.jpg 48w, https:\/\/blogsaverroes.juntadeandalucia.es\/colegiofelix\/files\/2020\/04\/Revista-Colegio-Felix-2018.jpg 1600w\" sizes=\"(max-width: 171px) 100vw, 171px\" \/><\/a><\/p>\n<p>&nbsp;<\/p>\n<p>Revista Colegio F\u00e9lix&nbsp; 2019<\/p>\n<p><a href=\"https:\/\/blogsaverroes.juntadeandalucia.es\/colegiofelix\/files\/2020\/04\/REVISTA-FELIX-2019.pdf\"><img loading=\"lazy\" decoding=\"async\" class=\"alignnone wp-image-450\" src=\"https:\/\/blogsaverroes.juntadeandalucia.es\/colegiofelix\/files\/2020\/04\/Revista-Colegio-Felix-2019-300x212.jpg\" alt=\"\" width=\"175\" height=\"124\" srcset=\"https:\/\/blogsaverroes.juntadeandalucia.es\/colegiofelix\/files\/2020\/04\/Revista-Colegio-Felix-2019-300x212.jpg 300w, https:\/\/blogsaverroes.juntadeandalucia.es\/colegiofelix\/files\/2020\/04\/Revista-Colegio-Felix-2019-768x543.jpg 768w, https:\/\/blogsaverroes.juntadeandalucia.es\/colegiofelix\/files\/2020\/04\/Revista-Colegio-Felix-2019-1024x724.jpg 1024w, https:\/\/blogsaverroes.juntadeandalucia.es\/colegiofelix\/files\/2020\/04\/Revista-Colegio-Felix-2019-24x17.jpg 24w, https:\/\/blogsaverroes.juntadeandalucia.es\/colegiofelix\/files\/2020\/04\/Revista-Colegio-Felix-2019-36x25.jpg 36w, https:\/\/blogsaverroes.juntadeandalucia.es\/colegiofelix\/files\/2020\/04\/Revista-Colegio-Felix-2019-48x34.jpg 48w, https:\/\/blogsaverroes.juntadeandalucia.es\/colegiofelix\/files\/2020\/04\/Revista-Colegio-Felix-2019.jpg 1600w\" sizes=\"(max-width: 175px) 100vw, 175px\" \/><\/a><\/p>\n<p>&nbsp;<\/p>\n<p>Revista Colegio F\u00e9lix 2020<\/p>\n<p><a href=\"https:\/\/blogsaverroes.juntadeandalucia.es\/colegiofelix\/files\/2021\/01\/002_EDITORIAL-fusionado_compressed.pdf\"><img loading=\"lazy\" decoding=\"async\" class=\"alignnone wp-image-719\" src=\"https:\/\/blogsaverroes.juntadeandalucia.es\/colegiofelix\/files\/2021\/01\/PORTADA-REVISTA-FELIX-2020_2-300x214.jpg\" alt=\"\" width=\"177\" height=\"126\" srcset=\"https:\/\/blogsaverroes.juntadeandalucia.es\/colegiofelix\/files\/2021\/01\/PORTADA-REVISTA-FELIX-2020_2-300x214.jpg 300w, https:\/\/blogsaverroes.juntadeandalucia.es\/colegiofelix\/files\/2021\/01\/PORTADA-REVISTA-FELIX-2020_2-1024x730.jpg 1024w, https:\/\/blogsaverroes.juntadeandalucia.es\/colegiofelix\/files\/2021\/01\/PORTADA-REVISTA-FELIX-2020_2-768x548.jpg 768w, https:\/\/blogsaverroes.juntadeandalucia.es\/colegiofelix\/files\/2021\/01\/PORTADA-REVISTA-FELIX-2020_2-1536x1096.jpg 1536w, https:\/\/blogsaverroes.juntadeandalucia.es\/colegiofelix\/files\/2021\/01\/PORTADA-REVISTA-FELIX-2020_2-2048x1461.jpg 2048w, https:\/\/blogsaverroes.juntadeandalucia.es\/colegiofelix\/files\/2021\/01\/PORTADA-REVISTA-FELIX-2020_2-24x17.jpg 24w, https:\/\/blogsaverroes.juntadeandalucia.es\/colegiofelix\/files\/2021\/01\/PORTADA-REVISTA-FELIX-2020_2-36x26.jpg 36w, https:\/\/blogsaverroes.juntadeandalucia.es\/colegiofelix\/files\/2021\/01\/PORTADA-REVISTA-FELIX-2020_2-48x34.jpg 48w, https:\/\/blogsaverroes.juntadeandalucia.es\/colegiofelix\/files\/2021\/01\/PORTADA-REVISTA-FELIX-2020_2-scaled.jpg 1600w\" sizes=\"(max-width: 177px) 100vw, 177px\" \/><\/a><\/p>\n<p>&nbsp;<\/p>\n<p>Revista Colegio F\u00e9lix 2021<\/p>\n<p><a href=\"https:\/\/blogsaverroes.juntadeandalucia.es\/colegiofelix\/files\/2021\/06\/Revista-Amigo-Fe\u0301lix-2021.pdf\"><img loading=\"lazy\" decoding=\"async\" class=\"alignnone wp-image-872\" src=\"https:\/\/blogsaverroes.juntadeandalucia.es\/colegiofelix\/files\/2021\/06\/PORTADA-2021-300x212.jpg\" alt=\"\" width=\"179\" height=\"127\" srcset=\"https:\/\/blogsaverroes.juntadeandalucia.es\/colegiofelix\/files\/2021\/06\/PORTADA-2021-300x212.jpg 300w, https:\/\/blogsaverroes.juntadeandalucia.es\/colegiofelix\/files\/2021\/06\/PORTADA-2021-1024x724.jpg 1024w, https:\/\/blogsaverroes.juntadeandalucia.es\/colegiofelix\/files\/2021\/06\/PORTADA-2021-768x543.jpg 768w, https:\/\/blogsaverroes.juntadeandalucia.es\/colegiofelix\/files\/2021\/06\/PORTADA-2021-1536x1086.jpg 1536w, https:\/\/blogsaverroes.juntadeandalucia.es\/colegiofelix\/files\/2021\/06\/PORTADA-2021-2048x1448.jpg 2048w, https:\/\/blogsaverroes.juntadeandalucia.es\/colegiofelix\/files\/2021\/06\/PORTADA-2021.jpg 1600w\" sizes=\"(max-width: 179px) 100vw, 179px\" \/><\/a><\/p>\n<p>&nbsp;<\/p>\n<p>Revista Colegio F\u00e9lix 2022<\/p>\n<p><a href=\"https:\/\/blogsaverroes.juntadeandalucia.es\/colegiofelix\/files\/2022\/06\/REVISTA-FELIX-2022.pdf\"><img loading=\"lazy\" decoding=\"async\" class=\"alignnone wp-image-927\" src=\"https:\/\/blogsaverroes.juntadeandalucia.es\/colegiofelix\/files\/2022\/06\/PORTADA-REVISTA-FELIX-2022-300x214.jpg\" alt=\"\" width=\"183\" height=\"131\" srcset=\"https:\/\/blogsaverroes.juntadeandalucia.es\/colegiofelix\/files\/2022\/06\/PORTADA-REVISTA-FELIX-2022-300x214.jpg 300w, https:\/\/blogsaverroes.juntadeandalucia.es\/colegiofelix\/files\/2022\/06\/PORTADA-REVISTA-FELIX-2022-1024x730.jpg 1024w, https:\/\/blogsaverroes.juntadeandalucia.es\/colegiofelix\/files\/2022\/06\/PORTADA-REVISTA-FELIX-2022-768x548.jpg 768w, https:\/\/blogsaverroes.juntadeandalucia.es\/colegiofelix\/files\/2022\/06\/PORTADA-REVISTA-FELIX-2022-1536x1096.jpg 1536w, https:\/\/blogsaverroes.juntadeandalucia.es\/colegiofelix\/files\/2022\/06\/PORTADA-REVISTA-FELIX-2022-2048x1461.jpg 2048w, https:\/\/blogsaverroes.juntadeandalucia.es\/colegiofelix\/files\/2022\/06\/PORTADA-REVISTA-FELIX-2022-scaled.jpg 1600w\" sizes=\"(max-width: 183px) 100vw, 183px\" \/><\/a><\/p>\n<p>&nbsp;<\/p>\n<p>Revista Colegio F\u00e9lix 2023<\/p>\n<p><a href=\"https:\/\/blogsaverroes.juntadeandalucia.es\/colegiofelix\/files\/2023\/07\/Revista-Amigo-Fe\u0301lix-2023-.pdf\"><img loading=\"lazy\" decoding=\"async\" class=\"alignnone wp-image-1055\" src=\"https:\/\/blogsaverroes.juntadeandalucia.es\/colegiofelix\/files\/2023\/07\/PORTADA-2023-NARANJA-BUTANO-FLUORESCENTE--300x214.jpeg\" alt=\"\" width=\"181\" height=\"129\" srcset=\"https:\/\/blogsaverroes.juntadeandalucia.es\/colegiofelix\/files\/2023\/07\/PORTADA-2023-NARANJA-BUTANO-FLUORESCENTE--300x214.jpeg 300w, https:\/\/blogsaverroes.juntadeandalucia.es\/colegiofelix\/files\/2023\/07\/PORTADA-2023-NARANJA-BUTANO-FLUORESCENTE-.jpeg 320w\" sizes=\"(max-width: 181px) 100vw, 181px\" \/><\/a><\/p>\n<p>&nbsp;<\/p>\n<p>Revista Colegio F\u00e9lix 2024&nbsp;<\/p>\n<p><a href=\"https:\/\/blogsaverroes.juntadeandalucia.es\/colegiofelix\/files\/2024\/06\/amigo-felix-2024-comprimido.pdf\"><img loading=\"lazy\" decoding=\"async\" class=\"alignnone wp-image-1068\" src=\"https:\/\/blogsaverroes.juntadeandalucia.es\/colegiofelix\/files\/2024\/06\/PORTADA-REVISTA-FELIX-2024-300x214.jpg\" alt=\"\" width=\"184\" height=\"132\" srcset=\"https:\/\/blogsaverroes.juntadeandalucia.es\/colegiofelix\/files\/2024\/06\/PORTADA-REVISTA-FELIX-2024-300x214.jpg 300w, https:\/\/blogsaverroes.juntadeandalucia.es\/colegiofelix\/files\/2024\/06\/PORTADA-REVISTA-FELIX-2024-1024x730.jpg 1024w, https:\/\/blogsaverroes.juntadeandalucia.es\/colegiofelix\/files\/2024\/06\/PORTADA-REVISTA-FELIX-2024-768x548.jpg 768w, https:\/\/blogsaverroes.juntadeandalucia.es\/colegiofelix\/files\/2024\/06\/PORTADA-REVISTA-FELIX-2024-1536x1095.jpg 1536w, https:\/\/blogsaverroes.juntadeandalucia.es\/colegiofelix\/files\/2024\/06\/PORTADA-REVISTA-FELIX-2024-2048x1460.jpg 2048w, https:\/\/blogsaverroes.juntadeandalucia.es\/colegiofelix\/files\/2024\/06\/PORTADA-REVISTA-FELIX-2024.jpg 1600w\" sizes=\"(max-width: 184px) 100vw, 184px\" \/><\/a><\/p>\n<p>&nbsp;<\/p>\n<p>Revista Colegio F\u00e9lix 2025<\/p>\n<p><a href=\"https:\/\/blogsaverroes.juntadeandalucia.es\/colegiofelix\/files\/2026\/02\/REVISTA-FELIX-2025.pdf\"><img loading=\"lazy\" decoding=\"async\" class=\"alignnone wp-image-1096\" src=\"https:\/\/blogsaverroes.juntadeandalucia.es\/colegiofelix\/files\/2026\/02\/REVISTA-FELIX-2025-PORTADA-212x300.jpg\" alt=\"\" width=\"94\" height=\"133\" srcset=\"https:\/\/blogsaverroes.juntadeandalucia.es\/colegiofelix\/files\/2026\/02\/REVISTA-FELIX-2025-PORTADA-212x300.jpg 212w, https:\/\/blogsaverroes.juntadeandalucia.es\/colegiofelix\/files\/2026\/02\/REVISTA-FELIX-2025-PORTADA-724x1024.jpg 724w, https:\/\/blogsaverroes.juntadeandalucia.es\/colegiofelix\/files\/2026\/02\/REVISTA-FELIX-2025-PORTADA-768x1086.jpg 768w, https:\/\/blogsaverroes.juntadeandalucia.es\/colegiofelix\/files\/2026\/02\/REVISTA-FELIX-2025-PORTADA-1086x1536.jpg 1086w, https:\/\/blogsaverroes.juntadeandalucia.es\/colegiofelix\/files\/2026\/02\/REVISTA-FELIX-2025-PORTADA-1448x2048.jpg 1448w, https:\/\/blogsaverroes.juntadeandalucia.es\/colegiofelix\/files\/2026\/02\/REVISTA-FELIX-2025-PORTADA.jpg 1132w\" sizes=\"(max-width: 94px) 100vw, 94px\" \/><\/a><a href=\"https:\/\/blogsaverroes.juntadeandalucia.es\/colegiofelix\/files\/2026\/02\/REVISTA-FELIX-2025.pdf\"><img loading=\"lazy\" decoding=\"async\" class=\"alignnone wp-image-1097\" src=\"https:\/\/blogsaverroes.juntadeandalucia.es\/colegiofelix\/files\/2026\/02\/REVISTA-FELIX-2025-PORTADA1-212x300.jpg\" alt=\"\" width=\"94\" height=\"133\" srcset=\"https:\/\/blogsaverroes.juntadeandalucia.es\/colegiofelix\/files\/2026\/02\/REVISTA-FELIX-2025-PORTADA1-212x300.jpg 212w, https:\/\/blogsaverroes.juntadeandalucia.es\/colegiofelix\/files\/2026\/02\/REVISTA-FELIX-2025-PORTADA1-724x1024.jpg 724w, https:\/\/blogsaverroes.juntadeandalucia.es\/colegiofelix\/files\/2026\/02\/REVISTA-FELIX-2025-PORTADA1-768x1086.jpg 768w, https:\/\/blogsaverroes.juntadeandalucia.es\/colegiofelix\/files\/2026\/02\/REVISTA-FELIX-2025-PORTADA1-1086x1536.jpg 1086w, https:\/\/blogsaverroes.juntadeandalucia.es\/colegiofelix\/files\/2026\/02\/REVISTA-FELIX-2025-PORTADA1-1448x2048.jpg 1448w\" sizes=\"(max-width: 94px) 100vw, 94px\" \/><\/a><\/p>\n<p>&nbsp;<\/p>\n<p>&nbsp;<\/p>\n<p>&nbsp;<\/p>\n<p>&nbsp;<\/p>\n<p>&nbsp;<\/p>\n<p>&nbsp;<\/p>\n<p>&nbsp;<\/p>\n<p>&nbsp;<\/p>\n<p>&nbsp;<\/p>\n","protected":false},"excerpt":{"rendered":"<p>Revista Colegio F\u00e9lix 2013 &nbsp; Revista Colegio F\u00e9lix 2014 &nbsp; Revista Colegio F\u00e9lix 2015 &nbsp; Revista Colegio F\u00e9lix 2016 &nbsp; &nbsp; Revista Colegio F\u00e9lix&nbsp; 2017 &nbsp; Revista Colegio F\u00e9lix 2018 &nbsp; Revista Colegio F\u00e9lix&nbsp; 2019 &nbsp; Revista Colegio F\u00e9lix 2020 &nbsp; Revista Colegio F\u00e9lix 2021 &nbsp; Revista Colegio F\u00e9lix 2022 &nbsp; Revista Colegio F\u00e9lix 2023 [&hellip;]<\/p>\n","protected":false},"author":3519,"featured_media":0,"parent":0,"menu_order":0,"comment_status":"closed","ping_status":"closed","template":"","meta":{"ngg_post_thumbnail":0,"footnotes":""},"aioseo_notices":[],"_links":{"self":[{"href":"https:\/\/blogsaverroes.juntadeandalucia.es\/colegiofelix\/wp-json\/wp\/v2\/pages\/228"}],"collection":[{"href":"https:\/\/blogsaverroes.juntadeandalucia.es\/colegiofelix\/wp-json\/wp\/v2\/pages"}],"about":[{"href":"https:\/\/blogsaverroes.juntadeandalucia.es\/colegiofelix\/wp-json\/wp\/v2\/types\/page"}],"author":[{"embeddable":true,"href":"https:\/\/blogsaverroes.juntadeandalucia.es\/colegiofelix\/wp-json\/wp\/v2\/users\/3519"}],"replies":[{"embeddable":true,"href":"https:\/\/blogsaverroes.juntadeandalucia.es\/colegiofelix\/wp-json\/wp\/v2\/comments?post=228"}],"version-history":[{"count":53,"href":"https:\/\/blogsaverroes.juntadeandalucia.es\/colegiofelix\/wp-json\/wp\/v2\/pages\/228\/revisions"}],"predecessor-version":[{"id":1107,"href":"https:\/\/blogsaverroes.juntadeandalucia.es\/colegiofelix\/wp-json\/wp\/v2\/pages\/228\/revisions\/1107"}],"wp:attachment":[{"href":"https:\/\/blogsaverroes.juntadeandalucia.es\/colegiofelix\/wp-json\/wp\/v2\/media?parent=228"}],"curies":[{"name":"wp","href":"https:\/\/api.w.org\/{rel}","templated":true}]}}