{"id":287,"date":"2020-03-20T19:43:12","date_gmt":"2020-03-20T18:43:12","guid":{"rendered":"http:\/\/blogsaverroes.juntadeandalucia.es\/colegiofelix\/?page_id=287"},"modified":"2020-04-01T17:58:32","modified_gmt":"2020-04-01T16:58:32","slug":"area-de-aprendizaje","status":"publish","type":"page","link":"https:\/\/blogsaverroes.juntadeandalucia.es\/colegiofelix\/area-de-aprendizaje\/","title":{"rendered":"\u00c1REAS DE APRENDIZAJE"},"content":{"rendered":"<table style=\"width: 545px;height: 295px\">\n<tbody>\n<tr style=\"height: 24px\">\n<td style=\"width: 535px;height: 24px\"><strong>\u00c1rea de E. F\u00edsica.<\/strong><\/p>\n<table style=\"height: 77px;width: 292px\">\n<tbody>\n<tr style=\"height: 27px\">\n<td style=\"width: 130px;height: 27px\"><a href=\"https:\/\/youtu.be\/Z6VsBhH8MF0\">Ejercicio n\u00ba 1<\/a><\/td>\n<td style=\"width: 150px;height: 27px\"><a href=\"https:\/\/youtu.be\/3bjggxDiXyk\">Ejercicio n\u00ba 4<\/a><\/td>\n<\/tr>\n<tr style=\"height: 27px\">\n<td style=\"width: 130px;height: 27px\"><a href=\"https:\/\/youtu.be\/Dwt0qeBj85I\">Ejercicio n\u00ba 2<\/a><\/td>\n<td style=\"width: 150px;height: 27px\"><a href=\"https:\/\/youtu.be\/Dwt0qeBj85I\">Ejercicio n\u00ba 5<\/a><\/td>\n<\/tr>\n<tr style=\"height: 11px\">\n<td style=\"width: 130px;height: 11px\"><a href=\"https:\/\/youtu.be\/LOYxOzMUgAY\">Ejercicio n\u00ba 3<\/a><\/td>\n<td style=\"width: 150px;height: 11px\"><a href=\"https:\/\/youtu.be\/O-ze3CxuTMU\">Ejercicio n\u00ba 6<\/a><\/td>\n<\/tr>\n<\/tbody>\n<\/table>\n<p><a href=\"https:\/\/blogsaverroes.juntadeandalucia.es\/colegiofelix\/files\/2020\/03\/Teletrabajo-Semana-2-E.Fi\u0301sica-.docx\">Teletrabajo Semana 2 (E.Fi\u0301sica)<\/a>&nbsp;<\/p>\n<p><a href=\"https:\/\/blogsaverroes.juntadeandalucia.es\/colegiofelix\/files\/2020\/03\/Anexo-I-Teletrabajo-E.-Fi\u0301sica.docx\">Anexo I Teletrabajo (E. Fi\u0301sica)<\/a><\/p>\n<p><a href=\"https:\/\/blogsaverroes.juntadeandalucia.es\/colegiofelix\/files\/2020\/04\/Anexo-I-Teletrabajo-lunes-30.-E.-Fi\u0301sica.docx\">Anexo I Teletrabajo lunes 30. (E. Fi\u0301sica)<\/a><\/p>\n<p><a href=\"https:\/\/blogsaverroes.juntadeandalucia.es\/colegiofelix\/files\/2020\/04\/Anexo-I-Teletrabajo-Jueves-2-abril-E.-Fi\u0301sica.docx\">Anexo I Teletrabajo Jueves 2 abril (E. Fi\u0301sica)<\/a><\/p>\n<p>&nbsp;<\/td>\n<\/tr>\n<tr style=\"height: 24px\">\n<td style=\"width: 535px;height: 24px\"><strong>\u00c1rea de Lengua Extranjera: Ingl\u00e9s.<\/strong><\/p>\n<p><a href=\"https:\/\/blogsaverroes.juntadeandalucia.es\/colegiofelix\/files\/2020\/03\/Teletrabajo-Semana-2-Ingle\u0301s.pdf\">Teletrabajo Semana 2 (Ingle\u0301s)<\/a><\/p>\n<p>&nbsp;<\/p>\n<p><strong>\u00c1rea de Lengua Extranjera: Franc\u00e9s. &nbsp;<\/strong><\/p>\n<p><a href=\"https:\/\/blogsaverroes.juntadeandalucia.es\/colegiofelix\/files\/2020\/03\/Teletrabajo-Semana-2-France\u0301s.pdf\">Teletrabajo Semana 2 (France\u0301s)<\/a><\/p>\n<p>&nbsp;<\/td>\n<\/tr>\n<tr style=\"height: 24px\">\n<td style=\"width: 535px;height: 24px\"><strong>\u00c1rea de Religi\u00f3n Cat\u00f3lica.<\/strong><\/p>\n<table style=\"height: 56px\" width=\"419\">\n<tbody>\n<tr>\n<td style=\"width: 409px\"><a href=\"https:\/\/youtu.be\/44wl7Bb9eBU\">Teletrabajo Semana 2 Religi\u00f3n de 1\u00ba a 4\u00ba primaria.<\/a><\/td>\n<\/tr>\n<tr>\n<td style=\"width: 409px\"><a href=\"https:\/\/youtu.be\/xmPDv3orEuc\">Teletrabajo Semana 2 Religi\u00f3n&nbsp; 5\u00ba y 6\u00ba primaria.<\/a><\/td>\n<\/tr>\n<\/tbody>\n<\/table>\n<p><a href=\"https:\/\/blogsaverroes.juntadeandalucia.es\/colegiofelix\/files\/2020\/04\/TAREA-SEMANA-SANTA-4.pdf.pdf\">TAREA SEMANA SANTA (4).pdf<\/a><\/p>\n<p>&nbsp;<\/td>\n<\/tr>\n<tr style=\"height: 24px\">\n<td style=\"width: 535px;height: 24px\"><strong>\u00c1rea de E. Musical.<\/strong><\/p>\n<p>&nbsp;<\/td>\n<\/tr>\n<tr style=\"height: 24px\">\n<td style=\"width: 535px;height: 24px\"><strong>\u00c1rea de Pedagog\u00eda Terap\u00e9utica.<\/strong><\/p>\n<p><a href=\"https:\/\/blogsaverroes.juntadeandalucia.es\/colegiofelix\/files\/2020\/03\/Teletrabajo-Semana-2-Pedagogi\u0301a.pdf\">Teletrabajo Semana 2 (Pedagogi\u0301a)<\/a><\/p>\n<p><a href=\"https:\/\/blogsaverroes.juntadeandalucia.es\/colegiofelix\/files\/2020\/03\/Aplicaciones-26-al-27-de-marzo.pdf.pdf\">Aplicaciones 26 al 27 de marzo (Pedagog\u00eda)pdf<\/a><\/p>\n<p><a href=\"https:\/\/blogsaverroes.juntadeandalucia.es\/colegiofelix\/files\/2020\/04\/Aplicaciones.pdf-Pedagogi\u0301a.pdf\">Aplicaciones.pdf (Pedagogi\u0301a)<\/a><\/p>\n<p><a href=\"https:\/\/blogsaverroes.juntadeandalucia.es\/colegiofelix\/files\/2020\/04\/Actividades-para-todos-los-alumn@s.pdf\">Actividades para todos los alumn@s<\/a><\/p>\n<p>&nbsp;<\/td>\n<\/tr>\n<\/tbody>\n<\/table>\n<p>&nbsp;<strong>\u00c1rea de E. Ciudadan\u00eda.<\/strong><\/p>\n<table style=\"height: 65px\" width=\"329\">\n<tbody>\n<tr>\n<td style=\"width: 319px\"><a href=\"https:\/\/blogsaverroes.juntadeandalucia.es\/colegiofelix\/files\/2020\/03\/Teletrabajo-Semana-2-Ciudadani\u0301a.pdf\">Teletrabajo Semana 2 (Ciudadani\u0301a)<\/a><\/td>\n<\/tr>\n<tr>\n<td style=\"width: 319px\"><a href=\"https:\/\/youtu.be\/xlI7kOSlFsE\">Cuentos Infantiles (El Punto)<\/a><\/td>\n<\/tr>\n<\/tbody>\n<\/table>\n<!--themify_builder_content-->\n<div id=\"themify_builder_content-287\" data-postid=\"287\" class=\"themify_builder_content themify_builder_content-287 themify_builder tf_clear\">\n    <\/div>\n<!--\/themify_builder_content-->\n","protected":false},"excerpt":{"rendered":"<p>\u00c1rea de E. F\u00edsica. Ejercicio n\u00ba 1 Ejercicio n\u00ba 4 Ejercicio n\u00ba 2 Ejercicio n\u00ba 5 Ejercicio n\u00ba 3 Ejercicio n\u00ba 6 Teletrabajo Semana 2 (E.Fi\u0301sica)&nbsp; Anexo I Teletrabajo (E. Fi\u0301sica) Anexo I Teletrabajo lunes 30. (E. Fi\u0301sica) Anexo I Teletrabajo Jueves 2 abril (E. Fi\u0301sica) &nbsp; \u00c1rea de Lengua Extranjera: Ingl\u00e9s. Teletrabajo Semana 2 [&hellip;]<\/p>\n","protected":false},"author":3519,"featured_media":0,"parent":0,"menu_order":0,"comment_status":"closed","ping_status":"closed","template":"","meta":{"ngg_post_thumbnail":0,"footnotes":""},"aioseo_notices":[],"_links":{"self":[{"href":"https:\/\/blogsaverroes.juntadeandalucia.es\/colegiofelix\/wp-json\/wp\/v2\/pages\/287"}],"collection":[{"href":"https:\/\/blogsaverroes.juntadeandalucia.es\/colegiofelix\/wp-json\/wp\/v2\/pages"}],"about":[{"href":"https:\/\/blogsaverroes.juntadeandalucia.es\/colegiofelix\/wp-json\/wp\/v2\/types\/page"}],"author":[{"embeddable":true,"href":"https:\/\/blogsaverroes.juntadeandalucia.es\/colegiofelix\/wp-json\/wp\/v2\/users\/3519"}],"replies":[{"embeddable":true,"href":"https:\/\/blogsaverroes.juntadeandalucia.es\/colegiofelix\/wp-json\/wp\/v2\/comments?post=287"}],"version-history":[{"count":67,"href":"https:\/\/blogsaverroes.juntadeandalucia.es\/colegiofelix\/wp-json\/wp\/v2\/pages\/287\/revisions"}],"predecessor-version":[{"id":422,"href":"https:\/\/blogsaverroes.juntadeandalucia.es\/colegiofelix\/wp-json\/wp\/v2\/pages\/287\/revisions\/422"}],"wp:attachment":[{"href":"https:\/\/blogsaverroes.juntadeandalucia.es\/colegiofelix\/wp-json\/wp\/v2\/media?parent=287"}],"curies":[{"name":"wp","href":"https:\/\/api.w.org\/{rel}","templated":true}]}}