{"id":141,"date":"2015-03-17T07:13:24","date_gmt":"2015-03-17T07:13:24","guid":{"rendered":"http:\/\/blogsaverroes.juntadeandalucia.es\/pre\/ceip\/?page_id=141"},"modified":"2026-02-27T16:09:12","modified_gmt":"2026-02-27T16:09:12","slug":"escolarizacion","status":"publish","type":"page","link":"https:\/\/blogsaverroes.juntadeandalucia.es\/colegioginesmorata\/?page_id=141","title":{"rendered":"ADMISI\u00d3N  \/ Schooling"},"content":{"rendered":"<h1 style=\"text-align: center\"><a href=\"https:\/\/www.juntadeandalucia.es\/educacion\/portales\/en\/web\/escolarizacion\" target=\"_blank\" rel=\"noopener\"><img loading=\"lazy\" decoding=\"async\" class=\"alignleft\" title=\"https:\/\/www.juntadeandalucia.es\/educacion\/portales\/en\/web\/escolarizacion\/infantil-a-bachillerato\" src=\"https:\/\/blogsaverroes.juntadeandalucia.es\/ceiptirsodemolina\/files\/2021\/03\/COVER_FACEBOOK_ADMISION-1.jpg\" alt=\"\" width=\"381\" height=\"141\"><\/a>ADMISI\u00d3N DE NUEVO ALUMNADO CURSO&nbsp; &nbsp;2026-2027<\/h1>\n<h1 style=\"text-align: center\">PERIODO ADMISI\u00d3N&nbsp; -1 a 31 marzo 2026<\/h1>\n<h5><strong>Fuera de este per\u00edodo descargue el&nbsp; <a href=\"https:\/\/blogsaverroes.juntadeandalucia.es\/colegioginesmorata\/files\/2026\/02\/ANEXO-IX.pdf\">ANEXO IX<\/a><\/strong><\/h5>\n<table style=\"border-collapse: collapse;width: 92.7835%;height: 107px\">\n<tbody>\n<tr style=\"height: 107px\">\n<td style=\"width: 77.6727%;height: 107px\">\n<h2><strong><span style=\"color: #0000ff\">S\u00f3lo para alumnado de <span style=\"text-decoration: underline\">nuevo ingreso<\/span> al centro.<\/span><\/strong><\/h2>\n<h2><a href=\"https:\/\/blogsaverroes.juntadeandalucia.es\/colegioginesmorata\/files\/2026\/02\/ANEXO-III-SOLIICITUD.pdf\">ANEXO III-SOLICITUD DE ADMISI\u00d3N<\/a><\/h2>\n<\/td>\n<td style=\"width: 15.1108%;height: 107px\">\n<h2><a href=\"https:\/\/blogsaverroes.juntadeandalucia.es\/colegioginesmorata\/files\/2026\/02\/ANEXO-III-SOLIICITUD.pdf\"><img loading=\"lazy\" decoding=\"async\" class=\"alignleft\" src=\"https:\/\/t3.ftcdn.net\/jpg\/00\/30\/75\/02\/240_F_30750259_p7LszE1gc4giDzQlsTgKWYhpwNPEnNzS.jpg\" alt=\"\" width=\"110\" height=\"110\"><\/a><\/h2>\n<\/td>\n<\/tr>\n<\/tbody>\n<\/table>\n<p style=\"text-align: left\"><strong><a href=\"https:\/\/www.juntadeandalucia.es\/educacion\/portales\/en\/web\/escolarizacion\/infantil-a-bachillerato\">Enlace al portal de escolarizaci\u00f3n<\/a>&nbsp;-Consejer\u00eda de Educaci\u00f3n y Deporte, Junta de Andaluc\u00eda<\/strong><\/p>\n<table class=\"alignleft\" style=\"height: 450px;width: 98.1652%;border-style: solid;border-color: #000000\">\n<tbody>\n<tr style=\"height: 400px\">\n<td style=\"border-style: solid;border-color: #000000;width: 29.3622%;height: 390px\">\n<h2>OFERTA EDUCATIVA<\/h2>\n<p><strong>Oferta educativa curso 2026-27<\/strong><br \/>\n<strong>&nbsp;<a href=\"https:\/\/blogsaverroes.juntadeandalucia.es\/colegioginesmorata\/files\/2026\/02\/OFERTA-EDUCATIVA.pdf\">AUTORIZACION OFERTA EDUCATIVA<\/a><\/strong><\/p>\n<p><strong><a href=\"https:\/\/blogsaverroes.juntadeandalucia.es\/colegioginesmorata\/files\/2026\/02\/DOCUMENTACION-INICIAL.pdf\">DOCUMENTACION INICIAL<\/a><\/strong><\/p>\n<h2>AREA DE INFLUENCIA<\/h2>\n<p><a href=\"https:\/\/www.juntadeandalucia.es\/educacion\/educasig\/escolarizacion\/\" target=\"_blank\" rel=\"noopener noreferrer\"><strong>Consulta de puntuaci\u00f3n por zona<\/strong><\/a><\/p>\n<p><strong><a href=\"https:\/\/blogsaverroes.juntadeandalucia.es\/colegioginesmorata\/files\/2026\/02\/2026_04013_I_P_01-MAPA.pdf\" target=\"_blank\" rel=\"noopener\">MAPA DEL \u00c1REA DE INFLUENCIA<\/a><\/strong><\/p>\n<p><strong><a href=\"https:\/\/blogsaverroes.juntadeandalucia.es\/colegioginesmorata\/files\/2026\/02\/2026_04013_I_P_01_VIALES.pdf\">CALLES DEL \u00c1REA DE INFLUENCIA<\/a><\/strong><\/p>\n<h2>BAREMO<\/h2>\n<p><strong><a href=\"https:\/\/www.juntadeandalucia.es\/educacion\/portales\/web\/escolarizacion\/infantil-a-bachillerato\/autobaremo\">Autobaremo<\/a><\/strong><\/td>\n<td style=\"border-style: solid;border-color: #000000;width: 38.0353%;height: 390px\">\n<h2>NORMATIVA<\/h2>\n<p><a href=\"https:\/\/www.juntadeandalucia.es\/educacion\/portales\/web\/escolarizacion\/w\/decreto-21\/2020-de-17-de-febrero-por-el-que-se-regulan-los-criterios-y-el-procedimiento-de-admision-del-alumnado-en-los-centros-docentes-publicos-y-privados-concertados-para-cursar-las-ensenanzas-de-segundo-ciclo-de-educacion-infantil-educacion-primaria-e?redirect=%2Feducacion%2Fportales%2Fweb%2Fescolarizacion%2Finfantil-a-bachillerato%2Fnormativa\"><strong>DECRETO 17\/02\/2020 REGULA ADMISION <\/strong><\/a><br \/>\n<strong><a href=\"https:\/\/www.juntadeandalucia.es\/educacion\/portales\/web\/escolarizacion\/w\/orden-de-20-de-febrero-de-2020-por-la-que-se-desarrolla-el-procedimiento-de-admision-del-alumnado-en-los-centros-docentes-publicos-y-privados-concertados-para-cursar-las-ensenanzas-de-segundo-ciclo-de-educacion-infantil-educacion-primaria-educacion-espe-2?redirect=%2Feducacion%2Fportales%2Fweb%2Fescolarizacion%2Finfantil-a-bachillerato%2Fnormativa\">ORDEN 20\/02\/2020 -PROCEDIMIENTO DE ADMISION&nbsp; &nbsp; &nbsp; &nbsp; &nbsp; <\/a><\/strong><a href=\"https:\/\/www.juntadeandalucia.es\/sites\/default\/files\/2026-02\/260223_INSTRUCCIONES_ESCOLARIZACION__26_27_DEF%20_%20para%20firma%28F%29.pdf\" target=\"_blank\" rel=\"noopener\">I<strong>NSTRUCCIONES 25\/02\/26 SOBRE ADMISI\u00d3N Y MATRICULACI\u00d3N CURSO 26\/27<\/strong><\/a><\/p>\n<h2>SOLICITUD<\/h2>\n<p><strong>Puede presentar su solicitud a trav\u00e9s de la <a href=\"https:\/\/www.juntadeandalucia.es\/educacion\/secretariavirtual\/accesoTramite\/462\/\">SECRETAR\u00cdA VIRTUAL DE LOS CENTROS EDUCATIVOS<\/a><\/strong><br \/>\n<strong>Puede cumplimentar la solicitud en papel y entregarla en la secretar\u00eda del centro <a title=\"Equipo directivo\/Management team\" href=\"https:\/\/blogsaverroes.juntadeandalucia.es\/colegioginesmorata\/?page_id=42\">(Consultar horario de atenci\u00f3n al p\u00fablico)<\/a><\/strong><br \/>\n<strong><a href=\"https:\/\/blogsaverroes.juntadeandalucia.es\/colegioginesmorata\/files\/2026\/02\/ANEXO-III-SOLIICITUD.pdf\">ANEXO III-SOLICITUD DE ADMISI\u00d3N<\/a><\/strong><br \/>\n<strong>La solicitud debe&nbsp; deber\u00e1 estar firmada por alguna de las personas que ejercen la guarda y custodia del menor. Se debe adjuntar a la misma copia de DNI de ambos progenitores y del alumno\/a ( si el alumno\/a no tuviera DNI se aportar\u00e1 copia del libro de familia)<\/strong><\/td>\n<td style=\"width: 31.0831%;height: 390px;border-style: solid;border-color: #000000\">\n<h2>CALENDARIO<\/h2>\n<p><a href=\"https:\/\/blogsaverroes.juntadeandalucia.es\/colegioginesmorata\/files\/2026\/02\/CALENDARIO-RESUMIDO-ESCOLARIZACION-CTGA-2026_27.pdf\">CALENDARIO RESUMIDO&nbsp;<\/a><\/p>\n<ul style=\"list-style-type: square\">\n<li>\n<h5><strong>Presentaci\u00f3n de solicitudes del 1 al 31 de marzo&nbsp;&nbsp;<\/strong><\/h5>\n<\/li>\n<li>\n<h5><strong>Publicaci\u00f3n de listado con relaci\u00f3n baremada&nbsp; 20 de abril<\/strong><\/h5>\n<\/li>\n<li>\n<h5><strong>Tr\u00e1mite de audiencia&nbsp; a partir del 21 de abril, 10 d\u00edas lectivos.&nbsp;<\/strong><\/h5>\n<\/li>\n<li>\n<h5><strong>Sorteo p\u00fablico 13 de mayo<\/strong><\/h5>\n<\/li>\n<li>\n<h5><strong>Publicaci\u00f3n de listado de admitidos en CEIP Gin\u00e9s Morata 14 de mayo<\/strong><\/h5>\n<\/li>\n<li>\n<h5><strong>Publicaci\u00f3n de reubicaci\u00f3n para&nbsp; solicitantes no admitidos&nbsp;&nbsp;25 de mayo<\/strong><\/h5>\n<\/li>\n<li>\n<h5><strong>Presentaci\u00f3n de recursos de alzada desde el 26 de mayo al 25 de junio&nbsp;<\/strong><\/h5>\n<\/li>\n<li>\n<h5><strong>Matriculaci\u00f3n y solicitud&nbsp; de servicios complementarios&nbsp; del 1 al 8 de junio<\/strong><\/h5>\n<\/li>\n<\/ul>\n<\/td>\n<\/tr>\n<\/tbody>\n<\/table>\n<h2>&nbsp;<\/h2>\n<p>&nbsp;<\/p>\n<p style=\"text-align: justify\">Cuando no existan plazas suficientes para atender todas las solicitudes, se aplicar\u00e1n los siguientes criterios de admisi\u00f3n:<\/p>\n<ol style=\"text-align: justify\">\n<li style=\"list-style-type: none\">\n<ol start=\"1\">\n<li>Existencia de hermanos o hermanas matriculados en el centro.<\/li>\n<li>Proximidad del domicilio familiar o del lugar de trabajo del padre, de la madre o de la persona tutora o guardadora legal.<\/li>\n<li>Concurrencia de discapacidad legalmente reconocida del alumno o la alumna, de sus padres, madres, tutores o guardadores legales, o de alguno de sus hermanos o hermanas o menores en acogimiento en la misma unidad familiar. En el segundo ciclo de la educaci\u00f3n infantil se considerar\u00e1 tambi\u00e9n la presencia en el alumnado de trastornos en el desarrollo.<\/li>\n<li>Renta per c\u00e1pita anual de la unidad familiar.<\/li>\n<li>Que el alumno o la alumna pertenezca a una familia con la condici\u00f3n de numerosa.<\/li>\n<li>Que el alumno o la alumna pertenezca a una familia con la condici\u00f3n de monoparental y sea menor de edad o mayor de edad sujeto a patria potestad prorrogada o tutela.<\/li>\n<li>Que quien o quienes ostenten la guarda y custodia del alumno o alumna realicen una actividad laboral o profesional remunerada.<\/li>\n<li>Que el alumno o la alumna est\u00e9 matriculado en el primer ciclo de la educaci\u00f3n infantil en un centro autorizado para ello.&nbsp;<\/li>\n<li>Que el alumno o la alumna pertenezca a una familia no numerosa ni monoparental en la que tenga un \u00fanico hermano o hermana.<\/li>\n<li>Que el alumno haya nacido de parto m\u00faltiple.<\/li>\n<\/ol>\n<\/li>\n<\/ol>\n<section class=\"seccion-mes\">\n<header>\n<div class=\"entry-content entry--item\">\n<ul>\n<li style=\"list-style-type: none\">\n<hr>\n<p style=\"text-align: center\"><strong>&nbsp; ____________________________0000____________________________<\/strong>_<\/p>\n<\/li>\n<\/ul>\n<\/div>\n<\/header>\n<\/section>\n<p style=\"text-align: justify\">IMPORTANTE<\/p>\n<p style=\"text-align: justify\">El art\u00edculo 46 del Decreto regulador de los criterios y el procedimiento de admisi\u00f3n (Decreto 21\/2020, de 17 de febrero), y es que en su apartado 5 prev\u00e9 que, en caso de que los datos que figuren en la solicitud o en la documentaci\u00f3n que la persona interesada adjunte para la acreditaci\u00f3n de aquellos criterios que pretende que le sean tenidos en cuenta en el procedimiento de admisi\u00f3n no se ajusten a las circunstancias reales del alumno o alumna, no s\u00f3lo perder\u00e1 \u00e9sta, todos los derechos de prioridad que puedan corresponderle por los datos referidos, sino que la Administraci\u00f3n comunicar\u00e1 al Ministerio Fiscal, as\u00ed como al Juzgado de Instrucci\u00f3n competente estos hechos, en orden a que, por su parte, puedan adoptarse aquellas medidas consideradas oportunas en relaci\u00f3n a las responsabilidades en las que se pueda haber incurrido por parte de la persona solicitante.<\/p>\n<section class=\"seccion-mes\">\n<header>\n<div class=\"entry-content entry--item\">\n<div style=\"text-align: justify\">&nbsp;<\/div>\n<\/div>\n<\/header>\n<\/section>\n","protected":false},"excerpt":{"rendered":"<p>ADMISI\u00d3N DE NUEVO ALUMNADO CURSO&nbsp; &nbsp;2026-2027 PERIODO ADMISI\u00d3N&nbsp; -1 a 31 marzo 2026 Fuera de este per\u00edodo descargue el&nbsp; ANEXO IX S\u00f3lo para alumnado de&hellip;<\/p>\n","protected":false},"author":1,"featured_media":0,"parent":0,"menu_order":0,"comment_status":"closed","ping_status":"open","template":"","meta":{"ngg_post_thumbnail":0,"footnotes":"","_mc_calendar":[]},"aioseo_notices":[],"_links":{"self":[{"href":"https:\/\/blogsaverroes.juntadeandalucia.es\/colegioginesmorata\/index.php?rest_route=\/wp\/v2\/pages\/141"}],"collection":[{"href":"https:\/\/blogsaverroes.juntadeandalucia.es\/colegioginesmorata\/index.php?rest_route=\/wp\/v2\/pages"}],"about":[{"href":"https:\/\/blogsaverroes.juntadeandalucia.es\/colegioginesmorata\/index.php?rest_route=\/wp\/v2\/types\/page"}],"author":[{"embeddable":true,"href":"https:\/\/blogsaverroes.juntadeandalucia.es\/colegioginesmorata\/index.php?rest_route=\/wp\/v2\/users\/1"}],"replies":[{"embeddable":true,"href":"https:\/\/blogsaverroes.juntadeandalucia.es\/colegioginesmorata\/index.php?rest_route=%2Fwp%2Fv2%2Fcomments&post=141"}],"version-history":[{"count":60,"href":"https:\/\/blogsaverroes.juntadeandalucia.es\/colegioginesmorata\/index.php?rest_route=\/wp\/v2\/pages\/141\/revisions"}],"predecessor-version":[{"id":11743,"href":"https:\/\/blogsaverroes.juntadeandalucia.es\/colegioginesmorata\/index.php?rest_route=\/wp\/v2\/pages\/141\/revisions\/11743"}],"wp:attachment":[{"href":"https:\/\/blogsaverroes.juntadeandalucia.es\/colegioginesmorata\/index.php?rest_route=%2Fwp%2Fv2%2Fmedia&parent=141"}],"curies":[{"name":"wp","href":"https:\/\/api.w.org\/{rel}","templated":true}]}}