{"id":198,"date":"2015-03-17T09:55:36","date_gmt":"2015-03-17T09:55:36","guid":{"rendered":"http:\/\/blogsaverroes.juntadeandalucia.es\/pre\/ceip\/?page_id=198"},"modified":"2024-09-01T18:28:49","modified_gmt":"2024-09-01T18:28:49","slug":"que-es-el-ampa","status":"publish","type":"page","link":"https:\/\/blogsaverroes.juntadeandalucia.es\/colegioginesmorata\/?page_id=198","title":{"rendered":"AMPA ALMERIA NORTE-CEIP GINES MORATA"},"content":{"rendered":"<h3>&nbsp;<\/h3>\n<p><strong>ENLACES- \u00bfNos&nbsp; hacemos amigos?<\/strong><\/p>\n<p><a href=\"https:\/\/www.facebook.com\/profile.php?id=61551710476094\" target=\"_blank\" rel=\"noopener noreferrer\">FACEBOOK-AMPA<\/a>&nbsp;<\/p>\n<p><a href=\"https:\/\/www.instagram.com\/ampaginesmorata\/\" target=\"_blank\" rel=\"noopener noreferrer\">INSTAGRAM-AMPA<\/a><\/p>\n<p><a href=\"https:\/\/ampaginesmorata.blogspot.com\/\" target=\"_blank\" rel=\"noopener noreferrer\">BLOG-AMPA<\/a><\/p>\n<p>Informaci\u00f3n e inscripci\u00f3n AMPA: <a href=\"https:\/\/5730573.igen.app\/\" target=\"_blank\" rel=\"noopener noreferrer\">APLICACI\u00d3N-AMPA<\/a><\/p>\n<p>Puedes ponerte en contacto con nosotros\/as en el email: presidenteampaginesmorata@gmail.com<\/p>\n<p><img loading=\"lazy\" decoding=\"async\" class=\"aligncenter wp-image-6895\" src=\"https:\/\/blogsaverroes.juntadeandalucia.es\/colegioginesmorata\/files\/2023\/11\/IMG-20231113-WA0000-400x400.jpg\" alt=\"\" width=\"300\" height=\"300\" srcset=\"https:\/\/blogsaverroes.juntadeandalucia.es\/colegioginesmorata\/files\/2023\/11\/IMG-20231113-WA0000-400x400.jpg 400w, https:\/\/blogsaverroes.juntadeandalucia.es\/colegioginesmorata\/files\/2023\/11\/IMG-20231113-WA0000-1024x1024.jpg 1024w, https:\/\/blogsaverroes.juntadeandalucia.es\/colegioginesmorata\/files\/2023\/11\/IMG-20231113-WA0000-150x150.jpg 150w, https:\/\/blogsaverroes.juntadeandalucia.es\/colegioginesmorata\/files\/2023\/11\/IMG-20231113-WA0000-768x768.jpg 768w, https:\/\/blogsaverroes.juntadeandalucia.es\/colegioginesmorata\/files\/2023\/11\/IMG-20231113-WA0000-1536x1536.jpg 1536w, https:\/\/blogsaverroes.juntadeandalucia.es\/colegioginesmorata\/files\/2023\/11\/IMG-20231113-WA0000-2048x2048.jpg 2048w, https:\/\/blogsaverroes.juntadeandalucia.es\/colegioginesmorata\/files\/2023\/11\/IMG-20231113-WA0000.jpg 1600w\" sizes=\"(max-width: 300px) 100vw, 300px\" \/><\/p>\n<p><strong>\u00bfQui\u00e9nes formamos el AMPA?<\/strong><\/p>\n<div class=\"entry-content\">\n<p style=\"text-align: left\"><strong>El AMPA es una asociaci\u00f3n sin \u00e1nimo de lucro que est\u00e1 formada por los padres y madres de todo el alumnado del Colegio.<\/strong><\/p>\n<p>Es un punto de encuentro y de trabajo independiente, abierto y plural.<\/p>\n<p>Desde el AMPA podemos contribuir a la mejora de la calidad de la educaci\u00f3n, la convivencia del centro y de las instalaciones.<\/p>\n<p class=\"cgHgbA WvQL9w Xp24Nw PanoWQ\"><span class=\"OYPEnA\">Una AMPA es una asociaci\u00f3n sin \u00e1nimo de lucro que puede estar formada por los padres y madres de todo el alumnado del Colegio.<\/span><\/p>\n<p>Est\u00e1 gestionada por una &nbsp;<strong>Junta Directiva<\/strong>.<\/p>\n<p><strong>Junta directiva AMPA \u201cAlmer\u00eda Norte\u201d, seg\u00fan resultados de las elecciones celebradas el 21 de septiembre de 2023<\/strong><\/p>\n<p class=\"cgHgbA nxe3IQ Xp24Nw PanoWQ\"><strong><span class=\"OYPEnA\">Presidenta<\/span><\/strong><span class=\"OYPEnA\"><strong>:<\/strong> Rosa Vanesa Da Vila Barboza&nbsp; &nbsp; &nbsp; &nbsp; &nbsp; &nbsp; &nbsp; &nbsp; &nbsp; &nbsp; &nbsp; &nbsp; &nbsp; &nbsp; &nbsp; &nbsp; &nbsp; &nbsp; &nbsp; &nbsp; &nbsp; &nbsp; &nbsp; &nbsp; &nbsp; &nbsp; &nbsp; <\/span><strong><span class=\"OYPEnA\">Vicepresidenta:<\/span><\/strong><span class=\"OYPEnA\"> Dolores Beltr\u00e1n D\u00edaz<\/span><\/p>\n<p class=\"cgHgbA nxe3IQ Xp24Nw\"><strong><span class=\"OYPEnA\">Secretario<\/span><\/strong><span class=\"OYPEnA\"><strong>:<\/strong> Juan Alejandro L\u00f3pez Cervera&nbsp; &nbsp; &nbsp; &nbsp; &nbsp; &nbsp; &nbsp; &nbsp; &nbsp; &nbsp; &nbsp; &nbsp; &nbsp; &nbsp; &nbsp; &nbsp; &nbsp; &nbsp; &nbsp; &nbsp; &nbsp; &nbsp; &nbsp; &nbsp; &nbsp; &nbsp; &nbsp;&nbsp;<\/span><strong><span class=\"OYPEnA\">Tesorera<\/span><\/strong><span class=\"OYPEnA\"><strong>:<\/strong> Isabel Company Morales<\/span><\/p>\n<p class=\"cgHgbA nxe3IQ Xp24Nw\"><strong><span class=\"OYPEnA\">Vocal 1:<\/span><\/strong><span class=\"OYPEnA\"> Encarnaci\u00f3n Mar\u00eda Hidalgo Fern\u00e1ndez&nbsp; &nbsp; &nbsp; &nbsp; &nbsp; &nbsp; &nbsp; &nbsp; &nbsp; &nbsp; &nbsp; &nbsp; &nbsp; &nbsp; &nbsp; &nbsp; &nbsp; &nbsp; &nbsp; &nbsp; &nbsp; &nbsp; &nbsp;&nbsp;<\/span><strong><span class=\"OYPEnA\">Vocal 2<\/span><\/strong><span class=\"OYPEnA\"><strong>:<\/strong> Ana Mar\u00eda Corral Aparicio<\/span><\/p>\n<p class=\"cgHgbA nxe3IQ Xp24Nw\"><strong><span class=\"OYPEnA\">Vocal 3:&nbsp;<\/span><\/strong><span class=\"OYPEnA\">Montserrat Mar\u00edn Castillo&nbsp; &nbsp; &nbsp; &nbsp; &nbsp; &nbsp; &nbsp; &nbsp; &nbsp; &nbsp; &nbsp; &nbsp; &nbsp; &nbsp; &nbsp; &nbsp; &nbsp; &nbsp; &nbsp; &nbsp; &nbsp; &nbsp; &nbsp; &nbsp; &nbsp; &nbsp; &nbsp; &nbsp; &nbsp; &nbsp; &nbsp; &nbsp; &nbsp; &nbsp; &nbsp;<\/span><strong><span class=\"OYPEnA\">Vocal 4:<\/span><\/strong><span class=\"OYPEnA\">&nbsp;Mar\u00eda Lourdes Indorado<\/span><\/p>\n<p class=\"cgHgbA nxe3IQ Xp24Nw\"><span class=\"OYPEnA\"><strong>Vocal 5:<\/strong>&nbsp;<\/span><span class=\"OYPEnA\">Susana Hern\u00e1ndez Gim\u00e9nez&nbsp; &nbsp; &nbsp; &nbsp; &nbsp; &nbsp; &nbsp; &nbsp; &nbsp; &nbsp; &nbsp; &nbsp; &nbsp; &nbsp; &nbsp; &nbsp; &nbsp; &nbsp; &nbsp; &nbsp; &nbsp; &nbsp; &nbsp; &nbsp; &nbsp; &nbsp; &nbsp; &nbsp; &nbsp; &nbsp; &nbsp; &nbsp; &nbsp;<\/span><strong><span class=\"OYPEnA\">Vocal 6:<\/span><\/strong><span class=\"OYPEnA\">&nbsp;Bibiana Rodr\u00edguez Jim\u00e9nez<\/span><\/p>\n<p class=\"cgHgbA nxe3IQ Xp24Nw\"><strong><span class=\"OYPEnA\">Vocal 7:<\/span><\/strong><span class=\"OYPEnA\"> Vanesa Guti\u00e9rrez Cayuela&nbsp; &nbsp; &nbsp; &nbsp; &nbsp; &nbsp; &nbsp; &nbsp; &nbsp; &nbsp; &nbsp; &nbsp; &nbsp; &nbsp; &nbsp; &nbsp; &nbsp; &nbsp; &nbsp; &nbsp; &nbsp; &nbsp; &nbsp; &nbsp; &nbsp; &nbsp; &nbsp; &nbsp; &nbsp; &nbsp; &nbsp; &nbsp; &nbsp; &nbsp; &nbsp;&nbsp;<\/span><strong><span class=\"OYPEnA\">Vocal 8<\/span><\/strong><span class=\"OYPEnA\"><strong>:<\/strong> Celia Mar\u00eda P\u00e9rez S\u00e1nchez&nbsp; &nbsp; &nbsp; &nbsp; &nbsp; &nbsp; &nbsp; &nbsp; &nbsp; <\/span><\/p>\n<p class=\"cgHgbA nxe3IQ Xp24Nw\"><strong><span class=\"OYPEnA\">Vocal 9:<\/span><\/strong> <span class=\"OYPEnA\">Encarnaci\u00f3n Bravo Tabaco<\/span><span class=\"OYPEnA\">&nbsp; &nbsp; &nbsp; &nbsp; &nbsp; &nbsp; &nbsp; &nbsp; &nbsp; &nbsp; &nbsp; &nbsp; &nbsp; &nbsp; &nbsp; &nbsp; &nbsp; &nbsp; &nbsp; &nbsp; &nbsp; &nbsp; &nbsp; &nbsp; &nbsp; &nbsp; &nbsp; &nbsp; &nbsp; &nbsp; &nbsp; &nbsp; &nbsp; &nbsp;<\/span><strong><span class=\"OYPEnA\">Vocal 10<\/span><\/strong><span class=\"OYPEnA\"><strong>:<\/strong> Obdulia Guirado Art\u00e9s<\/span><\/p>\n<p class=\"cgHgbA nxe3IQ Xp24Nw\"><b>&nbsp;<\/b><\/p>\n<\/div>\n<p><strong>\u00bfpor qu\u00e9 es importante vuestra participaci\u00f3n?<\/strong><\/p>\n<p>En el colegio existen espacios de participaci\u00f3n, siendo el AMPA &nbsp;el \u00fanico espacio de participaci\u00f3n aut\u00f3nomo de padres y madres. El AMPA es importante porque:<\/p>\n<ul>\n<li>Somos corresponsables de la educaci\u00f3n que nuestros hijos\/as reciben en el colegio.<\/li>\n<li>Es un espacio para aportar iniciativas y trabajar con la direcci\u00f3n del Centro, sin depender de esta.<\/li>\n<\/ul>\n<p><strong>\u00bf c\u00f3mo puedes participar?<\/strong><\/p>\n<p>Participar en el AMPA es muy f\u00e1cil y cada uno decide el nivel de implicaci\u00f3n.<\/p>\n<ul>\n<li>Podemos asociarnos en cualquier momento, aunque se entrega a las familias una ficha de inscripci\u00f3n con la matr\u00edcula en la que se indica la cuota anual por cada familia (la cuota es por familia no por ni\u00f1o\/a)<\/li>\n<li>Podemos tambi\u00e9n participar a trav\u00e9s de las asambleas, incorpor\u00e1ndote a las reuniones&nbsp;abiertas que se convoquen.<\/li>\n<li>Podemos colaborar en los diferentes grupos de trabajo o&nbsp;en actividades puntuales que se organizan desde el AMPA a lo largo del curso.<\/li>\n<li>Podemos proponer iniciativas, plantear temas de debate, organizar actividades, etc., &nbsp;dirigi\u00e9ndote a cualquier miembro de la junta directiva o a trav\u00e9s del blog.<\/li>\n<\/ul>\n<p>Como ves, hay muchas formas de participar y es muy importante que m\u00e1s padres y madres pasemos a la participa-ACCI\u00d3N,&nbsp;&nbsp;de forma activa y colectiva.<\/p>\n<p><strong>\u00bfpara qu\u00e9 sirve?<\/strong><\/p>\n<ul>\n<li>Para defender y velar por el derecho a una educaci\u00f3n de calidad, democr\u00e1tica, atendiendo a las necesidades de todos los ni\u00f1os\/as &nbsp;y cr\u00edtica.<\/li>\n<li>Para promover la participaci\u00f3n de padres y madres en la vida del centro, defendiendo los intereses del alumnado y de toda la comunidad educativa.<\/li>\n<li>Para buscar soluciones de forma colectiva a temas relacionados con la ense\u00f1anza y educaci\u00f3n de nuestros hijos\/as.<\/li>\n<li>Para crear espacios de encuentro y trabajo en el resto de la comunidad educativa y con el entorno.<\/li>\n<li>Para crear espacios de reflexi\u00f3n y participaci\u00f3n compartida sobre la educaci\u00f3n de nuestros hijos\/as<br \/>\nPara participar en la gesti\u00f3n del colegio.<\/li>\n<\/ul>\n<p><strong>\u00bf c\u00f3mo se financia?<\/strong><\/p>\n<p>El AMPA &nbsp;se financia a trav\u00e9s de las cuotas de socios\/as.<br \/>\nLa cuota de socios\/as es el \u00fanico pago que realizan las familias y que gestiona el AMPA para el beneficio exclusivo de la comunidad educativa y en definitiva de la educaci\u00f3n que reciben&nbsp; nuestros hijos\/as en el centro.<\/p>\n<p style=\"text-align: center\">Os esperamos<\/p>\n","protected":false},"excerpt":{"rendered":"<p>&nbsp; ENLACES- \u00bfNos&nbsp; hacemos amigos? FACEBOOK-AMPA&nbsp; INSTAGRAM-AMPA BLOG-AMPA Informaci\u00f3n e inscripci\u00f3n AMPA: APLICACI\u00d3N-AMPA Puedes ponerte en contacto con nosotros\/as en el email: presidenteampaginesmorata@gmail.com \u00bfQui\u00e9nes formamos&hellip;<\/p>\n","protected":false},"author":1,"featured_media":6895,"parent":0,"menu_order":0,"comment_status":"closed","ping_status":"open","template":"","meta":{"ngg_post_thumbnail":0,"footnotes":"","_mc_calendar":[]},"aioseo_notices":[],"_links":{"self":[{"href":"https:\/\/blogsaverroes.juntadeandalucia.es\/colegioginesmorata\/index.php?rest_route=\/wp\/v2\/pages\/198"}],"collection":[{"href":"https:\/\/blogsaverroes.juntadeandalucia.es\/colegioginesmorata\/index.php?rest_route=\/wp\/v2\/pages"}],"about":[{"href":"https:\/\/blogsaverroes.juntadeandalucia.es\/colegioginesmorata\/index.php?rest_route=\/wp\/v2\/types\/page"}],"author":[{"embeddable":true,"href":"https:\/\/blogsaverroes.juntadeandalucia.es\/colegioginesmorata\/index.php?rest_route=\/wp\/v2\/users\/1"}],"replies":[{"embeddable":true,"href":"https:\/\/blogsaverroes.juntadeandalucia.es\/colegioginesmorata\/index.php?rest_route=%2Fwp%2Fv2%2Fcomments&post=198"}],"version-history":[{"count":19,"href":"https:\/\/blogsaverroes.juntadeandalucia.es\/colegioginesmorata\/index.php?rest_route=\/wp\/v2\/pages\/198\/revisions"}],"predecessor-version":[{"id":8824,"href":"https:\/\/blogsaverroes.juntadeandalucia.es\/colegioginesmorata\/index.php?rest_route=\/wp\/v2\/pages\/198\/revisions\/8824"}],"wp:featuredmedia":[{"embeddable":true,"href":"https:\/\/blogsaverroes.juntadeandalucia.es\/colegioginesmorata\/index.php?rest_route=\/wp\/v2\/media\/6895"}],"wp:attachment":[{"href":"https:\/\/blogsaverroes.juntadeandalucia.es\/colegioginesmorata\/index.php?rest_route=%2Fwp%2Fv2%2Fmedia&parent=198"}],"curies":[{"name":"wp","href":"https:\/\/api.w.org\/{rel}","templated":true}]}}