{"id":2318,"date":"2018-11-14T10:58:26","date_gmt":"2018-11-14T10:58:26","guid":{"rendered":"https:\/\/blogsaverroes.juntadeandalucia.es\/colegioginesmorata\/?page_id=2318"},"modified":"2025-09-08T11:18:20","modified_gmt":"2025-09-08T11:18:20","slug":"portada","status":"publish","type":"page","link":"https:\/\/blogsaverroes.juntadeandalucia.es\/colegioginesmorata\/","title":{"rendered":"Inicio\/Home"},"content":{"rendered":"<h2 style=\"text-align: center\"><strong>Centro de Educaci\u00f3n Infantil y Primaria \u00abGin\u00e9s Morata\u00bb &#8211; CENTRO PLURILING\u00dcE<\/strong><\/h2>\n<h2 style=\"text-align: center\"><strong>\u00abGin\u00e9s Morata\u00bb&nbsp; Infant&nbsp;<\/strong><strong>and&nbsp;<\/strong><strong>Primary&nbsp;<\/strong><strong>School &#8211; PLURI<\/strong><strong>LINGUAL SCHOOL<\/strong><\/h2>\n<div style=\"padding-bottom: 56.25%;padding-top: 0;height: 0\"><iframe loading=\"lazy\" src=\"https:\/\/view.genial.ly\/65c74b42c88d020014d40e51\" width=\"600px\" height=\"335px\" frameborder=\"0\" scrolling=\"yes\"><span data-mce-type=\"bookmark\" style=\"width: 0px;overflow: hidden;line-height: 0\" class=\"mce_SELRES_start\">\ufeff<\/span><\/iframe><\/div>\n<p>&nbsp;<\/p>\n<p>Nuestro colegio es un Centro P\u00fablico que comenz\u00f3 su andadura en el a\u00f1o 2007 y debe su nombre al famoso cient\u00edfico almeriense Gin\u00e9s Morata P\u00e9rez, nacido en la localidad de Rioja, un peque\u00f1o pueblo de la provincia de Almer\u00eda. Est\u00e1 situado en la zona norte de Almer\u00eda, caracterizada por ser una de las zonas de expansi\u00f3n de la capital. Almer\u00eda es la capital de la provincia del mismo nombre.&nbsp;<\/p>\n<p><em>Our School is a state School which started in 2007. Its name wants to honour the famous scientist Gin\u00e9s Morata P\u00e9rez born in the municipality of Rioja, a small village near Almer\u00eda. The school is located in the North area of the city which it is characterized as an expansion and new zone. Almer\u00eda is the capital city of the province with the same name. It is situated in the southeast of Spain.<\/em><\/p>\n<div style=\"padding-bottom: 56.25%;padding-top: 0;height: 0\"><span style=\"color: #000080\">&nbsp;<\/span><img loading=\"lazy\" decoding=\"async\" class=\"alignnone wp-image-2382\" src=\"https:\/\/blogsaverroes.juntadeandalucia.es\/colegioginesmorata\/files\/2019\/12\/cole.jpg\" alt=\"\" width=\"316\" height=\"236\" srcset=\"https:\/\/blogsaverroes.juntadeandalucia.es\/colegioginesmorata\/files\/2019\/12\/cole.jpg 300w, https:\/\/blogsaverroes.juntadeandalucia.es\/colegioginesmorata\/files\/2019\/12\/cole-24x18.jpg 24w, https:\/\/blogsaverroes.juntadeandalucia.es\/colegioginesmorata\/files\/2019\/12\/cole-36x27.jpg 36w, https:\/\/blogsaverroes.juntadeandalucia.es\/colegioginesmorata\/files\/2019\/12\/cole-48x36.jpg 48w\" sizes=\"(max-width: 316px) 100vw, 316px\" \/> <img loading=\"lazy\" decoding=\"async\" class=\"wp-image-7222 alignright\" src=\"https:\/\/blogsaverroes.juntadeandalucia.es\/colegioginesmorata\/files\/2023\/12\/infantil-1024x577.jpg\" alt=\"\" width=\"312\" height=\"176\" srcset=\"https:\/\/blogsaverroes.juntadeandalucia.es\/colegioginesmorata\/files\/2023\/12\/infantil-1024x577.jpg 1024w, https:\/\/blogsaverroes.juntadeandalucia.es\/colegioginesmorata\/files\/2023\/12\/infantil-400x225.jpg 400w, https:\/\/blogsaverroes.juntadeandalucia.es\/colegioginesmorata\/files\/2023\/12\/infantil-768x433.jpg 768w, https:\/\/blogsaverroes.juntadeandalucia.es\/colegioginesmorata\/files\/2023\/12\/infantil-1536x866.jpg 1536w, https:\/\/blogsaverroes.juntadeandalucia.es\/colegioginesmorata\/files\/2023\/12\/infantil-2048x1155.jpg 2048w, https:\/\/blogsaverroes.juntadeandalucia.es\/colegioginesmorata\/files\/2023\/12\/infantil-scaled.jpg 1600w\" sizes=\"(max-width: 312px) 100vw, 312px\" \/><\/div>\n<h2 style=\"text-align: center\">CLAUSTRO&nbsp; PROFESOR@S CURSO 25\/26 TEACHERS<\/h2>\n<p><img loading=\"lazy\" decoding=\"async\" class=\"wp-image-11097 aligncenter\" src=\"https:\/\/blogsaverroes.juntadeandalucia.es\/colegioginesmorata\/files\/2025\/09\/claustro-e1757328619547-1024x840.jpg\" alt=\"\" width=\"765\" height=\"628\" srcset=\"https:\/\/blogsaverroes.juntadeandalucia.es\/colegioginesmorata\/files\/2025\/09\/claustro-e1757328619547-1024x840.jpg 1024w, https:\/\/blogsaverroes.juntadeandalucia.es\/colegioginesmorata\/files\/2025\/09\/claustro-e1757328619547-400x328.jpg 400w, https:\/\/blogsaverroes.juntadeandalucia.es\/colegioginesmorata\/files\/2025\/09\/claustro-e1757328619547-768x630.jpg 768w, https:\/\/blogsaverroes.juntadeandalucia.es\/colegioginesmorata\/files\/2025\/09\/claustro-e1757328619547-1536x1260.jpg 1536w, https:\/\/blogsaverroes.juntadeandalucia.es\/colegioginesmorata\/files\/2025\/09\/claustro-e1757328619547-2048x1680.jpg 2048w, https:\/\/blogsaverroes.juntadeandalucia.es\/colegioginesmorata\/files\/2025\/09\/claustro-e1757328619547.jpg 1600w\" sizes=\"(max-width: 765px) 100vw, 765px\" \/><\/p>\n<p><strong>&nbsp;<\/strong><\/p>\n","protected":false},"excerpt":{"rendered":"<p>Centro de Educaci\u00f3n Infantil y Primaria \u00abGin\u00e9s Morata\u00bb &#8211; CENTRO PLURILING\u00dcE \u00abGin\u00e9s Morata\u00bb&nbsp; Infant&nbsp;and&nbsp;Primary&nbsp;School &#8211; PLURILINGUAL SCHOOL \ufeff &nbsp; Nuestro colegio es un Centro P\u00fablico&hellip;<\/p>\n","protected":false},"author":2092,"featured_media":0,"parent":0,"menu_order":0,"comment_status":"closed","ping_status":"closed","template":"","meta":{"ngg_post_thumbnail":0,"footnotes":"","_mc_calendar":[]},"aioseo_notices":[],"_links":{"self":[{"href":"https:\/\/blogsaverroes.juntadeandalucia.es\/colegioginesmorata\/index.php?rest_route=\/wp\/v2\/pages\/2318"}],"collection":[{"href":"https:\/\/blogsaverroes.juntadeandalucia.es\/colegioginesmorata\/index.php?rest_route=\/wp\/v2\/pages"}],"about":[{"href":"https:\/\/blogsaverroes.juntadeandalucia.es\/colegioginesmorata\/index.php?rest_route=\/wp\/v2\/types\/page"}],"author":[{"embeddable":true,"href":"https:\/\/blogsaverroes.juntadeandalucia.es\/colegioginesmorata\/index.php?rest_route=\/wp\/v2\/users\/2092"}],"replies":[{"embeddable":true,"href":"https:\/\/blogsaverroes.juntadeandalucia.es\/colegioginesmorata\/index.php?rest_route=%2Fwp%2Fv2%2Fcomments&post=2318"}],"version-history":[{"count":31,"href":"https:\/\/blogsaverroes.juntadeandalucia.es\/colegioginesmorata\/index.php?rest_route=\/wp\/v2\/pages\/2318\/revisions"}],"predecessor-version":[{"id":11099,"href":"https:\/\/blogsaverroes.juntadeandalucia.es\/colegioginesmorata\/index.php?rest_route=\/wp\/v2\/pages\/2318\/revisions\/11099"}],"wp:attachment":[{"href":"https:\/\/blogsaverroes.juntadeandalucia.es\/colegioginesmorata\/index.php?rest_route=%2Fwp%2Fv2%2Fmedia&parent=2318"}],"curies":[{"name":"wp","href":"https:\/\/api.w.org\/{rel}","templated":true}]}}