{"id":2525,"date":"2020-01-02T21:03:26","date_gmt":"2020-01-02T21:03:26","guid":{"rendered":"https:\/\/blogsaverroes.juntadeandalucia.es\/colegioginesmorata\/?page_id=2525"},"modified":"2025-10-21T20:27:58","modified_gmt":"2025-10-21T20:27:58","slug":"educacion-especial","status":"publish","type":"page","link":"https:\/\/blogsaverroes.juntadeandalucia.es\/colegioginesmorata\/?page_id=2525","title":{"rendered":"Educaci\u00f3n especial"},"content":{"rendered":"<p>Educaci\u00f3n Especial. Atenci\u00f3n a la diversidad<\/p>\n<p>El centro dispone de un aula de apoyo a la integraci\u00f3n, un aula de audici\u00f3n y lenguaje, un aula espec\u00edfica y un aula TEA (atenci\u00f3n a trastorno de espectro autista).&nbsp; Cada una de ellas atendida por un profesional especialista.<\/p>\n<p>Actualmente la ratio en el aula espec\u00edfica es de 7 alumnos\/as&nbsp; y en aula TEA es de 5 alumnos\/as.<\/p>\n<p>&nbsp;<\/p>\n<p><img loading=\"lazy\" decoding=\"async\" class=\"aligncenter\" src=\"https:\/\/live.staticflickr.com\/7352\/9538877714_c643f5ab4a_b.jpg\" width=\"561\" height=\"259\"><\/p>\n<p>Las aulas de&nbsp;apoyo a la integraci\u00f3n y de audici\u00f3n y lenguaje atienden a tiempo parcial, en funci\u00f3n de las necesidades, a alumnado integrado en las aulas ordinarias. Durante el presente curso son aproximadamente 36 alumnos\/as.<\/p>\n<p>Para la atenci\u00f3n de alumnado que lo precise, y as\u00ed se indique en su dictamen, el centro dispone de 2 monitoras PTIS&nbsp; durante 5 horas al d\u00eda y otro a tiempo parcial, para ayudarles en el control de esf\u00ednteres, alimentaci\u00f3n y vigilancia adem\u00e1s de favorecer su inclusi\u00f3n en las aulas de referencia<\/p>\n","protected":false},"excerpt":{"rendered":"<p>Educaci\u00f3n Especial. Atenci\u00f3n a la diversidad El centro dispone de un aula de apoyo a la integraci\u00f3n, un aula de audici\u00f3n y lenguaje, un aula&hellip;<\/p>\n","protected":false},"author":2092,"featured_media":0,"parent":0,"menu_order":0,"comment_status":"closed","ping_status":"closed","template":"","meta":{"ngg_post_thumbnail":0,"footnotes":"","_mc_calendar":[]},"aioseo_notices":[],"_links":{"self":[{"href":"https:\/\/blogsaverroes.juntadeandalucia.es\/colegioginesmorata\/index.php?rest_route=\/wp\/v2\/pages\/2525"}],"collection":[{"href":"https:\/\/blogsaverroes.juntadeandalucia.es\/colegioginesmorata\/index.php?rest_route=\/wp\/v2\/pages"}],"about":[{"href":"https:\/\/blogsaverroes.juntadeandalucia.es\/colegioginesmorata\/index.php?rest_route=\/wp\/v2\/types\/page"}],"author":[{"embeddable":true,"href":"https:\/\/blogsaverroes.juntadeandalucia.es\/colegioginesmorata\/index.php?rest_route=\/wp\/v2\/users\/2092"}],"replies":[{"embeddable":true,"href":"https:\/\/blogsaverroes.juntadeandalucia.es\/colegioginesmorata\/index.php?rest_route=%2Fwp%2Fv2%2Fcomments&post=2525"}],"version-history":[{"count":8,"href":"https:\/\/blogsaverroes.juntadeandalucia.es\/colegioginesmorata\/index.php?rest_route=\/wp\/v2\/pages\/2525\/revisions"}],"predecessor-version":[{"id":11155,"href":"https:\/\/blogsaverroes.juntadeandalucia.es\/colegioginesmorata\/index.php?rest_route=\/wp\/v2\/pages\/2525\/revisions\/11155"}],"wp:attachment":[{"href":"https:\/\/blogsaverroes.juntadeandalucia.es\/colegioginesmorata\/index.php?rest_route=%2Fwp%2Fv2%2Fmedia&parent=2525"}],"curies":[{"name":"wp","href":"https:\/\/api.w.org\/{rel}","templated":true}]}}